{"id":988,"date":"2023-05-13T10:37:30","date_gmt":"2023-05-13T10:37:30","guid":{"rendered":"https:\/\/xn--hw-kppers-t9a.de\/?page_id=988"},"modified":"2024-10-12T15:38:09","modified_gmt":"2024-10-12T15:38:09","slug":"elsaesser-flammkuchen","status":"publish","type":"page","link":"https:\/\/xn--hw-kppers-t9a.de\/?page_id=988","title":{"rendered":"Els\u00e4sser Flammkuchen"},"content":{"rendered":"\t\t<div data-elementor-type=\"wp-page\" data-elementor-id=\"988\" class=\"elementor elementor-988\" data-elementor-post-type=\"page\">\n\t\t\t\t\t\t<section class=\"elementor-section elementor-top-section elementor-element elementor-element-2b3be05 elementor-section-full_width elementor-section-height-default elementor-section-height-default\" data-id=\"2b3be05\" data-element_type=\"section\" data-e-type=\"section\" data-settings=\"{&quot;background_background&quot;:&quot;classic&quot;}\">\n\t\t\t\t\t\t\t<div class=\"elementor-background-overlay\"><\/div>\n\t\t\t\t\t\t\t<div class=\"elementor-container elementor-column-gap-default\">\n\t\t\t\t\t<div class=\"elementor-column elementor-col-100 elementor-top-column elementor-element elementor-element-1303db4\" data-id=\"1303db4\" data-element_type=\"column\" data-e-type=\"column\">\n\t\t\t<div class=\"elementor-widget-wrap elementor-element-populated\">\n\t\t\t\t\t\t<div class=\"elementor-element elementor-element-676ce1e elementor-widget elementor-widget-heading\" data-id=\"676ce1e\" data-element_type=\"widget\" data-e-type=\"widget\" data-widget_type=\"heading.default\">\n\t\t\t\t<div class=\"elementor-widget-container\">\n\t\t\t\t\t<h2 class=\"elementor-heading-title elementor-size-default\">Els\u00e4sser Flammkuchen<\/h2>\t\t\t\t<\/div>\n\t\t\t\t<\/div>\n\t\t\t\t<div class=\"elementor-element elementor-element-74070ce elementor-widget elementor-widget-text-editor\" data-id=\"74070ce\" data-element_type=\"widget\" data-e-type=\"widget\" data-widget_type=\"text-editor.default\">\n\t\t\t\t<div class=\"elementor-widget-container\">\n\t\t\t\t\t\t\t\t\t<p><strong><img fetchpriority=\"high\" decoding=\"async\" class=\" wp-image-2091 alignleft\" src=\"https:\/\/xn--hw-kppers-t9a.de\/wp-content\/uploads\/2024\/10\/wlssae-300x226.jpg\" alt=\"\" width=\"660\" height=\"497\" srcset=\"https:\/\/xn--hw-kppers-t9a.de\/wp-content\/uploads\/2024\/10\/wlssae-300x226.jpg 300w, https:\/\/xn--hw-kppers-t9a.de\/wp-content\/uploads\/2024\/10\/wlssae-1024x770.jpg 1024w, https:\/\/xn--hw-kppers-t9a.de\/wp-content\/uploads\/2024\/10\/wlssae-768x577.jpg 768w, https:\/\/xn--hw-kppers-t9a.de\/wp-content\/uploads\/2024\/10\/wlssae.jpg 1200w\" sizes=\"(max-width: 660px) 100vw, 660px\" \/><\/strong><\/p><p><strong>Zutaten f\u00fcr 4\u00a0 Personen<\/strong><\/p><p><strong>1\/2\u00a0W\u00fcrfel \u00a0(21 g) Hefe \u00a0<\/strong><\/p><p><strong>TL \u00a0Zucker \u00a0<\/strong><\/p><p><strong>600\u00a0g \u00a0Mehl \u00a0<\/strong><\/p><p><strong>1\/2\u00a0TL \u00a0Salz \u00a0<\/strong><\/p><p><strong>6\u00a0EL \u00a0\u00d6l \u00a0<\/strong><\/p><p><strong>300\u00a0g \u00a0Zwiebeln \u00a0<\/strong><\/p><p><strong>250\u00a0g \u00a0ger\u00e4ucherter durchwachsener Speck \u00a0<\/strong><\/p><p><strong>250\u00a0g \u00a0Schmand \u00a0<\/strong><\/p><p><strong>150\u00a0g \u00a0Cr\u00e8me fra\u00eeche \u00a0<\/strong><\/p><p><strong>wei\u00dfer Pfeffer, Salz \u00a0<\/strong><\/p><p><strong>Backpapier \u00a0<\/strong><\/p><p><strong>300 ml \u00a0lauwarmes Wasser \u00a0<\/strong><\/p><p>\u00a0<\/p><p><strong><span style=\"text-decoration: underline;\"><em>Zubereitung\u00a0 75 Minuten\u00a0\u00a0\u00a0leicht<\/em><\/span><\/strong><\/p><p>\u00a0<\/p><p><strong>1.<\/strong><\/p><p><strong>Hefe zerbr\u00f6ckeln und mit Zucker verr\u00fchren, bis die Hefe fl\u00fcssig wird. Mehl, Salz, \u00d6l und lauwarmes Wasser in eine Sch\u00fcssel geben. Anger\u00fchrte Hefe zugeben und sofort zu einem glatten Teig verkneten. Teig zugedeckt an einem warmen Ort ca. 30 Minuten gehen lassen.<\/strong><\/p><p>\u00a0<\/p><p><strong>2.<\/strong><\/p><p><strong>In der Zwischenzeit Zwiebeln sch\u00e4len, halbieren und in Ringe schneiden. Speck in Streifen schneiden. Schmand und Cr\u00e8me fra\u00eeche verr\u00fchren, mit Salz und Pfeffer w\u00fcrzen.<\/strong><\/p><p>\u00a0<\/p><p><strong>3.<\/strong><\/p><p><strong>Hefeteig vierteln, nochmals durchkneten. Ein Viertel oval (35x 25 cm) ausrollen. Backblech mit Backpapier auslegen. Teig darauflegen. Ein Viertel der Schmandcreme auf den Teig streichen. Je ein Viertel Speck und Zwiebeln gleichm\u00e4\u00dfig darauf verteilen.<\/strong><\/p><p>\u00a0<\/p><p><strong>4.<\/strong><\/p><p><strong>Flammkuchen m vorgeheizten Backofen (E-Herd: 250 \u00b0C\/ Umluft: 225 \u00b0C\/ Gas: Stufe 5) 10-12 Minuten im unteren Einschub des Backofens backen. In der Zwischenzeit restlichen Teig und Belag genauso verarbeiten und nacheinander backen. Den fertigen Els\u00e4sser Flammkuchen direkt servieren. Dazu schmeckt Federwei\u00dfer.,,<\/strong><\/p><div>\u00a0<\/div><div>\u00a0<\/div>\t\t\t\t\t\t\t\t<\/div>\n\t\t\t\t<\/div>\n\t\t\t\t\t<\/div>\n\t\t<\/div>\n\t\t\t\t\t<\/div>\n\t\t<\/section>\n\t\t\t\t<\/div>\n\t\t","protected":false},"excerpt":{"rendered":"<p>Els\u00e4sser Flammkuchen Zutaten f\u00fcr 4\u00a0 Personen 1\/2\u00a0W\u00fcrfel \u00a0(21 g) Hefe \u00a0 TL \u00a0Zucker \u00a0 600\u00a0g \u00a0Mehl \u00a0 1\/2\u00a0TL \u00a0Salz \u00a0 6\u00a0EL \u00a0\u00d6l \u00a0 300\u00a0g \u00a0Zwiebeln \u00a0 250\u00a0g \u00a0ger\u00e4ucherter durchwachsener Speck \u00a0 250\u00a0g \u00a0Schmand \u00a0 150\u00a0g \u00a0Cr\u00e8me fra\u00eeche \u00a0 wei\u00dfer Pfeffer, Salz \u00a0 Backpapier \u00a0 300 ml \u00a0lauwarmes Wasser \u00a0 \u00a0 Zubereitung\u00a0 75 Minuten\u00a0\u00a0\u00a0leicht \u00a0 1. [&hellip;]<\/p>\n","protected":false},"author":1,"featured_media":0,"parent":0,"menu_order":0,"comment_status":"closed","ping_status":"closed","template":"","meta":{"footnotes":""},"class_list":["post-988","page","type-page","status-publish","hentry"],"_links":{"self":[{"href":"https:\/\/xn--hw-kppers-t9a.de\/index.php?rest_route=\/wp\/v2\/pages\/988","targetHints":{"allow":["GET"]}}],"collection":[{"href":"https:\/\/xn--hw-kppers-t9a.de\/index.php?rest_route=\/wp\/v2\/pages"}],"about":[{"href":"https:\/\/xn--hw-kppers-t9a.de\/index.php?rest_route=\/wp\/v2\/types\/page"}],"author":[{"embeddable":true,"href":"https:\/\/xn--hw-kppers-t9a.de\/index.php?rest_route=\/wp\/v2\/users\/1"}],"replies":[{"embeddable":true,"href":"https:\/\/xn--hw-kppers-t9a.de\/index.php?rest_route=%2Fwp%2Fv2%2Fcomments&post=988"}],"version-history":[{"count":7,"href":"https:\/\/xn--hw-kppers-t9a.de\/index.php?rest_route=\/wp\/v2\/pages\/988\/revisions"}],"predecessor-version":[{"id":2094,"href":"https:\/\/xn--hw-kppers-t9a.de\/index.php?rest_route=\/wp\/v2\/pages\/988\/revisions\/2094"}],"wp:attachment":[{"href":"https:\/\/xn--hw-kppers-t9a.de\/index.php?rest_route=%2Fwp%2Fv2%2Fmedia&parent=988"}],"curies":[{"name":"wp","href":"https:\/\/api.w.org\/{rel}","templated":true}]}}