{"id":940,"date":"2023-05-13T09:22:13","date_gmt":"2023-05-13T09:22:13","guid":{"rendered":"https:\/\/xn--hw-kppers-t9a.de\/?page_id=940"},"modified":"2023-05-13T09:28:20","modified_gmt":"2023-05-13T09:28:20","slug":"bayerische-fleischpflanzerl","status":"publish","type":"page","link":"https:\/\/xn--hw-kppers-t9a.de\/?page_id=940","title":{"rendered":"Bayerische Fleischpflanzerl"},"content":{"rendered":"\t\t<div data-elementor-type=\"wp-page\" data-elementor-id=\"940\" class=\"elementor elementor-940\" data-elementor-post-type=\"page\">\n\t\t\t\t\t\t<section class=\"elementor-section elementor-top-section elementor-element elementor-element-1aa5a3d elementor-section-full_width elementor-section-height-default elementor-section-height-default\" data-id=\"1aa5a3d\" data-element_type=\"section\" data-e-type=\"section\">\n\t\t\t\t\t\t\t<div class=\"elementor-background-overlay\"><\/div>\n\t\t\t\t\t\t\t<div class=\"elementor-container elementor-column-gap-default\">\n\t\t\t\t\t<div class=\"elementor-column elementor-col-100 elementor-top-column elementor-element elementor-element-d3617aa\" data-id=\"d3617aa\" data-element_type=\"column\" data-e-type=\"column\">\n\t\t\t<div class=\"elementor-widget-wrap elementor-element-populated\">\n\t\t\t\t\t\t<div class=\"elementor-element elementor-element-2b07242 elementor-widget elementor-widget-heading\" data-id=\"2b07242\" data-element_type=\"widget\" data-e-type=\"widget\" data-widget_type=\"heading.default\">\n\t\t\t\t<div class=\"elementor-widget-container\">\n\t\t\t\t\t<h2 class=\"elementor-heading-title elementor-size-default\">Bayrische Fleischpflanzerl<\/h2>\t\t\t\t<\/div>\n\t\t\t\t<\/div>\n\t\t\t\t<div class=\"elementor-element elementor-element-07fc46c elementor-widget elementor-widget-text-editor\" data-id=\"07fc46c\" data-element_type=\"widget\" data-e-type=\"widget\" data-widget_type=\"text-editor.default\">\n\t\t\t\t<div class=\"elementor-widget-container\">\n\t\t\t\t\t\t\t\t\t<p><strong>Zutaten \u00a0f\u00fcr 5 Personen<\/strong><\/p><table width=\"100%\"><tbody><tr><td width=\"33%\"><p>1.000 g<\/p><\/td><td width=\"66%\"><p><a href=\"https:\/\/www.chefkoch.de\/magazin\/artikel\/899,0\/Chefkoch\/Hackfleisch-Vielseitige-und-schnelle-Rezepte-mit-Hack.html\">Hackfleisch, gemischt<\/a><\/p><\/td><\/tr><tr><td width=\"33%\"><p>2<\/p><\/td><td width=\"66%\"><p>Semmel(n), altbackene<\/p><\/td><\/tr><tr><td width=\"33%\"><p>etwas<\/p><\/td><td width=\"66%\"><p>Milch<\/p><\/td><\/tr><tr><td width=\"33%\"><p>2 gro\u00dfe<\/p><\/td><td width=\"66%\"><p>Zwiebel(n)<\/p><\/td><\/tr><tr><td width=\"33%\"><p>2 TL, geh\u00e4uft<\/p><\/td><td width=\"66%\"><p>Tomatenmark<\/p><\/td><\/tr><tr><td width=\"33%\"><p>4 TL, geh\u00e4uft<\/p><\/td><td width=\"66%\"><p><a href=\"https:\/\/www.chefkoch.de\/magazin\/artikel\/1044,0\/Chefkoch\/Senf-beliebtes-Genussmittel.html\">Senf, mittelscharfer<\/a><\/p><\/td><\/tr><tr><td width=\"33%\"><p>2<\/p><\/td><td width=\"66%\"><p><a href=\"https:\/\/www.chefkoch.de\/magazin\/artikel\/908,0\/Chefkoch\/Das-Ei-der-heimliche-Kuechenstar-im-Rampenlicht.html\">Ei(er)<\/a><\/p><\/td><\/tr><tr><td width=\"33%\">\u00a0<\/td><td width=\"66%\"><p>Pfeffer<\/p><\/td><\/tr><tr><td width=\"33%\">\u00a0<\/td><td width=\"66%\"><p><a href=\"https:\/\/www.chefkoch.de\/magazin\/artikel\/1054,2\/Chefkoch\/Salz-unser-wichtigstes-Gewuerz.html\">Salz<\/a><\/p><\/td><\/tr><tr><td width=\"33%\"><p>2<\/p><\/td><td width=\"66%\"><p><a href=\"https:\/\/www.chefkoch.de\/magazin\/artikel\/29,0\/Chefkoch\/Knoblauch.html\">Knoblauchzehe(n)<\/a><\/p><\/td><\/tr><tr><td width=\"33%\">\u00a0<\/td><td width=\"66%\"><p>Majoran<\/p><\/td><\/tr><tr><td width=\"33%\">\u00a0<\/td><td width=\"66%\"><p>Butterschmalz<\/p><\/td><\/tr><\/tbody><\/table><p><strong>Zubereitung<\/strong><\/p><p>\ue192Arbeitszeit ca. 30 Minuten\ue192Gesamtzeit ca. 30 Minuten<\/p><p>Die alte Semmel in Milch einweichen.<br \/>Zu der Hackmasse kommt das Ei, die eingeweichte und gut ausgedr\u00fcckte Semmel, die gew\u00fcrfelte Zwiebel, 1 Tl Tomatenmark, 2 Tl mittelscharfer Senf, Pfeffer, Salz, ein wenig Majoran und eine gepresste Knoblauchzehe. Die Masse gut verkneten und abschmecken.<\/p><p>Dann die Pflanzerl formen und in eine hei\u00dfe Pfanne einlegen. Unter mehrmaligem Wenden, bei nicht zu hoher Hitze, ca. 15 min in Butterschmalz braten lassen.<\/p><p>Dazu schmeckt gut:<br \/>Bayerischer Kartoffelsalat, Bratkartoffeln, Kartoffelbrei oder Pommes.<\/p>\t\t\t\t\t\t\t\t<\/div>\n\t\t\t\t<\/div>\n\t\t\t\t\t<\/div>\n\t\t<\/div>\n\t\t\t\t\t<\/div>\n\t\t<\/section>\n\t\t\t\t<\/div>\n\t\t","protected":false},"excerpt":{"rendered":"<p>Bayrische Fleischpflanzerl Zutaten \u00a0f\u00fcr 5 Personen 1.000 g Hackfleisch, gemischt 2 Semmel(n), altbackene etwas Milch 2 gro\u00dfe Zwiebel(n) 2 TL, geh\u00e4uft Tomatenmark 4 TL, geh\u00e4uft Senf, mittelscharfer 2 Ei(er) \u00a0 Pfeffer \u00a0 Salz 2 Knoblauchzehe(n) \u00a0 Majoran \u00a0 Butterschmalz Zubereitung \ue192Arbeitszeit ca. 30 Minuten\ue192Gesamtzeit ca. 30 Minuten Die alte Semmel in Milch einweichen.Zu der Hackmasse [&hellip;]<\/p>\n","protected":false},"author":1,"featured_media":0,"parent":0,"menu_order":0,"comment_status":"closed","ping_status":"closed","template":"","meta":{"footnotes":""},"class_list":["post-940","page","type-page","status-publish","hentry"],"_links":{"self":[{"href":"https:\/\/xn--hw-kppers-t9a.de\/index.php?rest_route=\/wp\/v2\/pages\/940","targetHints":{"allow":["GET"]}}],"collection":[{"href":"https:\/\/xn--hw-kppers-t9a.de\/index.php?rest_route=\/wp\/v2\/pages"}],"about":[{"href":"https:\/\/xn--hw-kppers-t9a.de\/index.php?rest_route=\/wp\/v2\/types\/page"}],"author":[{"embeddable":true,"href":"https:\/\/xn--hw-kppers-t9a.de\/index.php?rest_route=\/wp\/v2\/users\/1"}],"replies":[{"embeddable":true,"href":"https:\/\/xn--hw-kppers-t9a.de\/index.php?rest_route=%2Fwp%2Fv2%2Fcomments&post=940"}],"version-history":[{"count":4,"href":"https:\/\/xn--hw-kppers-t9a.de\/index.php?rest_route=\/wp\/v2\/pages\/940\/revisions"}],"predecessor-version":[{"id":945,"href":"https:\/\/xn--hw-kppers-t9a.de\/index.php?rest_route=\/wp\/v2\/pages\/940\/revisions\/945"}],"wp:attachment":[{"href":"https:\/\/xn--hw-kppers-t9a.de\/index.php?rest_route=%2Fwp%2Fv2%2Fmedia&parent=940"}],"curies":[{"name":"wp","href":"https:\/\/api.w.org\/{rel}","templated":true}]}}