{"id":785,"date":"2023-05-12T17:01:59","date_gmt":"2023-05-12T17:01:59","guid":{"rendered":"https:\/\/xn--hw-kppers-t9a.de\/?page_id=785"},"modified":"2023-05-12T17:39:40","modified_gmt":"2023-05-12T17:39:40","slug":"apfel-mascapone-kuchen","status":"publish","type":"page","link":"https:\/\/xn--hw-kppers-t9a.de\/?page_id=785","title":{"rendered":"Apfel-Mascapone-Kuchen"},"content":{"rendered":"\t\t<div data-elementor-type=\"wp-page\" data-elementor-id=\"785\" class=\"elementor elementor-785\" data-elementor-post-type=\"page\">\n\t\t\t\t\t\t<section class=\"elementor-section elementor-top-section elementor-element elementor-element-2100420 elementor-section-full_width elementor-section-height-default elementor-section-height-default\" data-id=\"2100420\" data-element_type=\"section\" data-e-type=\"section\" data-settings=\"{&quot;background_background&quot;:&quot;classic&quot;}\">\n\t\t\t\t\t\t\t<div class=\"elementor-background-overlay\"><\/div>\n\t\t\t\t\t\t\t<div class=\"elementor-container elementor-column-gap-default\">\n\t\t\t\t\t<div class=\"elementor-column elementor-col-100 elementor-top-column elementor-element elementor-element-a355735\" data-id=\"a355735\" data-element_type=\"column\" data-e-type=\"column\">\n\t\t\t<div class=\"elementor-widget-wrap elementor-element-populated\">\n\t\t\t\t\t\t<div class=\"elementor-element elementor-element-e773ef3 elementor-widget elementor-widget-heading\" data-id=\"e773ef3\" data-element_type=\"widget\" data-e-type=\"widget\" data-widget_type=\"heading.default\">\n\t\t\t\t<div class=\"elementor-widget-container\">\n\t\t\t\t\t<h2 class=\"elementor-heading-title elementor-size-default\">Apfel-Mascapone-Kuchen<\/h2>\t\t\t\t<\/div>\n\t\t\t\t<\/div>\n\t\t\t\t<div class=\"elementor-element elementor-element-0744b27 elementor-widget elementor-widget-text-editor\" data-id=\"0744b27\" data-element_type=\"widget\" data-e-type=\"widget\" data-widget_type=\"text-editor.default\">\n\t\t\t\t<div class=\"elementor-widget-container\">\n\t\t\t\t\t\t\t\t\t<p>\u00a0<\/p><p><strong>Zutaten f\u00fcr\u00a016\u00a0Portionen\u00a0\u00a0 (26 cm \u00d8)<\/strong><\/p><ul><li><strong>150\u00a0g Mehl<\/strong><\/li><li><strong>75\u00a0g Puderzucker<\/strong><\/li><li><strong>Salz<\/strong><\/li><li><strong>1\u00a0TL Backpulver\u00a0(geh\u00e4uft)<\/strong><\/li><li><strong>7 Ei\u00a0(Gr\u00f6\u00dfe M)<\/strong><\/li><li><strong>75\u00a0g Butterschmalz<\/strong><\/li><li><strong>1 Apfel<\/strong><\/li><li><strong>4\u00a0EL Zitronensaft<\/strong><\/li><li><strong>750\u00a0g Mascarpone<\/strong><\/li><li><strong>200\u00a0g Sahnejoghurt\u00a0(griechisch)<\/strong><\/li><li><strong>2\u00a0PK Vanillinzucker<\/strong><\/li><li><strong>150\u00a0g Zucker<\/strong><\/li><li><strong>5\u00a0PK Puddingpulver\u00a0(zum Kochen, Vanillegeschmack)<\/strong><\/li><li><strong>100\u00a0g Himbeere<\/strong><\/li><li><strong>3\u00a0EL Gelee\u00a0(\u00c4pfel)<\/strong><\/li><li><strong>Mehl\u00a0(f\u00fcr die Arbeitsfl\u00e4che)<\/strong><\/li><li><strong>Fett\u00a0(f\u00fcr die Form)<\/strong><\/li><\/ul><p><strong>Zubereitung<\/strong><\/p><p><strong>1.<br \/>Schritt<\/strong><\/p><p><strong>Mehl, Puderzucker, 1 Prise Salz und Backpulver in einer Sch\u00fcssel mischen. 1 Ei und Butterschmalz in St\u00fcckchen zugeben. Erst mit den Knethaken des Handr\u00fchrger\u00e4tes, dann mit den H\u00e4nden zu einem glatten Teig verkneten. Zugedeckt ca. 30 Minuten kalt stellen.<\/strong><\/p><p><strong>2.<br \/>Schritt<\/strong><\/p><p><strong>Teig auf einer mit Mehl best\u00e4ubten Arbeitsfl\u00e4che rund (ca. 34 cm \u00d8) ausrollen. Teig in eine gefettete Springform (26 cm \u00d8) legen, dabei am Rand andr\u00fccken.<\/strong><\/p><p><strong>3.<br \/>Schritt<\/strong><\/p><p><strong>Apfel waschen, trocken reiben, vierteln und Kerngeh\u00e4use entfernen. Apfelviertel in d\u00fcnne Scheiben schneiden und mit 1 EL Zitronensaft betr\u00e4ufeln. Mascarpone, Joghurt, Vanillin-Zucker, 1 Prise Salz, 6 Eier, Zucker und 3 EL Zitronensaft verr\u00fchren. Puddingpulver unterr\u00fchren.<\/strong><\/p><p><strong>4.<br \/>Schritt<\/strong><\/p><p><strong>Mascarponemasse in die Form gie\u00dfen und im vorgeheizten Backofen (E-Herd: 175 \u00b0C\/ Umluft: 150 \u00b0C\/ Gas: s. Hersteller) ca. 40 Minuten backen. Nach ca. 25 Minuten die Apfelscheiben ringf\u00f6rmig auf dem Kuchen verteilen, dabei einen Kreis in der Mitte frei lassen. Backofen ausschalten und den Kuchen darin ca. 1 Stunde ziehen lassen. Kuchen herausnehmen, ausk\u00fchlen lassen und aus der Form l\u00f6sen.<\/strong><\/p><p><strong>5.<br \/>Schritt<\/strong><\/p><p><strong>Himbeeren verlesen, waschen und gut abtropfen lassen. Himbeeren in der Mitte des Kuchens verteilen. Gelee in einem kleinen Topf erhitzen, Apfelscheiben und Himbeeren damit bestreichen.<\/strong><\/p>\t\t\t\t\t\t\t\t<\/div>\n\t\t\t\t<\/div>\n\t\t\t\t\t<\/div>\n\t\t<\/div>\n\t\t\t\t\t<\/div>\n\t\t<\/section>\n\t\t\t\t<\/div>\n\t\t","protected":false},"excerpt":{"rendered":"<p>Apfel-Mascapone-Kuchen \u00a0 Zutaten f\u00fcr\u00a016\u00a0Portionen\u00a0\u00a0 (26 cm \u00d8) 150\u00a0g Mehl 75\u00a0g Puderzucker Salz 1\u00a0TL Backpulver\u00a0(geh\u00e4uft) 7 Ei\u00a0(Gr\u00f6\u00dfe M) 75\u00a0g Butterschmalz 1 Apfel 4\u00a0EL Zitronensaft 750\u00a0g Mascarpone 200\u00a0g Sahnejoghurt\u00a0(griechisch) 2\u00a0PK Vanillinzucker 150\u00a0g Zucker 5\u00a0PK Puddingpulver\u00a0(zum Kochen, Vanillegeschmack) 100\u00a0g Himbeere 3\u00a0EL Gelee\u00a0(\u00c4pfel) Mehl\u00a0(f\u00fcr die Arbeitsfl\u00e4che) Fett\u00a0(f\u00fcr die Form) Zubereitung 1.Schritt Mehl, Puderzucker, 1 Prise Salz und Backpulver in [&hellip;]<\/p>\n","protected":false},"author":1,"featured_media":0,"parent":0,"menu_order":0,"comment_status":"closed","ping_status":"closed","template":"","meta":{"footnotes":""},"class_list":["post-785","page","type-page","status-publish","hentry"],"_links":{"self":[{"href":"https:\/\/xn--hw-kppers-t9a.de\/index.php?rest_route=\/wp\/v2\/pages\/785","targetHints":{"allow":["GET"]}}],"collection":[{"href":"https:\/\/xn--hw-kppers-t9a.de\/index.php?rest_route=\/wp\/v2\/pages"}],"about":[{"href":"https:\/\/xn--hw-kppers-t9a.de\/index.php?rest_route=\/wp\/v2\/types\/page"}],"author":[{"embeddable":true,"href":"https:\/\/xn--hw-kppers-t9a.de\/index.php?rest_route=\/wp\/v2\/users\/1"}],"replies":[{"embeddable":true,"href":"https:\/\/xn--hw-kppers-t9a.de\/index.php?rest_route=%2Fwp%2Fv2%2Fcomments&post=785"}],"version-history":[{"count":16,"href":"https:\/\/xn--hw-kppers-t9a.de\/index.php?rest_route=\/wp\/v2\/pages\/785\/revisions"}],"predecessor-version":[{"id":804,"href":"https:\/\/xn--hw-kppers-t9a.de\/index.php?rest_route=\/wp\/v2\/pages\/785\/revisions\/804"}],"wp:attachment":[{"href":"https:\/\/xn--hw-kppers-t9a.de\/index.php?rest_route=%2Fwp%2Fv2%2Fmedia&parent=785"}],"curies":[{"name":"wp","href":"https:\/\/api.w.org\/{rel}","templated":true}]}}