{"id":541,"date":"2023-05-11T10:42:04","date_gmt":"2023-05-11T10:42:04","guid":{"rendered":"https:\/\/xn--hw-kppers-t9a.de\/?page_id=541"},"modified":"2023-05-11T11:36:49","modified_gmt":"2023-05-11T11:36:49","slug":"apfelkuchen","status":"publish","type":"page","link":"https:\/\/xn--hw-kppers-t9a.de\/?page_id=541","title":{"rendered":"APFELKUCHEN"},"content":{"rendered":"\t\t<div data-elementor-type=\"wp-page\" data-elementor-id=\"541\" class=\"elementor elementor-541\" data-elementor-post-type=\"page\">\n\t\t\t\t\t\t<section class=\"elementor-section elementor-top-section elementor-element elementor-element-1f9e0d6 elementor-section-full_width elementor-section-height-default elementor-section-height-default\" data-id=\"1f9e0d6\" data-element_type=\"section\" data-e-type=\"section\" data-settings=\"{&quot;background_background&quot;:&quot;classic&quot;}\">\n\t\t\t\t\t\t\t<div class=\"elementor-background-overlay\"><\/div>\n\t\t\t\t\t\t\t<div class=\"elementor-container elementor-column-gap-default\">\n\t\t\t\t\t<div class=\"elementor-column elementor-col-100 elementor-top-column elementor-element elementor-element-f912c77\" data-id=\"f912c77\" data-element_type=\"column\" data-e-type=\"column\">\n\t\t\t<div class=\"elementor-widget-wrap elementor-element-populated\">\n\t\t\t\t\t\t<div class=\"elementor-element elementor-element-c21764f elementor-widget elementor-widget-heading\" data-id=\"c21764f\" data-element_type=\"widget\" data-e-type=\"widget\" data-widget_type=\"heading.default\">\n\t\t\t\t<div class=\"elementor-widget-container\">\n\t\t\t\t\t<h2 class=\"elementor-heading-title elementor-size-default\">APFELKUCHEN<\/h2>\t\t\t\t<\/div>\n\t\t\t\t<\/div>\n\t\t\t\t<div class=\"elementor-element elementor-element-1bf2acd elementor-widget elementor-widget-text-editor\" data-id=\"1bf2acd\" data-element_type=\"widget\" data-e-type=\"widget\" data-widget_type=\"text-editor.default\">\n\t\t\t\t<div class=\"elementor-widget-container\">\n\t\t\t\t\t\t\t\t\t<p><strong>Rezept f\u00fcr eine Kuchenform (26 cm Durchmesser, 28 cm geht aber auch) <\/strong><\/p><p><strong>&#8211; 350 g Dinkelmehl Typ 630 oder Weizenmehl Typ 405 und 550<\/strong><\/p><p><strong>&#8211; 150 g brauner Zucker (wei\u00dfer geht notfalls auch)<\/strong><\/p><p><strong>&#8211; 150 g Butter <\/strong><\/p><p><strong>&#8211; 4 Eier\u00a0 <\/strong><\/p><p><strong>&#8211; 10 g Backpulver <\/strong><\/p><p><strong>&#8211; eine gute Prise Salz (2 g) <\/strong><\/p><p><strong>&#8211; 1\/4 Tl Ingwerpulver\u00a0 , 1\/4 Tl Zimt oder nach Geschmack <\/strong><\/p><p><strong>&#8211; 7-8 \u00c4pfel, ich habe Elstar genommen<\/strong><\/p><p><strong>&#8211; etwa 40 g Mandel zum Bestreuen<\/strong><\/p><p><strong>&#8211; etwas zus\u00e4tzliche fl\u00fcssige Butter, um die \u00c4pfel zu bestreichen<\/strong><\/p><p><strong>\u00a0<\/strong><\/p><p><strong>Gebacken wird der Kuchen bei 180 C\u00b0 Ober-Unterhitze f\u00fcr ca. 45-50 Minuten.<\/strong><\/p><p><em><span style=\"text-decoration: underline;\"><strong><span style=\"color: #ff0000;\"><a style=\"color: #ff0000; text-decoration: underline;\" href=\"https:\/\/xn--hw-kppers-t9a.eu\/STRATO-apps\/wordpress_03\/app\/wp-content\/uploads\/2023\/05\/Apfelkuchen.mp4\">Video<\/a><\/span><\/strong><\/span><\/em><\/p>\t\t\t\t\t\t\t\t<\/div>\n\t\t\t\t<\/div>\n\t\t\t\t\t<\/div>\n\t\t<\/div>\n\t\t\t\t\t<\/div>\n\t\t<\/section>\n\t\t\t\t<\/div>\n\t\t","protected":false},"excerpt":{"rendered":"<p>APFELKUCHEN Rezept f\u00fcr eine Kuchenform (26 cm Durchmesser, 28 cm geht aber auch) &#8211; 350 g Dinkelmehl Typ 630 oder Weizenmehl Typ 405 und 550 &#8211; 150 g brauner Zucker (wei\u00dfer geht notfalls auch) &#8211; 150 g Butter &#8211; 4 Eier\u00a0 &#8211; 10 g Backpulver &#8211; eine gute Prise Salz (2 g) &#8211; 1\/4 Tl [&hellip;]<\/p>\n","protected":false},"author":1,"featured_media":0,"parent":0,"menu_order":0,"comment_status":"closed","ping_status":"closed","template":"","meta":{"footnotes":""},"class_list":["post-541","page","type-page","status-publish","hentry"],"_links":{"self":[{"href":"https:\/\/xn--hw-kppers-t9a.de\/index.php?rest_route=\/wp\/v2\/pages\/541","targetHints":{"allow":["GET"]}}],"collection":[{"href":"https:\/\/xn--hw-kppers-t9a.de\/index.php?rest_route=\/wp\/v2\/pages"}],"about":[{"href":"https:\/\/xn--hw-kppers-t9a.de\/index.php?rest_route=\/wp\/v2\/types\/page"}],"author":[{"embeddable":true,"href":"https:\/\/xn--hw-kppers-t9a.de\/index.php?rest_route=\/wp\/v2\/users\/1"}],"replies":[{"embeddable":true,"href":"https:\/\/xn--hw-kppers-t9a.de\/index.php?rest_route=%2Fwp%2Fv2%2Fcomments&post=541"}],"version-history":[{"count":34,"href":"https:\/\/xn--hw-kppers-t9a.de\/index.php?rest_route=\/wp\/v2\/pages\/541\/revisions"}],"predecessor-version":[{"id":602,"href":"https:\/\/xn--hw-kppers-t9a.de\/index.php?rest_route=\/wp\/v2\/pages\/541\/revisions\/602"}],"wp:attachment":[{"href":"https:\/\/xn--hw-kppers-t9a.de\/index.php?rest_route=%2Fwp%2Fv2%2Fmedia&parent=541"}],"curies":[{"name":"wp","href":"https:\/\/api.w.org\/{rel}","templated":true}]}}