{"id":49,"date":"2023-05-08T18:39:50","date_gmt":"2023-05-08T18:39:50","guid":{"rendered":"https:\/\/xn--hw-kppers-t9a.de\/?page_id=49"},"modified":"2023-05-09T12:13:13","modified_gmt":"2023-05-09T12:13:13","slug":"impressum","status":"publish","type":"page","link":"https:\/\/xn--hw-kppers-t9a.de\/?page_id=49","title":{"rendered":"Impressum"},"content":{"rendered":"\t\t<div data-elementor-type=\"wp-page\" data-elementor-id=\"49\" class=\"elementor elementor-49\" data-elementor-post-type=\"page\">\n\t\t\t\t\t\t<section class=\"elementor-section elementor-top-section elementor-element elementor-element-e458183 elementor-section-boxed elementor-section-height-default elementor-section-height-default\" data-id=\"e458183\" data-element_type=\"section\" data-e-type=\"section\">\n\t\t\t\t\t\t<div class=\"elementor-container elementor-column-gap-default\">\n\t\t\t\t\t<div class=\"elementor-column elementor-col-100 elementor-top-column elementor-element elementor-element-bd8a5a5\" data-id=\"bd8a5a5\" data-element_type=\"column\" data-e-type=\"column\">\n\t\t\t<div class=\"elementor-widget-wrap elementor-element-populated\">\n\t\t\t\t\t\t<div class=\"elementor-element elementor-element-cd935fb elementor-widget elementor-widget-text-editor\" data-id=\"cd935fb\" data-element_type=\"widget\" data-e-type=\"widget\" data-widget_type=\"text-editor.default\">\n\t\t\t\t<div class=\"elementor-widget-container\">\n\t\t\t\t\t\t\t\t\t<p><strong>Impressum<\/strong><\/p><p>\u00a0<\/p><p><strong>Homepage \u201eDas Leben Genie\u00dfen\u201c<\/strong><\/p><p><strong>Inhaber<\/strong><\/p><p><strong>Hans-Werner K\u00fcppers<\/strong><\/p><p><strong>Alte Regensburer Str. 24<\/strong><\/p><p><strong>93149 Nittenau<\/strong><\/p><p><strong>Tel. 09436 9019576<\/strong><\/p><p><strong>Urheberschutz und Nutzung: Der Urheber r\u00e4umt ihnen ganz konkret das Nutzungsrecht ein, sich sine private Kopie f\u00fcr pers\u00f6nliche Zwecke anzufertigen. Nicht berechtigt sind sie dagegen, die Materialien zu ver\u00e4ndern und\/oder weiter zu geben oder gar selbst zu ver\u00f6ffentlichen. Wenn nicht ausdr\u00fccklich anders vermerkt, liegen die Urheberrechte f\u00fcr alle Elemente bei Hans-Werner K\u00fcppers<\/strong><\/p><p><strong>Keine Haftung: Die Inhalte dieses Webprojektes wurden sorgf\u00e4ltig gepr\u00fcft und nach bestem Wissen erstellt. Aber f\u00fcr die hier dargebotenen Informationen wird kein Anspruch auf Vollst\u00e4ndigkeit, Aktualit\u00e4t, Qualit\u00e4t und Richtigkeit erhoben. Es kann keine Verantwortung f\u00fcr Sch\u00e4den \u00fcbernommen werden, die durch das Vertrauen auf die Inhalte dieser Webseite oder deren Gebrauch entstehen. Trotz sorgf\u00e4ltiger inhaltlicher Kontrolle \u00fcbernehmen wir keine Haftung f\u00fcr die Inhalte externer Links. F\u00fcr den Inhalt der verlinkten Seiten sind ausschlie\u00dflich deren Betreiber verantwortlich.<\/strong><\/p><p><strong>Falls sie vermuten, dass von dieser Webseite aus eines ihrer Schutzrechte verletzt wird, teilen sie das bitte umgehend per E-Mail mit, damit z\u00fcgig Abhilfe geschafft werden kann.<\/strong><\/p>\t\t\t\t\t\t\t\t<\/div>\n\t\t\t\t<\/div>\n\t\t\t\t\t<\/div>\n\t\t<\/div>\n\t\t\t\t\t<\/div>\n\t\t<\/section>\n\t\t\t\t<\/div>\n\t\t","protected":false},"excerpt":{"rendered":"<p>Impressum \u00a0 Homepage \u201eDas Leben Genie\u00dfen\u201c Inhaber Hans-Werner K\u00fcppers Alte Regensburer Str. 24 93149 Nittenau Tel. 09436 9019576 Urheberschutz und Nutzung: Der Urheber r\u00e4umt ihnen ganz konkret das Nutzungsrecht ein, sich sine private Kopie f\u00fcr pers\u00f6nliche Zwecke anzufertigen. Nicht berechtigt sind sie dagegen, die Materialien zu ver\u00e4ndern und\/oder weiter zu geben oder gar selbst zu [&hellip;]<\/p>\n","protected":false},"author":1,"featured_media":0,"parent":0,"menu_order":0,"comment_status":"closed","ping_status":"closed","template":"","meta":{"footnotes":""},"class_list":["post-49","page","type-page","status-publish","hentry"],"_links":{"self":[{"href":"https:\/\/xn--hw-kppers-t9a.de\/index.php?rest_route=\/wp\/v2\/pages\/49","targetHints":{"allow":["GET"]}}],"collection":[{"href":"https:\/\/xn--hw-kppers-t9a.de\/index.php?rest_route=\/wp\/v2\/pages"}],"about":[{"href":"https:\/\/xn--hw-kppers-t9a.de\/index.php?rest_route=\/wp\/v2\/types\/page"}],"author":[{"embeddable":true,"href":"https:\/\/xn--hw-kppers-t9a.de\/index.php?rest_route=\/wp\/v2\/users\/1"}],"replies":[{"embeddable":true,"href":"https:\/\/xn--hw-kppers-t9a.de\/index.php?rest_route=%2Fwp%2Fv2%2Fcomments&post=49"}],"version-history":[{"count":4,"href":"https:\/\/xn--hw-kppers-t9a.de\/index.php?rest_route=\/wp\/v2\/pages\/49\/revisions"}],"predecessor-version":[{"id":136,"href":"https:\/\/xn--hw-kppers-t9a.de\/index.php?rest_route=\/wp\/v2\/pages\/49\/revisions\/136"}],"wp:attachment":[{"href":"https:\/\/xn--hw-kppers-t9a.de\/index.php?rest_route=%2Fwp%2Fv2%2Fmedia&parent=49"}],"curies":[{"name":"wp","href":"https:\/\/api.w.org\/{rel}","templated":true}]}}