{"id":45,"date":"2023-05-08T18:39:17","date_gmt":"2023-05-08T18:39:17","guid":{"rendered":"https:\/\/xn--hw-kppers-t9a.de\/?page_id=45"},"modified":"2024-10-13T07:33:46","modified_gmt":"2024-10-13T07:33:46","slug":"kochen","status":"publish","type":"page","link":"https:\/\/xn--hw-kppers-t9a.de\/?page_id=45","title":{"rendered":"Kochen"},"content":{"rendered":"\t\t<div data-elementor-type=\"wp-page\" data-elementor-id=\"45\" class=\"elementor elementor-45\" data-elementor-post-type=\"page\">\n\t\t\t\t\t\t<section class=\"elementor-section elementor-top-section elementor-element elementor-element-4395117 elementor-section-full_width elementor-section-height-default elementor-section-height-default\" data-id=\"4395117\" data-element_type=\"section\" data-e-type=\"section\" data-settings=\"{&quot;background_background&quot;:&quot;classic&quot;}\">\n\t\t\t\t\t\t<div class=\"elementor-container elementor-column-gap-default\">\n\t\t\t\t\t<div class=\"elementor-column elementor-col-33 elementor-top-column elementor-element elementor-element-f2feef7\" data-id=\"f2feef7\" data-element_type=\"column\" data-e-type=\"column\">\n\t\t\t<div class=\"elementor-widget-wrap elementor-element-populated\">\n\t\t\t\t\t\t<div class=\"elementor-element elementor-element-42821fd elementor-widget__width-initial elementor-widget elementor-widget-text-editor\" data-id=\"42821fd\" data-element_type=\"widget\" data-e-type=\"widget\" data-widget_type=\"text-editor.default\">\n\t\t\t\t<div class=\"elementor-widget-container\">\n\t\t\t\t\t\t\t\t\t<ol><li><a href=\"https:\/\/xn--hw-kppers-t9a.de\/?page_id=891\"><span style=\"color: #ff6600;\">Bacon Bomb<\/span><\/a><\/li><li><a href=\"https:\/\/xn--hw-kppers-t9a.de\/?page_id=906\"><span style=\"color: #ff6600;\">Hackfleisch-Bacon-K\u00e4se-Rolle<\/span><\/a><\/li><li><a href=\"https:\/\/xn--hw-kppers-t9a.de\/?page_id=918\"><span style=\"color: #ff6600;\">Apfelpfannkuchen klassisch<\/span><\/a><\/li><li><a href=\"https:\/\/xn--hw-kppers-t9a.de\/?page_id=940\"><span style=\"color: #ff6600;\">Bayrische Fleischpflanzerl<\/span><\/a><\/li><li><a href=\"https:\/\/xn--hw-kppers-t9a.de\/?page_id=949\"><span style=\"color: #ff6600;\">Blumenkohl-Brokkoli-Auflauf<\/span><\/a><\/li><li><a href=\"https:\/\/xn--hw-kppers-t9a.de\/?page_id=959\"><span style=\"color: #ff6600;\">Cevapcici selbst machen<\/span><\/a><\/li><li><a href=\"https:\/\/xn--hw-kppers-t9a.de\/?page_id=969\"><span style=\"color: #ff6600;\">Chili con Carne<\/span><\/a><\/li><li><a href=\"https:\/\/xn--hw-kppers-t9a.de\/?page_id=978\"><span style=\"color: #ff6600;\">Djuvec Reis<\/span><\/a><\/li><li><span style=\"color: #ff6600;\"><a style=\"color: #ff6600;\" href=\"https:\/\/xn--hw-kppers-t9a.de\/?page_id=988\">Els\u00e4sser Flammuchen<\/a><\/span><\/li><li><a href=\"https:\/\/xn--hw-kppers-t9a.de\/?page_id=998\"><span style=\"color: #ff6600;\">Gebeizte Schweinshax&#8217;n mit Bierso\u00dfe<\/span><\/a><\/li><li><a href=\"https:\/\/xn--hw-kppers-t9a.de\/?page_id=1083\"><span style=\"color: #ff6600;\">Pulled Pork<\/span><\/a><\/li><li><a href=\"https:\/\/xn--hw-kppers-t9a.de\/?page_id=1757\"><span style=\"color: #ff6600;\">Gef\u00fcllte Paprikaschoten mit Hack und Reis<\/span><\/a><\/li><li><a href=\"https:\/\/xn--hw-kppers-t9a.de\/?page_id=1793\"><span style=\"color: #ff6600;\">Gef\u00fcllte Zucchini mit Hackfleisch<\/span><\/a><\/li><li><a href=\"https:\/\/xn--hw-kppers-t9a.de\/?page_id=1820\"><span style=\"color: #ff6600;\">Gegrillte Schweinshaxe<\/span><\/a><\/li><li><a href=\"https:\/\/xn--hw-kppers-t9a.de\/?page_id=1838\"><span style=\"color: #ff6600;\">Geschichtetes Fleisch<\/span><\/a><\/li><li><a href=\"https:\/\/xn--hw-kppers-t9a.de\/?page_id=1848\"><span style=\"color: #ff6600;\">Hackfleisch-Eintopf<\/span><\/a><\/li><li><a href=\"https:\/\/xn--hw-kppers-t9a.de\/?page_id=1866\"><span style=\"color: #ff6600;\">H\u00e4hnchenbrust in Tomatenrahmso\u00dfe mit Basilikum<\/span><\/a><\/li><li><a href=\"https:\/\/xn--hw-kppers-t9a.de\/?page_id=1877\"><span style=\"color: #ff6600;\">H\u00e4hnchenschenkel mit Ofengem\u00fcse<\/span><\/a><\/li><li><a href=\"https:\/\/xn--hw-kppers-t9a.de\/?page_id=1900\"><span style=\"color: #ff6600;\">Honigbraten vom Grill<\/span><\/a><\/li><li><a href=\"https:\/\/xn--hw-kppers-t9a.de\/?page_id=1934\"><span style=\"color: #ff6600;\">Kalbsleber mit Zwiebeln<\/span><\/a><\/li><li><a href=\"https:\/\/xn--hw-kppers-t9a.de\/?page_id=1948\"><span style=\"color: #ff6600;\">Kartoffelgulasch mit W\u00fcrstchen<\/span><\/a><\/li><li><a href=\"https:\/\/xn--hw-kppers-t9a.de\/?page_id=1974\"><span style=\"color: #ff6600;\">Klassisches H\u00fchnerfrikassee<\/span><\/a><\/li><li><a href=\"https:\/\/xn--hw-kppers-t9a.de\/?page_id=1999\"><span style=\"color: #ff6600;\">Serviettenkn\u00f6del<\/span><\/a><\/li><li><a href=\"https:\/\/xn--hw-kppers-t9a.de\/?page_id=2102\"><span style=\"color: #ff6600;\">Ungarisches Gulasch<\/span><\/a><\/li><\/ol>\t\t\t\t\t\t\t\t<\/div>\n\t\t\t\t<\/div>\n\t\t\t\t<div class=\"elementor-element elementor-element-a00d0f7 elementor-widget elementor-widget-spacer\" data-id=\"a00d0f7\" data-element_type=\"widget\" data-e-type=\"widget\" data-widget_type=\"spacer.default\">\n\t\t\t\t<div class=\"elementor-widget-container\">\n\t\t\t\t\t\t\t<div class=\"elementor-spacer\">\n\t\t\t<div class=\"elementor-spacer-inner\"><\/div>\n\t\t<\/div>\n\t\t\t\t\t\t<\/div>\n\t\t\t\t<\/div>\n\t\t\t\t\t<\/div>\n\t\t<\/div>\n\t\t\t\t<div class=\"elementor-column elementor-col-33 elementor-top-column elementor-element elementor-element-5ef3cb8\" data-id=\"5ef3cb8\" data-element_type=\"column\" data-e-type=\"column\">\n\t\t\t<div class=\"elementor-widget-wrap elementor-element-populated\">\n\t\t\t\t\t\t<div class=\"elementor-element elementor-element-30ccf67 elementor-widget elementor-widget-text-editor\" data-id=\"30ccf67\" data-element_type=\"widget\" data-e-type=\"widget\" data-widget_type=\"text-editor.default\">\n\t\t\t\t<div class=\"elementor-widget-container\">\n\t\t\t\t\t\t\t\t\t<ol><li><pre><a href=\"https:\/\/xn--hw-kppers-t9a.de\/?page_id=2021\"><strong><span style=\"color: #00ff00;\">Blitzschneller Paprika-Salat<\/span><\/strong><\/a><\/pre><\/li><li><pre><a href=\"https:\/\/xn--hw-kppers-t9a.de\/?page_id=2140\"><strong><span style=\"color: #00ff00;\">Eisbergsalat mit Fr\u00fcchten<\/span><\/strong><\/a><\/pre><\/li><li><pre><a href=\"https:\/\/xn--hw-kppers-t9a.de\/?page_id=2162\"><strong><span style=\"color: #00ff00;\">Eisbergsalat mit Schmand-Dressing<\/span><\/strong><\/a><\/pre><\/li><li><pre><a href=\"https:\/\/xn--hw-kppers-t9a.de\/?page_id=2187\"><strong><span style=\"color: #00ff00;\">Gemischter Salat<\/span><\/strong><\/a><\/pre><\/li><li><pre><a href=\"https:\/\/xn--hw-kppers-t9a.de\/?page_id=2209\"><strong><span style=\"color: #00ff00;\">Gr\u00fcner Salat<\/span><\/strong><\/a><\/pre><\/li><li><pre><a href=\"https:\/\/xn--hw-kppers-t9a.de\/?page_id=2223\"><strong><span style=\"color: #00ff00;\">Karottensalat<\/span><\/strong><\/a><\/pre><\/li><li><pre><a href=\"https:\/\/xn--hw-kppers-t9a.de\/?page_id=2242\"><strong><span style=\"color: #00ff00;\">Kartoffelsalat<\/span><\/strong><\/a><\/pre><\/li><li><pre><a href=\"https:\/\/xn--hw-kppers-t9a.de\/?page_id=2264\"><strong><span style=\"color: #00ff00;\">Reissalat<\/span><\/strong><\/a><\/pre><\/li><li><pre><a href=\"https:\/\/xn--hw-kppers-t9a.de\/?page_id=2282\"><strong><span style=\"color: #00ff00;\">Ur-Oma\u2019s Bohnensalat<\/span><\/strong><\/a><\/pre><\/li><\/ol>\t\t\t\t\t\t\t\t<\/div>\n\t\t\t\t<\/div>\n\t\t\t\t\t<\/div>\n\t\t<\/div>\n\t\t\t\t<div class=\"elementor-column elementor-col-33 elementor-top-column elementor-element elementor-element-c1e4afc\" data-id=\"c1e4afc\" data-element_type=\"column\" data-e-type=\"column\">\n\t\t\t<div class=\"elementor-widget-wrap elementor-element-populated\">\n\t\t\t\t\t\t<div class=\"elementor-element elementor-element-4c2caf6 elementor-widget elementor-widget-text-editor\" data-id=\"4c2caf6\" data-element_type=\"widget\" data-e-type=\"widget\" data-widget_type=\"text-editor.default\">\n\t\t\t\t<div class=\"elementor-widget-container\">\n\t\t\t\t\t\t\t\t\t<ol><li><a href=\"https:\/\/xn--hw-kppers-t9a.de\/?page_id=2299\"><span style=\"color: #00ffff;\">H\u00e4hnchen-Auflauf<\/span><\/a><\/li><li><a href=\"https:\/\/xn--hw-kppers-t9a.de\/?page_id=2318\"><span style=\"color: #00ffff;\">Gyros in Metaxasauce<\/span><\/a><\/li><li><a href=\"https:\/\/xn--hw-kppers-t9a.de\/?page_id=2337\"><span style=\"color: #00ffff;\">ASAGNE ALLA CHILI CON CARNE<\/span><\/a><\/li><li><a href=\"https:\/\/xn--hw-kppers-t9a.de\/?page_id=2356\"><span style=\"color: #00ffff;\">Sp\u00e4tzle Auflauf mit So\u00dfe Hollandaise und Schinken<\/span><\/a><\/li><li><a href=\"https:\/\/xn--hw-kppers-t9a.de\/?page_id=2372\"><span style=\"color: #00ffff;\">Tortellini-Bratwurst Auflauf<\/span><\/a><\/li><li><a href=\"https:\/\/xn--hw-kppers-t9a.de\/?page_id=2391\"><span style=\"color: #00ffff;\">Kartoffelauflauf mit M\u00f6hre, Sellerie und Zucchini<\/span><\/a><\/li><\/ol>\t\t\t\t\t\t\t\t<\/div>\n\t\t\t\t<\/div>\n\t\t\t\t\t<\/div>\n\t\t<\/div>\n\t\t\t\t\t<\/div>\n\t\t<\/section>\n\t\t\t\t<\/div>\n\t\t","protected":false},"excerpt":{"rendered":"<p>Bacon Bomb Hackfleisch-Bacon-K\u00e4se-Rolle Apfelpfannkuchen klassisch Bayrische Fleischpflanzerl Blumenkohl-Brokkoli-Auflauf Cevapcici selbst machen Chili con Carne Djuvec Reis Els\u00e4sser Flammuchen Gebeizte Schweinshax&#8217;n mit Bierso\u00dfe Pulled Pork Gef\u00fcllte Paprikaschoten mit Hack und Reis Gef\u00fcllte Zucchini mit Hackfleisch Gegrillte Schweinshaxe Geschichtetes Fleisch Hackfleisch-Eintopf H\u00e4hnchenbrust in Tomatenrahmso\u00dfe mit Basilikum H\u00e4hnchenschenkel mit Ofengem\u00fcse Honigbraten vom Grill Kalbsleber mit Zwiebeln Kartoffelgulasch mit [&hellip;]<\/p>\n","protected":false},"author":1,"featured_media":0,"parent":0,"menu_order":0,"comment_status":"closed","ping_status":"closed","template":"","meta":{"footnotes":""},"class_list":["post-45","page","type-page","status-publish","hentry"],"_links":{"self":[{"href":"https:\/\/xn--hw-kppers-t9a.de\/index.php?rest_route=\/wp\/v2\/pages\/45","targetHints":{"allow":["GET"]}}],"collection":[{"href":"https:\/\/xn--hw-kppers-t9a.de\/index.php?rest_route=\/wp\/v2\/pages"}],"about":[{"href":"https:\/\/xn--hw-kppers-t9a.de\/index.php?rest_route=\/wp\/v2\/types\/page"}],"author":[{"embeddable":true,"href":"https:\/\/xn--hw-kppers-t9a.de\/index.php?rest_route=\/wp\/v2\/users\/1"}],"replies":[{"embeddable":true,"href":"https:\/\/xn--hw-kppers-t9a.de\/index.php?rest_route=%2Fwp%2Fv2%2Fcomments&post=45"}],"version-history":[{"count":178,"href":"https:\/\/xn--hw-kppers-t9a.de\/index.php?rest_route=\/wp\/v2\/pages\/45\/revisions"}],"predecessor-version":[{"id":2406,"href":"https:\/\/xn--hw-kppers-t9a.de\/index.php?rest_route=\/wp\/v2\/pages\/45\/revisions\/2406"}],"wp:attachment":[{"href":"https:\/\/xn--hw-kppers-t9a.de\/index.php?rest_route=%2Fwp%2Fv2%2Fmedia&parent=45"}],"curies":[{"name":"wp","href":"https:\/\/api.w.org\/{rel}","templated":true}]}}