{"id":43,"date":"2023-05-08T18:39:08","date_gmt":"2023-05-08T18:39:08","guid":{"rendered":"https:\/\/xn--hw-kppers-t9a.de\/?page_id=43"},"modified":"2025-08-26T08:00:17","modified_gmt":"2025-08-26T08:00:17","slug":"backen","status":"publish","type":"page","link":"https:\/\/xn--hw-kppers-t9a.de\/?page_id=43","title":{"rendered":"Backen"},"content":{"rendered":"\t\t<div data-elementor-type=\"wp-page\" data-elementor-id=\"43\" class=\"elementor elementor-43\" data-elementor-post-type=\"page\">\n\t\t\t\t\t\t<section class=\"elementor-section elementor-top-section elementor-element elementor-element-0bedb10 elementor-section-full_width elementor-section-height-default elementor-section-height-default\" data-id=\"0bedb10\" data-element_type=\"section\" data-e-type=\"section\" data-settings=\"{&quot;background_background&quot;:&quot;classic&quot;}\">\n\t\t\t\t\t\t<div class=\"elementor-container elementor-column-gap-default\">\n\t\t\t\t\t<div class=\"elementor-column elementor-col-33 elementor-top-column elementor-element elementor-element-d46debe\" data-id=\"d46debe\" data-element_type=\"column\" data-e-type=\"column\">\n\t\t\t<div class=\"elementor-widget-wrap elementor-element-populated\">\n\t\t\t\t\t\t<div class=\"elementor-element elementor-element-1b0ae0b elementor-widget elementor-widget-heading\" data-id=\"1b0ae0b\" data-element_type=\"widget\" data-e-type=\"widget\" data-widget_type=\"heading.default\">\n\t\t\t\t<div class=\"elementor-widget-container\">\n\t\t\t\t\t<h2 class=\"elementor-heading-title elementor-size-default\">Kuchen &amp; Torten<\/h2>\t\t\t\t<\/div>\n\t\t\t\t<\/div>\n\t\t\t\t<div class=\"elementor-element elementor-element-770badd elementor-widget elementor-widget-text-editor\" data-id=\"770badd\" data-element_type=\"widget\" data-e-type=\"widget\" data-widget_type=\"text-editor.default\">\n\t\t\t\t<div class=\"elementor-widget-container\">\n\t\t\t\t\t\t\t\t\t<ol><li><span style=\"color: #00ffff;\"><a style=\"color: #00ffff;\" href=\"https:\/\/xn--hw-kppers-t9a.de\/?page_id=515\">Amarettini-Kirsch-Kuchen<\/a><\/span><\/li><li><a href=\"https:\/\/hw-k\u00fcppers.de\/?page_id=541\"><span style=\"color: #00ffff;\">Apfelkuchen<\/span><\/a><\/li><li><span style=\"color: #00ffff;\"><a style=\"color: #00ffff;\" href=\"https:\/\/xn--hw-kppers-t9a.de\/?page_id=785\">Apfel-Mascapone-Kuchen<\/a><\/span><\/li><li><span style=\"color: #00ffff;\"><a style=\"color: #00ffff;\" href=\"https:\/\/xn--hw-kppers-t9a.de\/?page_id=808\">Beerenkuchen mit Mascapone<\/a><\/span><\/li><li><span style=\"color: #00ffff;\"><a style=\"color: #00ffff;\" href=\"https:\/\/xn--hw-kppers-t9a.de\/?page_id=820\">Chalotte Russe mit Erdbeeren<\/a><\/span><\/li><li><span style=\"color: #00ffff;\"><a style=\"color: #00ffff;\" href=\"https:\/\/xn--hw-kppers-t9a.de\/?page_id=841\">Cremige Amarena-Kirsch-Charlotte<\/a><\/span><\/li><li><span style=\"color: #00ffff;\"><a style=\"color: #00ffff;\" href=\"https:\/\/hw-k\u00fcppers.de\/?page_id=618\">Die echte Schwarzw\u00e4lder\u00a0<\/a><\/span><\/li><li><span style=\"color: #00ffff;\"><a style=\"color: #00ffff;\" href=\"https:\/\/xn--hw-kppers-t9a.de\/?page_id=854\">Eierlik\u00f6r-Guglhupf<\/a><\/span><\/li><li><span style=\"color: #00ffff;\"><a style=\"color: #00ffff;\" href=\"https:\/\/xn--hw-kppers-t9a.de\/?page_id=864\">Eierlik\u00f6rtorte mit Kirschen<\/a><\/span><\/li><li><span style=\"color: #00ffff;\"><a style=\"color: #00ffff;\" href=\"https:\/\/xn--hw-kppers-t9a.de\/?page_id=879\">Eierlik\u00f6rtorte<\/a><\/span><\/li><li><a href=\"https:\/\/xn--hw-kppers-t9a.de\/?page_id=1443\"><span style=\"color: #00ffff;\">Eigenes Rezept<\/span><\/a><\/li><li><span style=\"color: #00ffff;\"><a style=\"color: #00ffff;\" href=\"https:\/\/xn--hw-kppers-t9a.de\/?page_id=1459\">Erdbeer-Schmandkuchen vom Blech<\/a><\/span><\/li><li><span style=\"color: #00ffff;\"><a style=\"color: #00ffff;\" href=\"https:\/\/xn--hw-kppers-t9a.de\/?page_id=1469\">Erdbeerkuchen com Blech mit Pudding<\/a><\/span><\/li><li><span style=\"color: #00ffff;\"><a style=\"color: #00ffff;\" href=\"https:\/\/xn--hw-kppers-t9a.de\/?page_id=1478\">Erdbeer-Quark-Schnitten<\/a><\/span><\/li><li><span style=\"color: #00ffff;\"><a style=\"color: #00ffff;\" href=\"https:\/\/xn--hw-kppers-t9a.de\/?page_id=1487\">Erdbeertorte aus 7 Schichten<\/a><\/span><\/li><li><span style=\"color: #00ffff;\"><a style=\"color: #00ffff;\" href=\"https:\/\/xn--hw-kppers-t9a.de\/?page_id=1509\">Frankfurter Kranz<\/a><\/span><\/li><li><p><span style=\"color: #00ffff;\"><a style=\"color: #00ffff;\" href=\"https:\/\/xn--hw-kppers-t9a.de\/?page_id=1518\">Friss dich dumm Kuchen<\/a><\/span><\/p><\/li><li><span style=\"color: #00ffff;\"><a style=\"color: #00ffff;\" href=\"https:\/\/xn--hw-kppers-t9a.de\/?page_id=1529\">Himbeer-K\u00e4sekuchen<\/a><\/span><\/li><li><span style=\"color: #00ffff;\"><a style=\"color: #00ffff;\" href=\"https:\/\/xn--hw-kppers-t9a.de\/?page_id=1542\">Joghurt-Obstschnitten<\/a><\/span><\/li><li><span style=\"color: #00ffff;\"><a style=\"color: #00ffff;\" href=\"https:\/\/xn--hw-kppers-t9a.de\/?page_id=1568\">Joghurt-Beeren-Torte<\/a><\/span><\/li><li><span style=\"color: #00ffff;\"><a style=\"color: #00ffff;\" href=\"https:\/\/xn--hw-kppers-t9a.de\/?page_id=1577\">Joghurt-Kirsch-Torte<\/a><\/span><\/li><li><span style=\"color: #00ffff;\"><a style=\"color: #00ffff;\" href=\"https:\/\/xn--hw-kppers-t9a.de\/?page_id=1583\">Joghurt-Sahne-Torte<\/a><\/span><\/li><li><span style=\"color: #00ffff;\"><a style=\"color: #00ffff;\" href=\"https:\/\/xn--hw-kppers-t9a.de\/?page_id=1592\">Joghurttorte mit Aprikosen<\/a><\/span><\/li><li><a href=\"https:\/\/xn--hw-kppers-t9a.de\/?page_id=1617\"><span style=\"color: #00ffff;\">Charlotte Royal<\/span><\/a><\/li><li><a href=\"https:\/\/xn--hw-kppers-t9a.de\/?page_id=2821\"><span style=\"color: #00ffff;\">Pfirsichtorte mit Mohn<\/span><\/a><\/li><li><a href=\"https:\/\/xn--hw-kppers-t9a.de\/?page_id=2869\"><span style=\"color: #00ffff;\">Birnentorte<\/span><\/a><\/li><li><a href=\"https:\/\/xn--hw-kppers-t9a.de\/?page_id=2961\"><span style=\"color: #00ffff;\">Aprikosen Mohnkuchen vom Blech<\/span><\/a><\/li><li><a href=\"https:\/\/xn--hw-kppers-t9a.de\/?page_id=3090\"><span style=\"color: #00ffff;\">Nougat-Marzipan-Torte<\/span><\/a><\/li><\/ol>\t\t\t\t\t\t\t\t<\/div>\n\t\t\t\t<\/div>\n\t\t\t\t\t<\/div>\n\t\t<\/div>\n\t\t\t\t<div class=\"elementor-column elementor-col-33 elementor-top-column elementor-element elementor-element-388cd1b\" data-id=\"388cd1b\" data-element_type=\"column\" data-e-type=\"column\">\n\t\t\t<div class=\"elementor-widget-wrap elementor-element-populated\">\n\t\t\t\t\t\t<div class=\"elementor-element elementor-element-39197f1 elementor-widget elementor-widget-heading\" data-id=\"39197f1\" data-element_type=\"widget\" data-e-type=\"widget\" data-widget_type=\"heading.default\">\n\t\t\t\t<div class=\"elementor-widget-container\">\n\t\t\t\t\t<h2 class=\"elementor-heading-title elementor-size-default\">Brot &amp; Semmeln<\/h2>\t\t\t\t<\/div>\n\t\t\t\t<\/div>\n\t\t\t\t<div class=\"elementor-element elementor-element-eaa20d7 elementor-widget elementor-widget-text-editor\" data-id=\"eaa20d7\" data-element_type=\"widget\" data-e-type=\"widget\" data-widget_type=\"text-editor.default\">\n\t\t\t\t<div class=\"elementor-widget-container\">\n\t\t\t\t\t\t\t\t\t<ol><li><span style=\"color: #00ffff;\"><a style=\"color: #00ffff;\" href=\"https:\/\/xn--hw-kppers-t9a.de\/?page_id=1007\">Alpenl\u00e4ndische Gew\u00fcrzbrot<\/a><\/span><\/li><li><a href=\"https:\/\/xn--hw-kppers-t9a.de\/?page_id=1017\"><span style=\"color: #00ffff;\">Baguette<\/span><\/a><\/li><li><a href=\"https:\/\/xn--hw-kppers-t9a.de\/?page_id=1025\"><span style=\"color: #00ffff;\">Brot mit Quark-Kruste<\/span><\/a><\/li><li><a href=\"https:\/\/xn--hw-kppers-t9a.de\/?page_id=1034\"><span style=\"color: #00ffff;\">Dinkel-Roggen-Brot<\/span><\/a><\/li><li><a href=\"https:\/\/xn--hw-kppers-t9a.de\/?page_id=1044\"><span style=\"color: #00ffff;\">Dinkelvollkornbr\u00f6tchen<\/span><\/a><\/li><li><a href=\"https:\/\/xn--hw-kppers-t9a.de\/?page_id=1057\"><span style=\"color: #00ffff;\">Handkaisersemmel 2017<\/span><\/a><\/li><li><a href=\"https:\/\/xn--hw-kppers-t9a.de\/?page_id=1066\"><span style=\"color: #00ffff;\">K\u00e4sestangen &#8211; Innen weich wie Watte<\/span><\/a><\/li><li><a href=\"https:\/\/xn--hw-kppers-t9a.de\/?page_id=1379\"><span style=\"color: #00ffff;\">Klassische Br\u00f6tchen<\/span><\/a><\/li><li><a href=\"https:\/\/xn--hw-kppers-t9a.de\/?page_id=1390\"><span style=\"color: #00ffff;\">Knuspriges Dinkel-Quark-Brot mit Hefe<\/span><\/a><\/li><li><span style=\"color: #00ffff;\"><a style=\"color: #00ffff;\" href=\"https:\/\/xn--hw-kppers-t9a.de\/?page_id=1402\">Rosinenbrot &#8211; Rosinenstuten<\/a><\/span><\/li><li><span style=\"color: #00ffff;\"><a style=\"color: #00ffff;\" href=\"https:\/\/xn--hw-kppers-t9a.de\/?page_id=1411\">T\u00fcrkisches Brot<\/a><\/span><\/li><li><a href=\"https:\/\/xn--hw-kppers-t9a.de\/?page_id=1417\"><span style=\"color: #00ffff;\">Weltbestes Buttermilchbrot<\/span><\/a><\/li><li><span style=\"color: #00ffff;\"><a style=\"color: #00ffff;\" href=\"https:\/\/xn--hw-kppers-t9a.de\/?page_id=1431\">Zwiebelbrot<\/a><\/span><\/li><li><a href=\"https:\/\/xn--hw-kppers-t9a.de\/?page_id=2938\"><span style=\"color: #00ffff;\">Fladenbrote<\/span><\/a><\/li><li><a href=\"https:\/\/xn--hw-kppers-t9a.de\/?page_id=3051\"><span style=\"color: #00ffff;\">Br\u00f6tchen<\/span><\/a><\/li><\/ol>\t\t\t\t\t\t\t\t<\/div>\n\t\t\t\t<\/div>\n\t\t\t\t\t<\/div>\n\t\t<\/div>\n\t\t\t\t<div class=\"elementor-column elementor-col-33 elementor-top-column elementor-element elementor-element-684d868\" data-id=\"684d868\" data-element_type=\"column\" data-e-type=\"column\">\n\t\t\t<div class=\"elementor-widget-wrap elementor-element-populated\">\n\t\t\t\t\t\t<div class=\"elementor-element elementor-element-c08e332 elementor-widget elementor-widget-heading\" data-id=\"c08e332\" data-element_type=\"widget\" data-e-type=\"widget\" data-widget_type=\"heading.default\">\n\t\t\t\t<div class=\"elementor-widget-container\">\n\t\t\t\t\t<h2 class=\"elementor-heading-title elementor-size-default\">Weihnachliches<\/h2>\t\t\t\t<\/div>\n\t\t\t\t<\/div>\n\t\t\t\t<div class=\"elementor-element elementor-element-23f2393 elementor-widget elementor-widget-text-editor\" data-id=\"23f2393\" data-element_type=\"widget\" data-e-type=\"widget\" data-widget_type=\"text-editor.default\">\n\t\t\t\t<div class=\"elementor-widget-container\">\n\t\t\t\t\t\t\t\t\t<ol><li><a href=\"https:\/\/hw-k\u00fcppers.de\/?page_id=491\"><span style=\"color: #00ffff;\">Anispl\u00e4tzchen<\/span><\/a><\/li><li><a href=\"https:\/\/xn--hw-kppers-t9a.de\/?page_id=1234\"><span style=\"color: #00ffff;\">Basler Leckerli<\/span><\/a><\/li><li><a href=\"https:\/\/xn--hw-kppers-t9a.de\/?page_id=1250\"><span style=\"color: #00ffff;\">Eierlik\u00f6r Spritzgeb\u00e4ck<\/span><\/a><\/li><li><a href=\"https:\/\/xn--hw-kppers-t9a.de\/?page_id=1263\"><span style=\"color: #00ffff;\">Fr\u00fcchtebrot selber machen<\/span><\/a><\/li><li><a href=\"https:\/\/xn--hw-kppers-t9a.de\/?page_id=1275\"><span style=\"color: #00ffff;\">Fruchtstangen<\/span><\/a><\/li><li><a href=\"https:\/\/xn--hw-kppers-t9a.de\/?page_id=1290\"><span style=\"color: #00ffff;\">Husarenkrapfen<\/span><\/a><\/li><li><span style=\"color: #00ffff;\"><a style=\"color: #00ffff;\" href=\"https:\/\/xn--hw-kppers-t9a.de\/?page_id=1308\">L\u00fcbecker Kokosmakronen<\/a><\/span><\/li><li><a href=\"https:\/\/xn--hw-kppers-t9a.de\/?page_id=1320\"><span style=\"color: #00ffff;\">Marzipan Kipferl<\/span><\/a><\/li><li><a href=\"https:\/\/xn--hw-kppers-t9a.de\/?page_id=1336\"><span style=\"color: #00ffff;\">N\u00fcrnberger Lebkuchen<\/span><\/a><\/li><li><a href=\"https:\/\/xn--hw-kppers-t9a.de\/?page_id=1348\"><span style=\"color: #00ffff;\">Spitzbuben<\/span><\/a><\/li><li><a href=\"https:\/\/xn--hw-kppers-t9a.de\/?page_id=1360\"><span style=\"color: #00ffff;\">Zimtsterne<\/span><\/a><\/li><\/ol>\t\t\t\t\t\t\t\t<\/div>\n\t\t\t\t<\/div>\n\t\t\t\t\t<\/div>\n\t\t<\/div>\n\t\t\t\t\t<\/div>\n\t\t<\/section>\n\t\t\t\t<\/div>\n\t\t","protected":false},"excerpt":{"rendered":"<p>Kuchen &amp; Torten Amarettini-Kirsch-Kuchen Apfelkuchen Apfel-Mascapone-Kuchen Beerenkuchen mit Mascapone Chalotte Russe mit Erdbeeren Cremige Amarena-Kirsch-Charlotte Die echte Schwarzw\u00e4lder\u00a0 Eierlik\u00f6r-Guglhupf Eierlik\u00f6rtorte mit Kirschen Eierlik\u00f6rtorte Eigenes Rezept Erdbeer-Schmandkuchen vom Blech Erdbeerkuchen com Blech mit Pudding Erdbeer-Quark-Schnitten Erdbeertorte aus 7 Schichten Frankfurter Kranz Friss dich dumm Kuchen Himbeer-K\u00e4sekuchen Joghurt-Obstschnitten Joghurt-Beeren-Torte Joghurt-Kirsch-Torte Joghurt-Sahne-Torte Joghurttorte mit Aprikosen Charlotte Royal Pfirsichtorte [&hellip;]<\/p>\n","protected":false},"author":1,"featured_media":0,"parent":0,"menu_order":0,"comment_status":"closed","ping_status":"closed","template":"","meta":{"footnotes":""},"class_list":["post-43","page","type-page","status-publish","hentry"],"_links":{"self":[{"href":"https:\/\/xn--hw-kppers-t9a.de\/index.php?rest_route=\/wp\/v2\/pages\/43","targetHints":{"allow":["GET"]}}],"collection":[{"href":"https:\/\/xn--hw-kppers-t9a.de\/index.php?rest_route=\/wp\/v2\/pages"}],"about":[{"href":"https:\/\/xn--hw-kppers-t9a.de\/index.php?rest_route=\/wp\/v2\/types\/page"}],"author":[{"embeddable":true,"href":"https:\/\/xn--hw-kppers-t9a.de\/index.php?rest_route=\/wp\/v2\/users\/1"}],"replies":[{"embeddable":true,"href":"https:\/\/xn--hw-kppers-t9a.de\/index.php?rest_route=%2Fwp%2Fv2%2Fcomments&post=43"}],"version-history":[{"count":262,"href":"https:\/\/xn--hw-kppers-t9a.de\/index.php?rest_route=\/wp\/v2\/pages\/43\/revisions"}],"predecessor-version":[{"id":3135,"href":"https:\/\/xn--hw-kppers-t9a.de\/index.php?rest_route=\/wp\/v2\/pages\/43\/revisions\/3135"}],"wp:attachment":[{"href":"https:\/\/xn--hw-kppers-t9a.de\/index.php?rest_route=%2Fwp%2Fv2%2Fmedia&parent=43"}],"curies":[{"name":"wp","href":"https:\/\/api.w.org\/{rel}","templated":true}]}}