{"id":3090,"date":"2025-08-26T06:48:00","date_gmt":"2025-08-26T06:48:00","guid":{"rendered":"https:\/\/xn--hw-kppers-t9a.de\/?page_id=3090"},"modified":"2025-08-26T08:10:50","modified_gmt":"2025-08-26T08:10:50","slug":"nougat-marzipan-torte","status":"publish","type":"page","link":"https:\/\/xn--hw-kppers-t9a.de\/?page_id=3090","title":{"rendered":"Nougat-Marzipan-Torte"},"content":{"rendered":"\t\t<div data-elementor-type=\"wp-page\" data-elementor-id=\"3090\" class=\"elementor elementor-3090\" data-elementor-post-type=\"page\">\n\t\t\t\t\t\t<section class=\"elementor-section elementor-top-section elementor-element elementor-element-5c96e86 elementor-section-boxed elementor-section-height-default elementor-section-height-default\" data-id=\"5c96e86\" data-element_type=\"section\" data-e-type=\"section\">\n\t\t\t\t\t\t<div class=\"elementor-container elementor-column-gap-default\">\n\t\t\t\t\t<div class=\"elementor-column elementor-col-100 elementor-top-column elementor-element elementor-element-9c8c191\" data-id=\"9c8c191\" data-element_type=\"column\" data-e-type=\"column\" data-settings=\"{&quot;background_background&quot;:&quot;classic&quot;}\">\n\t\t\t<div class=\"elementor-widget-wrap elementor-element-populated\">\n\t\t\t\t\t<div class=\"elementor-background-overlay\"><\/div>\n\t\t\t\t\t\t<div class=\"elementor-element elementor-element-d6d2619 elementor-widget elementor-widget-heading\" data-id=\"d6d2619\" data-element_type=\"widget\" data-e-type=\"widget\" data-widget_type=\"heading.default\">\n\t\t\t\t<div class=\"elementor-widget-container\">\n\t\t\t\t\t<h2 class=\"elementor-heading-title elementor-size-default\">Nougat-Marzipan-Torte<\/h2>\t\t\t\t<\/div>\n\t\t\t\t<\/div>\n\t\t\t\t<div class=\"elementor-element elementor-element-fd35b5c elementor-widget elementor-widget-text-editor\" data-id=\"fd35b5c\" data-element_type=\"widget\" data-e-type=\"widget\" data-widget_type=\"text-editor.default\">\n\t\t\t\t<div class=\"elementor-widget-container\">\n\t\t\t\t\t\t\t\t\t<h5><strong><img fetchpriority=\"high\" decoding=\"async\" class=\"alignnone wp-image-3092\" src=\"https:\/\/xn--hw-kppers-t9a.de\/wp-content\/uploads\/2025\/08\/Torte-300x237.jpg\" alt=\"\" width=\"595\" height=\"470\" srcset=\"https:\/\/xn--hw-kppers-t9a.de\/wp-content\/uploads\/2025\/08\/Torte-300x237.jpg 300w, https:\/\/xn--hw-kppers-t9a.de\/wp-content\/uploads\/2025\/08\/Torte-768x608.jpg 768w, https:\/\/xn--hw-kppers-t9a.de\/wp-content\/uploads\/2025\/08\/Torte.jpg 900w\" sizes=\"(max-width: 595px) 100vw, 595px\" \/><\/strong><\/h5><h5><strong>180 g Butter<\/strong><\/h5><h5><strong>80 g Puderzucker<\/strong><\/h5><h5><strong>180 g Mehl<\/strong><\/h5><h5><strong>180 g Schokolade<\/strong><\/h5><h5><strong>Vanillezucker<\/strong><\/h5><h5><strong>8 Eier (Eiwei\u00df + Eigelb)<\/strong><\/h5><h5><strong>150 g Zucker<\/strong><\/h5><h5><strong>1 Prise Salz<\/strong><\/h5><h5><strong>Evtl. Kakao<\/strong><\/h5><h5><strong>\u00a0<\/strong><\/h5><h5><strong>400 g Marzipan<\/strong><\/h5><h5><strong>50 g Pistazien<\/strong><\/h5><h5><strong>\u00a0<\/strong><\/h5><h5><strong>1000 g Nougat<\/strong><\/h5><h5><strong>Schokolade<\/strong><\/h5><h5><strong>330 g Sahne<\/strong><\/h5><h5><strong>\u00a0<\/strong><\/h5><h5><strong>\u00a0<\/strong><\/h5><h5><strong>Anleitung<\/strong><\/h5><h5><strong>\u00a0<\/strong><\/h5><h5><strong>Butter, Puderzucker und Vanillezucker verr\u00fchren bis es schaumig ist.<\/strong><\/h5><h5><strong>Fl\u00fcssige Schokolade dazu geben, Eiwei\u00df mit Salz und dem Zucker zwischenzeitlich schaumig schlagen. <\/strong><\/h5><h5><strong>In die Backmasse die Eigelbe einzeln zugeben und schaumig schlagen.<\/strong><\/h5><h5><strong>Jetzt ein Drittel Eiwei\u00dfschaum zugeben, das Mehl und den Kakao dazu sieben unterheben.<\/strong><\/h5><h5><strong>Nun das restliche Eiwei\u00df dazu geben und vorsichtig unterheben.<\/strong><\/h5><h5><strong>Das Ganze in die Form geben und bei 182\u00b0C ca. 1 Stunde backen.<\/strong><\/h5><h5><strong>Am Vortag das Marzipan und die gemahlenen Pistazien mit dem Knethaken vermengen.<\/strong><\/h5><h5><strong>Nougat, geschmolzene Schokolade und die Sahne vermischen und \u00fcber Nacht in den K\u00fchlschrank stellen.<\/strong><\/h5><h5><strong>Marzipanmasse walzen eine gr. Kreis und einen kl. Kreis ausschneiden. Den Rest zu kleinen Kugeln formen.<\/strong><\/h5><h5><strong>Den gebackenen Boden 3teilen. Erste Lage mit einem Ring umschlie\u00dfen, mit einer Zucke-Wassermischung (Zucker mit Wasser erw\u00e4rmen) tr\u00e4nken. Ein Teil Nougatcreme d\u00fcnn auftragen. Jetzt die gr. Marzipanfl\u00e4che auflegen und nochmal Nougatcreme d\u00fcnn auftragen. Nun den 2ten Boden auflegen und tr\u00e4nken, Nougatcreme auftragen. Als n\u00e4chstes den letzten Boden auflegen und mit Nougatcreme einstreichen. In den K\u00fchlschrank f\u00fcr eine Halbe Stunde.<\/strong><\/h5><h5><strong>Mit der restlichen Nougatcreme den Kuchen einstreichen.<\/strong><\/h5><h5><strong>Die kl. Marzipanfl\u00e4che und die Kugeln auf einem Backpapier dekorieren mit geschmolzenen Schokostreifen.\u00a0 Die dekorierte kl. Marzipanplatte mittig auf die Torte platzieren. <\/strong><\/h5><h5><strong>Auf dem Rand Nougatkr\u00f6nchen aufdressieren und darauf die dekorierten Kugeln legen.<\/strong><\/h5><h5><strong>FERTIG!\u00a0\u00a0<\/strong><a href=\"http:\/\/hw-k\u00fcppers.eu\/STRATO-apps\/wordpress_03\/app\/wp-content\/uploads\/2023\/02\/Nougat-Marzipan-Torte.mp4\"><span style=\"color: #ff0000;\">VIDEO<\/span><\/a><\/h5>\t\t\t\t\t\t\t\t<\/div>\n\t\t\t\t<\/div>\n\t\t\t\t\t<\/div>\n\t\t<\/div>\n\t\t\t\t\t<\/div>\n\t\t<\/section>\n\t\t\t\t<\/div>\n\t\t","protected":false},"excerpt":{"rendered":"<p>Nougat-Marzipan-Torte 180 g Butter 80 g Puderzucker 180 g Mehl 180 g Schokolade Vanillezucker 8 Eier (Eiwei\u00df + Eigelb) 150 g Zucker 1 Prise Salz Evtl. Kakao \u00a0 400 g Marzipan 50 g Pistazien \u00a0 1000 g Nougat Schokolade 330 g Sahne \u00a0 \u00a0 Anleitung \u00a0 Butter, Puderzucker und Vanillezucker verr\u00fchren bis es schaumig ist. [&hellip;]<\/p>\n","protected":false},"author":1,"featured_media":0,"parent":0,"menu_order":0,"comment_status":"closed","ping_status":"closed","template":"","meta":{"footnotes":""},"class_list":["post-3090","page","type-page","status-publish","hentry"],"_links":{"self":[{"href":"https:\/\/xn--hw-kppers-t9a.de\/index.php?rest_route=\/wp\/v2\/pages\/3090","targetHints":{"allow":["GET"]}}],"collection":[{"href":"https:\/\/xn--hw-kppers-t9a.de\/index.php?rest_route=\/wp\/v2\/pages"}],"about":[{"href":"https:\/\/xn--hw-kppers-t9a.de\/index.php?rest_route=\/wp\/v2\/types\/page"}],"author":[{"embeddable":true,"href":"https:\/\/xn--hw-kppers-t9a.de\/index.php?rest_route=\/wp\/v2\/users\/1"}],"replies":[{"embeddable":true,"href":"https:\/\/xn--hw-kppers-t9a.de\/index.php?rest_route=%2Fwp%2Fv2%2Fcomments&post=3090"}],"version-history":[{"count":34,"href":"https:\/\/xn--hw-kppers-t9a.de\/index.php?rest_route=\/wp\/v2\/pages\/3090\/revisions"}],"predecessor-version":[{"id":3140,"href":"https:\/\/xn--hw-kppers-t9a.de\/index.php?rest_route=\/wp\/v2\/pages\/3090\/revisions\/3140"}],"wp:attachment":[{"href":"https:\/\/xn--hw-kppers-t9a.de\/index.php?rest_route=%2Fwp%2Fv2%2Fmedia&parent=3090"}],"curies":[{"name":"wp","href":"https:\/\/api.w.org\/{rel}","templated":true}]}}