{"id":2985,"date":"2024-11-11T17:10:32","date_gmt":"2024-11-11T17:10:32","guid":{"rendered":"https:\/\/xn--hw-kppers-t9a.de\/?page_id=2985"},"modified":"2024-11-19T14:50:16","modified_gmt":"2024-11-19T14:50:16","slug":"pizzateig-einfrieren","status":"publish","type":"page","link":"https:\/\/xn--hw-kppers-t9a.de\/?page_id=2985","title":{"rendered":"Pizzateig einfrieren"},"content":{"rendered":"\t\t<div data-elementor-type=\"wp-page\" data-elementor-id=\"2985\" class=\"elementor elementor-2985\" data-elementor-post-type=\"page\">\n\t\t\t\t\t\t<section class=\"elementor-section elementor-top-section elementor-element elementor-element-51d4465 elementor-section-boxed elementor-section-height-default elementor-section-height-default\" data-id=\"51d4465\" data-element_type=\"section\" data-e-type=\"section\" data-settings=\"{&quot;background_background&quot;:&quot;classic&quot;}\">\n\t\t\t\t\t\t<div class=\"elementor-container elementor-column-gap-default\">\n\t\t\t\t\t<div class=\"elementor-column elementor-col-100 elementor-top-column elementor-element elementor-element-675d9f3\" data-id=\"675d9f3\" data-element_type=\"column\" data-e-type=\"column\">\n\t\t\t<div class=\"elementor-widget-wrap elementor-element-populated\">\n\t\t\t\t\t\t<div class=\"elementor-element elementor-element-5bc4ca8 elementor-widget elementor-widget-heading\" data-id=\"5bc4ca8\" data-element_type=\"widget\" data-e-type=\"widget\" data-widget_type=\"heading.default\">\n\t\t\t\t<div class=\"elementor-widget-container\">\n\t\t\t\t\t<h2 class=\"elementor-heading-title elementor-size-default\">Pizzateig einfrieren<\/h2>\t\t\t\t<\/div>\n\t\t\t\t<\/div>\n\t\t\t\t<div class=\"elementor-element elementor-element-18b3774 elementor-widget elementor-widget-text-editor\" data-id=\"18b3774\" data-element_type=\"widget\" data-e-type=\"widget\" data-widget_type=\"text-editor.default\">\n\t\t\t\t<div class=\"elementor-widget-container\">\n\t\t\t\t\t\t\t\t\t<h4>Zutaten f\u00fcr 6 Pizzen:<\/h4><h4>1000 g Mehl, Tipo 00, Eiwei\u00dfgehalt gr\u00f6\u00dfer 12%<\/h4><h4>3 g frische Hefe<\/h4><h4>620 ml kaltes Wasser<\/h4><h4>25 Salz<\/h4><h4>Schaut euch das <a href=\"https:\/\/xn--hw-kppers-t9a.eu\/STRATO-apps\/wordpress_03\/app\/wp-content\/uploads\/2023\/02\/Pizzateig einfrieren.mp4\" data-wplink-url-error=\"true\"><span style=\"color: #ff0000;\">Video<\/span><\/a> an<\/h4><h4><img fetchpriority=\"high\" decoding=\"async\" class=\" wp-image-3002 alignleft\" src=\"https:\/\/xn--hw-kppers-t9a.de\/wp-content\/uploads\/2024\/11\/Pizza-300x192.jpg\" alt=\"\" width=\"838\" height=\"536\" \/>Habe diesen Teig nach dem Viseo hergestellt und auch eingefroren, nach einigen Tagen aufgetaut und dann bei 275\u00b0C gebacken. Die Pizza war wunderbar fluffig.<\/h4><div>\u00a0<\/div>\t\t\t\t\t\t\t\t<\/div>\n\t\t\t\t<\/div>\n\t\t\t\t\t<\/div>\n\t\t<\/div>\n\t\t\t\t\t<\/div>\n\t\t<\/section>\n\t\t\t\t<\/div>\n\t\t","protected":false},"excerpt":{"rendered":"<p>Pizzateig einfrieren Zutaten f\u00fcr 6 Pizzen: 1000 g Mehl, Tipo 00, Eiwei\u00dfgehalt gr\u00f6\u00dfer 12% 3 g frische Hefe 620 ml kaltes Wasser 25 Salz Schaut euch das Video an Habe diesen Teig nach dem Viseo hergestellt und auch eingefroren, nach einigen Tagen aufgetaut und dann bei 275\u00b0C gebacken. Die Pizza war wunderbar fluffig. \u00a0<\/p>\n","protected":false},"author":1,"featured_media":0,"parent":0,"menu_order":0,"comment_status":"closed","ping_status":"closed","template":"","meta":{"footnotes":""},"class_list":["post-2985","page","type-page","status-publish","hentry"],"_links":{"self":[{"href":"https:\/\/xn--hw-kppers-t9a.de\/index.php?rest_route=\/wp\/v2\/pages\/2985","targetHints":{"allow":["GET"]}}],"collection":[{"href":"https:\/\/xn--hw-kppers-t9a.de\/index.php?rest_route=\/wp\/v2\/pages"}],"about":[{"href":"https:\/\/xn--hw-kppers-t9a.de\/index.php?rest_route=\/wp\/v2\/types\/page"}],"author":[{"embeddable":true,"href":"https:\/\/xn--hw-kppers-t9a.de\/index.php?rest_route=\/wp\/v2\/users\/1"}],"replies":[{"embeddable":true,"href":"https:\/\/xn--hw-kppers-t9a.de\/index.php?rest_route=%2Fwp%2Fv2%2Fcomments&post=2985"}],"version-history":[{"count":13,"href":"https:\/\/xn--hw-kppers-t9a.de\/index.php?rest_route=\/wp\/v2\/pages\/2985\/revisions"}],"predecessor-version":[{"id":3012,"href":"https:\/\/xn--hw-kppers-t9a.de\/index.php?rest_route=\/wp\/v2\/pages\/2985\/revisions\/3012"}],"wp:attachment":[{"href":"https:\/\/xn--hw-kppers-t9a.de\/index.php?rest_route=%2Fwp%2Fv2%2Fmedia&parent=2985"}],"curies":[{"name":"wp","href":"https:\/\/api.w.org\/{rel}","templated":true}]}}