{"id":2961,"date":"2024-11-02T08:02:04","date_gmt":"2024-11-02T08:02:04","guid":{"rendered":"https:\/\/xn--hw-kppers-t9a.de\/?page_id=2961"},"modified":"2024-11-02T08:24:18","modified_gmt":"2024-11-02T08:24:18","slug":"aprikosen-mohnkuchen-vom-blech","status":"publish","type":"page","link":"https:\/\/xn--hw-kppers-t9a.de\/?page_id=2961","title":{"rendered":"Aprikosen Mohnkuchen vom Blech"},"content":{"rendered":"\t\t<div data-elementor-type=\"wp-page\" data-elementor-id=\"2961\" class=\"elementor elementor-2961\" data-elementor-post-type=\"page\">\n\t\t\t\t\t\t<section class=\"elementor-section elementor-top-section elementor-element elementor-element-4fdafef elementor-section-boxed elementor-section-height-default elementor-section-height-default\" data-id=\"4fdafef\" data-element_type=\"section\" data-e-type=\"section\" data-settings=\"{&quot;background_background&quot;:&quot;classic&quot;}\">\n\t\t\t\t\t\t<div class=\"elementor-container elementor-column-gap-default\">\n\t\t\t\t\t<div class=\"elementor-column elementor-col-100 elementor-top-column elementor-element elementor-element-d82239e\" data-id=\"d82239e\" data-element_type=\"column\" data-e-type=\"column\">\n\t\t\t<div class=\"elementor-widget-wrap elementor-element-populated\">\n\t\t\t\t\t\t<div class=\"elementor-element elementor-element-b3c4bbf elementor-widget elementor-widget-heading\" data-id=\"b3c4bbf\" data-element_type=\"widget\" data-e-type=\"widget\" data-widget_type=\"heading.default\">\n\t\t\t\t<div class=\"elementor-widget-container\">\n\t\t\t\t\t<h2 class=\"elementor-heading-title elementor-size-default\">Aprikosen Mohnkuchen vom Blech<\/h2>\t\t\t\t<\/div>\n\t\t\t\t<\/div>\n\t\t\t\t<div class=\"elementor-element elementor-element-e2b4079 elementor-widget elementor-widget-text-editor\" data-id=\"e2b4079\" data-element_type=\"widget\" data-e-type=\"widget\" data-widget_type=\"text-editor.default\">\n\t\t\t\t<div class=\"elementor-widget-container\">\n\t\t\t\t\t\t\t\t\t<h4><strong><img fetchpriority=\"high\" decoding=\"async\" class=\" wp-image-2967 alignleft\" src=\"https:\/\/xn--hw-kppers-t9a.de\/wp-content\/uploads\/2024\/11\/Apr-Mohn-300x201.jpg\" alt=\"\" width=\"775\" height=\"519\" srcset=\"https:\/\/xn--hw-kppers-t9a.de\/wp-content\/uploads\/2024\/11\/Apr-Mohn-300x201.jpg 300w, https:\/\/xn--hw-kppers-t9a.de\/wp-content\/uploads\/2024\/11\/Apr-Mohn.jpg 1300w\" sizes=\"(max-width: 775px) 100vw, 775px\" \/>Zutaten f\u00fcr den Teig:<\/strong><\/h4><h4><strong>615 g Butter oder Margarine<\/strong><\/h4><h4><strong>310 g Zucker<\/strong><\/h4><h4><strong>615 g Mehl<\/strong><\/h4><h4><strong>310 g Haferflocken, zart<\/strong><\/h4><h4><strong>etwas Mehl zum Ausrollen<\/strong><\/h4><h4><strong>\u00a0<\/strong><\/h4><h4><strong>Zutaten f\u00fcr die F\u00fcllung:<\/strong><\/h4><h4><strong>1150 ml Milch<\/strong><\/h4><h4><strong>310 ml Schlagsahne<\/strong><\/h4><h4><strong>185 g Butter<\/strong><\/h4><h4><strong>230 g Zucker<\/strong><\/h4><h4><strong>385 g Blaumohn &#8211; la amapola<\/strong><\/h4><h4><strong>230 g Weichweizengrie\u00df<\/strong><\/h4><h4><strong>5 Eigelb<\/strong><\/h4><h4><strong>Abrieb und Saft einer Biozitrone<\/strong><\/h4><h4><strong>2 Dosen Aprikosen<\/strong><\/h4><h4><strong>\u00a0<\/strong><\/h4><h4><strong>Puderzucker<\/strong><\/h4><h4><strong>Aprikosensaft<\/strong><\/h4><h4><strong>\u00a0<\/strong><\/h4><h4><strong>Backblech 40&#215;33- cm\u00a0 &#8211;\u00a0 180 Grad Ober-\/Unterhitze\u00a0 &#8211;\u00a0 mittlere Schiene\u00a0 &#8211;\u00a0 45-55 Minuten<\/strong><\/h4><h4><span style=\"color: #ff0000;\"><strong><a style=\"color: #ff0000;\" href=\"https:\/\/xn--hw-kppers-t9a.eu\/STRATO-apps\/wordpress_03\/app\/wp-content\/uploads\/2023\/02\/Aprikosen Mohnkuchen vom Blech.mp4\" data-wplink-url-error=\"true\">Video<\/a>\u00a0<\/strong><\/span><\/h4><h4><strong>\u00a0<\/strong><strong>F\u00fcr den Teig alle Zutaten in eine R\u00fchrsch\u00fcssel geben und zu einem geschmeidigen Teig kneten.<\/strong><\/h4><h4><strong>\u00a0<\/strong><\/h4><h4><strong>Mit \u2154 des Teiges den Boden des Backbleches gleichm\u00e4\u00dfig belegen. Hierzu eignet sich sehr gut ein Handroller, mit dem man auf dem Backblech den Teig ausrollen kann. Mit einer Gabel den Teig mehrmals einstechen. Das Backblech in den K\u00fchlschrank stellen.<\/strong><\/h4><h4><strong>\u00a0<\/strong><\/h4><h4><strong>Den restlichen Teig mit etwas Mehl zu Streuseln verkneten. Ebenfalls in den K\u00fchlschrank stellen.<\/strong><\/h4><h4><strong>\u00a0<\/strong><\/h4><h4><strong>Milch, Sahne, Butter, Zucker, Zitronenschale und Mohn in einem Topf aufkochen lassen. Den Grie\u00df dazugeben und unter st\u00e4ndigem R\u00fchren bei kleiner Hitze f\u00fcr 5 Minuten k\u00f6cheln lassen, bis die Masse eingedickt ist. Die Mohnmasse abk\u00fchlen lassen.<\/strong><\/h4><h4><strong>\u00a0<\/strong><\/h4><h4><strong>Eigelb und ca. 2 TL Zitronensaft in die abgek\u00fchlte Mohnmasse einr\u00fchren.<\/strong><\/h4><h4><strong>\u00a0<\/strong><\/h4><h4><strong>Die Aprikosen zum Abtropfen in ein Sieb geben und eine Sch\u00fcssel darunter stellen, damit der Saft aufgefangen werden kann.<\/strong><\/h4><h4><strong>\u00a0<\/strong><\/h4><h4><strong>Die Mohnmasse gleichm\u00e4\u00dfig auf dem Backblech verteilen. Die Aprikosenh\u00e4lften mit der Schnittfl\u00e4che nach unten auf die Mohnmasse legen. Die Streusel auf der Oberfl\u00e4che verteilen. Das Backblech auf die mittlere Schiene des auf 180 Grad Ober-\/Unterhitze vorgeheizten Backofens schieben und f\u00fcr 45-55 Minuten backen.<\/strong><\/h4><h4><strong>\u00a0<\/strong><\/h4><h4><strong>Angegebene Backzeiten sind immer Richtwerte, da jeder Backofen anders backt.<\/strong><\/h4><h4><strong>\u00a0<\/strong><\/h4><h4><strong>Aus Aprikosensaft und Puderzucker einen Gu\u00df herstellen und den Kuchen damit verzieren.<\/strong><\/h4><h4><strong>\u00a0<\/strong><\/h4><h4><strong>Den Kuchen vor dem Anschneiden vollst\u00e4ndig ausk\u00fchlen lassen.<\/strong><\/h4>\t\t\t\t\t\t\t\t<\/div>\n\t\t\t\t<\/div>\n\t\t\t\t\t<\/div>\n\t\t<\/div>\n\t\t\t\t\t<\/div>\n\t\t<\/section>\n\t\t\t\t<\/div>\n\t\t","protected":false},"excerpt":{"rendered":"<p>Aprikosen Mohnkuchen vom Blech Zutaten f\u00fcr den Teig: 615 g Butter oder Margarine 310 g Zucker 615 g Mehl 310 g Haferflocken, zart etwas Mehl zum Ausrollen \u00a0 Zutaten f\u00fcr die F\u00fcllung: 1150 ml Milch 310 ml Schlagsahne 185 g Butter 230 g Zucker 385 g Blaumohn &#8211; la amapola 230 g Weichweizengrie\u00df 5 Eigelb [&hellip;]<\/p>\n","protected":false},"author":1,"featured_media":0,"parent":0,"menu_order":0,"comment_status":"closed","ping_status":"closed","template":"","meta":{"footnotes":""},"class_list":["post-2961","page","type-page","status-publish","hentry"],"_links":{"self":[{"href":"https:\/\/xn--hw-kppers-t9a.de\/index.php?rest_route=\/wp\/v2\/pages\/2961","targetHints":{"allow":["GET"]}}],"collection":[{"href":"https:\/\/xn--hw-kppers-t9a.de\/index.php?rest_route=\/wp\/v2\/pages"}],"about":[{"href":"https:\/\/xn--hw-kppers-t9a.de\/index.php?rest_route=\/wp\/v2\/types\/page"}],"author":[{"embeddable":true,"href":"https:\/\/xn--hw-kppers-t9a.de\/index.php?rest_route=\/wp\/v2\/users\/1"}],"replies":[{"embeddable":true,"href":"https:\/\/xn--hw-kppers-t9a.de\/index.php?rest_route=%2Fwp%2Fv2%2Fcomments&post=2961"}],"version-history":[{"count":13,"href":"https:\/\/xn--hw-kppers-t9a.de\/index.php?rest_route=\/wp\/v2\/pages\/2961\/revisions"}],"predecessor-version":[{"id":2980,"href":"https:\/\/xn--hw-kppers-t9a.de\/index.php?rest_route=\/wp\/v2\/pages\/2961\/revisions\/2980"}],"wp:attachment":[{"href":"https:\/\/xn--hw-kppers-t9a.de\/index.php?rest_route=%2Fwp%2Fv2%2Fmedia&parent=2961"}],"curies":[{"name":"wp","href":"https:\/\/api.w.org\/{rel}","templated":true}]}}