{"id":2869,"date":"2024-10-18T18:22:58","date_gmt":"2024-10-18T18:22:58","guid":{"rendered":"https:\/\/xn--hw-kppers-t9a.de\/?page_id=2869"},"modified":"2024-10-20T16:48:15","modified_gmt":"2024-10-20T16:48:15","slug":"birnentorte","status":"publish","type":"page","link":"https:\/\/xn--hw-kppers-t9a.de\/?page_id=2869","title":{"rendered":"Birnentorte"},"content":{"rendered":"\t\t<div data-elementor-type=\"wp-page\" data-elementor-id=\"2869\" class=\"elementor elementor-2869\" data-elementor-post-type=\"page\">\n\t\t\t\t\t\t<section class=\"elementor-section elementor-top-section elementor-element elementor-element-486641e elementor-section-boxed elementor-section-height-default elementor-section-height-default\" data-id=\"486641e\" data-element_type=\"section\" data-e-type=\"section\" data-settings=\"{&quot;background_background&quot;:&quot;classic&quot;}\">\n\t\t\t\t\t\t<div class=\"elementor-container elementor-column-gap-default\">\n\t\t\t\t\t<div class=\"elementor-column elementor-col-100 elementor-top-column elementor-element elementor-element-97d6fb8\" data-id=\"97d6fb8\" data-element_type=\"column\" data-e-type=\"column\">\n\t\t\t<div class=\"elementor-widget-wrap elementor-element-populated\">\n\t\t\t\t\t\t<div class=\"elementor-element elementor-element-b8a5d8b elementor-widget elementor-widget-heading\" data-id=\"b8a5d8b\" data-element_type=\"widget\" data-e-type=\"widget\" data-widget_type=\"heading.default\">\n\t\t\t\t<div class=\"elementor-widget-container\">\n\t\t\t\t\t<h2 class=\"elementor-heading-title elementor-size-default\">Birnentorte<\/h2>\t\t\t\t<\/div>\n\t\t\t\t<\/div>\n\t\t\t\t<div class=\"elementor-element elementor-element-2cecb52 elementor-widget elementor-widget-text-editor\" data-id=\"2cecb52\" data-element_type=\"widget\" data-e-type=\"widget\" data-widget_type=\"text-editor.default\">\n\t\t\t\t<div class=\"elementor-widget-container\">\n\t\t\t\t\t\t\t\t\t<h4>Arbeitszeit 45 Min.\u00a0\u00a0 Backen 25 Min.\u00a0\u00a0 K\u00fchlen 60 Min.\u00a0\u00a0 Niveau Einfach<\/h4><h4>Birnentorte ist ein echter Klassiker. Die F\u00fcllung aus Vanillepuddingpulver und Birnen ist so lecker. Das einfache Rezept mit Sahne und Schokoraspeln wirst du garantiert immer wieder machen.<\/h4><h4><strong><img fetchpriority=\"high\" decoding=\"async\" class=\" wp-image-2874 alignleft\" src=\"https:\/\/xn--hw-kppers-t9a.de\/wp-content\/uploads\/2024\/10\/Birnentorte-300x225.jpg\" alt=\"\" width=\"647\" height=\"485\" srcset=\"https:\/\/xn--hw-kppers-t9a.de\/wp-content\/uploads\/2024\/10\/Birnentorte-300x225.jpg 300w, https:\/\/xn--hw-kppers-t9a.de\/wp-content\/uploads\/2024\/10\/Birnentorte-768x576.jpg 768w, https:\/\/xn--hw-kppers-t9a.de\/wp-content\/uploads\/2024\/10\/Birnentorte.jpg 1019w\" sizes=\"(max-width: 647px) 100vw, 647px\" \/>Zutaten<\/strong><\/h4><h4>1\u00a0Torte<\/h4><h4>Zutaten bestellen bei<\/h4><h4><strong>F\u00fcr den Teig<\/strong><\/h4><h4><strong>150\u00a0g <\/strong>Weizenmehl\u00a0(Type 405)<\/h4><h4><strong>130\u00a0g <\/strong>Zucker<\/h4><h4><strong>2\u00a0EL <\/strong>Backkakao<\/h4><h4><strong>1\u00a0TL <\/strong>Backpulver<\/h4><h4><strong>2 <\/strong>Eier\u00a0(Gr. M)<\/h4><h4><strong>80\u00a0ml <\/strong>neutrales\u00a0Speise\u00f6l\u00a0(z.B. Sonnenblumen\u00f6l)<\/h4><h4><strong>80\u00a0ml <\/strong>Milch<\/h4><h4><strong>F\u00fcr die F\u00fcllung<\/strong><\/h4><h4><strong>2\u00a0Dosen <\/strong>Birnen\u00a0(Abtropfgewicht: \u00e0 480 g)<\/h4><h4><strong>1\u00bd\u00a0Pck. <\/strong>Vanillepuddingpulver<\/h4><h4><strong>50\u00a0g <\/strong>Zucker<\/h4><h4><strong>F\u00fcr das Topping<\/strong><\/h4><h4><strong>400\u00a0g <\/strong>Sahne<\/h4><h4><strong>1\u00a0Pck. <\/strong>Vanillezucker<\/h4><h4><strong>2\u00a0EL <\/strong>Zartbitter-\u00a0Schokoraspel<\/h4><h4>\u00a0<\/h4><h4>Zubereitung<\/h4><ol><li><h4><span style=\"text-decoration: underline;\"><em>Schritt 1<\/em><\/span><\/h4><\/li><\/ol><h4><strong>150\u00a0g\u00a0 <\/strong>Weizenmehl\u00a0(Type 405)<\/h4><h4><strong>130\u00a0g\u00a0\u00a0 <\/strong>Zucker<\/h4><h4><strong>2\u00a0EL\u00a0 <\/strong>Backkakao<\/h4><h4><strong>1\u00a0TL\u00a0 <\/strong>Backpulver<\/h4><h4>Ofen auf\u00a0<strong>180 Grad Ober-\/Unterhitze (Umluft: 160 Grad)<\/strong>\u00a0vorheizen. Den Boden\u00a0<strong>einer Springform (\u00d8 26 cm)\u00a0<\/strong>mit Backpapier auslegen.\u00a0<strong>F\u00fcr den Teig<\/strong>\u00a0Mehl, Zucker, Kakao und Backpulver in einer R\u00fchrsch\u00fcssel mischen.<\/h4><ol start=\"2\"><li><h3><span style=\"text-decoration: underline;\"><em>Schritt 2<\/em><\/span><\/h3><\/li><\/ol><h4><strong>2\u00a0 <\/strong>Eier\u00a0(Gr. M)<\/h4><h4><strong>80\u00a0ml <\/strong>neutrales\u00a0Speise\u00f6l\u00a0(z.B. Sonnenblumen\u00f6l)<\/h4><h4><strong>80\u00a0ml <\/strong>Milch<\/h4><h4>Eier, \u00d6l und Milch zugeben und alles zu einem glatten Teig verr\u00fchren. Den Teig in die vorbereitete Springform f\u00fcllen und im vorgeheizten Ofen\u00a0<strong>ca. 25 Minuten\u00a0<\/strong>backen. In der Springform ausk\u00fchlen lassen.<\/h4><ol start=\"3\"><li><h3><span style=\"text-decoration: underline;\"><em>Schritt 3<\/em><\/span><\/h3><\/li><\/ol><h4><strong>2\u00a0Dosen <\/strong>\u00a0Birnen\u00a0(Abtropfgewicht: \u00e0 480 g)<\/h4><h4><strong>1\u00bd\u00a0Pck.\u00a0 <\/strong>Vanillepuddingpulver<\/h4><h4><strong>50\u00a0g\u00a0 <\/strong>Zucker<\/h4><h4><strong>F\u00fcr die F\u00fcllung<\/strong>\u00a0die Birnen in ein Sieb abgie\u00dfen, dabei den Saft<img decoding=\"async\" class=\" wp-image-2876 alignright\" src=\"https:\/\/xn--hw-kppers-t9a.de\/wp-content\/uploads\/2024\/10\/Birnentorte_A-300x225.jpg\" alt=\"\" width=\"572\" height=\"429\" srcset=\"https:\/\/xn--hw-kppers-t9a.de\/wp-content\/uploads\/2024\/10\/Birnentorte_A-300x225.jpg 300w, https:\/\/xn--hw-kppers-t9a.de\/wp-content\/uploads\/2024\/10\/Birnentorte_A-768x576.jpg 768w, https:\/\/xn--hw-kppers-t9a.de\/wp-content\/uploads\/2024\/10\/Birnentorte_A.jpg 900w\" sizes=\"(max-width: 572px) 100vw, 572px\" \/> auffangen.\u00a0<strong>550 ml\u00a0<\/strong>des Saftes abmessen. Puddingpulver mit Zucker und\u00a0<strong>4 EL<\/strong>\u00a0des Saftes glattr\u00fchren. Den\u00a0<strong>restlichen<\/strong>\u00a0Saft in einem Topf aufkochen, dann das anger\u00fchrte Puddingpulver einr\u00fchren und die Mischung eine Minute k\u00f6cheln lassen. Den Birnenpudding beiseitestellen.<\/h4><ol start=\"4\"><li><h3><span style=\"text-decoration: underline;\"><em>Schritt 4<\/em><\/span><\/h3><\/li><\/ol><h4><img decoding=\"async\" class=\" wp-image-2877 alignleft\" src=\"https:\/\/xn--hw-kppers-t9a.de\/wp-content\/uploads\/2024\/10\/Birnentorte_B-300x225.jpg\" alt=\"\" width=\"527\" height=\"395\" srcset=\"https:\/\/xn--hw-kppers-t9a.de\/wp-content\/uploads\/2024\/10\/Birnentorte_B-300x225.jpg 300w, https:\/\/xn--hw-kppers-t9a.de\/wp-content\/uploads\/2024\/10\/Birnentorte_B-768x576.jpg 768w, https:\/\/xn--hw-kppers-t9a.de\/wp-content\/uploads\/2024\/10\/Birnentorte_B.jpg 900w\" sizes=\"(max-width: 527px) 100vw, 527px\" \/>Birnenh\u00e4lften mit der W\u00f6lbung nach oben auf die Oberfl\u00e4che des Kuchens legen. Den noch warmen Birnenpudding darauf gie\u00dfen und die Torte im K\u00fchlschrank mindestens\u00a0<strong>60 Minuten<\/strong> k\u00fchlstellen. (<span style=\"color: #3366ff;\">Hinweis: Da die Birnen aus der Dose meistens ziemlich hart sind, w\u00fcrde ich diese in kleine St\u00fccke schneiden und unter den Birnenpudding mischen. Beim schneiden der Tortenst\u00fccke und auch beim Essen mit der Kuchengabel gibt es dann keine Probleme. <span style=\"color: #ff0000;\">Diese Erfahrung habe ich gemacht!<\/span><\/span>).<\/h4><ol start=\"5\"><li><h4><span style=\"text-decoration: underline;\"><em>Schritt 5<\/em><\/span><\/h4><\/li><\/ol><h4><strong>400\u00a0g\u00a0\u00a0 <\/strong>Sahne<\/h4><h4><strong>1\u00a0Pck.\u00a0\u00a0 <\/strong>Vanillezucker<\/h4><h4><strong>2\u00a0EL\u00a0 <\/strong>Zartbitter-\u00a0Schokoraspel<\/h4><h4><strong>F\u00fcr das Topping\u00a0<\/strong>Sahneund Vanillezucker steif schlagen, dann auf die festgewordene Birnenschicht geben und glattstreichen. Die Torte vor dem Servieren aus der Sprinform l\u00f6sen und mit Schokoladenraspeln bestreuen. Die Birnentorte mit Sahne ergibt ca. 12 St\u00fccke und h\u00e4lt sich gek\u00fchlt mindestens 2 Tage.<\/h4>\t\t\t\t\t\t\t\t<\/div>\n\t\t\t\t<\/div>\n\t\t\t\t\t<\/div>\n\t\t<\/div>\n\t\t\t\t\t<\/div>\n\t\t<\/section>\n\t\t\t\t<\/div>\n\t\t","protected":false},"excerpt":{"rendered":"<p>Birnentorte Arbeitszeit 45 Min.\u00a0\u00a0 Backen 25 Min.\u00a0\u00a0 K\u00fchlen 60 Min.\u00a0\u00a0 Niveau Einfach Birnentorte ist ein echter Klassiker. Die F\u00fcllung aus Vanillepuddingpulver und Birnen ist so lecker. Das einfache Rezept mit Sahne und Schokoraspeln wirst du garantiert immer wieder machen. Zutaten 1\u00a0Torte Zutaten bestellen bei F\u00fcr den Teig 150\u00a0g Weizenmehl\u00a0(Type 405) 130\u00a0g Zucker 2\u00a0EL Backkakao 1\u00a0TL [&hellip;]<\/p>\n","protected":false},"author":1,"featured_media":0,"parent":0,"menu_order":0,"comment_status":"closed","ping_status":"closed","template":"","meta":{"footnotes":""},"class_list":["post-2869","page","type-page","status-publish","hentry"],"_links":{"self":[{"href":"https:\/\/xn--hw-kppers-t9a.de\/index.php?rest_route=\/wp\/v2\/pages\/2869","targetHints":{"allow":["GET"]}}],"collection":[{"href":"https:\/\/xn--hw-kppers-t9a.de\/index.php?rest_route=\/wp\/v2\/pages"}],"about":[{"href":"https:\/\/xn--hw-kppers-t9a.de\/index.php?rest_route=\/wp\/v2\/types\/page"}],"author":[{"embeddable":true,"href":"https:\/\/xn--hw-kppers-t9a.de\/index.php?rest_route=\/wp\/v2\/users\/1"}],"replies":[{"embeddable":true,"href":"https:\/\/xn--hw-kppers-t9a.de\/index.php?rest_route=%2Fwp%2Fv2%2Fcomments&post=2869"}],"version-history":[{"count":28,"href":"https:\/\/xn--hw-kppers-t9a.de\/index.php?rest_route=\/wp\/v2\/pages\/2869\/revisions"}],"predecessor-version":[{"id":2907,"href":"https:\/\/xn--hw-kppers-t9a.de\/index.php?rest_route=\/wp\/v2\/pages\/2869\/revisions\/2907"}],"wp:attachment":[{"href":"https:\/\/xn--hw-kppers-t9a.de\/index.php?rest_route=%2Fwp%2Fv2%2Fmedia&parent=2869"}],"curies":[{"name":"wp","href":"https:\/\/api.w.org\/{rel}","templated":true}]}}