{"id":2821,"date":"2024-10-17T12:06:53","date_gmt":"2024-10-17T12:06:53","guid":{"rendered":"https:\/\/xn--hw-kppers-t9a.de\/?page_id=2821"},"modified":"2024-10-17T12:44:24","modified_gmt":"2024-10-17T12:44:24","slug":"pfirsichtorte-mit-mohn","status":"publish","type":"page","link":"https:\/\/xn--hw-kppers-t9a.de\/?page_id=2821","title":{"rendered":"Pfirsichtorte mit Mohn"},"content":{"rendered":"\t\t<div data-elementor-type=\"wp-page\" data-elementor-id=\"2821\" class=\"elementor elementor-2821\" data-elementor-post-type=\"page\">\n\t\t\t\t\t\t<section class=\"elementor-section elementor-top-section elementor-element elementor-element-5f7fbbc elementor-section-full_width elementor-section-height-default elementor-section-height-default\" data-id=\"5f7fbbc\" data-element_type=\"section\" data-e-type=\"section\" data-settings=\"{&quot;background_background&quot;:&quot;classic&quot;}\">\n\t\t\t\t\t\t<div class=\"elementor-container elementor-column-gap-default\">\n\t\t\t\t\t<div class=\"elementor-column elementor-col-100 elementor-top-column elementor-element elementor-element-5f77af7\" data-id=\"5f77af7\" data-element_type=\"column\" data-e-type=\"column\">\n\t\t\t<div class=\"elementor-widget-wrap elementor-element-populated\">\n\t\t\t\t\t\t<div class=\"elementor-element elementor-element-6513b1d elementor-widget elementor-widget-heading\" data-id=\"6513b1d\" data-element_type=\"widget\" data-e-type=\"widget\" data-widget_type=\"heading.default\">\n\t\t\t\t<div class=\"elementor-widget-container\">\n\t\t\t\t\t<h2 class=\"elementor-heading-title elementor-size-default\">Pfirsichtorte mit Mohn<\/h2>\t\t\t\t<\/div>\n\t\t\t\t<\/div>\n\t\t\t\t<div class=\"elementor-element elementor-element-3136d4f elementor-widget elementor-widget-text-editor\" data-id=\"3136d4f\" data-element_type=\"widget\" data-e-type=\"widget\" data-widget_type=\"text-editor.default\">\n\t\t\t\t<div class=\"elementor-widget-container\">\n\t\t\t\t\t\t\t\t\t<h4><span style=\"text-decoration: underline;\"><em><img fetchpriority=\"high\" decoding=\"async\" class=\" wp-image-2826 alignleft\" src=\"https:\/\/xn--hw-kppers-t9a.de\/wp-content\/uploads\/2024\/10\/Pfirsichtorte-mit-Mohn-300x196.jpg\" alt=\"\" width=\"774\" height=\"506\" srcset=\"https:\/\/xn--hw-kppers-t9a.de\/wp-content\/uploads\/2024\/10\/Pfirsichtorte-mit-Mohn-300x196.jpg 300w, https:\/\/xn--hw-kppers-t9a.de\/wp-content\/uploads\/2024\/10\/Pfirsichtorte-mit-Mohn-1024x670.jpg 1024w, https:\/\/xn--hw-kppers-t9a.de\/wp-content\/uploads\/2024\/10\/Pfirsichtorte-mit-Mohn-768x503.jpg 768w, https:\/\/xn--hw-kppers-t9a.de\/wp-content\/uploads\/2024\/10\/Pfirsichtorte-mit-Mohn.jpg 1300w\" sizes=\"(max-width: 774px) 100vw, 774px\" \/><strong>Utensilien:<\/strong><\/em><\/span><\/h4><h4><strong>K\u00fcchenmaschine oder Handr\u00fchrger\u00e4t<\/strong><\/h4><h4><strong>26 cm Springform<\/strong><\/h4><h4><strong>Tortenring<\/strong><\/h4><h4><strong><span style=\"text-decoration: underline;\"><em>Zutaten:<\/em><\/span><\/strong><\/h4><h4><strong><span style=\"text-decoration: underline; color: #800080;\"><em>Mohnboden<\/em><\/span><\/strong><\/h4><h4><strong>5 Eier<\/strong><\/h4><h4><strong>150 g Zucker<\/strong><\/h4><h4><strong>8 g Vanillezucker<\/strong><\/h4><h4><strong>150 g Mehl<\/strong><\/h4><h4><strong>5 g Backpulver<\/strong><\/h4><h4><strong>40 g Speisest\u00e4rke<\/strong><\/h4><h4><strong>50 g fl\u00fcssige Butter<\/strong><\/h4><h4><strong>40 g gemahlener Mohn<\/strong><\/h4><h4><strong><span style=\"text-decoration: underline; color: #ff6600;\"><em>Fr\u00fcchte:<\/em><\/span><\/strong><\/h4><h4><strong>1 Dose Pfirsiche<\/strong><\/h4><h4><strong>3-4 EL Aprikosenmarmelade<\/strong><\/h4><h4><strong><span style=\"text-decoration: underline; color: #00ccff;\"><em>Creme:<\/em><\/span><\/strong><\/h4><h4><strong>200 g Sahne<\/strong><\/h4><h4><strong>300 g Magerquark<\/strong><\/h4><h4><strong>200 g Joghurt<\/strong><\/h4><h4><strong>30 g Sofort-Gelatine<\/strong><\/h4><h4><strong>70 g Zucker<\/strong><\/h4><h4><strong><span style=\"text-decoration: underline; color: #ff00ff;\"><em>Dekoration:<\/em><\/span><\/strong><\/h4><h4><strong>300 g Sahne<\/strong><\/h4><h4><strong>3 TL San-apart<\/strong><\/h4><h4><strong>150 ml Pfirsichsaft<\/strong><\/h4><h4><strong>100 ml Wasser<\/strong><\/h4><h4><strong>1 Pck klarer Tortenguss<\/strong><\/h4><h4><strong><span style=\"text-decoration: underline;\"><em>Anleitungen;<\/em><\/span><\/strong><\/h4><h4><strong><img decoding=\"async\" class=\" wp-image-2830 alignleft\" src=\"https:\/\/xn--hw-kppers-t9a.de\/wp-content\/uploads\/2024\/10\/Pfirsichtorte-mit-Mohn_A-200x300.jpg\" alt=\"\" width=\"346\" height=\"519\" srcset=\"https:\/\/xn--hw-kppers-t9a.de\/wp-content\/uploads\/2024\/10\/Pfirsichtorte-mit-Mohn_A-200x300.jpg 200w, https:\/\/xn--hw-kppers-t9a.de\/wp-content\/uploads\/2024\/10\/Pfirsichtorte-mit-Mohn_A.jpg 667w\" sizes=\"(max-width: 346px) 100vw, 346px\" \/>Pfirsiche abtropfen lassen.<\/strong><\/h4><h4><strong>Eier, Zucker und Vanillezucker etwa 7 min verr\u00fchren.<\/strong><\/h4><h4><strong>Mehl, Backpulver und Speisest\u00e4rke in die Sch\u00fcssel sieben und unterheben.<\/strong><\/h4><h4><strong>Fl\u00fcssige Butter und den gemahlenen Mohn ebenfalls unterheben.<\/strong><\/h4><h4><strong>Ein Backpapier auf den Boden der 26 cm Springform legen und den Teig einf\u00fcllen.<\/strong><\/h4><h4><strong>Etwa 30 min bei 180 \u00b0C Ober- und Unterhitze im vorgeheizten Ofen backen.<\/strong><\/h4><h4><strong>Boden abk\u00fchlen lassen und einmal waagerecht teilen.<\/strong><\/h4><h4><strong>Vier halbe Pfirsiche klein schneiden.<\/strong><\/h4><h4><strong>Sahne aufschlagen.<\/strong><\/h4><h4><strong>Magerquark und Joghurt mit der Sofort-Gelatine und dann dem Zucker verr\u00fchren.<\/strong><\/h4><h4><strong>Sahne und danach auch die Pfirsiche unterheben.<\/strong><\/h4><h4><strong>Den unteren Boden mit Aprikosenmarmelade bestreichen.<\/strong><\/h4><h4><strong><img decoding=\"async\" class=\" wp-image-2832 alignleft\" src=\"https:\/\/xn--hw-kppers-t9a.de\/wp-content\/uploads\/2024\/10\/Pfirsichtorte-mit-Mohn_B-200x300.jpg\" alt=\"\" width=\"610\" height=\"916\" srcset=\"https:\/\/xn--hw-kppers-t9a.de\/wp-content\/uploads\/2024\/10\/Pfirsichtorte-mit-Mohn_B-200x300.jpg 200w, https:\/\/xn--hw-kppers-t9a.de\/wp-content\/uploads\/2024\/10\/Pfirsichtorte-mit-Mohn_B.jpg 667w\" sizes=\"(max-width: 610px) 100vw, 610px\" \/><\/strong><\/h4><h4>\u00a0<\/h4><h4>\u00a0<\/h4><h4>\u00a0<\/h4><h4><strong>Einen Tortenring um den Boden legen, die Creme einf\u00fcllen und glattstreichen.<\/strong><\/h4><h4><strong>Zweiten Boden auflegen und leicht andr\u00fccken.<img loading=\"lazy\" decoding=\"async\" class=\" wp-image-2833 alignright\" src=\"https:\/\/xn--hw-kppers-t9a.de\/wp-content\/uploads\/2024\/10\/Pfirsichtorte-mit-Mohn_C-200x300.jpg\" alt=\"\" width=\"420\" height=\"630\" srcset=\"https:\/\/xn--hw-kppers-t9a.de\/wp-content\/uploads\/2024\/10\/Pfirsichtorte-mit-Mohn_C-200x300.jpg 200w, https:\/\/xn--hw-kppers-t9a.de\/wp-content\/uploads\/2024\/10\/Pfirsichtorte-mit-Mohn_C.jpg 667w\" sizes=\"(max-width: 420px) 100vw, 420px\" \/><\/strong><\/h4><h4><strong>Torte etwa zwei Stunden in den K\u00fchlschrank stellen.<\/strong><\/h4><h4><strong>Sahne mit San-apart aufschlagen.<\/strong><\/h4><h4><strong>Etwa 100 g f\u00fcr die Sahnetuffs in einen Spritzbeutel f\u00fcllen.<\/strong><\/h4><h4><strong><img loading=\"lazy\" decoding=\"async\" class=\" wp-image-2834 alignleft\" src=\"https:\/\/xn--hw-kppers-t9a.de\/wp-content\/uploads\/2024\/10\/Pfirsichtorte-mit-Mohn_D-200x300.jpg\" alt=\"\" width=\"485\" height=\"728\" srcset=\"https:\/\/xn--hw-kppers-t9a.de\/wp-content\/uploads\/2024\/10\/Pfirsichtorte-mit-Mohn_D-200x300.jpg 200w, https:\/\/xn--hw-kppers-t9a.de\/wp-content\/uploads\/2024\/10\/Pfirsichtorte-mit-Mohn_D.jpg 667w\" sizes=\"(max-width: 485px) 100vw, 485px\" \/>Restliche 200 g Sahne auf der Torte verteilen und glattstreichen.<\/strong><\/h4><h4><strong>Vier halbe Pfirsiche in d\u00fcnne Scheiben schneiden und diese auf der Sahneschicht platzieren..<img loading=\"lazy\" decoding=\"async\" class=\" wp-image-2835 alignright\" src=\"https:\/\/xn--hw-kppers-t9a.de\/wp-content\/uploads\/2024\/10\/Pfirsichtorte-mit-Mohn_E-200x300.jpg\" alt=\"\" width=\"603\" height=\"905\" srcset=\"https:\/\/xn--hw-kppers-t9a.de\/wp-content\/uploads\/2024\/10\/Pfirsichtorte-mit-Mohn_E-200x300.jpg 200w, https:\/\/xn--hw-kppers-t9a.de\/wp-content\/uploads\/2024\/10\/Pfirsichtorte-mit-Mohn_E.jpg 667w\" sizes=\"(max-width: 603px) 100vw, 603px\" \/><\/strong><\/h4><h4><strong>Tortenguss mit dem Wasser anr\u00fchren, den Pfirsichsaft dazugeben und eine Minute aufkochen.<\/strong><\/h4><h4><strong>Den Tortenguss nach kurzem Abk\u00fchlen l\u00f6ffelweise auf den Pfirsichscheiben verteilen.<\/strong><\/h4><h4><strong>Torte noch einmal 15 min in den K\u00fchlschrank stellen.<\/strong><\/h4><h4><strong><img loading=\"lazy\" decoding=\"async\" class=\" wp-image-2836 alignleft\" src=\"https:\/\/xn--hw-kppers-t9a.de\/wp-content\/uploads\/2024\/10\/Pfirsichtorte-mit-Mohn_F-200x300.jpg\" alt=\"\" width=\"357\" height=\"536\" srcset=\"https:\/\/xn--hw-kppers-t9a.de\/wp-content\/uploads\/2024\/10\/Pfirsichtorte-mit-Mohn_F-200x300.jpg 200w, https:\/\/xn--hw-kppers-t9a.de\/wp-content\/uploads\/2024\/10\/Pfirsichtorte-mit-Mohn_F.jpg 667w\" sizes=\"(max-width: 357px) 100vw, 357px\" \/><\/strong><\/h4><h4>\u00a0<\/h4><h4>\u00a0<\/h4><h4><strong>Zw\u00f6lf Sahnetuffs auf die Torte spritzen.<\/strong><\/h4><p>\u00a0<\/p>\t\t\t\t\t\t\t\t<\/div>\n\t\t\t\t<\/div>\n\t\t\t\t<div class=\"elementor-element elementor-element-e8f52f6 elementor-widget elementor-widget-text-editor\" data-id=\"e8f52f6\" data-element_type=\"widget\" data-e-type=\"widget\" data-widget_type=\"text-editor.default\">\n\t\t\t\t<div class=\"elementor-widget-container\">\n\t\t\t\t\t\t\t\t\t<p style=\"text-align: center;\"><a href=\"https:\/\/xn--hw-kppers-t9a.eu\/STRATO-apps\/wordpress_03\/app\/wp-content\/uploads\/2023\/02\/Pfirsichtorte mit Mohn.mp4\" data-wplink-url-error=\"true\"><span style=\"color: #ff0000;\"><strong>VIDEO<\/strong><\/span><\/a><\/p>\t\t\t\t\t\t\t\t<\/div>\n\t\t\t\t<\/div>\n\t\t\t\t<div class=\"elementor-element elementor-element-689f1d4 elementor-widget elementor-widget-spacer\" data-id=\"689f1d4\" data-element_type=\"widget\" data-e-type=\"widget\" data-widget_type=\"spacer.default\">\n\t\t\t\t<div class=\"elementor-widget-container\">\n\t\t\t\t\t\t\t<div class=\"elementor-spacer\">\n\t\t\t<div class=\"elementor-spacer-inner\"><\/div>\n\t\t<\/div>\n\t\t\t\t\t\t<\/div>\n\t\t\t\t<\/div>\n\t\t\t\t\t<\/div>\n\t\t<\/div>\n\t\t\t\t\t<\/div>\n\t\t<\/section>\n\t\t\t\t<\/div>\n\t\t","protected":false},"excerpt":{"rendered":"<p>Pfirsichtorte mit Mohn Utensilien: K\u00fcchenmaschine oder Handr\u00fchrger\u00e4t 26 cm Springform Tortenring Zutaten: Mohnboden 5 Eier 150 g Zucker 8 g Vanillezucker 150 g Mehl 5 g Backpulver 40 g Speisest\u00e4rke 50 g fl\u00fcssige Butter 40 g gemahlener Mohn Fr\u00fcchte: 1 Dose Pfirsiche 3-4 EL Aprikosenmarmelade Creme: 200 g Sahne 300 g Magerquark 200 g Joghurt [&hellip;]<\/p>\n","protected":false},"author":1,"featured_media":0,"parent":0,"menu_order":0,"comment_status":"closed","ping_status":"closed","template":"","meta":{"footnotes":""},"class_list":["post-2821","page","type-page","status-publish","hentry"],"_links":{"self":[{"href":"https:\/\/xn--hw-kppers-t9a.de\/index.php?rest_route=\/wp\/v2\/pages\/2821","targetHints":{"allow":["GET"]}}],"collection":[{"href":"https:\/\/xn--hw-kppers-t9a.de\/index.php?rest_route=\/wp\/v2\/pages"}],"about":[{"href":"https:\/\/xn--hw-kppers-t9a.de\/index.php?rest_route=\/wp\/v2\/types\/page"}],"author":[{"embeddable":true,"href":"https:\/\/xn--hw-kppers-t9a.de\/index.php?rest_route=\/wp\/v2\/users\/1"}],"replies":[{"embeddable":true,"href":"https:\/\/xn--hw-kppers-t9a.de\/index.php?rest_route=%2Fwp%2Fv2%2Fcomments&post=2821"}],"version-history":[{"count":34,"href":"https:\/\/xn--hw-kppers-t9a.de\/index.php?rest_route=\/wp\/v2\/pages\/2821\/revisions"}],"predecessor-version":[{"id":2864,"href":"https:\/\/xn--hw-kppers-t9a.de\/index.php?rest_route=\/wp\/v2\/pages\/2821\/revisions\/2864"}],"wp:attachment":[{"href":"https:\/\/xn--hw-kppers-t9a.de\/index.php?rest_route=%2Fwp%2Fv2%2Fmedia&parent=2821"}],"curies":[{"name":"wp","href":"https:\/\/api.w.org\/{rel}","templated":true}]}}