{"id":2722,"date":"2024-10-15T07:29:56","date_gmt":"2024-10-15T07:29:56","guid":{"rendered":"https:\/\/xn--hw-kppers-t9a.de\/?page_id=2722"},"modified":"2024-10-15T07:34:23","modified_gmt":"2024-10-15T07:34:23","slug":"bratensosse-selbst-hergestellt","status":"publish","type":"page","link":"https:\/\/xn--hw-kppers-t9a.de\/?page_id=2722","title":{"rendered":"Bratenso\u00dfe selbst hergestellt"},"content":{"rendered":"\t\t<div data-elementor-type=\"wp-page\" data-elementor-id=\"2722\" class=\"elementor elementor-2722\" data-elementor-post-type=\"page\">\n\t\t\t\t\t\t<section class=\"elementor-section elementor-top-section elementor-element elementor-element-72f24ff elementor-section-boxed elementor-section-height-default elementor-section-height-default\" data-id=\"72f24ff\" data-element_type=\"section\" data-e-type=\"section\" data-settings=\"{&quot;background_background&quot;:&quot;classic&quot;}\">\n\t\t\t\t\t\t<div class=\"elementor-container elementor-column-gap-default\">\n\t\t\t\t\t<div class=\"elementor-column elementor-col-100 elementor-top-column elementor-element elementor-element-504ed6d\" data-id=\"504ed6d\" data-element_type=\"column\" data-e-type=\"column\">\n\t\t\t<div class=\"elementor-widget-wrap elementor-element-populated\">\n\t\t\t\t\t\t<div class=\"elementor-element elementor-element-413dca8 elementor-widget elementor-widget-heading\" data-id=\"413dca8\" data-element_type=\"widget\" data-e-type=\"widget\" data-widget_type=\"heading.default\">\n\t\t\t\t<div class=\"elementor-widget-container\">\n\t\t\t\t\t<h2 class=\"elementor-heading-title elementor-size-default\">Bratenso\u00dfe selbst hergestellt<\/h2>\t\t\t\t<\/div>\n\t\t\t\t<\/div>\n\t\t\t\t<div class=\"elementor-element elementor-element-7d41d98 elementor-widget elementor-widget-text-editor\" data-id=\"7d41d98\" data-element_type=\"widget\" data-e-type=\"widget\" data-widget_type=\"text-editor.default\">\n\t\t\t\t<div class=\"elementor-widget-container\">\n\t\t\t\t\t\t\t\t\t<h4><span style=\"text-decoration: underline;\"><em><strong><img fetchpriority=\"high\" decoding=\"async\" class=\" wp-image-2724 alignleft\" src=\"https:\/\/xn--hw-kppers-t9a.de\/wp-content\/uploads\/2024\/10\/Bratensosse-300x200.jpg\" alt=\"\" width=\"751\" height=\"501\" srcset=\"https:\/\/xn--hw-kppers-t9a.de\/wp-content\/uploads\/2024\/10\/Bratensosse-300x200.jpg 300w, https:\/\/xn--hw-kppers-t9a.de\/wp-content\/uploads\/2024\/10\/Bratensosse-1024x682.jpg 1024w, https:\/\/xn--hw-kppers-t9a.de\/wp-content\/uploads\/2024\/10\/Bratensosse-768x512.jpg 768w, https:\/\/xn--hw-kppers-t9a.de\/wp-content\/uploads\/2024\/10\/Bratensosse.jpg 1100w\" sizes=\"(max-width: 751px) 100vw, 751px\" \/>Zutaten f\u00fcr 1 Portionen<\/strong><\/em><\/span><\/h4><p>\u00a0<\/p><h4><strong>\u00bd\u00a0\u00a0\u00a0\u00a0\u00a0 Zwiebel(n)<\/strong><\/h4><h4><strong>\u00bc\u00a0\u00a0\u00a0\u00a0\u00a0 Karotte(n)<\/strong><\/h4><h4><strong>\u00bc Stange\/n\u00a0\u00a0\u00a0\u00a0\u00a0\u00a0\u00a0 Lauch<\/strong><\/h4><h4><strong>20 g\u00a0 Sellerie<\/strong><\/h4><h4><strong>\u00bd TL Tomatenmark<\/strong><\/h4><h4><strong>\u00bd EL Mehl<\/strong><\/h4><h4><strong>50 ml\u00a0\u00a0\u00a0\u00a0\u00a0\u00a0\u00a0\u00a0 Rotwein<\/strong><\/h4><h4><strong>250 ml\u00a0\u00a0\u00a0\u00a0\u00a0\u00a0 Gem\u00fcsebr\u00fche<\/strong><\/h4><h4><strong>1\u00a0\u00a0\u00a0\u00a0\u00a0\u00a0 Lorbeerblatt<\/strong><\/h4><h4><strong>2\u00a0\u00a0\u00a0\u00a0\u00a0\u00a0 Pimentk\u00f6rner<\/strong><\/h4><h4><strong>Salz und Pfeffer<\/strong><\/h4><h4><strong>\u00d6l<\/strong><\/h4><h4><strong>\u00a0<\/strong><\/h4><h4><span style=\"text-decoration: underline;\"><em><strong>Zubereitung:<\/strong><\/em><\/span><\/h4><p>\u00a0<\/p><h4><strong>Arbeitszeit ca. 15 Minuten\u00a0\u00a0 Koch-\/Backzeit ca. 25 Minuten\u00a0\u00a0 <\/strong><\/h4><h4><strong>\u00a0<\/strong><strong>Gesamtzeit ca. 40 Minuten<\/strong><\/h4><h4><strong>Die Zwiebelh\u00e4lfte vierteln und die Schnittfl\u00e4chen in einem hei\u00dfen Topf ohne \u00d6l braun r\u00f6sten. Das restliche Gem\u00fcse in grobe St\u00fccke schneiden, mit 2 EL \u00d6l in den Topf mit der Zwiebel geben und r\u00f6sten, bis es Farbe annimmt. Nun das Tomatenmark und das Mehl hinzuf\u00fcgen und ca. 3 Minuten anr\u00f6sten. Mit dem Rotwein abl\u00f6schen und die Fl\u00fcssigkeit einziehen lassen.<\/strong><\/h4><h4><strong>Gem\u00fcsebr\u00fche, Lorbeerblatt und Pimentk\u00f6rner hinzuf\u00fcgen (diese am besten in einem Teesieb einh\u00e4ngen) und 15 Minuten k\u00f6cheln lassen.<\/strong><\/h4><h4><strong>\u00a0<\/strong><\/h4><h4><strong>Mit Salz und Pfeffer abschmecken, mit einem P\u00fcrierstab alles fein p\u00fcrieren und durch ein Sieb streichen.<\/strong><\/h4><h4><strong>\u00a0<\/strong><\/h4><h4><strong>Ist die So\u00dfe zu dick, noch etwas Gem\u00fcsebr\u00fche hinzuf\u00fcgen, ist sie zu d\u00fcnn, einfach etwas einkochen lassen.<\/strong><\/h4>\t\t\t\t\t\t\t\t<\/div>\n\t\t\t\t<\/div>\n\t\t\t\t\t<\/div>\n\t\t<\/div>\n\t\t\t\t\t<\/div>\n\t\t<\/section>\n\t\t\t\t<\/div>\n\t\t","protected":false},"excerpt":{"rendered":"<p>Bratenso\u00dfe selbst hergestellt Zutaten f\u00fcr 1 Portionen \u00a0 \u00bd\u00a0\u00a0\u00a0\u00a0\u00a0 Zwiebel(n) \u00bc\u00a0\u00a0\u00a0\u00a0\u00a0 Karotte(n) \u00bc Stange\/n\u00a0\u00a0\u00a0\u00a0\u00a0\u00a0\u00a0 Lauch 20 g\u00a0 Sellerie \u00bd TL Tomatenmark \u00bd EL Mehl 50 ml\u00a0\u00a0\u00a0\u00a0\u00a0\u00a0\u00a0\u00a0 Rotwein 250 ml\u00a0\u00a0\u00a0\u00a0\u00a0\u00a0 Gem\u00fcsebr\u00fche 1\u00a0\u00a0\u00a0\u00a0\u00a0\u00a0 Lorbeerblatt 2\u00a0\u00a0\u00a0\u00a0\u00a0\u00a0 Pimentk\u00f6rner Salz und Pfeffer \u00d6l \u00a0 Zubereitung: \u00a0 Arbeitszeit ca. 15 Minuten\u00a0\u00a0 Koch-\/Backzeit ca. 25 Minuten\u00a0\u00a0 \u00a0Gesamtzeit ca. 40 Minuten Die Zwiebelh\u00e4lfte [&hellip;]<\/p>\n","protected":false},"author":1,"featured_media":0,"parent":0,"menu_order":0,"comment_status":"closed","ping_status":"closed","template":"","meta":{"footnotes":""},"class_list":["post-2722","page","type-page","status-publish","hentry"],"_links":{"self":[{"href":"https:\/\/xn--hw-kppers-t9a.de\/index.php?rest_route=\/wp\/v2\/pages\/2722","targetHints":{"allow":["GET"]}}],"collection":[{"href":"https:\/\/xn--hw-kppers-t9a.de\/index.php?rest_route=\/wp\/v2\/pages"}],"about":[{"href":"https:\/\/xn--hw-kppers-t9a.de\/index.php?rest_route=\/wp\/v2\/types\/page"}],"author":[{"embeddable":true,"href":"https:\/\/xn--hw-kppers-t9a.de\/index.php?rest_route=\/wp\/v2\/users\/1"}],"replies":[{"embeddable":true,"href":"https:\/\/xn--hw-kppers-t9a.de\/index.php?rest_route=%2Fwp%2Fv2%2Fcomments&post=2722"}],"version-history":[{"count":7,"href":"https:\/\/xn--hw-kppers-t9a.de\/index.php?rest_route=\/wp\/v2\/pages\/2722\/revisions"}],"predecessor-version":[{"id":2731,"href":"https:\/\/xn--hw-kppers-t9a.de\/index.php?rest_route=\/wp\/v2\/pages\/2722\/revisions\/2731"}],"wp:attachment":[{"href":"https:\/\/xn--hw-kppers-t9a.de\/index.php?rest_route=%2Fwp%2Fv2%2Fmedia&parent=2722"}],"curies":[{"name":"wp","href":"https:\/\/api.w.org\/{rel}","templated":true}]}}