{"id":2667,"date":"2024-10-13T15:45:36","date_gmt":"2024-10-13T15:45:36","guid":{"rendered":"https:\/\/xn--hw-kppers-t9a.de\/?page_id=2667"},"modified":"2024-10-13T16:01:14","modified_gmt":"2024-10-13T16:01:14","slug":"selbst-gemachte-pommes-auf-vorrat-einfrieren","status":"publish","type":"page","link":"https:\/\/xn--hw-kppers-t9a.de\/?page_id=2667","title":{"rendered":"Selbst gemachte Pommes auf Vorrat einfrieren"},"content":{"rendered":"\t\t<div data-elementor-type=\"wp-page\" data-elementor-id=\"2667\" class=\"elementor elementor-2667\" data-elementor-post-type=\"page\">\n\t\t\t\t\t\t<section class=\"elementor-section elementor-top-section elementor-element elementor-element-f970818 elementor-section-boxed elementor-section-height-default elementor-section-height-default\" data-id=\"f970818\" data-element_type=\"section\" data-e-type=\"section\" data-settings=\"{&quot;background_background&quot;:&quot;classic&quot;}\">\n\t\t\t\t\t\t<div class=\"elementor-container elementor-column-gap-default\">\n\t\t\t\t\t<div class=\"elementor-column elementor-col-100 elementor-top-column elementor-element elementor-element-7cc8fe8\" data-id=\"7cc8fe8\" data-element_type=\"column\" data-e-type=\"column\">\n\t\t\t<div class=\"elementor-widget-wrap elementor-element-populated\">\n\t\t\t\t\t\t<div class=\"elementor-element elementor-element-5dd14b5 elementor-widget elementor-widget-heading\" data-id=\"5dd14b5\" data-element_type=\"widget\" data-e-type=\"widget\" data-widget_type=\"heading.default\">\n\t\t\t\t<div class=\"elementor-widget-container\">\n\t\t\t\t\t<h2 class=\"elementor-heading-title elementor-size-default\">Selbst gemachte Pommes auf Vorrat einfrieren<\/h2>\t\t\t\t<\/div>\n\t\t\t\t<\/div>\n\t\t\t\t<div class=\"elementor-element elementor-element-8407a5c elementor-widget elementor-widget-text-editor\" data-id=\"8407a5c\" data-element_type=\"widget\" data-e-type=\"widget\" data-widget_type=\"text-editor.default\">\n\t\t\t\t<div class=\"elementor-widget-container\">\n\t\t\t\t\t\t\t\t\t<h4><strong><img fetchpriority=\"high\" decoding=\"async\" class=\" wp-image-2670 alignleft\" src=\"https:\/\/xn--hw-kppers-t9a.de\/wp-content\/uploads\/2024\/10\/Pomme1-300x222.jpg\" alt=\"\" width=\"546\" height=\"404\" srcset=\"https:\/\/xn--hw-kppers-t9a.de\/wp-content\/uploads\/2024\/10\/Pomme1-300x222.jpg 300w, https:\/\/xn--hw-kppers-t9a.de\/wp-content\/uploads\/2024\/10\/Pomme1-768x568.jpg 768w, https:\/\/xn--hw-kppers-t9a.de\/wp-content\/uploads\/2024\/10\/Pomme1.jpg 900w\" sizes=\"(max-width: 546px) 100vw, 546px\" \/>Vorwiegend festkochende Kartoffeln sch\u00e4len und in 1 cm dicke Sticks schneiden<img decoding=\"async\" class=\"wp-image-2671 alignright\" src=\"https:\/\/xn--hw-kppers-t9a.de\/wp-content\/uploads\/2024\/10\/Pomme2-300x222.jpg\" alt=\"\" width=\"573\" height=\"424\" srcset=\"https:\/\/xn--hw-kppers-t9a.de\/wp-content\/uploads\/2024\/10\/Pomme2-300x222.jpg 300w, https:\/\/xn--hw-kppers-t9a.de\/wp-content\/uploads\/2024\/10\/Pomme2-768x569.jpg 768w, https:\/\/xn--hw-kppers-t9a.de\/wp-content\/uploads\/2024\/10\/Pomme2.jpg 900w\" sizes=\"(max-width: 573px) 100vw, 573px\" \/><\/strong><\/h4><h4><strong>Die Sticks zuerst etwas angaren: Ein paar Minuten im Wasser kochen und dann das Wasser absch\u00fctten.<\/strong><\/h4><h4><strong>dann die Pommes im leeren Topf etwas schwenken, um eine Schicht um die Pommes zu entwickeln, die sp\u00e4ter daf\u00fcr sorgt, dass sie knuspriger werden.<\/strong><\/h4><h4><strong>\u00a0<\/strong><strong>dann werden die Sticks gut verteilt auf einem Blech eingefroren und erst wenn sie durchgefrohren, sind abpacken, sodass sie nicht zusammenfrieren.<\/strong><\/h4><h4><strong>\u00a0<\/strong><strong>So hast du super Hausgemachte Pommes auf Vorrat<\/strong><\/h4>\t\t\t\t\t\t\t\t<\/div>\n\t\t\t\t<\/div>\n\t\t\t\t<div class=\"elementor-element elementor-element-8baa779 elementor-widget elementor-widget-spacer\" data-id=\"8baa779\" data-element_type=\"widget\" data-e-type=\"widget\" data-widget_type=\"spacer.default\">\n\t\t\t\t<div class=\"elementor-widget-container\">\n\t\t\t\t\t\t\t<div class=\"elementor-spacer\">\n\t\t\t<div class=\"elementor-spacer-inner\"><\/div>\n\t\t<\/div>\n\t\t\t\t\t\t<\/div>\n\t\t\t\t<\/div>\n\t\t\t\t\t<\/div>\n\t\t<\/div>\n\t\t\t\t\t<\/div>\n\t\t<\/section>\n\t\t\t\t<\/div>\n\t\t","protected":false},"excerpt":{"rendered":"<p>Selbst gemachte Pommes auf Vorrat einfrieren Vorwiegend festkochende Kartoffeln sch\u00e4len und in 1 cm dicke Sticks schneiden Die Sticks zuerst etwas angaren: Ein paar Minuten im Wasser kochen und dann das Wasser absch\u00fctten. dann die Pommes im leeren Topf etwas schwenken, um eine Schicht um die Pommes zu entwickeln, die sp\u00e4ter daf\u00fcr sorgt, dass sie [&hellip;]<\/p>\n","protected":false},"author":1,"featured_media":0,"parent":0,"menu_order":0,"comment_status":"closed","ping_status":"closed","template":"","meta":{"footnotes":""},"class_list":["post-2667","page","type-page","status-publish","hentry"],"_links":{"self":[{"href":"https:\/\/xn--hw-kppers-t9a.de\/index.php?rest_route=\/wp\/v2\/pages\/2667","targetHints":{"allow":["GET"]}}],"collection":[{"href":"https:\/\/xn--hw-kppers-t9a.de\/index.php?rest_route=\/wp\/v2\/pages"}],"about":[{"href":"https:\/\/xn--hw-kppers-t9a.de\/index.php?rest_route=\/wp\/v2\/types\/page"}],"author":[{"embeddable":true,"href":"https:\/\/xn--hw-kppers-t9a.de\/index.php?rest_route=\/wp\/v2\/users\/1"}],"replies":[{"embeddable":true,"href":"https:\/\/xn--hw-kppers-t9a.de\/index.php?rest_route=%2Fwp%2Fv2%2Fcomments&post=2667"}],"version-history":[{"count":7,"href":"https:\/\/xn--hw-kppers-t9a.de\/index.php?rest_route=\/wp\/v2\/pages\/2667\/revisions"}],"predecessor-version":[{"id":2679,"href":"https:\/\/xn--hw-kppers-t9a.de\/index.php?rest_route=\/wp\/v2\/pages\/2667\/revisions\/2679"}],"wp:attachment":[{"href":"https:\/\/xn--hw-kppers-t9a.de\/index.php?rest_route=%2Fwp%2Fv2%2Fmedia&parent=2667"}],"curies":[{"name":"wp","href":"https:\/\/api.w.org\/{rel}","templated":true}]}}