{"id":2620,"date":"2024-10-13T13:46:28","date_gmt":"2024-10-13T13:46:28","guid":{"rendered":"https:\/\/xn--hw-kppers-t9a.de\/?page_id=2620"},"modified":"2024-10-13T16:44:27","modified_gmt":"2024-10-13T16:44:27","slug":"zur-rose-abziehen","status":"publish","type":"page","link":"https:\/\/xn--hw-kppers-t9a.de\/?page_id=2620","title":{"rendered":"Zur Rose abziehen"},"content":{"rendered":"\t\t<div data-elementor-type=\"wp-page\" data-elementor-id=\"2620\" class=\"elementor elementor-2620\" data-elementor-post-type=\"page\">\n\t\t\t\t\t\t<section class=\"elementor-section elementor-top-section elementor-element elementor-element-41c02a3 elementor-section-boxed elementor-section-height-default elementor-section-height-default\" data-id=\"41c02a3\" data-element_type=\"section\" data-e-type=\"section\" data-settings=\"{&quot;background_background&quot;:&quot;classic&quot;}\">\n\t\t\t\t\t\t<div class=\"elementor-container elementor-column-gap-default\">\n\t\t\t\t\t<div class=\"elementor-column elementor-col-100 elementor-top-column elementor-element elementor-element-83bf2ae\" data-id=\"83bf2ae\" data-element_type=\"column\" data-e-type=\"column\">\n\t\t\t<div class=\"elementor-widget-wrap elementor-element-populated\">\n\t\t\t\t\t\t<div class=\"elementor-element elementor-element-ed011d7 elementor-widget elementor-widget-heading\" data-id=\"ed011d7\" data-element_type=\"widget\" data-e-type=\"widget\" data-widget_type=\"heading.default\">\n\t\t\t\t<div class=\"elementor-widget-container\">\n\t\t\t\t\t<h2 class=\"elementor-heading-title elementor-size-default\">Zur Rose abziehen<\/h2>\t\t\t\t<\/div>\n\t\t\t\t<\/div>\n\t\t\t\t<div class=\"elementor-element elementor-element-aab3655 elementor-widget elementor-widget-text-editor\" data-id=\"aab3655\" data-element_type=\"widget\" data-e-type=\"widget\" data-widget_type=\"text-editor.default\">\n\t\t\t\t<div class=\"elementor-widget-container\">\n\t\t\t\t\t\t\t\t\t<h4>Zur\u00a0<strong>Rose<\/strong>\u00a0abkochen? Was soll denn das?\u00a0Das ist\u00a0doch ein Eis-Blog und kein Floristen-Portal!<\/h4><h4>Keine Angst, wir schreiben immer noch \u00fcber Speiseeis.<\/h4><h4><em>Zur Rose abkochen<\/em>\u00a0oder\u00a0<em>abziehen<\/em>\u00a0nennt man eine\u00a0n\u00fctzliche Methode, um\u00a0Kontrolle\u00a0beim Erhitzen von<strong>\u00a0Eigelb-Milch-Massen\u00a0<\/strong>zu haben. In Deutschland nennt man diese Methode anscheinend\u00a0<em>simmern<\/em>. Diese Bezeichnung kennt man aber in der Schweiz nicht. Das heisst, mir ist dieser Begriff nicht bekannt. Bei zuviel Hitze gerinnt das Ei und verliert die gew\u00fcnschte cremeartige Konsistenz. Das Ganze wird flockig und sieht nicht mehr sch\u00f6n\u00a0aus.<\/h4><h4>Heute will ich\u00a0<strong>erkl\u00e4ren<\/strong>, wie man ein perfektes Vanille-Eis bekommt.<\/h4><h4>\u00a0<\/h4><h4><strong>Zucker\u00a0<\/strong>und\u00a0<strong>Milch.<\/strong>\u00a0Je nach\u00a0Eis-Art kommt oft noc<\/h4><h4><img fetchpriority=\"high\" decoding=\"async\" class=\" wp-image-2623 alignright\" src=\"https:\/\/xn--hw-kppers-t9a.de\/wp-content\/uploads\/2024\/10\/Rose1-300x188.jpg\" alt=\"\" width=\"546\" height=\"342\" srcset=\"https:\/\/xn--hw-kppers-t9a.de\/wp-content\/uploads\/2024\/10\/Rose1-300x188.jpg 300w, https:\/\/xn--hw-kppers-t9a.de\/wp-content\/uploads\/2024\/10\/Rose1.jpg 627w\" sizes=\"(max-width: 546px) 100vw, 546px\" \/><\/h4><h4>h ein\u00a0Vanillest\u00e4ngel dazu. Die genauen Angaben findet Ihr\u00a0<a href=\"http:\/\/www.eis-machen.de\/2011\/01\/der-klassiker-rezept-fur-vanilleeis\/\"><strong>hier<\/strong><\/a>.<\/h4><h4>Und so wird zur Rose abgekocht:<\/h4><h4>Die Milch in einer Pfanne erhitzen.<\/h4><h4><strong><img decoding=\"async\" class=\" wp-image-2624 alignleft\" src=\"https:\/\/xn--hw-kppers-t9a.de\/wp-content\/uploads\/2024\/10\/Rose2-300x300.jpg\" alt=\"\" width=\"578\" height=\"578\" srcset=\"https:\/\/xn--hw-kppers-t9a.de\/wp-content\/uploads\/2024\/10\/Rose2-300x300.jpg 300w, https:\/\/xn--hw-kppers-t9a.de\/wp-content\/uploads\/2024\/10\/Rose2-150x150.jpg 150w\" sizes=\"(max-width: 578px) 100vw, 578px\" \/>Bild 1<\/strong>: Eigelb und Zucker schaumig schlagen, bis der Zucker\u00a0<strong>vollst\u00e4ndig aufgel\u00f6st\u00a0<\/strong>ist.<\/h4><h4><strong>\u00a0<\/strong><\/h4><h4><strong>\u00a0<\/strong><\/h4><h4><strong>\u00a0<\/strong><\/h4><h4><strong>\u00a0<\/strong><\/h4><h4><strong>\u00a0<\/strong><\/h4><h4><strong>\u00a0<\/strong><\/h4><h4><strong>\u00a0<\/strong><\/h4><h4>\u00a0<\/h4><h4><strong>Bild 2<\/strong>: Die heisse Milch unter stetigem\u00a0<strong>R\u00fchren<\/strong>\u00a0zu\u00a0der Eigelbmasse giessen. Erst ganz kleine Mengen und dann immer\u00a0mehr.<img decoding=\"async\" class=\" wp-image-2625 alignright\" src=\"https:\/\/xn--hw-kppers-t9a.de\/wp-content\/uploads\/2024\/10\/Rose3-300x286.jpg\" alt=\"\" width=\"508\" height=\"484\" srcset=\"https:\/\/xn--hw-kppers-t9a.de\/wp-content\/uploads\/2024\/10\/Rose3-300x286.jpg 300w, https:\/\/xn--hw-kppers-t9a.de\/wp-content\/uploads\/2024\/10\/Rose3.jpg 742w\" sizes=\"(max-width: 508px) 100vw, 508px\" \/><\/h4><h4><strong><img loading=\"lazy\" decoding=\"async\" class=\" wp-image-2626 alignleft\" src=\"https:\/\/xn--hw-kppers-t9a.de\/wp-content\/uploads\/2024\/10\/Rose4-300x295.jpg\" alt=\"\" width=\"631\" height=\"621\" srcset=\"https:\/\/xn--hw-kppers-t9a.de\/wp-content\/uploads\/2024\/10\/Rose4-300x295.jpg 300w, https:\/\/xn--hw-kppers-t9a.de\/wp-content\/uploads\/2024\/10\/Rose4.jpg 742w\" sizes=\"(max-width: 631px) 100vw, 631px\" \/>Bild 3<\/strong>: Die Masse wieder zur\u00fcck in die Pfanne giessen.<\/h4><h4><strong>Bild 4<\/strong>: Unter gelegentlichem R\u00fchren die Masse auf\u00a0<strong>kleiner<\/strong>\u00a0Stufe langsam erhitzen. Sie darf auf\u00a0<strong>keinen Fall kochen<\/strong>! Ideal sind\u00a0<strong>75\u201385\u00b0C <img loading=\"lazy\" decoding=\"async\" class=\" wp-image-2627 alignright\" src=\"https:\/\/xn--hw-kppers-t9a.de\/wp-content\/uploads\/2024\/10\/Rose5-300x279.jpg\" alt=\"\" width=\"562\" height=\"522\" srcset=\"https:\/\/xn--hw-kppers-t9a.de\/wp-content\/uploads\/2024\/10\/Rose5-300x279.jpg 300w, https:\/\/xn--hw-kppers-t9a.de\/wp-content\/uploads\/2024\/10\/Rose5.jpg 648w\" sizes=\"(max-width: 562px) 100vw, 562px\" \/><\/strong>Wer sicher gehen m\u00f6chte, kann es auch im Wasserbad machen. Mir geht das aber zu lange.\u00a0<strong>Aufpassen!\u00a0<\/strong>Erst dauert es eine Weile, bis sich die Masse bindet. So kommt man gerne in die Versuchung, die Hitze hoch zu schrauben. Aber dann geht es pl\u00f6tzlich schnell und das Ei ist geronnen. Gut Ding will Weile\u00a0haben!<\/h4><h4>\u00a0<\/h4><h4><img loading=\"lazy\" decoding=\"async\" class=\"wp-image-2628 alignleft\" src=\"https:\/\/xn--hw-kppers-t9a.de\/wp-content\/uploads\/2024\/10\/Rose6-300x267.jpg\" alt=\"\" width=\"545\" height=\"485\" srcset=\"https:\/\/xn--hw-kppers-t9a.de\/wp-content\/uploads\/2024\/10\/Rose6-300x267.jpg 300w, https:\/\/xn--hw-kppers-t9a.de\/wp-content\/uploads\/2024\/10\/Rose6.jpg 669w\" sizes=\"(max-width: 545px) 100vw, 545px\" \/>Bild 5: Nun kommt es: mit einem Holzl\u00f6ffel ab und zu in die Masse tauchen und darauf pusten, bis sich Wellen bilden. Die sehen aus wie eine Rose von oben. Dann ist die Masse perfekt.<\/h4><h4>Anmerkung: Mit einem Plastikl\u00f6ffel geht das nicht, da die Masse nicht genug daran haften bleiben kann. Auch mit Holzl\u00f6ffeln mit einem Loch in der Mitte geht das nicht!<\/h4><h4>\u00a0<\/h4><h4><strong>Bild 6<\/strong>: Nun\u00a0muss es\u00a0<strong>schnell<\/strong>\u00a0gehen! Die Masse muss sofort aus der Pfanne, da die Resthitze im Kochgeschirr das Ei gerinnen lassen kann. Sofort die Cr\u00e8me von der Hitze nehmen und durch ein Sieb giessen, um eventuelle Kl\u00fcmpchen zu entfernen. Abk\u00fchlen lassen. Am besten\u00a0\u00a0in einem kalten Wasserbad, was ab und zu umger\u00fchrt wird. Danach kann man mit seinem Rezept weitermachen wie beschrieben.<img loading=\"lazy\" decoding=\"async\" class=\" wp-image-2629 alignright\" src=\"https:\/\/xn--hw-kppers-t9a.de\/wp-content\/uploads\/2024\/10\/Rose7-300x279.jpg\" alt=\"\" width=\"744\" height=\"692\" srcset=\"https:\/\/xn--hw-kppers-t9a.de\/wp-content\/uploads\/2024\/10\/Rose7-300x279.jpg 300w, https:\/\/xn--hw-kppers-t9a.de\/wp-content\/uploads\/2024\/10\/Rose7.jpg 718w\" sizes=\"(max-width: 744px) 100vw, 744px\" \/><\/h4><h4><br \/><br \/><\/h4><h4>Tipps:<\/h4><h4>Wer diese Masse als\u00a0Creme verzehren will, sollte zum Lagern im K\u00fchlschrank eine Plastikfolie direkt auf die Cr\u00e8me geben. So wird eine unangenehme\u00a0Hautbildung verhindert.<\/h4><h4>\u00a0<\/h4><h4>\u00a0<\/h4><h4>\u00a0<\/h4><h4 style=\"text-align: left;\">Nach Punkt 6 k\u00f6nnen verschiedene Aromen beigegeben werden, z.B. geschmolzene Schokolade. Dann bekommt man ein wunderbares Schokoladen-Eis oder Cr\u00e8me, etc.\u00a0<\/h4><h4 style=\"text-align: center;\"><a href=\"https:\/\/xn--hw-kppers-t9a.eu\/STRATO-apps\/wordpress_03\/app\/wp-content\/uploads\/2023\/02\/Vanilleeis Eis selber machen Kochvideos Dessert Rezepte Villa Martha Kochschule.mp4\" data-wplink-url-error=\"true\"><span style=\"color: #ff0000;\">Video<\/span><\/a><\/h4>\t\t\t\t\t\t\t\t<\/div>\n\t\t\t\t<\/div>\n\t\t\t\t\t<\/div>\n\t\t<\/div>\n\t\t\t\t\t<\/div>\n\t\t<\/section>\n\t\t\t\t<\/div>\n\t\t","protected":false},"excerpt":{"rendered":"<p>Zur Rose abziehen Zur\u00a0Rose\u00a0abkochen? Was soll denn das?\u00a0Das ist\u00a0doch ein Eis-Blog und kein Floristen-Portal! Keine Angst, wir schreiben immer noch \u00fcber Speiseeis. Zur Rose abkochen\u00a0oder\u00a0abziehen\u00a0nennt man eine\u00a0n\u00fctzliche Methode, um\u00a0Kontrolle\u00a0beim Erhitzen von\u00a0Eigelb-Milch-Massen\u00a0zu haben. In Deutschland nennt man diese Methode anscheinend\u00a0simmern. Diese Bezeichnung kennt man aber in der Schweiz nicht. Das heisst, mir ist dieser Begriff nicht [&hellip;]<\/p>\n","protected":false},"author":1,"featured_media":0,"parent":0,"menu_order":0,"comment_status":"closed","ping_status":"closed","template":"","meta":{"footnotes":""},"class_list":["post-2620","page","type-page","status-publish","hentry"],"_links":{"self":[{"href":"https:\/\/xn--hw-kppers-t9a.de\/index.php?rest_route=\/wp\/v2\/pages\/2620","targetHints":{"allow":["GET"]}}],"collection":[{"href":"https:\/\/xn--hw-kppers-t9a.de\/index.php?rest_route=\/wp\/v2\/pages"}],"about":[{"href":"https:\/\/xn--hw-kppers-t9a.de\/index.php?rest_route=\/wp\/v2\/types\/page"}],"author":[{"embeddable":true,"href":"https:\/\/xn--hw-kppers-t9a.de\/index.php?rest_route=\/wp\/v2\/users\/1"}],"replies":[{"embeddable":true,"href":"https:\/\/xn--hw-kppers-t9a.de\/index.php?rest_route=%2Fwp%2Fv2%2Fcomments&post=2620"}],"version-history":[{"count":10,"href":"https:\/\/xn--hw-kppers-t9a.de\/index.php?rest_route=\/wp\/v2\/pages\/2620\/revisions"}],"predecessor-version":[{"id":2721,"href":"https:\/\/xn--hw-kppers-t9a.de\/index.php?rest_route=\/wp\/v2\/pages\/2620\/revisions\/2721"}],"wp:attachment":[{"href":"https:\/\/xn--hw-kppers-t9a.de\/index.php?rest_route=%2Fwp%2Fv2%2Fmedia&parent=2620"}],"curies":[{"name":"wp","href":"https:\/\/api.w.org\/{rel}","templated":true}]}}