{"id":2603,"date":"2024-10-13T13:20:10","date_gmt":"2024-10-13T13:20:10","guid":{"rendered":"https:\/\/xn--hw-kppers-t9a.de\/?page_id=2603"},"modified":"2024-10-13T13:31:48","modified_gmt":"2024-10-13T13:31:48","slug":"wassermelonen-eis","status":"publish","type":"page","link":"https:\/\/xn--hw-kppers-t9a.de\/?page_id=2603","title":{"rendered":"Wassermelonen-Eis"},"content":{"rendered":"\t\t<div data-elementor-type=\"wp-page\" data-elementor-id=\"2603\" class=\"elementor elementor-2603\" data-elementor-post-type=\"page\">\n\t\t\t\t\t\t<section class=\"elementor-section elementor-top-section elementor-element elementor-element-753ce7f elementor-section-boxed elementor-section-height-default elementor-section-height-default\" data-id=\"753ce7f\" data-element_type=\"section\" data-e-type=\"section\" data-settings=\"{&quot;background_background&quot;:&quot;classic&quot;}\">\n\t\t\t\t\t\t<div class=\"elementor-container elementor-column-gap-default\">\n\t\t\t\t\t<div class=\"elementor-column elementor-col-100 elementor-top-column elementor-element elementor-element-bf7adee\" data-id=\"bf7adee\" data-element_type=\"column\" data-e-type=\"column\">\n\t\t\t<div class=\"elementor-widget-wrap elementor-element-populated\">\n\t\t\t\t\t\t<div class=\"elementor-element elementor-element-e71757d elementor-widget elementor-widget-heading\" data-id=\"e71757d\" data-element_type=\"widget\" data-e-type=\"widget\" data-widget_type=\"heading.default\">\n\t\t\t\t<div class=\"elementor-widget-container\">\n\t\t\t\t\t<h2 class=\"elementor-heading-title elementor-size-default\">Wassermelonen-Eis<\/h2>\t\t\t\t<\/div>\n\t\t\t\t<\/div>\n\t\t\t\t<div class=\"elementor-element elementor-element-5e777b6 elementor-widget elementor-widget-text-editor\" data-id=\"5e777b6\" data-element_type=\"widget\" data-e-type=\"widget\" data-widget_type=\"text-editor.default\">\n\t\t\t\t<div class=\"elementor-widget-container\">\n\t\t\t\t\t\t\t\t\t<h4><span style=\"text-decoration: underline;\"><em><strong><img fetchpriority=\"high\" decoding=\"async\" class=\"wp-image-2605 alignleft\" src=\"https:\/\/xn--hw-kppers-t9a.de\/wp-content\/uploads\/2024\/10\/Was-300x200.jpg\" alt=\"\" width=\"614\" height=\"409\" srcset=\"https:\/\/xn--hw-kppers-t9a.de\/wp-content\/uploads\/2024\/10\/Was-300x200.jpg 300w, https:\/\/xn--hw-kppers-t9a.de\/wp-content\/uploads\/2024\/10\/Was-1024x683.jpg 1024w, https:\/\/xn--hw-kppers-t9a.de\/wp-content\/uploads\/2024\/10\/Was-768x512.jpg 768w, https:\/\/xn--hw-kppers-t9a.de\/wp-content\/uploads\/2024\/10\/Was.jpg 1200w\" sizes=\"(max-width: 614px) 100vw, 614px\" \/>Zutaten f\u00fcr 4 Portionen<\/strong><\/em><\/span><\/h4><h4><strong>2\u00a0\u00a0\u00a0\u00a0\u00a0\u00a0\u00a0\u00a0\u00a0 EL\u00a0\u00a0\u00a0\u00a0\u00a0\u00a0 Ahornsirup<\/strong><\/h4><h4><strong>0.5\u00a0\u00a0\u00a0\u00a0\u00a0 Stk\u00a0\u00a0\u00a0\u00a0\u00a0 Wassermelone<\/strong><\/h4><h4><strong>180\u00a0\u00a0\u00a0\u00a0 ml\u00a0\u00a0\u00a0\u00a0\u00a0\u00a0 Buttermilch<\/strong><\/h4><h4><strong>1\u00a0\u00a0\u00a0\u00a0\u00a0\u00a0\u00a0\u00a0\u00a0 EL\u00a0\u00a0\u00a0\u00a0\u00a0\u00a0 Zitronensaft<\/strong><\/h4><h4>\u00a0<\/h4><h4>\u00a0<\/h4><h4>\u00a0<\/h4><h4>\u00a0<\/h4><h4>\u00a0<\/h4><h4><span style=\"text-decoration: underline;\"><em><strong>Zubereitung<\/strong><\/em><\/span><\/h4><h4><strong>F\u00fcr das Wassermelo<\/strong><strong>bereitung<\/strong><strong>nen-Eis zuerst die Melone sch\u00e4len, die Kerne entfernen und in W\u00fcrfeln schneiden.<\/strong><\/h4><h4><strong>Anschlie\u00dfend Ahornsirup, Zitronensaft und Buttermilch mit den Melonenst\u00fccken vermengen und im Stabmixer p\u00fcrieren.<\/strong><\/h4><h4><strong>Entweder die Masse in die Eismaschine f\u00fcllen oder f\u00fcr einige Stunden in das Gefrierfach stellen.\u00a0 <\/strong><\/h4><h4 style=\"text-align: center;\">\u00a0<\/h4><h4 style=\"text-align: center;\"><a href=\"https:\/\/xn--hw-kppers-t9a.eu\/STRATO-apps\/wordpress_03\/app\/wp-content\/uploads\/2023\/02\/Wassermelonen-Eis.mp4\"><span style=\"color: #ff0000;\">Video<\/span><\/a><\/h4>\t\t\t\t\t\t\t\t<\/div>\n\t\t\t\t<\/div>\n\t\t\t\t\t<\/div>\n\t\t<\/div>\n\t\t\t\t\t<\/div>\n\t\t<\/section>\n\t\t\t\t<\/div>\n\t\t","protected":false},"excerpt":{"rendered":"<p>Wassermelonen-Eis Zutaten f\u00fcr 4 Portionen 2\u00a0\u00a0\u00a0\u00a0\u00a0\u00a0\u00a0\u00a0\u00a0 EL\u00a0\u00a0\u00a0\u00a0\u00a0\u00a0 Ahornsirup 0.5\u00a0\u00a0\u00a0\u00a0\u00a0 Stk\u00a0\u00a0\u00a0\u00a0\u00a0 Wassermelone 180\u00a0\u00a0\u00a0\u00a0 ml\u00a0\u00a0\u00a0\u00a0\u00a0\u00a0 Buttermilch 1\u00a0\u00a0\u00a0\u00a0\u00a0\u00a0\u00a0\u00a0\u00a0 EL\u00a0\u00a0\u00a0\u00a0\u00a0\u00a0 Zitronensaft \u00a0 \u00a0 \u00a0 \u00a0 \u00a0 Zubereitung F\u00fcr das Wassermelobereitungnen-Eis zuerst die Melone sch\u00e4len, die Kerne entfernen und in W\u00fcrfeln schneiden. Anschlie\u00dfend Ahornsirup, Zitronensaft und Buttermilch mit den Melonenst\u00fccken vermengen und im Stabmixer p\u00fcrieren. Entweder die Masse in die [&hellip;]<\/p>\n","protected":false},"author":1,"featured_media":0,"parent":0,"menu_order":0,"comment_status":"closed","ping_status":"closed","template":"","meta":{"footnotes":""},"class_list":["post-2603","page","type-page","status-publish","hentry"],"_links":{"self":[{"href":"https:\/\/xn--hw-kppers-t9a.de\/index.php?rest_route=\/wp\/v2\/pages\/2603","targetHints":{"allow":["GET"]}}],"collection":[{"href":"https:\/\/xn--hw-kppers-t9a.de\/index.php?rest_route=\/wp\/v2\/pages"}],"about":[{"href":"https:\/\/xn--hw-kppers-t9a.de\/index.php?rest_route=\/wp\/v2\/types\/page"}],"author":[{"embeddable":true,"href":"https:\/\/xn--hw-kppers-t9a.de\/index.php?rest_route=\/wp\/v2\/users\/1"}],"replies":[{"embeddable":true,"href":"https:\/\/xn--hw-kppers-t9a.de\/index.php?rest_route=%2Fwp%2Fv2%2Fcomments&post=2603"}],"version-history":[{"count":7,"href":"https:\/\/xn--hw-kppers-t9a.de\/index.php?rest_route=\/wp\/v2\/pages\/2603\/revisions"}],"predecessor-version":[{"id":2612,"href":"https:\/\/xn--hw-kppers-t9a.de\/index.php?rest_route=\/wp\/v2\/pages\/2603\/revisions\/2612"}],"wp:attachment":[{"href":"https:\/\/xn--hw-kppers-t9a.de\/index.php?rest_route=%2Fwp%2Fv2%2Fmedia&parent=2603"}],"curies":[{"name":"wp","href":"https:\/\/api.w.org\/{rel}","templated":true}]}}