{"id":2574,"date":"2024-10-13T12:56:50","date_gmt":"2024-10-13T12:56:50","guid":{"rendered":"https:\/\/xn--hw-kppers-t9a.de\/?page_id=2574"},"modified":"2024-10-13T13:04:00","modified_gmt":"2024-10-13T13:04:00","slug":"tiramisu-eis","status":"publish","type":"page","link":"https:\/\/xn--hw-kppers-t9a.de\/?page_id=2574","title":{"rendered":"Tiramisu-Eis"},"content":{"rendered":"\t\t<div data-elementor-type=\"wp-page\" data-elementor-id=\"2574\" class=\"elementor elementor-2574\" data-elementor-post-type=\"page\">\n\t\t\t\t\t\t<section class=\"elementor-section elementor-top-section elementor-element elementor-element-c599475 elementor-section-boxed elementor-section-height-default elementor-section-height-default\" data-id=\"c599475\" data-element_type=\"section\" data-e-type=\"section\" data-settings=\"{&quot;background_background&quot;:&quot;classic&quot;}\">\n\t\t\t\t\t\t<div class=\"elementor-container elementor-column-gap-default\">\n\t\t\t\t\t<div class=\"elementor-column elementor-col-100 elementor-top-column elementor-element elementor-element-742dac3\" data-id=\"742dac3\" data-element_type=\"column\" data-e-type=\"column\">\n\t\t\t<div class=\"elementor-widget-wrap elementor-element-populated\">\n\t\t\t\t\t\t<div class=\"elementor-element elementor-element-482f308 elementor-widget elementor-widget-heading\" data-id=\"482f308\" data-element_type=\"widget\" data-e-type=\"widget\" data-widget_type=\"heading.default\">\n\t\t\t\t<div class=\"elementor-widget-container\">\n\t\t\t\t\t<h2 class=\"elementor-heading-title elementor-size-default\">Tiramisu-Eis<\/h2>\t\t\t\t<\/div>\n\t\t\t\t<\/div>\n\t\t\t\t<div class=\"elementor-element elementor-element-a723b78 elementor-widget elementor-widget-text-editor\" data-id=\"a723b78\" data-element_type=\"widget\" data-e-type=\"widget\" data-widget_type=\"text-editor.default\">\n\t\t\t\t<div class=\"elementor-widget-container\">\n\t\t\t\t\t\t\t\t\t<h4><span style=\"text-decoration: underline;\"><em><img fetchpriority=\"high\" decoding=\"async\" class=\"wp-image-2581 alignleft\" src=\"https:\/\/xn--hw-kppers-t9a.de\/wp-content\/uploads\/2024\/10\/Ti-300x225.jpg\" alt=\"\" width=\"691\" height=\"518\" srcset=\"https:\/\/xn--hw-kppers-t9a.de\/wp-content\/uploads\/2024\/10\/Ti-300x225.jpg 300w, https:\/\/xn--hw-kppers-t9a.de\/wp-content\/uploads\/2024\/10\/Ti-768x576.jpg 768w, https:\/\/xn--hw-kppers-t9a.de\/wp-content\/uploads\/2024\/10\/Ti.jpg 950w\" sizes=\"(max-width: 691px) 100vw, 691px\" \/>Zutaten f\u00fcr 4 Portionen<\/em><\/span><\/h4><p>\u00a0<\/p><h4>150 g Zucker<\/h4><h4>200 ml starker Kaffee<\/h4><h4>250 g Mascarpone<\/h4><h4>200 g Cr\u00e8me fra\u00eeche<\/h4><h4>1 EL Vanilleextrakt<\/h4><h4>60 ml Kaffeelik\u00f6r<\/h4><h4>85 g L\u00f6ffelbiskuit<\/h4><h4>Kakaopulver zum Best\u00e4uben<\/h4><p>\u00a0<\/p><h4>\u00a0<\/h4><h4>\u00a0<\/h4><h4>\u00a0<\/h4><h4><span style=\"text-decoration: underline;\"><em>Zubereitung<\/em><\/span><\/h4><p>\u00a0<\/p><p>\u00a0<\/p><ol><li><h4>1. Kaffee mit Zucker aufkochen, 5 Min. k\u00f6cheln lassen und anschlie\u00dfend abk\u00fchlen lassen.<\/h4><\/li><li>\u00a0<\/li><li><h4>2. Mascarpone mit Creme fraiche glatt r\u00fchren. Kaffeesirup (bis auf 8 EL) mit Vanilleextrakt verr\u00fchren und nach und nach unter die Creme r\u00fchren.<\/h4><\/li><li>\u00a0<\/li><li><h4>3. In das Gefrierfach stellen, dabei immer wieder umr\u00fchren oder mit der Eismaschine fertig stellen. Das Eis sollte noch cremig sein.<\/h4><\/li><li>\u00a0<\/li><li><h4>4. Restlichen Sirup mit Lik\u00f6r verr\u00fchren. Biskuit zerbr\u00f6ckeln und darin tr\u00e4nken.<\/h4><\/li><li>\u00a0<\/li><li><h4>5. In Gl\u00e4ser f\u00fcllen, Eis dar\u00fcber geben und im Gefrierfach frieren lassen. 10 Min. vor dem Servieren herausnehmen und mit Kakao best\u00e4uben.<\/h4><\/li><\/ol>\t\t\t\t\t\t\t\t<\/div>\n\t\t\t\t<\/div>\n\t\t\t\t\t<\/div>\n\t\t<\/div>\n\t\t\t\t\t<\/div>\n\t\t<\/section>\n\t\t\t\t<\/div>\n\t\t","protected":false},"excerpt":{"rendered":"<p>Tiramisu-Eis Zutaten f\u00fcr 4 Portionen \u00a0 150 g Zucker 200 ml starker Kaffee 250 g Mascarpone 200 g Cr\u00e8me fra\u00eeche 1 EL Vanilleextrakt 60 ml Kaffeelik\u00f6r 85 g L\u00f6ffelbiskuit Kakaopulver zum Best\u00e4uben \u00a0 \u00a0 \u00a0 \u00a0 Zubereitung \u00a0 \u00a0 1. Kaffee mit Zucker aufkochen, 5 Min. k\u00f6cheln lassen und anschlie\u00dfend abk\u00fchlen lassen. \u00a0 2. Mascarpone [&hellip;]<\/p>\n","protected":false},"author":1,"featured_media":0,"parent":0,"menu_order":0,"comment_status":"closed","ping_status":"closed","template":"","meta":{"footnotes":""},"class_list":["post-2574","page","type-page","status-publish","hentry"],"_links":{"self":[{"href":"https:\/\/xn--hw-kppers-t9a.de\/index.php?rest_route=\/wp\/v2\/pages\/2574","targetHints":{"allow":["GET"]}}],"collection":[{"href":"https:\/\/xn--hw-kppers-t9a.de\/index.php?rest_route=\/wp\/v2\/pages"}],"about":[{"href":"https:\/\/xn--hw-kppers-t9a.de\/index.php?rest_route=\/wp\/v2\/types\/page"}],"author":[{"embeddable":true,"href":"https:\/\/xn--hw-kppers-t9a.de\/index.php?rest_route=\/wp\/v2\/users\/1"}],"replies":[{"embeddable":true,"href":"https:\/\/xn--hw-kppers-t9a.de\/index.php?rest_route=%2Fwp%2Fv2%2Fcomments&post=2574"}],"version-history":[{"count":12,"href":"https:\/\/xn--hw-kppers-t9a.de\/index.php?rest_route=\/wp\/v2\/pages\/2574\/revisions"}],"predecessor-version":[{"id":2588,"href":"https:\/\/xn--hw-kppers-t9a.de\/index.php?rest_route=\/wp\/v2\/pages\/2574\/revisions\/2588"}],"wp:attachment":[{"href":"https:\/\/xn--hw-kppers-t9a.de\/index.php?rest_route=%2Fwp%2Fv2%2Fmedia&parent=2574"}],"curies":[{"name":"wp","href":"https:\/\/api.w.org\/{rel}","templated":true}]}}