{"id":2535,"date":"2024-10-13T12:10:13","date_gmt":"2024-10-13T12:10:13","guid":{"rendered":"https:\/\/xn--hw-kppers-t9a.de\/?page_id=2535"},"modified":"2024-10-13T12:24:04","modified_gmt":"2024-10-13T12:24:04","slug":"amaretto-haselnuss-eis","status":"publish","type":"page","link":"https:\/\/xn--hw-kppers-t9a.de\/?page_id=2535","title":{"rendered":"Amaretto-Haselnuss-Eis"},"content":{"rendered":"\t\t<div data-elementor-type=\"wp-page\" data-elementor-id=\"2535\" class=\"elementor elementor-2535\" data-elementor-post-type=\"page\">\n\t\t\t\t\t\t<section class=\"elementor-section elementor-top-section elementor-element elementor-element-b52b0a3 elementor-section-boxed elementor-section-height-default elementor-section-height-default\" data-id=\"b52b0a3\" data-element_type=\"section\" data-e-type=\"section\" data-settings=\"{&quot;background_background&quot;:&quot;classic&quot;}\">\n\t\t\t\t\t\t<div class=\"elementor-container elementor-column-gap-default\">\n\t\t\t\t\t<div class=\"elementor-column elementor-col-100 elementor-top-column elementor-element elementor-element-bc7524f\" data-id=\"bc7524f\" data-element_type=\"column\" data-e-type=\"column\">\n\t\t\t<div class=\"elementor-widget-wrap elementor-element-populated\">\n\t\t\t\t\t\t<div class=\"elementor-element elementor-element-27ea7ea elementor-widget elementor-widget-heading\" data-id=\"27ea7ea\" data-element_type=\"widget\" data-e-type=\"widget\" data-widget_type=\"heading.default\">\n\t\t\t\t<div class=\"elementor-widget-container\">\n\t\t\t\t\t<h2 class=\"elementor-heading-title elementor-size-default\">Amaretto-Haselnuss-Eis<\/h2>\t\t\t\t<\/div>\n\t\t\t\t<\/div>\n\t\t\t\t<div class=\"elementor-element elementor-element-06a5458 elementor-widget elementor-widget-text-editor\" data-id=\"06a5458\" data-element_type=\"widget\" data-e-type=\"widget\" data-widget_type=\"text-editor.default\">\n\t\t\t\t<div class=\"elementor-widget-container\">\n\t\t\t\t\t\t\t\t\t<h4><span style=\"text-decoration: underline;\"><em><strong><img fetchpriority=\"high\" decoding=\"async\" class=\" wp-image-2540 alignleft\" src=\"https:\/\/xn--hw-kppers-t9a.de\/wp-content\/uploads\/2024\/10\/a-h-300x200.jpg\" alt=\"\" width=\"713\" height=\"476\" \/>Werkzeuge:<\/strong><\/em><\/span><\/h4><h4><strong>eventuell 1 Feinwaage\u00a0<\/strong><\/h4><h4><strong>Stand- oder Stabmixer\u00a0<\/strong><\/h4><h4><span style=\"text-decoration: underline;\"><em><strong>m\u00f6glich ist:<\/strong><\/em><\/span><\/h4><h4><strong>Eismaschine oder Gefrierfach<\/strong><\/h4><div><strong>\u00a0<\/strong><\/div><p>\u00a0<\/p><h4><span style=\"text-decoration: underline;\"><em><strong>Zutaten:<\/strong><\/em><\/span><\/h4><p>\u00a0<\/p><h4><span style=\"text-decoration: underline;\"><em><strong>\u00a0<\/strong><strong>Fl\u00fcssige Zutaten:<\/strong><\/em><\/span><\/h4><p>\u00a0<\/p><h4><strong>425 g Milch<\/strong><\/h4><h4><strong>200 g Eier<\/strong><\/h4><h4><strong>170 g Mascarpone<\/strong><\/h4><h4><strong>100 g Haselnussmus\u00a0<\/strong><\/h4><h4><strong>Feste Zutaten<\/strong><\/h4><h4><strong>100 g Rohrzucker\u00a0<\/strong><\/h4><h4><strong>30 g Haseln\u00fcsse\u00a0<\/strong><\/h4><h4><strong>50 g Schokolade, zartbitter\u00a0<\/strong><\/h4><p>\u00a0<\/p><h4><span style=\"text-decoration: underline;\"><em><strong>Optional:<\/strong><\/em><\/span><\/h4><p>\u00a0<\/p><h4><strong>20 g Glycerin\u00a0<\/strong><\/h4><h4><strong>2 EL Haselnusslik\u00f6r\u00a0<\/strong><\/h4><h4><strong>2 EL Amaretto<\/strong><\/h4><p>\u00a0<\/p><h4><span style=\"text-decoration: underline;\"><em><strong>Anleitungen:<\/strong><\/em><\/span><\/h4><h4><span style=\"text-decoration: underline;\"><em><strong>\u00a0V<\/strong><strong>orbereitung der Eismasse:<\/strong><\/em><\/span><\/h4><h4><strong>Die H\u00e4lfte der Eier in Eigelb und Eiweiss trennen (f\u00fcr die Eiweissverwertung s. Tipps).<\/strong><\/h4><h4><strong>200 g Eier<\/strong><\/h4><h4><strong>Das Eigelb mit den restlichen Eiern und ca. der H\u00e4lfte des Zuckers in einer hitzebest\u00e4ndigen Sch\u00fcssel schaumig schlagen.<\/strong><\/h4><h4><strong>100 g Rohrzucker<\/strong><\/h4><h4><strong>Die Milch und die zweite H\u00e4lfte des Zuckers in einem Topf bis kurz vor dem Kochen erhitzen.<\/strong><\/h4><h4><strong>425 g Milch<\/strong><\/h4><h4><strong>Die hei\u00dfe Milch-Zuckermischung in die Eimasse einr\u00fchren.<\/strong><\/h4><h4><strong>Den Topf aussp\u00fclen und die gesamte Milch-Ei-Zucker-Masse in den Topf geben.<\/strong><\/h4><h4><strong>Unter best\u00e4ndigem R\u00fchren erw\u00e4rmen bis die Eismasse 75 \u00b0C erreicht hat. Mit einem Thermometer die Temperatur \u00fcberpr\u00fcfen.<\/strong><\/h4><h4><strong>Weiter r\u00fchren und die Temperatur 10 Minuten lang halten.<\/strong><\/h4><h4><strong>Den Topf vom Herd nehmen und die Eismasse etwas abk\u00fchlen lassen.<\/strong><\/h4><h4><strong>Das Haselnussmus und die Mascarpone gut einr\u00fchren.<\/strong><\/h4><h4><strong>100 g Haselnussmus,170 g Mascarpone<\/strong><\/h4><h4><strong>Lass die Eismasse im K\u00fchlschrank abk\u00fchlen.<\/strong><\/h4><h4><span style=\"text-decoration: underline;\"><em><strong>Vor oder w\u00e4hrend des Gefriervorgang<\/strong><\/em><\/span><\/h4><h4><strong>Schalte die Eismaschine an und lass sie einige Minuten vork\u00fchlen.<\/strong><\/h4><h4><strong>W\u00e4hrenddessen schlage die Eismasse noch einmal gut mit einem Mixer auf und starte dann den Gefriervorgang.<\/strong><\/h4><h4><strong>R\u00f6ste die Haseln\u00fcsse (entweder ganz oder gehackt) in einer Pfanne ohne Fett an, so dass sie eine leichte Br\u00e4unung bekommen.<\/strong><\/h4><h4><strong>30 g Haseln\u00fcsse<\/strong><\/h4><h4><strong>Etwa 15 Minuten vor Ende des Gefriervorgangs die Schokolade im Wasserbad schmelzen und handwarm abk\u00fchlen lassen.<\/strong><\/h4><h4><strong>50 g Schokolade, zartbitter<\/strong><\/h4><h4><strong>Optional: Kurz bevor das Eis fertig ist, f\u00fcge das Glycerin oder den Alkohol hinzu.<\/strong><\/h4><h4><strong>20 g Glycerin, 2 EL Haselnusslik\u00f6r, 2 EL Amaretto<\/strong><\/h4><h4><strong>Garnieren<\/strong><\/h4><h4><strong>Das Eis in eine Form geben und mit der geschmolzenen Schokolade und den ger\u00f6steten Haseln\u00fcssen garnieren.<\/strong><\/h4><h4><strong>Notizen<\/strong><\/h4><h4><strong>Alternativ kannst du die Eisherstellung auch ohne Eismaschine im Gefrierfach durchf\u00fchren (<span style=\"color: #ff0000;\">Gesamtdauer ca. 4 Stunden<\/span>).<\/strong><\/h4><h4><strong>Da Nuss-Eis im Gefrierfach aufgrund des hohen Fettgehalts <span style=\"color: #ff0000;\">relativ fest<\/span> wird, empfiehlt es sich, hier Glycerin oder Alkohol zu verwenden. Alternativ kann das Eis vor dem Verzehr ca. 20 Minuten im K\u00fchlschrank angetaut werden.<\/strong><\/h4>\t\t\t\t\t\t\t\t<\/div>\n\t\t\t\t<\/div>\n\t\t\t\t\t<\/div>\n\t\t<\/div>\n\t\t\t\t\t<\/div>\n\t\t<\/section>\n\t\t\t\t<\/div>\n\t\t","protected":false},"excerpt":{"rendered":"<p>Amaretto-Haselnuss-Eis Werkzeuge: eventuell 1 Feinwaage\u00a0 Stand- oder Stabmixer\u00a0 m\u00f6glich ist: Eismaschine oder Gefrierfach \u00a0 \u00a0 Zutaten: \u00a0 \u00a0Fl\u00fcssige Zutaten: \u00a0 425 g Milch 200 g Eier 170 g Mascarpone 100 g Haselnussmus\u00a0 Feste Zutaten 100 g Rohrzucker\u00a0 30 g Haseln\u00fcsse\u00a0 50 g Schokolade, zartbitter\u00a0 \u00a0 Optional: \u00a0 20 g Glycerin\u00a0 2 EL Haselnusslik\u00f6r\u00a0 2 EL [&hellip;]<\/p>\n","protected":false},"author":1,"featured_media":0,"parent":0,"menu_order":0,"comment_status":"closed","ping_status":"closed","template":"","meta":{"footnotes":""},"class_list":["post-2535","page","type-page","status-publish","hentry"],"_links":{"self":[{"href":"https:\/\/xn--hw-kppers-t9a.de\/index.php?rest_route=\/wp\/v2\/pages\/2535","targetHints":{"allow":["GET"]}}],"collection":[{"href":"https:\/\/xn--hw-kppers-t9a.de\/index.php?rest_route=\/wp\/v2\/pages"}],"about":[{"href":"https:\/\/xn--hw-kppers-t9a.de\/index.php?rest_route=\/wp\/v2\/types\/page"}],"author":[{"embeddable":true,"href":"https:\/\/xn--hw-kppers-t9a.de\/index.php?rest_route=\/wp\/v2\/users\/1"}],"replies":[{"embeddable":true,"href":"https:\/\/xn--hw-kppers-t9a.de\/index.php?rest_route=%2Fwp%2Fv2%2Fcomments&post=2535"}],"version-history":[{"count":10,"href":"https:\/\/xn--hw-kppers-t9a.de\/index.php?rest_route=\/wp\/v2\/pages\/2535\/revisions"}],"predecessor-version":[{"id":2547,"href":"https:\/\/xn--hw-kppers-t9a.de\/index.php?rest_route=\/wp\/v2\/pages\/2535\/revisions\/2547"}],"wp:attachment":[{"href":"https:\/\/xn--hw-kppers-t9a.de\/index.php?rest_route=%2Fwp%2Fv2%2Fmedia&parent=2535"}],"curies":[{"name":"wp","href":"https:\/\/api.w.org\/{rel}","templated":true}]}}