{"id":2462,"date":"2024-10-13T10:40:27","date_gmt":"2024-10-13T10:40:27","guid":{"rendered":"https:\/\/xn--hw-kppers-t9a.de\/?page_id=2462"},"modified":"2024-10-13T10:55:10","modified_gmt":"2024-10-13T10:55:10","slug":"schokoladeneis","status":"publish","type":"page","link":"https:\/\/xn--hw-kppers-t9a.de\/?page_id=2462","title":{"rendered":"Schokoladeneis"},"content":{"rendered":"\t\t<div data-elementor-type=\"wp-page\" data-elementor-id=\"2462\" class=\"elementor elementor-2462\" data-elementor-post-type=\"page\">\n\t\t\t\t\t\t<section class=\"elementor-section elementor-top-section elementor-element elementor-element-8812c36 elementor-section-boxed elementor-section-height-default elementor-section-height-default\" data-id=\"8812c36\" data-element_type=\"section\" data-e-type=\"section\" data-settings=\"{&quot;background_background&quot;:&quot;classic&quot;}\">\n\t\t\t\t\t\t<div class=\"elementor-container elementor-column-gap-default\">\n\t\t\t\t\t<div class=\"elementor-column elementor-col-100 elementor-top-column elementor-element elementor-element-7df48e7\" data-id=\"7df48e7\" data-element_type=\"column\" data-e-type=\"column\">\n\t\t\t<div class=\"elementor-widget-wrap elementor-element-populated\">\n\t\t\t\t\t\t<div class=\"elementor-element elementor-element-a3c3988 elementor-widget elementor-widget-heading\" data-id=\"a3c3988\" data-element_type=\"widget\" data-e-type=\"widget\" data-widget_type=\"heading.default\">\n\t\t\t\t<div class=\"elementor-widget-container\">\n\t\t\t\t\t<h2 class=\"elementor-heading-title elementor-size-default\">Schokoladeneis\nmit \"SCHOKOLADEST\u00dcCKEN\"\n<\/h2>\t\t\t\t<\/div>\n\t\t\t\t<\/div>\n\t\t\t\t<div class=\"elementor-element elementor-element-e454991 elementor-widget elementor-widget-text-editor\" data-id=\"e454991\" data-element_type=\"widget\" data-e-type=\"widget\" data-widget_type=\"text-editor.default\">\n\t\t\t\t<div class=\"elementor-widget-container\">\n\t\t\t\t\t\t\t\t\t<h4><span style=\"text-decoration: underline;\"><em><strong><img fetchpriority=\"high\" decoding=\"async\" class=\" wp-image-2467 alignleft\" src=\"https:\/\/xn--hw-kppers-t9a.de\/wp-content\/uploads\/2024\/10\/schoko-300x226.jpg\" alt=\"\" width=\"559\" height=\"421\" srcset=\"https:\/\/xn--hw-kppers-t9a.de\/wp-content\/uploads\/2024\/10\/schoko-300x226.jpg 300w, https:\/\/xn--hw-kppers-t9a.de\/wp-content\/uploads\/2024\/10\/schoko-1024x772.jpg 1024w, https:\/\/xn--hw-kppers-t9a.de\/wp-content\/uploads\/2024\/10\/schoko-768x579.jpg 768w, https:\/\/xn--hw-kppers-t9a.de\/wp-content\/uploads\/2024\/10\/schoko-1536x1158.jpg 1536w, https:\/\/xn--hw-kppers-t9a.de\/wp-content\/uploads\/2024\/10\/schoko.jpg 1600w\" sizes=\"(max-width: 559px) 100vw, 559px\" \/>Zutaten f\u00fcr 4\u00a0<\/strong><strong>Portionen:<\/strong><\/em><\/span><\/h4><h4><strong>\u00a0<\/strong><\/h4><h4><strong>250 ml Vollmilch<\/strong><\/h4><h4><strong>250 g Sahne<\/strong><\/h4><h4><strong>200 g Schokolade<\/strong><\/h4><h4><strong>5 Eigelb<\/strong><\/h4><h4><strong>40 g Rohrzucker<\/strong><\/h4><h4><strong>1 Prise Salz<\/strong><\/h4><h4><strong>\u00a0<\/strong><\/h4><h4>\u00a0<\/h4><h4><span style=\"text-decoration: underline;\"><em><strong>M\u00f6glichkeiten:<\/strong><\/em><\/span><\/h4><h4><strong>Du kannst dein Schokoladeneis ganz einfach mit N\u00fcssen, Nuss-Nougat-Creme oder einem Schluck Lik\u00f6r verfeinern.<\/strong><\/h4><h4><strong>\u00a0<\/strong><\/h4><h4><strong>1. SCHRITT<\/strong><\/h4><h4>\u00a0<\/h4><h4><strong>Gib die Milch und die grob gehackte Schokolade in einen Topf, erw\u00e4rme dann die Milch, bis die Schokolade geschmolzen ist.<\/strong><\/h4><h4><strong>\u00a0<\/strong><\/h4><h4><strong>2. SCHRITT<\/strong><\/h4><h4><strong>\u00a0<\/strong><strong>Nun das Eigelb mit dem Zucker schaumig schlagen und die Masse nach und nach unter die hei\u00dfe Schokomilch r\u00fchren.<\/strong><\/h4><h4><strong>Die Masse unter R\u00fchren auf 75 \u00b0C erhitzen und dann auf Zimmertemperatur ausk\u00fchlen lassen.<\/strong><\/h4><h4><strong>\u00a0<\/strong><\/h4><h4><strong>3. SCHRITT<\/strong><\/h4><h4><strong>Die Sahne aufschlagen und unter die Eismasse r\u00fchren, dann alles auf K\u00fchlschranktemperatur herunterk\u00fchlen lassen.<\/strong><\/h4><h4><strong>\u00a0<\/strong><\/h4><h4><strong>4. SCHRITT<\/strong><\/h4><h4><span style=\"text-decoration: underline; color: #0000ff;\"><em><strong>Mit Eismaschine:<\/strong><\/em><\/span><\/h4><h4><span style=\"color: #0000ff;\"><strong>Die gek\u00fchlte Eismasse in die Eismaschine geben und gefrieren lassen. (ca. 30-50 Min.)<\/strong><\/span><\/h4><h4><strong>\u00a0<\/strong><\/h4><h4><span style=\"text-decoration: underline; color: #00ffff;\"><em><strong>Ohne Eismaschine:<\/strong><\/em><\/span><\/h4><h4><span style=\"color: #00ffff;\"><strong>Die Eismasse in einer Sch\u00fcssel ca. 1 Stunde lang im Tiefk\u00fchlfach vorfrieren. Die vorgefrorene Eismasse muss nun alle 30 Minuten durchger\u00fchrt werden<\/strong><\/span><\/h4>\t\t\t\t\t\t\t\t<\/div>\n\t\t\t\t<\/div>\n\t\t\t\t<div class=\"elementor-element elementor-element-f53e343 elementor-widget elementor-widget-text-editor\" data-id=\"f53e343\" data-element_type=\"widget\" data-e-type=\"widget\" data-widget_type=\"text-editor.default\">\n\t\t\t\t<div class=\"elementor-widget-container\">\n\t\t\t\t\t\t\t\t\t<p>Lorem ipsum dolor sit amet, consectetur adipiscing elit. Ut elit tellus, luctus nec ullamcorper mattis, pulvinar dapibus leo.<\/p>\t\t\t\t\t\t\t\t<\/div>\n\t\t\t\t<\/div>\n\t\t\t\t\t<\/div>\n\t\t<\/div>\n\t\t\t\t\t<\/div>\n\t\t<\/section>\n\t\t\t\t<\/div>\n\t\t","protected":false},"excerpt":{"rendered":"<p>Schokoladeneis mit &#8222;SCHOKOLADEST\u00dcCKEN&#8220; Zutaten f\u00fcr 4\u00a0Portionen: \u00a0 250 ml Vollmilch 250 g Sahne 200 g Schokolade 5 Eigelb 40 g Rohrzucker 1 Prise Salz \u00a0 \u00a0 M\u00f6glichkeiten: Du kannst dein Schokoladeneis ganz einfach mit N\u00fcssen, Nuss-Nougat-Creme oder einem Schluck Lik\u00f6r verfeinern. \u00a0 1. SCHRITT \u00a0 Gib die Milch und die grob gehackte Schokolade in einen [&hellip;]<\/p>\n","protected":false},"author":1,"featured_media":0,"parent":0,"menu_order":0,"comment_status":"closed","ping_status":"closed","template":"","meta":{"footnotes":""},"class_list":["post-2462","page","type-page","status-publish","hentry"],"_links":{"self":[{"href":"https:\/\/xn--hw-kppers-t9a.de\/index.php?rest_route=\/wp\/v2\/pages\/2462","targetHints":{"allow":["GET"]}}],"collection":[{"href":"https:\/\/xn--hw-kppers-t9a.de\/index.php?rest_route=\/wp\/v2\/pages"}],"about":[{"href":"https:\/\/xn--hw-kppers-t9a.de\/index.php?rest_route=\/wp\/v2\/types\/page"}],"author":[{"embeddable":true,"href":"https:\/\/xn--hw-kppers-t9a.de\/index.php?rest_route=\/wp\/v2\/users\/1"}],"replies":[{"embeddable":true,"href":"https:\/\/xn--hw-kppers-t9a.de\/index.php?rest_route=%2Fwp%2Fv2%2Fcomments&post=2462"}],"version-history":[{"count":10,"href":"https:\/\/xn--hw-kppers-t9a.de\/index.php?rest_route=\/wp\/v2\/pages\/2462\/revisions"}],"predecessor-version":[{"id":2475,"href":"https:\/\/xn--hw-kppers-t9a.de\/index.php?rest_route=\/wp\/v2\/pages\/2462\/revisions\/2475"}],"wp:attachment":[{"href":"https:\/\/xn--hw-kppers-t9a.de\/index.php?rest_route=%2Fwp%2Fv2%2Fmedia&parent=2462"}],"curies":[{"name":"wp","href":"https:\/\/api.w.org\/{rel}","templated":true}]}}