{"id":2431,"date":"2024-10-13T10:01:26","date_gmt":"2024-10-13T10:01:26","guid":{"rendered":"https:\/\/xn--hw-kppers-t9a.de\/?page_id=2431"},"modified":"2024-10-13T10:15:25","modified_gmt":"2024-10-13T10:15:25","slug":"buttermilch-zitronen-eis","status":"publish","type":"page","link":"https:\/\/xn--hw-kppers-t9a.de\/?page_id=2431","title":{"rendered":"Buttermilch-Zitronen-Eis"},"content":{"rendered":"\t\t<div data-elementor-type=\"wp-page\" data-elementor-id=\"2431\" class=\"elementor elementor-2431\" data-elementor-post-type=\"page\">\n\t\t\t\t\t\t<section class=\"elementor-section elementor-top-section elementor-element elementor-element-9ff77cf elementor-section-boxed elementor-section-height-default elementor-section-height-default\" data-id=\"9ff77cf\" data-element_type=\"section\" data-e-type=\"section\" data-settings=\"{&quot;background_background&quot;:&quot;classic&quot;}\">\n\t\t\t\t\t\t<div class=\"elementor-container elementor-column-gap-default\">\n\t\t\t\t\t<div class=\"elementor-column elementor-col-100 elementor-top-column elementor-element elementor-element-83a53af\" data-id=\"83a53af\" data-element_type=\"column\" data-e-type=\"column\">\n\t\t\t<div class=\"elementor-widget-wrap elementor-element-populated\">\n\t\t\t\t\t\t<div class=\"elementor-element elementor-element-0d001c0 elementor-widget elementor-widget-heading\" data-id=\"0d001c0\" data-element_type=\"widget\" data-e-type=\"widget\" data-widget_type=\"heading.default\">\n\t\t\t\t<div class=\"elementor-widget-container\">\n\t\t\t\t\t<h2 class=\"elementor-heading-title elementor-size-default\">Buttermilch-Zitronen-Eis<\/h2>\t\t\t\t<\/div>\n\t\t\t\t<\/div>\n\t\t\t\t<div class=\"elementor-element elementor-element-5ae83d4 elementor-widget elementor-widget-text-editor\" data-id=\"5ae83d4\" data-element_type=\"widget\" data-e-type=\"widget\" data-widget_type=\"text-editor.default\">\n\t\t\t\t<div class=\"elementor-widget-container\">\n\t\t\t\t\t\t\t\t\t<h4><strong><span style=\"text-decoration: underline;\"><em><img fetchpriority=\"high\" decoding=\"async\" class=\" wp-image-2437 alignleft\" src=\"https:\/\/xn--hw-kppers-t9a.de\/wp-content\/uploads\/2024\/10\/BuMi-300x169.jpg\" alt=\"\" width=\"479\" height=\"270\" srcset=\"https:\/\/xn--hw-kppers-t9a.de\/wp-content\/uploads\/2024\/10\/BuMi-300x169.jpg 300w, https:\/\/xn--hw-kppers-t9a.de\/wp-content\/uploads\/2024\/10\/BuMi-1024x576.jpg 1024w, https:\/\/xn--hw-kppers-t9a.de\/wp-content\/uploads\/2024\/10\/BuMi-768x432.jpg 768w, https:\/\/xn--hw-kppers-t9a.de\/wp-content\/uploads\/2024\/10\/BuMi-1536x864.jpg 1536w, https:\/\/xn--hw-kppers-t9a.de\/wp-content\/uploads\/2024\/10\/BuMi.jpg 2000w\" sizes=\"(max-width: 479px) 100vw, 479px\" \/>Zutaten f\u00fcr 4 Portionen:<\/em><\/span><\/strong><\/h4><h4><strong>200 ml Buttermilch<\/strong><\/h4><h4><strong>300 g Sahne<\/strong><\/h4><h4><strong>2 P\u00e4ckchen Vanillezucker<\/strong><\/h4><h4><strong>200 ml L\u00e4uterzucker <\/strong><\/h4><h4><strong>3 Zitronen<\/strong><\/h4><h4><strong>\u00a0<\/strong><\/h4><h4><strong><span style=\"text-decoration: underline;\"><em>Zubereitung:<\/em><\/span><\/strong><\/h4><h4><strong>EXTRA TIPP<\/strong><\/h4><h4><strong>Wenn du keinen L\u00e4uterzucker hast, kannst du ihn ganz leicht selbst herstellen: einfach 200 g Zucker mit 200 ml Wasser aufkochen, bis sich der Zucker komplett aufgel\u00f6st hat \u2013 fertig!<\/strong><\/h4><h4><strong>Schritt 1<\/strong><\/h4><h4><strong>\u00a0<\/strong><strong>\u00a0 \u00a0 Buttermilch, L\u00e4uterzucker und Vanillezucker vermischen und den Zitronensaft hinzugeben.<\/strong><\/h4><div><strong>\u00a0<\/strong><\/div><h4><strong>\u00a0<\/strong><strong>Schritt 2<\/strong><\/h4><h4><strong>\u00a0<\/strong><strong>\u00a0 \u00a0 Die Sahne steif schlagen und unter die Zitronen-Buttermilch-Mischung heben.<\/strong><\/h4><h4><strong>Schritt 3<\/strong><\/h4><h4><strong>\u00a0<\/strong><strong>\u00a0 \u00a0 <span style=\"color: #0000ff;\">Mit Eismaschine:<\/span><\/strong><\/h4><h4><span style=\"color: #0000ff;\"><strong>Die gek\u00fchlte Eismasse in die Eismaschine geben und gefrieren lassen. (ca. 30-50 Min.)<\/strong><\/span><\/h4><div><strong>\u00a0<\/strong><\/div><h4><strong>\u00a0<span style=\"color: #0000ff;\">\u00a0\u00a0\u00a0 Ohne Eismaschine:<\/span><\/strong><\/h4><h4><span style=\"color: #0000ff;\"><strong>Die Eismasse in einer Sch\u00fcssel ca. 1 Stunde lang im Tiefk\u00fchlfach vorfrieren. Die vorgefrorene Eismasse muss nun alle 30 Minuten durchger\u00fchrt werden.<\/strong><\/span><\/h4><h4><strong>\u00a0<\/strong><\/h4>\t\t\t\t\t\t\t\t<\/div>\n\t\t\t\t<\/div>\n\t\t\t\t\t<\/div>\n\t\t<\/div>\n\t\t\t\t\t<\/div>\n\t\t<\/section>\n\t\t\t\t<\/div>\n\t\t","protected":false},"excerpt":{"rendered":"<p>Buttermilch-Zitronen-Eis Zutaten f\u00fcr 4 Portionen: 200 ml Buttermilch 300 g Sahne 2 P\u00e4ckchen Vanillezucker 200 ml L\u00e4uterzucker 3 Zitronen \u00a0 Zubereitung: EXTRA TIPP Wenn du keinen L\u00e4uterzucker hast, kannst du ihn ganz leicht selbst herstellen: einfach 200 g Zucker mit 200 ml Wasser aufkochen, bis sich der Zucker komplett aufgel\u00f6st hat \u2013 fertig! Schritt 1 [&hellip;]<\/p>\n","protected":false},"author":1,"featured_media":0,"parent":0,"menu_order":0,"comment_status":"closed","ping_status":"closed","template":"","meta":{"footnotes":""},"class_list":["post-2431","page","type-page","status-publish","hentry"],"_links":{"self":[{"href":"https:\/\/xn--hw-kppers-t9a.de\/index.php?rest_route=\/wp\/v2\/pages\/2431","targetHints":{"allow":["GET"]}}],"collection":[{"href":"https:\/\/xn--hw-kppers-t9a.de\/index.php?rest_route=\/wp\/v2\/pages"}],"about":[{"href":"https:\/\/xn--hw-kppers-t9a.de\/index.php?rest_route=\/wp\/v2\/types\/page"}],"author":[{"embeddable":true,"href":"https:\/\/xn--hw-kppers-t9a.de\/index.php?rest_route=\/wp\/v2\/users\/1"}],"replies":[{"embeddable":true,"href":"https:\/\/xn--hw-kppers-t9a.de\/index.php?rest_route=%2Fwp%2Fv2%2Fcomments&post=2431"}],"version-history":[{"count":10,"href":"https:\/\/xn--hw-kppers-t9a.de\/index.php?rest_route=\/wp\/v2\/pages\/2431\/revisions"}],"predecessor-version":[{"id":2444,"href":"https:\/\/xn--hw-kppers-t9a.de\/index.php?rest_route=\/wp\/v2\/pages\/2431\/revisions\/2444"}],"wp:attachment":[{"href":"https:\/\/xn--hw-kppers-t9a.de\/index.php?rest_route=%2Fwp%2Fv2%2Fmedia&parent=2431"}],"curies":[{"name":"wp","href":"https:\/\/api.w.org\/{rel}","templated":true}]}}