{"id":2407,"date":"2024-10-13T09:16:59","date_gmt":"2024-10-13T09:16:59","guid":{"rendered":"https:\/\/xn--hw-kppers-t9a.de\/?page_id=2407"},"modified":"2024-10-13T09:26:06","modified_gmt":"2024-10-13T09:26:06","slug":"amarena-eis","status":"publish","type":"page","link":"https:\/\/xn--hw-kppers-t9a.de\/?page_id=2407","title":{"rendered":"Amarena-Eis"},"content":{"rendered":"\t\t<div data-elementor-type=\"wp-page\" data-elementor-id=\"2407\" class=\"elementor elementor-2407\" data-elementor-post-type=\"page\">\n\t\t\t\t\t\t<section class=\"elementor-section elementor-top-section elementor-element elementor-element-d6311fe elementor-section-boxed elementor-section-height-default elementor-section-height-default\" data-id=\"d6311fe\" data-element_type=\"section\" data-e-type=\"section\" data-settings=\"{&quot;background_background&quot;:&quot;classic&quot;}\">\n\t\t\t\t\t\t<div class=\"elementor-container elementor-column-gap-default\">\n\t\t\t\t\t<div class=\"elementor-column elementor-col-100 elementor-top-column elementor-element elementor-element-53e1d55\" data-id=\"53e1d55\" data-element_type=\"column\" data-e-type=\"column\">\n\t\t\t<div class=\"elementor-widget-wrap elementor-element-populated\">\n\t\t\t\t\t\t<div class=\"elementor-element elementor-element-791a0d2 elementor-widget elementor-widget-heading\" data-id=\"791a0d2\" data-element_type=\"widget\" data-e-type=\"widget\" data-widget_type=\"heading.default\">\n\t\t\t\t<div class=\"elementor-widget-container\">\n\t\t\t\t\t<h2 class=\"elementor-heading-title elementor-size-default\">Amarena-Eis<\/h2>\t\t\t\t<\/div>\n\t\t\t\t<\/div>\n\t\t\t\t<div class=\"elementor-element elementor-element-bb86c9b elementor-widget elementor-widget-text-editor\" data-id=\"bb86c9b\" data-element_type=\"widget\" data-e-type=\"widget\" data-widget_type=\"text-editor.default\">\n\t\t\t\t<div class=\"elementor-widget-container\">\n\t\t\t\t\t\t\t\t\t<h4><img fetchpriority=\"high\" decoding=\"async\" class=\" wp-image-2409 alignleft\" src=\"https:\/\/xn--hw-kppers-t9a.de\/wp-content\/uploads\/2024\/10\/Amarena-300x225.jpg\" alt=\"\" width=\"596\" height=\"447\" srcset=\"https:\/\/xn--hw-kppers-t9a.de\/wp-content\/uploads\/2024\/10\/Amarena-300x225.jpg 300w, https:\/\/xn--hw-kppers-t9a.de\/wp-content\/uploads\/2024\/10\/Amarena-768x576.jpg 768w, https:\/\/xn--hw-kppers-t9a.de\/wp-content\/uploads\/2024\/10\/Amarena.jpg 973w\" sizes=\"(max-width: 596px) 100vw, 596px\" \/>Arbeitszeit25<strong> Min.\u00a0\u00a0 K\u00fchlen50 Min.\u00a0\u00a0\u00a0\u00a0\u00a0\u00a0\u00a0\u00a0\u00a0\u00a0\u00a0\u00a0\u00a0\u00a0\u00a0\u00a0\u00a0 NiveauEinfach<\/strong><\/h4><h4><strong>Mit diesem Rezept kommt es dank Naturjoghurt und Sahne super cremig aus der Eismaschine. Das feine Dessert ist etwas f\u00fcr die ganze Familie.<\/strong><\/h4><h4><span style=\"text-decoration: underline;\"><em><strong>Zutaten f\u00fcr 4 Portionen:<\/strong><\/em><\/span><\/h4><p>\u00a0<\/p><h4><strong>170 g Sahne<\/strong><\/h4><h4><strong>300 g Naturjoghurt (3,5 % Fett)<\/strong><\/h4><h4><strong>100 g Puderzucker<\/strong><\/h4><h4><strong>2 EL Zitronensaft<\/strong><\/h4><h4><strong>4 EL Amarenakirschen<\/strong><\/h4><h4><strong>\u00a0<\/strong><\/h4><h4><span style=\"text-decoration: underline;\"><em><strong>Zubereitung:<\/strong><\/em><\/span><\/h4><p>\u00a0<\/p><ol><li><h4><strong>1. Schritt<\/strong><strong>\u00a0<\/strong><\/h4><\/li><\/ol><h4><strong>170 g Sahne,\u00a0<\/strong><strong style=\"color: inherit; font-family: inherit; font-size: 1.5rem; letter-spacing: 0.7px;\">300 g Naturjoghurt (3,5 % Fett),\u00a0<\/strong><strong style=\"color: inherit; font-family: inherit; font-size: 1.5rem; letter-spacing: 0.7px;\">100 g Puderzucker,\u00a0<\/strong><strong style=\"color: inherit; font-family: inherit; font-size: 1.5rem; letter-spacing: 0.7px;\">2 EL Zitronensaft<\/strong><\/h4><h4><strong>Die Sahne steif aufschlagen. Den Naturjoghurt mit dem Puderzucker und dem Zitronensaft glattr\u00fchren, dann die Sahne unterheben. Die Masse f\u00fcr 30 Minuten in die Tiefk\u00fchltruhe stellen, dann in die Eismaschine geben und f\u00fcr 20 \u2013 30 Minuten cremig r\u00fchren lassen.<\/strong><\/h4><h4><strong>\u00a0<\/strong><\/h4><h4>\u00a0 \u00a0 \u00a0<strong> \u00a02. Schritt<\/strong><\/h4><h4><strong>4 EL Amarenakirschen<\/strong><\/h4><h4><strong>Sobald das Sahneeis beginnt, fest zu werden, k\u00f6nnen die Amarenakirschen hinzugef\u00fcgt werden. Das Eis kann luftdicht verpackt im Tiefk\u00fchlfach gelagert werden. Zum Servieren je 2 Kugeln Eis in eine Dessertschale geben und das Eis sofort servieren.<\/strong><\/h4>\t\t\t\t\t\t\t\t<\/div>\n\t\t\t\t<\/div>\n\t\t\t\t\t<\/div>\n\t\t<\/div>\n\t\t\t\t\t<\/div>\n\t\t<\/section>\n\t\t\t\t<\/div>\n\t\t","protected":false},"excerpt":{"rendered":"<p>Amarena-Eis Arbeitszeit25 Min.\u00a0\u00a0 K\u00fchlen50 Min.\u00a0\u00a0\u00a0\u00a0\u00a0\u00a0\u00a0\u00a0\u00a0\u00a0\u00a0\u00a0\u00a0\u00a0\u00a0\u00a0\u00a0 NiveauEinfach Mit diesem Rezept kommt es dank Naturjoghurt und Sahne super cremig aus der Eismaschine. Das feine Dessert ist etwas f\u00fcr die ganze Familie. Zutaten f\u00fcr 4 Portionen: \u00a0 170 g Sahne 300 g Naturjoghurt (3,5 % Fett) 100 g Puderzucker 2 EL Zitronensaft 4 EL Amarenakirschen \u00a0 Zubereitung: \u00a0 [&hellip;]<\/p>\n","protected":false},"author":1,"featured_media":0,"parent":0,"menu_order":0,"comment_status":"closed","ping_status":"closed","template":"","meta":{"footnotes":""},"class_list":["post-2407","page","type-page","status-publish","hentry"],"_links":{"self":[{"href":"https:\/\/xn--hw-kppers-t9a.de\/index.php?rest_route=\/wp\/v2\/pages\/2407","targetHints":{"allow":["GET"]}}],"collection":[{"href":"https:\/\/xn--hw-kppers-t9a.de\/index.php?rest_route=\/wp\/v2\/pages"}],"about":[{"href":"https:\/\/xn--hw-kppers-t9a.de\/index.php?rest_route=\/wp\/v2\/types\/page"}],"author":[{"embeddable":true,"href":"https:\/\/xn--hw-kppers-t9a.de\/index.php?rest_route=\/wp\/v2\/users\/1"}],"replies":[{"embeddable":true,"href":"https:\/\/xn--hw-kppers-t9a.de\/index.php?rest_route=%2Fwp%2Fv2%2Fcomments&post=2407"}],"version-history":[{"count":7,"href":"https:\/\/xn--hw-kppers-t9a.de\/index.php?rest_route=\/wp\/v2\/pages\/2407\/revisions"}],"predecessor-version":[{"id":2416,"href":"https:\/\/xn--hw-kppers-t9a.de\/index.php?rest_route=\/wp\/v2\/pages\/2407\/revisions\/2416"}],"wp:attachment":[{"href":"https:\/\/xn--hw-kppers-t9a.de\/index.php?rest_route=%2Fwp%2Fv2%2Fmedia&parent=2407"}],"curies":[{"name":"wp","href":"https:\/\/api.w.org\/{rel}","templated":true}]}}