{"id":2356,"date":"2024-10-13T07:02:13","date_gmt":"2024-10-13T07:02:13","guid":{"rendered":"https:\/\/xn--hw-kppers-t9a.de\/?page_id=2356"},"modified":"2024-10-13T07:10:25","modified_gmt":"2024-10-13T07:10:25","slug":"spaetzle-auflauf-mit-sosse-hollandaise-und-schinken","status":"publish","type":"page","link":"https:\/\/xn--hw-kppers-t9a.de\/?page_id=2356","title":{"rendered":"Sp\u00e4tzle Auflauf mit So\u00dfe Hollandaise und Schinken"},"content":{"rendered":"\t\t<div data-elementor-type=\"wp-page\" data-elementor-id=\"2356\" class=\"elementor elementor-2356\" data-elementor-post-type=\"page\">\n\t\t\t\t\t\t<section class=\"elementor-section elementor-top-section elementor-element elementor-element-560518a elementor-section-boxed elementor-section-height-default elementor-section-height-default\" data-id=\"560518a\" data-element_type=\"section\" data-e-type=\"section\" data-settings=\"{&quot;background_background&quot;:&quot;classic&quot;}\">\n\t\t\t\t\t\t<div class=\"elementor-container elementor-column-gap-default\">\n\t\t\t\t\t<div class=\"elementor-column elementor-col-100 elementor-top-column elementor-element elementor-element-bbc84c9\" data-id=\"bbc84c9\" data-element_type=\"column\" data-e-type=\"column\">\n\t\t\t<div class=\"elementor-widget-wrap elementor-element-populated\">\n\t\t\t\t\t\t<div class=\"elementor-element elementor-element-1f24cc2 elementor-widget elementor-widget-heading\" data-id=\"1f24cc2\" data-element_type=\"widget\" data-e-type=\"widget\" data-widget_type=\"heading.default\">\n\t\t\t\t<div class=\"elementor-widget-container\">\n\t\t\t\t\t<h2 class=\"elementor-heading-title elementor-size-default\">Sp\u00e4tzle Auflauf mit So\u00dfe Hollandaise und Schinken<\/h2>\t\t\t\t<\/div>\n\t\t\t\t<\/div>\n\t\t\t\t<div class=\"elementor-element elementor-element-9d93f08 elementor-widget elementor-widget-text-editor\" data-id=\"9d93f08\" data-element_type=\"widget\" data-e-type=\"widget\" data-widget_type=\"text-editor.default\">\n\t\t\t\t<div class=\"elementor-widget-container\">\n\t\t\t\t\t\t\t\t\t<h4><span style=\"text-decoration: underline;\"><em><img fetchpriority=\"high\" decoding=\"async\" class=\" wp-image-2361 alignleft\" src=\"https:\/\/xn--hw-kppers-t9a.de\/wp-content\/uploads\/2024\/10\/Spae-283x300.jpg\" alt=\"\" width=\"462\" height=\"490\" srcset=\"https:\/\/xn--hw-kppers-t9a.de\/wp-content\/uploads\/2024\/10\/Spae-283x300.jpg 283w, https:\/\/xn--hw-kppers-t9a.de\/wp-content\/uploads\/2024\/10\/Spae-768x814.jpg 768w, https:\/\/xn--hw-kppers-t9a.de\/wp-content\/uploads\/2024\/10\/Spae.jpg 900w\" sizes=\"(max-width: 462px) 100vw, 462px\" \/>Zutaten:<\/em><\/span><\/h4><h4><strong>500g Sp\u00e4tzle<\/strong><strong><br \/>150 g gekochter Schinken w\u00fcrfeln<br \/>1 Paprikaschote St\u00fcckchen schneiden<br \/>1kleine Zucchini St\u00fcckchen schneiden<br \/>1 Handvoll Erbsen<br \/>1Zwiebel<br \/>1pck So\u00dfe Hollandaise<br \/>150 ml Sahne<br \/>1\/2 Packung geriebener K\u00e4se<br \/><br \/><\/strong><\/h4><h4>\u00a0<\/h4><h4>\u00a0<\/h4><h4>\u00a0<\/h4><h4><strong><br \/><span style=\"text-decoration: underline;\"><em>Zubereitung:<\/em><\/span><\/strong><\/h4><h4><strong>Nudeln nach Packungsanweisung kochen.<\/strong><\/h4><h4><strong>Zwiebel anbraten in 2essl \u00d6l,Schinken und Paprika, <\/strong><\/h4><h4><strong>Zucchini zugeben kurz mitbraten.<\/strong><strong><br \/>Erbsen dazu So\u00dfe Hollandaise und Sahne zugeben <\/strong><\/h4><h4><strong>erw\u00e4rmen mit Salz Pfeffer und 1\/4 Teel\u00f6ffel Cayenne <\/strong><\/h4><h4><strong>Pfeffer w\u00fcrzen,mit den Sp\u00e4tzle vermengen,in eine <\/strong><\/h4><h4><strong>Auflaufform geben mit K\u00e4se bestreuen.<\/strong><strong><br \/>180 Grad Ober und Unterhitze 25 Minuten backen.<br \/><\/strong><\/h4>\t\t\t\t\t\t\t\t<\/div>\n\t\t\t\t<\/div>\n\t\t\t\t\t<\/div>\n\t\t<\/div>\n\t\t\t\t\t<\/div>\n\t\t<\/section>\n\t\t\t\t<\/div>\n\t\t","protected":false},"excerpt":{"rendered":"<p>Sp\u00e4tzle Auflauf mit So\u00dfe Hollandaise und Schinken Zutaten: 500g Sp\u00e4tzle150 g gekochter Schinken w\u00fcrfeln1 Paprikaschote St\u00fcckchen schneiden1kleine Zucchini St\u00fcckchen schneiden1 Handvoll Erbsen1Zwiebel1pck So\u00dfe Hollandaise150 ml Sahne1\/2 Packung geriebener K\u00e4se \u00a0 \u00a0 \u00a0 Zubereitung: Nudeln nach Packungsanweisung kochen. Zwiebel anbraten in 2essl \u00d6l,Schinken und Paprika, Zucchini zugeben kurz mitbraten.Erbsen dazu So\u00dfe Hollandaise und Sahne zugeben erw\u00e4rmen [&hellip;]<\/p>\n","protected":false},"author":1,"featured_media":0,"parent":0,"menu_order":0,"comment_status":"closed","ping_status":"closed","template":"","meta":{"footnotes":""},"class_list":["post-2356","page","type-page","status-publish","hentry"],"_links":{"self":[{"href":"https:\/\/xn--hw-kppers-t9a.de\/index.php?rest_route=\/wp\/v2\/pages\/2356","targetHints":{"allow":["GET"]}}],"collection":[{"href":"https:\/\/xn--hw-kppers-t9a.de\/index.php?rest_route=\/wp\/v2\/pages"}],"about":[{"href":"https:\/\/xn--hw-kppers-t9a.de\/index.php?rest_route=\/wp\/v2\/types\/page"}],"author":[{"embeddable":true,"href":"https:\/\/xn--hw-kppers-t9a.de\/index.php?rest_route=\/wp\/v2\/users\/1"}],"replies":[{"embeddable":true,"href":"https:\/\/xn--hw-kppers-t9a.de\/index.php?rest_route=%2Fwp%2Fv2%2Fcomments&post=2356"}],"version-history":[{"count":10,"href":"https:\/\/xn--hw-kppers-t9a.de\/index.php?rest_route=\/wp\/v2\/pages\/2356\/revisions"}],"predecessor-version":[{"id":2368,"href":"https:\/\/xn--hw-kppers-t9a.de\/index.php?rest_route=\/wp\/v2\/pages\/2356\/revisions\/2368"}],"wp:attachment":[{"href":"https:\/\/xn--hw-kppers-t9a.de\/index.php?rest_route=%2Fwp%2Fv2%2Fmedia&parent=2356"}],"curies":[{"name":"wp","href":"https:\/\/api.w.org\/{rel}","templated":true}]}}