{"id":2337,"date":"2024-10-13T06:49:59","date_gmt":"2024-10-13T06:49:59","guid":{"rendered":"https:\/\/xn--hw-kppers-t9a.de\/?page_id=2337"},"modified":"2024-10-13T07:00:07","modified_gmt":"2024-10-13T07:00:07","slug":"asagne-alla-chili-con-carne","status":"publish","type":"page","link":"https:\/\/xn--hw-kppers-t9a.de\/?page_id=2337","title":{"rendered":"ASAGNE ALLA CHILI CON CARNE"},"content":{"rendered":"\t\t<div data-elementor-type=\"wp-page\" data-elementor-id=\"2337\" class=\"elementor elementor-2337\" data-elementor-post-type=\"page\">\n\t\t\t\t\t\t<section class=\"elementor-section elementor-top-section elementor-element elementor-element-2a93e6c elementor-section-boxed elementor-section-height-default elementor-section-height-default\" data-id=\"2a93e6c\" data-element_type=\"section\" data-e-type=\"section\" data-settings=\"{&quot;background_background&quot;:&quot;classic&quot;}\">\n\t\t\t\t\t\t<div class=\"elementor-container elementor-column-gap-default\">\n\t\t\t\t\t<div class=\"elementor-column elementor-col-100 elementor-top-column elementor-element elementor-element-d9b0ef8\" data-id=\"d9b0ef8\" data-element_type=\"column\" data-e-type=\"column\">\n\t\t\t<div class=\"elementor-widget-wrap elementor-element-populated\">\n\t\t\t\t\t\t<div class=\"elementor-element elementor-element-1f35e2d elementor-widget elementor-widget-heading\" data-id=\"1f35e2d\" data-element_type=\"widget\" data-e-type=\"widget\" data-widget_type=\"heading.default\">\n\t\t\t\t<div class=\"elementor-widget-container\">\n\t\t\t\t\t<h2 class=\"elementor-heading-title elementor-size-default\">ASAGNE ALLA CHILI CON CARNE<\/h2>\t\t\t\t<\/div>\n\t\t\t\t<\/div>\n\t\t\t\t<div class=\"elementor-element elementor-element-400b839 elementor-widget elementor-widget-text-editor\" data-id=\"400b839\" data-element_type=\"widget\" data-e-type=\"widget\" data-widget_type=\"text-editor.default\">\n\t\t\t\t<div class=\"elementor-widget-container\">\n\t\t\t\t\t\t\t\t\t<h4><strong><img fetchpriority=\"high\" decoding=\"async\" class=\" wp-image-2342 alignleft\" src=\"https:\/\/xn--hw-kppers-t9a.de\/wp-content\/uploads\/2024\/10\/ASA-250x300.jpg\" alt=\"\" width=\"479\" height=\"575\" srcset=\"https:\/\/xn--hw-kppers-t9a.de\/wp-content\/uploads\/2024\/10\/ASA-250x300.jpg 250w, https:\/\/xn--hw-kppers-t9a.de\/wp-content\/uploads\/2024\/10\/ASA-853x1024.jpg 853w, https:\/\/xn--hw-kppers-t9a.de\/wp-content\/uploads\/2024\/10\/ASA-768x922.jpg 768w, https:\/\/xn--hw-kppers-t9a.de\/wp-content\/uploads\/2024\/10\/ASA.jpg 1000w\" sizes=\"(max-width: 479px) 100vw, 479px\" \/><span style=\"color: #ff6600;\">M\u00e9xico trifft italienische K\u00fcche &#8211; eine super leckere Lasagne !<\/span>\u00a0<\/strong><strong><br \/>________________________<br \/>Rezept f\u00fcr 4 Portionen<br \/><\/strong><br \/><strong>\ud835\ude89\ud835\ude9e\ud835\ude9d\ud835\ude8a\ud835\ude9d\ud835\ude8e\ud835\ude97<\/strong><strong>:<\/strong><\/h4><h4><strong><br \/>1 Zwiebel<br \/>2 Zucchini<br \/>250g Kidneybohnen<br \/>300g Mais<br \/>350g Tatar<br \/>1 EL Tomatenmark<br \/>1 TL \u00d6l<br \/>200ml Gem\u00fcsebr\u00fche<br \/>Salz&amp;Pfeffer<br \/>150g Lasagne Bl\u00e4tter (<span style=\"color: #ffff00;\">Yellow Lentil WW<\/span>)<br \/>100g geriebener K\u00e4se 30%<br \/>Chili Con Carne Gew\u00fcrz\u00a0<\/strong><strong><br \/>800g st\u00fcckige Tomaten<\/strong><\/h4><h4><strong>\ud835\ude89\ud835\ude9e\ud835\ude8b\ud835\ude8e\ud835\ude9b\ud835\ude8e\ud835\ude92\ud835\ude9d\ud835\ude9e\ud835\ude97\ud835\ude90<\/strong><strong>:<\/strong><\/h4><h4><strong><br \/><\/strong><strong>\ud83c\udf36<\/strong><strong> Zwiebeln w\u00fcrfeln<\/strong><strong><br \/><\/strong><strong>\ud83c\udf36<\/strong><strong> Zucchini w\u00fcrfeln<\/strong><strong><br \/><\/strong><strong>\ud83c\udf36<\/strong><strong> Mais und Kidneybohnen absp\u00fclen<\/strong><strong><br \/><\/strong><strong>\ud83c\udf36<\/strong><strong> Pfanne mit \u00d6l erw\u00e4rmen und das Hack mit Zwiebeln <\/strong><\/h4><h4><strong>und Chili con Carne Gew\u00fcrz anbraten<br \/>\ud83c\udf36 Tomaten und Br\u00fche abl\u00f6schen<br \/>\ud83c\udf36 Mais und Bohnen dazu geben und mit Salz und Pfeffer w\u00fcrzen<br \/>\ud83c\udf36 Die Lasagne in einer Auflaufform mit den Lasagneplatten schichten<br \/>\ud83c\udf36 K\u00e4se oben drauf verteilen und ab in den Ofen<br \/>\ud83c\udf36 Umluft 180\u00b0C 45 min. backen<\/strong><\/h4>\t\t\t\t\t\t\t\t<\/div>\n\t\t\t\t<\/div>\n\t\t\t\t\t<\/div>\n\t\t<\/div>\n\t\t\t\t\t<\/div>\n\t\t<\/section>\n\t\t\t\t<\/div>\n\t\t","protected":false},"excerpt":{"rendered":"<p>ASAGNE ALLA CHILI CON CARNE M\u00e9xico trifft italienische K\u00fcche &#8211; eine super leckere Lasagne !\u00a0________________________Rezept f\u00fcr 4 Portionen\ud835\ude89\ud835\ude9e\ud835\ude9d\ud835\ude8a\ud835\ude9d\ud835\ude8e\ud835\ude97: 1 Zwiebel2 Zucchini250g Kidneybohnen300g Mais350g Tatar1 EL Tomatenmark1 TL \u00d6l200ml Gem\u00fcsebr\u00fcheSalz&amp;Pfeffer150g Lasagne Bl\u00e4tter (Yellow Lentil WW)100g geriebener K\u00e4se 30%Chili Con Carne Gew\u00fcrz\u00a0800g st\u00fcckige Tomaten \ud835\ude89\ud835\ude9e\ud835\ude8b\ud835\ude8e\ud835\ude9b\ud835\ude8e\ud835\ude92\ud835\ude9d\ud835\ude9e\ud835\ude97\ud835\ude90: \ud83c\udf36 Zwiebeln w\u00fcrfeln\ud83c\udf36 Zucchini w\u00fcrfeln\ud83c\udf36 Mais und Kidneybohnen absp\u00fclen\ud83c\udf36 Pfanne mit \u00d6l [&hellip;]<\/p>\n","protected":false},"author":1,"featured_media":0,"parent":0,"menu_order":0,"comment_status":"closed","ping_status":"closed","template":"","meta":{"footnotes":""},"class_list":["post-2337","page","type-page","status-publish","hentry"],"_links":{"self":[{"href":"https:\/\/xn--hw-kppers-t9a.de\/index.php?rest_route=\/wp\/v2\/pages\/2337","targetHints":{"allow":["GET"]}}],"collection":[{"href":"https:\/\/xn--hw-kppers-t9a.de\/index.php?rest_route=\/wp\/v2\/pages"}],"about":[{"href":"https:\/\/xn--hw-kppers-t9a.de\/index.php?rest_route=\/wp\/v2\/types\/page"}],"author":[{"embeddable":true,"href":"https:\/\/xn--hw-kppers-t9a.de\/index.php?rest_route=\/wp\/v2\/users\/1"}],"replies":[{"embeddable":true,"href":"https:\/\/xn--hw-kppers-t9a.de\/index.php?rest_route=%2Fwp%2Fv2%2Fcomments&post=2337"}],"version-history":[{"count":13,"href":"https:\/\/xn--hw-kppers-t9a.de\/index.php?rest_route=\/wp\/v2\/pages\/2337\/revisions"}],"predecessor-version":[{"id":2352,"href":"https:\/\/xn--hw-kppers-t9a.de\/index.php?rest_route=\/wp\/v2\/pages\/2337\/revisions\/2352"}],"wp:attachment":[{"href":"https:\/\/xn--hw-kppers-t9a.de\/index.php?rest_route=%2Fwp%2Fv2%2Fmedia&parent=2337"}],"curies":[{"name":"wp","href":"https:\/\/api.w.org\/{rel}","templated":true}]}}