{"id":2299,"date":"2024-10-13T06:23:26","date_gmt":"2024-10-13T06:23:26","guid":{"rendered":"https:\/\/xn--hw-kppers-t9a.de\/?page_id=2299"},"modified":"2024-10-13T06:36:50","modified_gmt":"2024-10-13T06:36:50","slug":"haehnchen-auflauf","status":"publish","type":"page","link":"https:\/\/xn--hw-kppers-t9a.de\/?page_id=2299","title":{"rendered":"H\u00e4hnchen-Auflauf"},"content":{"rendered":"\t\t<div data-elementor-type=\"wp-page\" data-elementor-id=\"2299\" class=\"elementor elementor-2299\" data-elementor-post-type=\"page\">\n\t\t\t\t\t\t<section class=\"elementor-section elementor-top-section elementor-element elementor-element-c9a3751 elementor-section-boxed elementor-section-height-default elementor-section-height-default\" data-id=\"c9a3751\" data-element_type=\"section\" data-e-type=\"section\" data-settings=\"{&quot;background_background&quot;:&quot;classic&quot;}\">\n\t\t\t\t\t\t<div class=\"elementor-container elementor-column-gap-default\">\n\t\t\t\t\t<div class=\"elementor-column elementor-col-100 elementor-top-column elementor-element elementor-element-9d0457d\" data-id=\"9d0457d\" data-element_type=\"column\" data-e-type=\"column\">\n\t\t\t<div class=\"elementor-widget-wrap elementor-element-populated\">\n\t\t\t\t\t\t<div class=\"elementor-element elementor-element-04fbe34 elementor-widget elementor-widget-heading\" data-id=\"04fbe34\" data-element_type=\"widget\" data-e-type=\"widget\" data-widget_type=\"heading.default\">\n\t\t\t\t<div class=\"elementor-widget-container\">\n\t\t\t\t\t<h2 class=\"elementor-heading-title elementor-size-default\">H\u00e4hnchen-Auflauf<\/h2>\t\t\t\t<\/div>\n\t\t\t\t<\/div>\n\t\t\t\t<div class=\"elementor-element elementor-element-72413fb elementor-widget__width-initial elementor-widget elementor-widget-text-editor\" data-id=\"72413fb\" data-element_type=\"widget\" data-e-type=\"widget\" data-widget_type=\"text-editor.default\">\n\t\t\t\t<div class=\"elementor-widget-container\">\n\t\t\t\t\t\t\t\t\t<h4><img fetchpriority=\"high\" decoding=\"async\" class=\" wp-image-2311 alignleft\" src=\"https:\/\/xn--hw-kppers-t9a.de\/wp-content\/uploads\/2024\/10\/Haeh-Aufl_a-252x300.jpg\" alt=\"\" width=\"738\" height=\"879\" srcset=\"https:\/\/xn--hw-kppers-t9a.de\/wp-content\/uploads\/2024\/10\/Haeh-Aufl_a-252x300.jpg 252w, https:\/\/xn--hw-kppers-t9a.de\/wp-content\/uploads\/2024\/10\/Haeh-Aufl_a-859x1024.jpg 859w, https:\/\/xn--hw-kppers-t9a.de\/wp-content\/uploads\/2024\/10\/Haeh-Aufl_a-768x916.jpg 768w, https:\/\/xn--hw-kppers-t9a.de\/wp-content\/uploads\/2024\/10\/Haeh-Aufl_a.jpg 900w\" sizes=\"(max-width: 738px) 100vw, 738px\" \/><\/h4><h4>\u00a0<\/h4><h4>Zutaten:<\/h4><h4>250 g kurze Nudeln (z.B. Tortiglioni)<\/h4><h4>150 g TK-Erbsen<\/h4><h4>1 rote Paprika<\/h4><h4>1 gelbe Paprika<\/h4><h4>1 Zwiebel<\/h4><h4>250 g Champignons<\/h4><h4>1 H\u00e4hnchenbrustfilet (ca. 320g)<\/h4><h4>2 EL Sonnenblumen\u00f6l<\/h4><h4>Salz<\/h4><h4>Pfeffer<\/h4><h4>1 TL Butter<\/h4><h4>200 ml Sahne<\/h4><h4>200 ml Milch<\/h4><h4>4 Eier<\/h4><h4>Salz<\/h4><h4>Pfeffer<\/h4><h4>150 g Streuk\u00e4se<\/h4><h4>\u00a0<\/h4><h4><strong>Zubereitung<\/strong><\/h4><h4><strong>250 g kurze Nudeln (z.B. Tortiglioni)\u00a0\u00a0<\/strong><strong>150 g TK-Erbsen<\/strong><\/h4><h4><strong>Nudeln nach Packungsanweisung al dente kochen. Erbsen 2 Minuten vor Ende der Kochzeit dazugeben. Anschlie\u00dfend abgie\u00dfen und mit kaltem Wasser abschrecken.<\/strong><\/h4><h4><strong>\u00a0<\/strong><\/h4><h4><strong>1 rote Paprika, <\/strong><strong>1 gelbe Paprika,\u00a0<\/strong><strong>1 Zwiebel,\u00a0<\/strong><strong>250 g Champignons,\u00a0<\/strong><strong>1 H\u00e4hnchenbrustfilet (ca. 320g)<\/strong><\/h4><h4><strong>Paprika entkernen und in kleine W\u00fcrfel schneiden. Zwiebel sch\u00e4len und fein w\u00fcrfeln. Champignons putzen und vierteln. H\u00e4hnchenbrustfilet in W\u00fcrfel schneiden.<\/strong><\/h4><h4><strong>\u00a0<\/strong><\/h4><h4><strong>2 EL Sonnenblumen\u00f6l,\u00a0<\/strong><strong>Salz,\u00a0<\/strong><strong>Pfeffer<\/strong><\/h4><h4><strong>\u00d6l in einer Pfanne erhitzen und das H\u00e4hnchen darin von allen Seiten goldbraun anbraten. Mit Salz und Pfeffer w\u00fcrzen und aus der Pfanne nehmen. Die Zwiebeln im hei\u00dfen Bratfett and\u00fcnsten. Paprika\u00a0 und Champignons dazugeben und mitbraten.<\/strong><\/h4><h4><strong>\u00a0<\/strong><\/h4><h4><span style=\"color: #0000ff;\"><strong>Auflaufform (ca. 25 x 20 x 5 cm)<\/strong><\/span><\/h4><h4><strong>1 TL Butter,\u00a0<\/strong><strong>200 ml Sahne, <\/strong><strong>200 ml Milch,\u00a0<\/strong><strong>4 Eier,\u00a0<\/strong><strong>Salz,\u00a0<\/strong><strong>Pfeffer,\u00a0<\/strong><strong>150 g Streuk\u00e4se<\/strong><\/h4><h4><strong>Backofen auf 180 \u00b0C Umluft vorheizen. Auflaufform mit Butter einfetten. Nudeln mit Gem\u00fcse und H\u00e4hnchen vermischen und in der Auflaufform verteilen. Sahne und Milch mit Eiern verquirlen. Mit Salz und Pfeffer w\u00fcrzen und \u00fcber den Nudeln verteilen. Mit K\u00e4se bestreuen und ca. 30 Minuten backen.<\/strong><\/h4>\t\t\t\t\t\t\t\t<\/div>\n\t\t\t\t<\/div>\n\t\t\t\t\t<\/div>\n\t\t<\/div>\n\t\t\t\t\t<\/div>\n\t\t<\/section>\n\t\t\t\t<\/div>\n\t\t","protected":false},"excerpt":{"rendered":"<p>H\u00e4hnchen-Auflauf \u00a0 Zutaten: 250 g kurze Nudeln (z.B. Tortiglioni) 150 g TK-Erbsen 1 rote Paprika 1 gelbe Paprika 1 Zwiebel 250 g Champignons 1 H\u00e4hnchenbrustfilet (ca. 320g) 2 EL Sonnenblumen\u00f6l Salz Pfeffer 1 TL Butter 200 ml Sahne 200 ml Milch 4 Eier Salz Pfeffer 150 g Streuk\u00e4se \u00a0 Zubereitung 250 g kurze Nudeln (z.B. [&hellip;]<\/p>\n","protected":false},"author":1,"featured_media":0,"parent":0,"menu_order":0,"comment_status":"closed","ping_status":"closed","template":"","meta":{"footnotes":""},"class_list":["post-2299","page","type-page","status-publish","hentry"],"_links":{"self":[{"href":"https:\/\/xn--hw-kppers-t9a.de\/index.php?rest_route=\/wp\/v2\/pages\/2299","targetHints":{"allow":["GET"]}}],"collection":[{"href":"https:\/\/xn--hw-kppers-t9a.de\/index.php?rest_route=\/wp\/v2\/pages"}],"about":[{"href":"https:\/\/xn--hw-kppers-t9a.de\/index.php?rest_route=\/wp\/v2\/types\/page"}],"author":[{"embeddable":true,"href":"https:\/\/xn--hw-kppers-t9a.de\/index.php?rest_route=\/wp\/v2\/users\/1"}],"replies":[{"embeddable":true,"href":"https:\/\/xn--hw-kppers-t9a.de\/index.php?rest_route=%2Fwp%2Fv2%2Fcomments&post=2299"}],"version-history":[{"count":10,"href":"https:\/\/xn--hw-kppers-t9a.de\/index.php?rest_route=\/wp\/v2\/pages\/2299\/revisions"}],"predecessor-version":[{"id":2314,"href":"https:\/\/xn--hw-kppers-t9a.de\/index.php?rest_route=\/wp\/v2\/pages\/2299\/revisions\/2314"}],"wp:attachment":[{"href":"https:\/\/xn--hw-kppers-t9a.de\/index.php?rest_route=%2Fwp%2Fv2%2Fmedia&parent=2299"}],"curies":[{"name":"wp","href":"https:\/\/api.w.org\/{rel}","templated":true}]}}