{"id":2264,"date":"2024-10-12T19:22:31","date_gmt":"2024-10-12T19:22:31","guid":{"rendered":"https:\/\/xn--hw-kppers-t9a.de\/?page_id=2264"},"modified":"2024-10-12T19:32:17","modified_gmt":"2024-10-12T19:32:17","slug":"reis-salat","status":"publish","type":"page","link":"https:\/\/xn--hw-kppers-t9a.de\/?page_id=2264","title":{"rendered":"Reis-Salat"},"content":{"rendered":"\t\t<div data-elementor-type=\"wp-page\" data-elementor-id=\"2264\" class=\"elementor elementor-2264\" data-elementor-post-type=\"page\">\n\t\t\t\t\t\t<section class=\"elementor-section elementor-top-section elementor-element elementor-element-d26311f elementor-section-full_width elementor-section-height-default elementor-section-height-default\" data-id=\"d26311f\" data-element_type=\"section\" data-e-type=\"section\" data-settings=\"{&quot;background_background&quot;:&quot;classic&quot;}\">\n\t\t\t\t\t\t<div class=\"elementor-container elementor-column-gap-default\">\n\t\t\t\t\t<div class=\"elementor-column elementor-col-100 elementor-top-column elementor-element elementor-element-083f054\" data-id=\"083f054\" data-element_type=\"column\" data-e-type=\"column\">\n\t\t\t<div class=\"elementor-widget-wrap elementor-element-populated\">\n\t\t\t\t\t\t<div class=\"elementor-element elementor-element-7f9bf68 elementor-widget elementor-widget-heading\" data-id=\"7f9bf68\" data-element_type=\"widget\" data-e-type=\"widget\" data-widget_type=\"heading.default\">\n\t\t\t\t<div class=\"elementor-widget-container\">\n\t\t\t\t\t<h2 class=\"elementor-heading-title elementor-size-default\">Reis-Salat<\/h2>\t\t\t\t<\/div>\n\t\t\t\t<\/div>\n\t\t\t\t<div class=\"elementor-element elementor-element-7f4da6a elementor-widget elementor-widget-text-editor\" data-id=\"7f4da6a\" data-element_type=\"widget\" data-e-type=\"widget\" data-widget_type=\"text-editor.default\">\n\t\t\t\t<div class=\"elementor-widget-container\">\n\t\t\t\t\t\t\t\t\t<h4><strong><img fetchpriority=\"high\" decoding=\"async\" class=\"wp-image-2269 alignleft\" src=\"https:\/\/xn--hw-kppers-t9a.de\/wp-content\/uploads\/2024\/10\/Reissal-300x208.jpg\" alt=\"\" width=\"730\" height=\"506\" srcset=\"https:\/\/xn--hw-kppers-t9a.de\/wp-content\/uploads\/2024\/10\/Reissal-300x208.jpg 300w, https:\/\/xn--hw-kppers-t9a.de\/wp-content\/uploads\/2024\/10\/Reissal-1024x708.jpg 1024w, https:\/\/xn--hw-kppers-t9a.de\/wp-content\/uploads\/2024\/10\/Reissal-768x531.jpg 768w, https:\/\/xn--hw-kppers-t9a.de\/wp-content\/uploads\/2024\/10\/Reissal.jpg 1200w\" sizes=\"(max-width: 730px) 100vw, 730px\" \/>Reissalat<\/strong><\/h4><h4>Zutaten f\u00fcr den Reissalat<\/h4><h4>Sie brauchen:<\/h4><h4>2 Paprikaschoten,<\/h4><h4>3 Tomaten,<\/h4><h4>\u00bd Zucchini,<\/h4><h4>3 Fr\u00fchlingszwiebeln,<\/h4><h4>1 kleine Dose Mais,<\/h4><h4>1 Knoblauchzehe,<\/h4><h4>5 Bl\u00e4tter Basilikum,<\/h4><h4>2 Tassen Reis,<\/h4><h4>Salz, Pfeffer,<\/h4><h4>2 Essl\u00f6ffel Essig,<\/h4><h4>2 Essl\u00f6ffel \u00d6l (Thunfisch nach Belieben).<\/h4><h4>\u00a0<\/h4><h4><strong>So wird der Reissalat gemacht<\/strong><\/h4><h4><em>So geht\u2019s:<\/em> Zun\u00e4chst wird der Reis gekocht. In der Regel ist das Verh\u00e4ltnis etwa 1:2. Also kommen auf eine Tasse Reis, zwei Tassen Wasser in den Topf. 1 bis 2 Teel\u00f6ffel Salz hinzugeben. Das Wasser zum Kochen bringen. Sobald das Wasser kocht, auf mittlere Hitze reduzieren. Einen Deckel auf den Topf geben und den Reis ca. 15 Minuten k\u00f6cheln lassen. Dabei immer wieder vorsichtig durchr\u00fchren, damit nichts anbrennt. Reis zur Seite stellen und abk\u00fchlen lassen.<\/h4><ol start=\"2\"><li><h4><strong> Mit Salami und Paprika<img decoding=\"async\" class=\" wp-image-2271 alignright\" src=\"https:\/\/xn--hw-kppers-t9a.de\/wp-content\/uploads\/2024\/10\/aa-300x200.jpg\" alt=\"\" width=\"586\" height=\"390\" srcset=\"https:\/\/xn--hw-kppers-t9a.de\/wp-content\/uploads\/2024\/10\/aa-300x200.jpg 300w, https:\/\/xn--hw-kppers-t9a.de\/wp-content\/uploads\/2024\/10\/aa.jpg 555w\" sizes=\"(max-width: 586px) 100vw, 586px\" \/><\/strong><\/h4><\/li><\/ol><h4><strong>Das brauchen Sie (f\u00fcr vier Portionen)<\/strong><\/h4><h4>300 Gramm Langkornreis, Salz,\u00a0 150 Gramm TK-Erbsen, 150 Gramm Salami (italienisch, ungarisch oder spanisch), 1 gro\u00dfe rote Paprikaschote, 1\/2 Bund Petersilie, 3 Essl\u00f6ffel Wei\u00dfweinessig, 4 Essl\u00f6ffel Gem\u00fcsebr\u00fche oder Wasser, Pfeffer, 1 Teel\u00f6ffel edels\u00fc\u00dfes Paprikapulver, 1 Teel\u00f6ffel Tomatenmark, 4 Essl\u00f6ffel Oliven\u00f6l<\/h4><h4><strong>So wird es gemacht<\/strong><\/h4><h4>Bringen Sie den Reis mit etwa 600 Milliliter Wasser und reichlich Salz in einem Topf zum Kochen bringen und lassen ihn zugedeckt bei schwacher Hitze in etwa 12 Minuten garen. Anschlie\u00dfend mischen Sie die Erbsen unter und lasen alles noch einmal weitere 5 Minuten zugedeckt k\u00f6cheln, bis Reis und Erbsen gar sind. Die Mischung anschlie\u00dfend im offenem Topf etwas abk\u00fchlen lassen.<\/h4><h4>H\u00e4uten Sie die Salami und schneiden Sie in d\u00fcnne Scheiben. Wenn n\u00f6tig noch halbieren oder vierteln.<\/h4><h4>Die Paprikaschote waschen, halbieren und putzen. Wer es mag, gibt sie jetzt zum Anr\u00f6sten zun\u00e4chst kurz auf den Grill oder in den Backofen, bis sie Farbe annimmt und leicht weich geworden ist. Anschlie\u00dfend schneiden Sie die Paprika in Streifen.<\/h4><h4>Auch die Petersilie waschen Sie und sch\u00fctteln sie trocken. Die Bl\u00e4tter anschlie\u00dfend fein hacken.<\/h4><h4>Jetzt verr\u00fchren Sie den Essig mit der Br\u00fche, Salz, Pfeffer, Paprikapulver und Tomatenmark und schlagen das \u00d6l unter.<\/h4><h4>Mischen Sie Reis und Erbsen mit den Salamischeiben, Paprikastreifen und Petersilie. Ziehen Sie das Dressing unter und schmecken alles noch einmal ab. Gerne noch lauwarm servieren.<\/h4><ol start=\"3\"><li><h4><strong> Reissalat: Die Variante mit K\u00e4se und N\u00fcssen <\/strong><\/h4><\/li><\/ol><h4>Unsere vegetarische Variante ist mindestens genauso lecker.<\/h4><h4><strong>Das brauchen Sie (f\u00fcr vier Portionen)<\/strong><\/h4><h4>2 Kochbeutel Vollkornreis (125 Gramm), Salz, 60 Gramm Cashewkerne, 40 Gramm Erdn\u00fcsse (ger\u00f6stet, ungesalzen), 2 Essl\u00f6ffel Buchweizen, Paprikapulver rosenscharf,\u00a0 1 Teel\u00f6ffel gemahlener Koriander, 5 Stiele Koriander, 1 kleiner Bund Minze, Saft von einer\u00a0 Zitrone, 4 Essl\u00f6ffel Oliven\u00f6l, Salz, Pfeffer 200 Gramm Feta, 2 \u00c4pfel, 12 Kirschtomaten<\/h4><h4><strong>So wird es gemacht<\/strong><\/h4><h4>Kochen Sie den Reis nach Packungsanweisung in Salzwasser. Anschlie\u00dfend gie\u00dfen Sie ihn ab, sp\u00fclen ihn kalt ab und lassen alles gr\u00fcndlich abtropfen.<\/h4><h4>Hacken Sie die Cashewkerne grob und r\u00f6sten sie mit den Erdn\u00fcssen und dem Buchweizen in einer Pfanne ohne Fett an.<\/h4><h4>Anschlie\u00dfend mischen Sie die N\u00fcsse mit dem Reis, dem Paprika- und dem Korianderpulver. Waschen Sie die Kr\u00e4uter, sch\u00fctteln sie trocken und schneiden die Bl\u00e4tter klein. Dann mischen Sie alles zusammen mit dem Zitronensaft und dem Oliven\u00f6l unter den Reis. Ziehen lassen und mit Salz und Pfeffer abschmecken.<\/h4><h4>Dann zerbr\u00f6seln Sie den Feta und heben ihn unter den Reissalat. Die \u00c4pfel waschen, von Kerngeh\u00e4use befreien, dann erst in d\u00fcnne Scheiben, anschlie\u00dfend in feine Stifte schneiden und ebenfalls unterheben. Zum Schluss Kirschtomaten halbieren und den Salat damit garnieren.<\/h4>\t\t\t\t\t\t\t\t<\/div>\n\t\t\t\t<\/div>\n\t\t\t\t\t<\/div>\n\t\t<\/div>\n\t\t\t\t\t<\/div>\n\t\t<\/section>\n\t\t\t\t<\/div>\n\t\t","protected":false},"excerpt":{"rendered":"<p>Reis-Salat Reissalat Zutaten f\u00fcr den Reissalat Sie brauchen: 2 Paprikaschoten, 3 Tomaten, \u00bd Zucchini, 3 Fr\u00fchlingszwiebeln, 1 kleine Dose Mais, 1 Knoblauchzehe, 5 Bl\u00e4tter Basilikum, 2 Tassen Reis, Salz, Pfeffer, 2 Essl\u00f6ffel Essig, 2 Essl\u00f6ffel \u00d6l (Thunfisch nach Belieben). \u00a0 So wird der Reissalat gemacht So geht\u2019s: Zun\u00e4chst wird der Reis gekocht. In der Regel [&hellip;]<\/p>\n","protected":false},"author":1,"featured_media":0,"parent":0,"menu_order":0,"comment_status":"closed","ping_status":"closed","template":"","meta":{"footnotes":""},"class_list":["post-2264","page","type-page","status-publish","hentry"],"_links":{"self":[{"href":"https:\/\/xn--hw-kppers-t9a.de\/index.php?rest_route=\/wp\/v2\/pages\/2264","targetHints":{"allow":["GET"]}}],"collection":[{"href":"https:\/\/xn--hw-kppers-t9a.de\/index.php?rest_route=\/wp\/v2\/pages"}],"about":[{"href":"https:\/\/xn--hw-kppers-t9a.de\/index.php?rest_route=\/wp\/v2\/types\/page"}],"author":[{"embeddable":true,"href":"https:\/\/xn--hw-kppers-t9a.de\/index.php?rest_route=\/wp\/v2\/users\/1"}],"replies":[{"embeddable":true,"href":"https:\/\/xn--hw-kppers-t9a.de\/index.php?rest_route=%2Fwp%2Fv2%2Fcomments&post=2264"}],"version-history":[{"count":10,"href":"https:\/\/xn--hw-kppers-t9a.de\/index.php?rest_route=\/wp\/v2\/pages\/2264\/revisions"}],"predecessor-version":[{"id":2278,"href":"https:\/\/xn--hw-kppers-t9a.de\/index.php?rest_route=\/wp\/v2\/pages\/2264\/revisions\/2278"}],"wp:attachment":[{"href":"https:\/\/xn--hw-kppers-t9a.de\/index.php?rest_route=%2Fwp%2Fv2%2Fmedia&parent=2264"}],"curies":[{"name":"wp","href":"https:\/\/api.w.org\/{rel}","templated":true}]}}