{"id":2242,"date":"2024-10-12T18:51:07","date_gmt":"2024-10-12T18:51:07","guid":{"rendered":"https:\/\/xn--hw-kppers-t9a.de\/?page_id=2242"},"modified":"2024-10-12T19:13:48","modified_gmt":"2024-10-12T19:13:48","slug":"kartoffelsalat-klassisch-ganz-einfach","status":"publish","type":"page","link":"https:\/\/xn--hw-kppers-t9a.de\/?page_id=2242","title":{"rendered":"Kartoffelsalat klassisch ganz einfach"},"content":{"rendered":"\t\t<div data-elementor-type=\"wp-page\" data-elementor-id=\"2242\" class=\"elementor elementor-2242\" data-elementor-post-type=\"page\">\n\t\t\t\t\t\t<section class=\"elementor-section elementor-top-section elementor-element elementor-element-71c232d elementor-section-boxed elementor-section-height-default elementor-section-height-default\" data-id=\"71c232d\" data-element_type=\"section\" data-e-type=\"section\" data-settings=\"{&quot;background_background&quot;:&quot;classic&quot;}\">\n\t\t\t\t\t\t<div class=\"elementor-container elementor-column-gap-default\">\n\t\t\t\t\t<div class=\"elementor-column elementor-col-100 elementor-top-column elementor-element elementor-element-43d10a3\" data-id=\"43d10a3\" data-element_type=\"column\" data-e-type=\"column\">\n\t\t\t<div class=\"elementor-widget-wrap elementor-element-populated\">\n\t\t\t\t\t\t<div class=\"elementor-element elementor-element-8685823 elementor-widget elementor-widget-heading\" data-id=\"8685823\" data-element_type=\"widget\" data-e-type=\"widget\" data-widget_type=\"heading.default\">\n\t\t\t\t<div class=\"elementor-widget-container\">\n\t\t\t\t\t<h2 class=\"elementor-heading-title elementor-size-default\">Kartoffelsalat klassisch ganz einfach<\/h2>\t\t\t\t<\/div>\n\t\t\t\t<\/div>\n\t\t\t\t<div class=\"elementor-element elementor-element-55aae30 elementor-widget elementor-widget-text-editor\" data-id=\"55aae30\" data-element_type=\"widget\" data-e-type=\"widget\" data-widget_type=\"text-editor.default\">\n\t\t\t\t<div class=\"elementor-widget-container\">\n\t\t\t\t\t\t\t\t\t<h4><img fetchpriority=\"high\" decoding=\"async\" class=\" wp-image-2245 alignleft\" src=\"https:\/\/xn--hw-kppers-t9a.de\/wp-content\/uploads\/2024\/10\/Karto-SAl-300x200.jpg\" alt=\"\" width=\"710\" height=\"474\" srcset=\"https:\/\/xn--hw-kppers-t9a.de\/wp-content\/uploads\/2024\/10\/Karto-SAl-300x200.jpg 300w, https:\/\/xn--hw-kppers-t9a.de\/wp-content\/uploads\/2024\/10\/Karto-SAl-1024x683.jpg 1024w, https:\/\/xn--hw-kppers-t9a.de\/wp-content\/uploads\/2024\/10\/Karto-SAl-768x512.jpg 768w, https:\/\/xn--hw-kppers-t9a.de\/wp-content\/uploads\/2024\/10\/Karto-SAl.jpg 1170w\" sizes=\"(max-width: 710px) 100vw, 710px\" \/>DIE MENGE IST PRIMA ALS BEILAGE. F\u00dcR GUTE ESSER ODER EIN GRILL-BUFFET DANN BITTE DIE DOPPELTE MENGE ZUBEREITEN.<\/h4><h4>\u00a0<\/h4><h4><strong>500 g Kartoffeln festkochend oder vorwiegend festkochend<\/strong><\/h4><h4><strong>100 ml Fleischbr\u00fche oder alternativ Gem\u00fcsebr\u00fche Br\u00fchw\u00fcrfel oder selbstgemacht<\/strong><\/h4><h4><strong>2 Zwiebeln mittelgro\u00df (k\u00f6nnen auch rote Zwiebeln sein)<\/strong><\/h4><h4><strong>3 EL Pflanzen\u00f6l geschmacksneutral, z.B Sonnenblumen\u00f6l, Raps\u00f6l<\/strong><\/h4><h4><strong>2 EL Wei\u00dfweinessig oder wei\u00dfer Balsamico<\/strong><\/h4><h4><strong>1 EL Senf mittelscharf<\/strong><\/h4><h4><strong>1 Msp. Muskat gerieben<\/strong><\/h4><h4><strong>1 Prise Salz<\/strong><\/h4><h4><strong>1 Prise Pfeffer<\/strong><\/h4><h4><strong>1 Prise Zucker<\/strong><\/h4><h4><strong>1 EL Petersilie, kraus oder glatt frisch gehackt zum Servieren<\/strong><\/h4><h4><strong>\u00a0<\/strong><strong style=\"color: inherit; font-family: inherit; font-size: 1.5rem; letter-spacing: 0.7px;\">ANLEITUNG<\/strong><\/h4><ol><li><h4><strong><img decoding=\"async\" class=\" wp-image-2246 alignleft\" src=\"https:\/\/xn--hw-kppers-t9a.de\/wp-content\/uploads\/2024\/10\/Karto-SAl_c-300x200.jpg\" alt=\"\" width=\"358\" height=\"238\" srcset=\"https:\/\/xn--hw-kppers-t9a.de\/wp-content\/uploads\/2024\/10\/Karto-SAl_c-300x200.jpg 300w, https:\/\/xn--hw-kppers-t9a.de\/wp-content\/uploads\/2024\/10\/Karto-SAl_c.jpg 500w\" sizes=\"(max-width: 358px) 100vw, 358px\" \/>500 g\u00a0Kartoffeln\u00a0<u>mit Schale<\/u>gut waschen, in einen Topf geben und mit\u00a0kaltem Wasser\u00a0bedecken. Dann zum Kochen bringen, etwas salzen und bei\u00a0mittlerer Hitze\u00a0mit Deckel garen. Je nach Gr\u00f6\u00dfe dauert das ungef\u00e4hr\u00a030 bis 35 Minuten.<\/strong><\/h4><\/li><\/ol><div><b>\u00a0<\/b><\/div><ol><li><h4><strong>In der Zwischenzeit kannst Du die <img decoding=\"async\" class=\"size-medium wp-image-2247 alignright\" src=\"https:\/\/xn--hw-kppers-t9a.de\/wp-content\/uploads\/2024\/10\/Karto-SAl_d-300x200.jpg\" alt=\"\" width=\"300\" height=\"200\" srcset=\"https:\/\/xn--hw-kppers-t9a.de\/wp-content\/uploads\/2024\/10\/Karto-SAl_d-300x200.jpg 300w, https:\/\/xn--hw-kppers-t9a.de\/wp-content\/uploads\/2024\/10\/Karto-SAl_d.jpg 500w\" sizes=\"(max-width: 300px) 100vw, 300px\" \/>Zwiebeln\u00a0<\/strong><strong>fein\u00a0<\/strong><strong>w\u00fcrfeln und in einem Topf\u00a0mit 1 EL\u00a0Pflanzen\u00f6l\u00a0glasig d\u00fcnsten.<\/strong><\/h4><h4>\u00a0<\/h4><\/li><li><h4><strong><img loading=\"lazy\" decoding=\"async\" class=\"wp-image-2248 alignleft\" src=\"https:\/\/xn--hw-kppers-t9a.de\/wp-content\/uploads\/2024\/10\/Karto-SAl_e-300x200.jpg\" alt=\"\" width=\"370\" height=\"246\" srcset=\"https:\/\/xn--hw-kppers-t9a.de\/wp-content\/uploads\/2024\/10\/Karto-SAl_e-300x200.jpg 300w, https:\/\/xn--hw-kppers-t9a.de\/wp-content\/uploads\/2024\/10\/Karto-SAl_e.jpg 500w\" sizes=\"(max-width: 370px) 100vw, 370px\" \/><\/strong><\/h4><\/li><li>\u00a0<\/li><li><h4><strong>Die 100 ml\u00a0Fleischbr\u00fche\u00a0(alternativ Gem\u00fcsebr\u00fche) zu den\u00a0Zwiebeln\u00a0in den Topf gie\u00dfen und\u00a0erhitzen.<\/strong><\/h4><\/li><li><h4><strong>Vom Herd nehmen und mit 2 EL Wei\u00df-<img loading=\"lazy\" decoding=\"async\" class=\"size-medium wp-image-2249 alignright\" src=\"https:\/\/xn--hw-kppers-t9a.de\/wp-content\/uploads\/2024\/10\/Karto-SAl_f-300x200.jpg\" alt=\"\" width=\"300\" height=\"200\" srcset=\"https:\/\/xn--hw-kppers-t9a.de\/wp-content\/uploads\/2024\/10\/Karto-SAl_f-300x200.jpg 300w, https:\/\/xn--hw-kppers-t9a.de\/wp-content\/uploads\/2024\/10\/Karto-SAl_f.jpg 500w\" sizes=\"(max-width: 300px) 100vw, 300px\" \/>weinessig, 1 EL Senf, 1 Messerspitze Muskat, 1 Prise Salz, 1 Prise Pfeffer und 1 Prise Zucker abschmecken und nach Belieben nachw\u00fcrzen.<\/strong><\/h4><\/li><li><h4><strong><img loading=\"lazy\" decoding=\"async\" class=\"size-medium wp-image-2250 alignleft\" src=\"https:\/\/xn--hw-kppers-t9a.de\/wp-content\/uploads\/2024\/10\/Karto-SAl_g-300x200.jpg\" alt=\"\" width=\"300\" height=\"200\" srcset=\"https:\/\/xn--hw-kppers-t9a.de\/wp-content\/uploads\/2024\/10\/Karto-SAl_g-300x200.jpg 300w, https:\/\/xn--hw-kppers-t9a.de\/wp-content\/uploads\/2024\/10\/Karto-SAl_g.jpg 500w\" sizes=\"(max-width: 300px) 100vw, 300px\" \/>Die\u00a0Kartoffeln\u00a0abgie\u00dfen, kurz\u00a0ausdampfen\u00a0bzw.\u00a0abk\u00fchlen\u00a0lassen.<\/strong><\/h4><\/li><li><h4><strong>Jetzt\u00a0pellst\u00a0Du die\u00a0Kartoffeln\u00a0und <img loading=\"lazy\" decoding=\"async\" class=\"size-medium wp-image-2251 alignright\" src=\"https:\/\/xn--hw-kppers-t9a.de\/wp-content\/uploads\/2024\/10\/Karto-SAl_h-300x200.jpg\" alt=\"\" width=\"300\" height=\"200\" srcset=\"https:\/\/xn--hw-kppers-t9a.de\/wp-content\/uploads\/2024\/10\/Karto-SAl_h-300x200.jpg 300w, https:\/\/xn--hw-kppers-t9a.de\/wp-content\/uploads\/2024\/10\/Karto-SAl_h.jpg 500w\" sizes=\"(max-width: 300px) 100vw, 300px\" \/>schneidest sie mit einem scharfen Messer in\u00a0etwa 2-4 mm\u00a0dicke und\u00a0gleichm\u00e4\u00dfige\u00a0Scheiben direkt in die\u00a0(Servier-)\u00a0Sch\u00fcssel\u00a0hinein. Manche lieben die Scheiben lieber etwas d\u00fcnner, manche etwas kr\u00e4ftiger.<\/strong><\/h4><\/li><li><h4><strong><img loading=\"lazy\" decoding=\"async\" class=\"size-medium wp-image-2252 alignleft\" src=\"https:\/\/xn--hw-kppers-t9a.de\/wp-content\/uploads\/2024\/10\/Karto-SAl_j-300x200.jpg\" alt=\"\" width=\"300\" height=\"200\" srcset=\"https:\/\/xn--hw-kppers-t9a.de\/wp-content\/uploads\/2024\/10\/Karto-SAl_j-300x200.jpg 300w, https:\/\/xn--hw-kppers-t9a.de\/wp-content\/uploads\/2024\/10\/Karto-SAl_j.jpg 500w\" sizes=\"(max-width: 300px) 100vw, 300px\" \/>Im Anschluss \u00fcbergie\u00dft Du die\u00a0Kartoffelscheiben\u00a0mit dem\u00a0warmen\u00a0Dressing\u00a0und vermengst alles miteinander.\u00a0Den Salat solltest Du idealerweise\u00a030 Minuten\u00a0ziehen lassen und dabei immer mal wieder vermengen.<\/strong><\/h4><\/li><li><h4><strong>Zum Schluss\u00a0den Kartoffelsalat noch einmal mit\u00a0Salz\u00a0und\u00a0Pfeffer\u00a0abschmecken sowie 2 EL\u00a0Pflanzen\u00f6l\u00a0untermischen.\u00a0Mit\u00a0Petersilie\u00a0garnieren.<\/strong><\/h4><\/li><\/ol><h4>\u00a0<\/h4>\t\t\t\t\t\t\t\t<\/div>\n\t\t\t\t<\/div>\n\t\t\t\t\t<\/div>\n\t\t<\/div>\n\t\t\t\t\t<\/div>\n\t\t<\/section>\n\t\t\t\t<\/div>\n\t\t","protected":false},"excerpt":{"rendered":"<p>Kartoffelsalat klassisch ganz einfach DIE MENGE IST PRIMA ALS BEILAGE. F\u00dcR GUTE ESSER ODER EIN GRILL-BUFFET DANN BITTE DIE DOPPELTE MENGE ZUBEREITEN. \u00a0 500 g Kartoffeln festkochend oder vorwiegend festkochend 100 ml Fleischbr\u00fche oder alternativ Gem\u00fcsebr\u00fche Br\u00fchw\u00fcrfel oder selbstgemacht 2 Zwiebeln mittelgro\u00df (k\u00f6nnen auch rote Zwiebeln sein) 3 EL Pflanzen\u00f6l geschmacksneutral, z.B Sonnenblumen\u00f6l, Raps\u00f6l 2 [&hellip;]<\/p>\n","protected":false},"author":1,"featured_media":0,"parent":0,"menu_order":0,"comment_status":"closed","ping_status":"closed","template":"","meta":{"footnotes":""},"class_list":["post-2242","page","type-page","status-publish","hentry"],"_links":{"self":[{"href":"https:\/\/xn--hw-kppers-t9a.de\/index.php?rest_route=\/wp\/v2\/pages\/2242","targetHints":{"allow":["GET"]}}],"collection":[{"href":"https:\/\/xn--hw-kppers-t9a.de\/index.php?rest_route=\/wp\/v2\/pages"}],"about":[{"href":"https:\/\/xn--hw-kppers-t9a.de\/index.php?rest_route=\/wp\/v2\/types\/page"}],"author":[{"embeddable":true,"href":"https:\/\/xn--hw-kppers-t9a.de\/index.php?rest_route=\/wp\/v2\/users\/1"}],"replies":[{"embeddable":true,"href":"https:\/\/xn--hw-kppers-t9a.de\/index.php?rest_route=%2Fwp%2Fv2%2Fcomments&post=2242"}],"version-history":[{"count":7,"href":"https:\/\/xn--hw-kppers-t9a.de\/index.php?rest_route=\/wp\/v2\/pages\/2242\/revisions"}],"predecessor-version":[{"id":2260,"href":"https:\/\/xn--hw-kppers-t9a.de\/index.php?rest_route=\/wp\/v2\/pages\/2242\/revisions\/2260"}],"wp:attachment":[{"href":"https:\/\/xn--hw-kppers-t9a.de\/index.php?rest_route=%2Fwp%2Fv2%2Fmedia&parent=2242"}],"curies":[{"name":"wp","href":"https:\/\/api.w.org\/{rel}","templated":true}]}}