{"id":2140,"date":"2024-10-12T16:45:03","date_gmt":"2024-10-12T16:45:03","guid":{"rendered":"https:\/\/xn--hw-kppers-t9a.de\/?page_id=2140"},"modified":"2024-10-12T16:57:28","modified_gmt":"2024-10-12T16:57:28","slug":"eisbergsalat-mit-fruechten","status":"publish","type":"page","link":"https:\/\/xn--hw-kppers-t9a.de\/?page_id=2140","title":{"rendered":"Eisbergsalat mit Fr\u00fcchten"},"content":{"rendered":"\t\t<div data-elementor-type=\"wp-page\" data-elementor-id=\"2140\" class=\"elementor elementor-2140\" data-elementor-post-type=\"page\">\n\t\t\t\t\t\t<section class=\"elementor-section elementor-top-section elementor-element elementor-element-0591c84 elementor-section-full_width elementor-section-height-default elementor-section-height-default\" data-id=\"0591c84\" data-element_type=\"section\" data-e-type=\"section\" data-settings=\"{&quot;background_background&quot;:&quot;classic&quot;}\">\n\t\t\t\t\t\t<div class=\"elementor-container elementor-column-gap-default\">\n\t\t\t\t\t<div class=\"elementor-column elementor-col-100 elementor-top-column elementor-element elementor-element-5170f80\" data-id=\"5170f80\" data-element_type=\"column\" data-e-type=\"column\">\n\t\t\t<div class=\"elementor-widget-wrap elementor-element-populated\">\n\t\t\t\t\t\t<div class=\"elementor-element elementor-element-5111257 elementor-widget elementor-widget-heading\" data-id=\"5111257\" data-element_type=\"widget\" data-e-type=\"widget\" data-widget_type=\"heading.default\">\n\t\t\t\t<div class=\"elementor-widget-container\">\n\t\t\t\t\t<h2 class=\"elementor-heading-title elementor-size-default\">Eisbergsalat mit Fr\u00fcchten<\/h2>\t\t\t\t<\/div>\n\t\t\t\t<\/div>\n\t\t\t\t<div class=\"elementor-element elementor-element-7d333f1 elementor-widget elementor-widget-text-editor\" data-id=\"7d333f1\" data-element_type=\"widget\" data-e-type=\"widget\" data-widget_type=\"text-editor.default\">\n\t\t\t\t<div class=\"elementor-widget-container\">\n\t\t\t\t\t\t\t\t\t<h2><img fetchpriority=\"high\" decoding=\"async\" class=\"wp-image-2151 aligncenter\" src=\"https:\/\/xn--hw-kppers-t9a.de\/wp-content\/uploads\/2024\/10\/eisbSa-300x200.jpg\" alt=\"\" width=\"740\" height=\"493\" srcset=\"https:\/\/xn--hw-kppers-t9a.de\/wp-content\/uploads\/2024\/10\/eisbSa-300x200.jpg 300w, https:\/\/xn--hw-kppers-t9a.de\/wp-content\/uploads\/2024\/10\/eisbSa-1024x683.jpg 1024w, https:\/\/xn--hw-kppers-t9a.de\/wp-content\/uploads\/2024\/10\/eisbSa-768x512.jpg 768w, https:\/\/xn--hw-kppers-t9a.de\/wp-content\/uploads\/2024\/10\/eisbSa.jpg 1160w\" sizes=\"(max-width: 740px) 100vw, 740px\" \/>Zutaten f\u00fcr\u00a0<span class=\"portions\">4<\/span>\u00a0Portionen<\/h2><div class=\"ingredients-table\"><table class=\"striped\" style=\"height: 242px;\" width=\"310\"><tbody><tr><td class=\"text-right\" data-amount=\"1\">1<\/td><th>Kpf<\/th><th>Eisbergsalat<\/th><\/tr><tr><td class=\"text-right\" data-amount=\"314\">314<\/td><th>ml<\/th><th><a href=\"https:\/\/www.gutekueche.de\/mandarine-artikel-1493\">Mandarinen, aus der Dose<\/a><\/th><\/tr><tr><td class=\"text-right\" data-amount=\"200\">200<\/td><th>g<\/th><th><a href=\"https:\/\/www.gutekueche.de\/joghurt-artikel-2329\">Naturjoghurt, griechischer<\/a><\/th><\/tr><tr><td class=\"text-right\" data-amount=\"0.5\">0.5<\/td><th>Stk<\/th><th><a href=\"https:\/\/www.gutekueche.de\/zitrone-artikel-1499\">Zitrone<\/a><\/th><\/tr><tr><td class=\"text-right\" data-amount=\"0.5\">0.5<\/td><th>TL<\/th><th>Zucker<\/th><\/tr><tr><td class=\"text-right\" data-amount=\"1\">1<\/td><th>Prise<\/th><th><a href=\"https:\/\/www.gutekueche.de\/salz-artikel-1576\">Salz<\/a><\/th><\/tr><tr><td class=\"text-right\" data-amount=\"1\">1<\/td><th>Prise<\/th><th><a href=\"https:\/\/www.gutekueche.de\/pfeffer-artikel-1578\">Pfeffer, schwarz, frisch gemahlen<\/a><\/th><\/tr><tr><td class=\"text-right\" data-amount=\"1\">1<\/td><th>Msp<\/th><th><a href=\"https:\/\/www.gutekueche.de\/currypulver-artikel-1554\">Currypulver<\/a><\/th><\/tr><tr><td class=\"text-right\" data-amount=\"1\">1<\/td><th>Msp<\/th><th>Paprikapulver, edels\u00fc\u00df<\/th><\/tr><\/tbody><\/table><\/div><section class=\"sec rezept-preperation\"><h2>Zubereitung<\/h2><ol><li>Zun\u00e4chst den Eisbergsalat putzen und dabei den Strunk entfernen. Die Bl\u00e4tter abl\u00f6sen, waschen und in einem Sieb abtropfen lassen. Anschlie\u00dfend in kleine St\u00fccke zupfen und in eine Sch\u00fcssel geben.<\/li><li>Die Mandarinen aus der Dose in ein Sieb geben und den Saft dabei auffangen; danach die Zitronenh\u00e4lfte auspressen.<\/li><li>Nun den Mandarinen- und Zitronensaft in einer kleinen Sch\u00fcssel mit dem Joghurt glatt r\u00fchren und mit Salz, Pfeffer, Zucker und etwas Curry- und Paprikapulver w\u00fcrzen.<\/li><li>Die Mandarinen zum Eisbergsalat geben. Das Dressing kurz vor dem Servieren dar\u00fcber verteilen und gr\u00fcndlich untermischen.<\/li><li>Dieser erfrischende\u00a0<strong>Eisbergsalat mit Mandarinen<\/strong>\u00a0schmeckt am besten, wenn er sofort serviert wird.<\/li><\/ol><\/section><div id=\"gkf-adslot-recipe-content-bottom\" class=\"n-print\"><div class=\"gkf-adtype-rectangle3 \"><div id=\"ad_rectangle3\" class=\"stroeer\"><div id=\"sdgSlotContainer-rectangle3\" class=\"sdgSlotContainer sdgSlotName-rectangle3\"><div id=\"sdgSlotHull-rectangle3\" class=\"sdgSlotHull\"><div id=\"sdgAdServerAnchor-rectangle3\" class=\"sdgAdServerAnchor\"><div id=\"sdgAdServerContainer-rectangle3\" class=\"sdgCentered\">\u00a0<\/div><\/div><\/div><\/div><\/div><\/div><div class=\"gkf-adtype-topmobile3 \"><div id=\"ad_topmobile3\" class=\"stroeer\">\u00a0<\/div><\/div><\/div><section class=\"sec\"><h2><i class=\"icon-location\"><\/i>Tipps zum Rezept<\/h2><p>Eisbergsalat ist kalorienarm und gesund, denn er enth\u00e4lt wertvolle N\u00e4hrstoffe und Vitamine. Damit sie beim Schneiden nicht verloren gehen, die Bl\u00e4tter am besten klein zupfen.<\/p><p>Der fest geschlossene Salatkopf ist unempfindlicher als viele andere Sorten und bleibt selbst ungek\u00fchlt l\u00e4ngere Zeit frisch. Geschmacklich \u00e4hnelt er dem Kopfsalat, ist aber herzhafter und seine Bl\u00e4tter sind fleischig und knackiger.<\/p><p>Aufgrund seiner Festigkeit ist der Eisbergsalat mit Mandarinen auch ein beliebter Partysalat, der sich durch Zutaten wie\u00a0<em>H\u00fchnchenfleisch, Krabben, Garnelen, hartgekochte Eier, gekochten Schinken\u00a0<\/em>und\u00a0<em>K\u00e4se<\/em>\u00a0vielseitig variieren l\u00e4sst.<\/p><\/section>\t\t\t\t\t\t\t\t<\/div>\n\t\t\t\t<\/div>\n\t\t\t\t\t<\/div>\n\t\t<\/div>\n\t\t\t\t\t<\/div>\n\t\t<\/section>\n\t\t\t\t<\/div>\n\t\t","protected":false},"excerpt":{"rendered":"<p>Eisbergsalat mit Fr\u00fcchten Zutaten f\u00fcr\u00a04\u00a0Portionen 1 Kpf Eisbergsalat 314 ml Mandarinen, aus der Dose 200 g Naturjoghurt, griechischer 0.5 Stk Zitrone 0.5 TL Zucker 1 Prise Salz 1 Prise Pfeffer, schwarz, frisch gemahlen 1 Msp Currypulver 1 Msp Paprikapulver, edels\u00fc\u00df Zubereitung Zun\u00e4chst den Eisbergsalat putzen und dabei den Strunk entfernen. Die Bl\u00e4tter abl\u00f6sen, waschen und [&hellip;]<\/p>\n","protected":false},"author":1,"featured_media":0,"parent":0,"menu_order":0,"comment_status":"closed","ping_status":"closed","template":"","meta":{"footnotes":""},"class_list":["post-2140","page","type-page","status-publish","hentry"],"_links":{"self":[{"href":"https:\/\/xn--hw-kppers-t9a.de\/index.php?rest_route=\/wp\/v2\/pages\/2140","targetHints":{"allow":["GET"]}}],"collection":[{"href":"https:\/\/xn--hw-kppers-t9a.de\/index.php?rest_route=\/wp\/v2\/pages"}],"about":[{"href":"https:\/\/xn--hw-kppers-t9a.de\/index.php?rest_route=\/wp\/v2\/types\/page"}],"author":[{"embeddable":true,"href":"https:\/\/xn--hw-kppers-t9a.de\/index.php?rest_route=\/wp\/v2\/users\/1"}],"replies":[{"embeddable":true,"href":"https:\/\/xn--hw-kppers-t9a.de\/index.php?rest_route=%2Fwp%2Fv2%2Fcomments&post=2140"}],"version-history":[{"count":16,"href":"https:\/\/xn--hw-kppers-t9a.de\/index.php?rest_route=\/wp\/v2\/pages\/2140\/revisions"}],"predecessor-version":[{"id":2158,"href":"https:\/\/xn--hw-kppers-t9a.de\/index.php?rest_route=\/wp\/v2\/pages\/2140\/revisions\/2158"}],"wp:attachment":[{"href":"https:\/\/xn--hw-kppers-t9a.de\/index.php?rest_route=%2Fwp%2Fv2%2Fmedia&parent=2140"}],"curies":[{"name":"wp","href":"https:\/\/api.w.org\/{rel}","templated":true}]}}