{"id":2021,"date":"2024-10-12T11:56:21","date_gmt":"2024-10-12T11:56:21","guid":{"rendered":"https:\/\/xn--hw-kppers-t9a.de\/?page_id=2021"},"modified":"2024-10-12T12:06:43","modified_gmt":"2024-10-12T12:06:43","slug":"blitzschneller-paprika-feta-salat","status":"publish","type":"page","link":"https:\/\/xn--hw-kppers-t9a.de\/?page_id=2021","title":{"rendered":"Blitzschneller Paprika-Feta-Salat"},"content":{"rendered":"\t\t<div data-elementor-type=\"wp-page\" data-elementor-id=\"2021\" class=\"elementor elementor-2021\" data-elementor-post-type=\"page\">\n\t\t\t\t\t\t<section class=\"elementor-section elementor-top-section elementor-element elementor-element-3c2c532 elementor-section-full_width elementor-section-height-default elementor-section-height-default\" data-id=\"3c2c532\" data-element_type=\"section\" data-e-type=\"section\" data-settings=\"{&quot;background_background&quot;:&quot;classic&quot;}\">\n\t\t\t\t\t\t<div class=\"elementor-container elementor-column-gap-default\">\n\t\t\t\t\t<div class=\"elementor-column elementor-col-100 elementor-top-column elementor-element elementor-element-f165e2f\" data-id=\"f165e2f\" data-element_type=\"column\" data-e-type=\"column\">\n\t\t\t<div class=\"elementor-widget-wrap elementor-element-populated\">\n\t\t\t\t\t\t<div class=\"elementor-element elementor-element-0ff9856 elementor-widget elementor-widget-heading\" data-id=\"0ff9856\" data-element_type=\"widget\" data-e-type=\"widget\" data-widget_type=\"heading.default\">\n\t\t\t\t<div class=\"elementor-widget-container\">\n\t\t\t\t\t<h2 class=\"elementor-heading-title elementor-size-default\">Blitzschneller Paprika-Feta-Salat<\/h2>\t\t\t\t<\/div>\n\t\t\t\t<\/div>\n\t\t\t\t<div class=\"elementor-element elementor-element-c5a148b elementor-widget elementor-widget-text-editor\" data-id=\"c5a148b\" data-element_type=\"widget\" data-e-type=\"widget\" data-widget_type=\"text-editor.default\">\n\t\t\t\t<div class=\"elementor-widget-container\">\n\t\t\t\t\t\t\t\t\t<h4><span style=\"text-decoration: underline;\"><em><strong><img fetchpriority=\"high\" decoding=\"async\" class=\" wp-image-2026 alignleft\" src=\"https:\/\/xn--hw-kppers-t9a.de\/wp-content\/uploads\/2024\/10\/Sa1-300x200.jpg\" alt=\"\" width=\"609\" height=\"406\" srcset=\"https:\/\/xn--hw-kppers-t9a.de\/wp-content\/uploads\/2024\/10\/Sa1-300x200.jpg 300w, https:\/\/xn--hw-kppers-t9a.de\/wp-content\/uploads\/2024\/10\/Sa1-1024x683.jpg 1024w, https:\/\/xn--hw-kppers-t9a.de\/wp-content\/uploads\/2024\/10\/Sa1-768x512.jpg 768w, https:\/\/xn--hw-kppers-t9a.de\/wp-content\/uploads\/2024\/10\/Sa1.jpg 1089w\" sizes=\"(max-width: 609px) 100vw, 609px\" \/>Zutaten F\u00fcr 3\u00a0 Personen<\/strong><\/em><\/span><\/h4><p>\u00a0<\/p><h4><strong>Das brauchst du:<\/strong><\/h4><p>\u00a0<\/p><h4><strong>2,5 rote Paprikaschoten<\/strong><\/h4><h4><strong>0,5 rote Zwiebel<\/strong><\/h4><h4><strong>1 Knoblauchzehen<\/strong><\/h4><h4><strong>4 Stiele glatte Petersilie<\/strong><\/h4><h4><strong>125 g Feta<\/strong><\/h4><h4><strong>1 EL dunkler Balsamico-Essig<\/strong><\/h4><h4><strong>0,5 TL fl\u00fcssiger Honig<\/strong><\/h4><h4><strong>1,5 EL Oliven\u00f6l<\/strong><\/h4><h4><strong>Salz, Pfeffer<\/strong><\/h4><h4>\u00a0<\/h4><h4><span style=\"text-decoration: underline;\"><em><strong>Zubereitung<\/strong><\/em><\/span><\/h4><h4>\u00a0<\/h4><h4><strong>Paprika putzen, waschen, entkernen und wei\u00dfe Trennh\u00e4ute vom Fruchtfleisch schneiden. Paprika in kleine W\u00fcrfel schneiden.<\/strong><\/h4><h4><strong>Zwiebel sch\u00e4len, halbieren und in feine Streifen schneiden. Knoblauch sch\u00e4len, fein hacken. Petersilie waschen, trocken tupfen und samt Stiele fein hacken. Feta etwas feiner zerbr\u00f6ckeln.<\/strong><\/h4><h4><strong>F\u00fcr das Dressing Essig mit Honig verr\u00fchren. Oliven\u00f6l unterschlagen. Mit Salz und Pfeffer w\u00fcrzen. Alle vorbereiteten Salatzutaten mit dem Dressing in einer Salatsch\u00fcssel vermengen. Mit Salz und Pfeffer abschmecken.<\/strong><\/h4>\t\t\t\t\t\t\t\t<\/div>\n\t\t\t\t<\/div>\n\t\t\t\t\t<\/div>\n\t\t<\/div>\n\t\t\t\t\t<\/div>\n\t\t<\/section>\n\t\t\t\t<\/div>\n\t\t","protected":false},"excerpt":{"rendered":"<p>Blitzschneller Paprika-Feta-Salat Zutaten F\u00fcr 3\u00a0 Personen \u00a0 Das brauchst du: \u00a0 2,5 rote Paprikaschoten 0,5 rote Zwiebel 1 Knoblauchzehen 4 Stiele glatte Petersilie 125 g Feta 1 EL dunkler Balsamico-Essig 0,5 TL fl\u00fcssiger Honig 1,5 EL Oliven\u00f6l Salz, Pfeffer \u00a0 Zubereitung \u00a0 Paprika putzen, waschen, entkernen und wei\u00dfe Trennh\u00e4ute vom Fruchtfleisch schneiden. Paprika in kleine [&hellip;]<\/p>\n","protected":false},"author":1,"featured_media":0,"parent":0,"menu_order":0,"comment_status":"closed","ping_status":"closed","template":"","meta":{"footnotes":""},"class_list":["post-2021","page","type-page","status-publish","hentry"],"_links":{"self":[{"href":"https:\/\/xn--hw-kppers-t9a.de\/index.php?rest_route=\/wp\/v2\/pages\/2021","targetHints":{"allow":["GET"]}}],"collection":[{"href":"https:\/\/xn--hw-kppers-t9a.de\/index.php?rest_route=\/wp\/v2\/pages"}],"about":[{"href":"https:\/\/xn--hw-kppers-t9a.de\/index.php?rest_route=\/wp\/v2\/types\/page"}],"author":[{"embeddable":true,"href":"https:\/\/xn--hw-kppers-t9a.de\/index.php?rest_route=\/wp\/v2\/users\/1"}],"replies":[{"embeddable":true,"href":"https:\/\/xn--hw-kppers-t9a.de\/index.php?rest_route=%2Fwp%2Fv2%2Fcomments&post=2021"}],"version-history":[{"count":13,"href":"https:\/\/xn--hw-kppers-t9a.de\/index.php?rest_route=\/wp\/v2\/pages\/2021\/revisions"}],"predecessor-version":[{"id":2036,"href":"https:\/\/xn--hw-kppers-t9a.de\/index.php?rest_route=\/wp\/v2\/pages\/2021\/revisions\/2036"}],"wp:attachment":[{"href":"https:\/\/xn--hw-kppers-t9a.de\/index.php?rest_route=%2Fwp%2Fv2%2Fmedia&parent=2021"}],"curies":[{"name":"wp","href":"https:\/\/api.w.org\/{rel}","templated":true}]}}