{"id":1999,"date":"2024-10-12T11:29:53","date_gmt":"2024-10-12T11:29:53","guid":{"rendered":"https:\/\/xn--hw-kppers-t9a.de\/?page_id=1999"},"modified":"2024-10-12T11:44:16","modified_gmt":"2024-10-12T11:44:16","slug":"serviettenknoedel","status":"publish","type":"page","link":"https:\/\/xn--hw-kppers-t9a.de\/?page_id=1999","title":{"rendered":"Serviettenkn\u00f6del"},"content":{"rendered":"\t\t<div data-elementor-type=\"wp-page\" data-elementor-id=\"1999\" class=\"elementor elementor-1999\" data-elementor-post-type=\"page\">\n\t\t\t\t\t\t<section class=\"elementor-section elementor-top-section elementor-element elementor-element-2cea89a elementor-section-full_width elementor-section-height-default elementor-section-height-default\" data-id=\"2cea89a\" data-element_type=\"section\" data-e-type=\"section\" data-settings=\"{&quot;background_background&quot;:&quot;classic&quot;}\">\n\t\t\t\t\t\t<div class=\"elementor-container elementor-column-gap-default\">\n\t\t\t\t\t<div class=\"elementor-column elementor-col-100 elementor-top-column elementor-element elementor-element-167d2a5\" data-id=\"167d2a5\" data-element_type=\"column\" data-e-type=\"column\">\n\t\t\t<div class=\"elementor-widget-wrap elementor-element-populated\">\n\t\t\t\t\t\t<div class=\"elementor-element elementor-element-c93dcc4 elementor-widget elementor-widget-heading\" data-id=\"c93dcc4\" data-element_type=\"widget\" data-e-type=\"widget\" data-widget_type=\"heading.default\">\n\t\t\t\t<div class=\"elementor-widget-container\">\n\t\t\t\t\t<h2 class=\"elementor-heading-title elementor-size-default\">Serviettenkn\u00f6del<\/h2>\t\t\t\t<\/div>\n\t\t\t\t<\/div>\n\t\t\t\t<div class=\"elementor-element elementor-element-d59ab8d elementor-widget elementor-widget-text-editor\" data-id=\"d59ab8d\" data-element_type=\"widget\" data-e-type=\"widget\" data-widget_type=\"text-editor.default\">\n\t\t\t\t<div class=\"elementor-widget-container\">\n\t\t\t\t\t\t\t\t\t<p><span style=\"text-decoration: underline;\"><em><img fetchpriority=\"high\" decoding=\"async\" class=\" wp-image-2004 alignleft\" src=\"https:\/\/xn--hw-kppers-t9a.de\/wp-content\/uploads\/2024\/10\/Serv-K-300x199.jpg\" alt=\"\" width=\"614\" height=\"408\" srcset=\"https:\/\/xn--hw-kppers-t9a.de\/wp-content\/uploads\/2024\/10\/Serv-K-300x199.jpg 300w, https:\/\/xn--hw-kppers-t9a.de\/wp-content\/uploads\/2024\/10\/Serv-K-1024x680.jpg 1024w, https:\/\/xn--hw-kppers-t9a.de\/wp-content\/uploads\/2024\/10\/Serv-K-768x510.jpg 768w, https:\/\/xn--hw-kppers-t9a.de\/wp-content\/uploads\/2024\/10\/Serv-K.jpg 1100w\" sizes=\"(max-width: 614px) 100vw, 614px\" \/><strong>Zutaten f\u00fcr 5 Portionen<\/strong><\/em><\/span><\/p><p><strong>450\u00a0\u00a0\u00a0\u00a0\u00a0\u00a0\u00a0 g\u00a0\u00a0\u00a0\u00a0\u00a0\u00a0\u00a0\u00a0\u00a0\u00a0\u00a0\u00a0 Toast<\/strong><\/p><p><strong>350\u00a0\u00a0\u00a0\u00a0\u00a0\u00a0\u00a0 ml\u00a0\u00a0\u00a0\u00a0\u00a0\u00a0\u00a0\u00a0\u00a0\u00a0 Milch<\/strong><\/p><p><strong>1\u00a0\u00a0\u00a0\u00a0\u00a0\u00a0\u00a0\u00a0\u00a0\u00a0\u00a0\u00a0 Stk\u00a0\u00a0\u00a0\u00a0\u00a0\u00a0\u00a0\u00a0 Zwiebel<\/strong><\/p><p><strong>2\u00a0\u00a0\u00a0\u00a0\u00a0\u00a0\u00a0\u00a0\u00a0\u00a0\u00a0\u00a0 EL\u00a0\u00a0\u00a0\u00a0\u00a0\u00a0\u00a0\u00a0\u00a0\u00a0 Butter<\/strong><\/p><p><strong>1\u00a0\u00a0\u00a0\u00a0\u00a0\u00a0\u00a0\u00a0\u00a0\u00a0\u00a0\u00a0 Bund\u00a0\u00a0\u00a0\u00a0 Petersilie<\/strong><\/p><p><strong>4\u00a0\u00a0\u00a0\u00a0\u00a0\u00a0\u00a0\u00a0\u00a0\u00a0\u00a0\u00a0 Stk\u00a0\u00a0\u00a0\u00a0\u00a0\u00a0\u00a0\u00a0 Eier<\/strong><\/p><p><strong>1\u00a0 \u00a0 \u00a0 \u00a0 \u00a0 \u00a0 \u00a0Prise\u00a0\u00a0\u00a0\u00a0\u00a0 Salz<\/strong><\/p><p><strong>1\u00a0\u00a0\u00a0\u00a0\u00a0\u00a0\u00a0\u00a0\u00a0\u00a0\u00a0\u00a0 Prise\u00a0\u00a0\u00a0\u00a0\u00a0 Pfeffer<\/strong><\/p><p><strong>1\u00a0\u00a0\u00a0\u00a0\u00a0\u00a0\u00a0\u00a0\u00a0\u00a0\u00a0\u00a0 Prise\u00a0\u00a0\u00a0\u00a0\u00a0 Muskatnuss<\/strong><\/p><p>\u00a0<\/p><p><strong><span style=\"text-decoration: underline;\"><em>Zubereitung<\/em><\/span><\/strong><\/p><p>\u00a0<\/p><p><strong>Das Toastbrot in kleine W\u00fcrfel schneiden und anschlie\u00dfend in eine Sch\u00fcssel geben. Danach die Milch in einem Topf zum Kochen bringen und \u00fcber die Toastw\u00fcrfel gie\u00dfen.\u00a0 \u00a0\u00a0<\/strong><\/p><p>\u00a0<\/p><p><strong>Die Zwiebeln sch\u00e4len und in feine W\u00fcrfel schneiden. In einer Pfanne etwas Butter erhitzen und darin die Zwiebeln glasig d\u00fcnsten. Die Petersilie waschen, trocken sch\u00fctteln und grob hacken. Zusammen mit den ged\u00fcnsteten Zwiebeln und den Eiern zu dem Toast geben.<\/strong><\/p><p>\u00a0<\/p><p><strong>Den Toast gut mit den hinzugef\u00fcgten Zutaten vermengen und mit Salz, Pfeffer und Muskatnuss w\u00fcrzen.<\/strong><\/p><p>\u00a0<\/p><p><strong>Ein K\u00fcchentuch befeuchten und darauf die Masse geben. Mit Hilfe des Tuches eine Rolle formen und beide Enden fest zu binden.<\/strong><\/p><p>\u00a0<\/p><p><strong>In einem gro\u00dfen Topf reichlich Salzwasser zum Kochen bringen und dort hinein die Kn\u00f6delrolle geben. Das Wasser nochmals kurz aufkochen lassen, danach den Kn\u00f6del 20 Minuten im Wasser ziehen lassen.<\/strong><\/p><p>\u00a0<\/p><p><strong>Den Kn\u00f6del auswickeln und in 1cm dicke St\u00fccke schneiden. In einer Pfanne nochmals etwas Butter erhitzen und darin die Scheiben kurz anbraten. Die Kn\u00f6del anschlie\u00dfend warm servieren!<\/strong><\/p>\t\t\t\t\t\t\t\t<\/div>\n\t\t\t\t<\/div>\n\t\t\t\t\t<\/div>\n\t\t<\/div>\n\t\t\t\t\t<\/div>\n\t\t<\/section>\n\t\t\t\t<\/div>\n\t\t","protected":false},"excerpt":{"rendered":"<p>Serviettenkn\u00f6del Zutaten f\u00fcr 5 Portionen 450\u00a0\u00a0\u00a0\u00a0\u00a0\u00a0\u00a0 g\u00a0\u00a0\u00a0\u00a0\u00a0\u00a0\u00a0\u00a0\u00a0\u00a0\u00a0\u00a0 Toast 350\u00a0\u00a0\u00a0\u00a0\u00a0\u00a0\u00a0 ml\u00a0\u00a0\u00a0\u00a0\u00a0\u00a0\u00a0\u00a0\u00a0\u00a0 Milch 1\u00a0\u00a0\u00a0\u00a0\u00a0\u00a0\u00a0\u00a0\u00a0\u00a0\u00a0\u00a0 Stk\u00a0\u00a0\u00a0\u00a0\u00a0\u00a0\u00a0\u00a0 Zwiebel 2\u00a0\u00a0\u00a0\u00a0\u00a0\u00a0\u00a0\u00a0\u00a0\u00a0\u00a0\u00a0 EL\u00a0\u00a0\u00a0\u00a0\u00a0\u00a0\u00a0\u00a0\u00a0\u00a0 Butter 1\u00a0\u00a0\u00a0\u00a0\u00a0\u00a0\u00a0\u00a0\u00a0\u00a0\u00a0\u00a0 Bund\u00a0\u00a0\u00a0\u00a0 Petersilie 4\u00a0\u00a0\u00a0\u00a0\u00a0\u00a0\u00a0\u00a0\u00a0\u00a0\u00a0\u00a0 Stk\u00a0\u00a0\u00a0\u00a0\u00a0\u00a0\u00a0\u00a0 Eier 1\u00a0 \u00a0 \u00a0 \u00a0 \u00a0 \u00a0 \u00a0Prise\u00a0\u00a0\u00a0\u00a0\u00a0 Salz 1\u00a0\u00a0\u00a0\u00a0\u00a0\u00a0\u00a0\u00a0\u00a0\u00a0\u00a0\u00a0 Prise\u00a0\u00a0\u00a0\u00a0\u00a0 Pfeffer 1\u00a0\u00a0\u00a0\u00a0\u00a0\u00a0\u00a0\u00a0\u00a0\u00a0\u00a0\u00a0 Prise\u00a0\u00a0\u00a0\u00a0\u00a0 Muskatnuss \u00a0 Zubereitung \u00a0 Das Toastbrot in kleine W\u00fcrfel schneiden und anschlie\u00dfend in eine Sch\u00fcssel geben. Danach die Milch [&hellip;]<\/p>\n","protected":false},"author":1,"featured_media":0,"parent":0,"menu_order":0,"comment_status":"closed","ping_status":"closed","template":"","meta":{"footnotes":""},"class_list":["post-1999","page","type-page","status-publish","hentry"],"_links":{"self":[{"href":"https:\/\/xn--hw-kppers-t9a.de\/index.php?rest_route=\/wp\/v2\/pages\/1999","targetHints":{"allow":["GET"]}}],"collection":[{"href":"https:\/\/xn--hw-kppers-t9a.de\/index.php?rest_route=\/wp\/v2\/pages"}],"about":[{"href":"https:\/\/xn--hw-kppers-t9a.de\/index.php?rest_route=\/wp\/v2\/types\/page"}],"author":[{"embeddable":true,"href":"https:\/\/xn--hw-kppers-t9a.de\/index.php?rest_route=\/wp\/v2\/users\/1"}],"replies":[{"embeddable":true,"href":"https:\/\/xn--hw-kppers-t9a.de\/index.php?rest_route=%2Fwp%2Fv2%2Fcomments&post=1999"}],"version-history":[{"count":16,"href":"https:\/\/xn--hw-kppers-t9a.de\/index.php?rest_route=\/wp\/v2\/pages\/1999\/revisions"}],"predecessor-version":[{"id":2017,"href":"https:\/\/xn--hw-kppers-t9a.de\/index.php?rest_route=\/wp\/v2\/pages\/1999\/revisions\/2017"}],"wp:attachment":[{"href":"https:\/\/xn--hw-kppers-t9a.de\/index.php?rest_route=%2Fwp%2Fv2%2Fmedia&parent=1999"}],"curies":[{"name":"wp","href":"https:\/\/api.w.org\/{rel}","templated":true}]}}