{"id":1974,"date":"2024-10-12T10:42:24","date_gmt":"2024-10-12T10:42:24","guid":{"rendered":"https:\/\/xn--hw-kppers-t9a.de\/?page_id=1974"},"modified":"2024-10-12T11:18:07","modified_gmt":"2024-10-12T11:18:07","slug":"klassisches-huehnerfrikassee","status":"publish","type":"page","link":"https:\/\/xn--hw-kppers-t9a.de\/?page_id=1974","title":{"rendered":"Klassisches H\u00fchnerfrikassee"},"content":{"rendered":"\t\t<div data-elementor-type=\"wp-page\" data-elementor-id=\"1974\" class=\"elementor elementor-1974\" data-elementor-post-type=\"page\">\n\t\t\t\t\t\t<section class=\"elementor-section elementor-top-section elementor-element elementor-element-7a3c5f1 elementor-section-full_width elementor-section-height-default elementor-section-height-default\" data-id=\"7a3c5f1\" data-element_type=\"section\" data-e-type=\"section\" data-settings=\"{&quot;background_background&quot;:&quot;classic&quot;}\">\n\t\t\t\t\t\t<div class=\"elementor-container elementor-column-gap-default\">\n\t\t\t\t\t<div class=\"elementor-column elementor-col-100 elementor-top-column elementor-element elementor-element-47226ed\" data-id=\"47226ed\" data-element_type=\"column\" data-e-type=\"column\">\n\t\t\t<div class=\"elementor-widget-wrap elementor-element-populated\">\n\t\t\t\t\t\t<div class=\"elementor-element elementor-element-6b4f87d elementor-widget elementor-widget-heading\" data-id=\"6b4f87d\" data-element_type=\"widget\" data-e-type=\"widget\" data-widget_type=\"heading.default\">\n\t\t\t\t<div class=\"elementor-widget-container\">\n\t\t\t\t\t<h2 class=\"elementor-heading-title elementor-size-default\">Klassisches H\u00fchnerfrikassee<\/h2>\t\t\t\t<\/div>\n\t\t\t\t<\/div>\n\t\t\t\t<div class=\"elementor-element elementor-element-a85eac7 elementor-widget elementor-widget-text-editor\" data-id=\"a85eac7\" data-element_type=\"widget\" data-e-type=\"widget\" data-widget_type=\"text-editor.default\">\n\t\t\t\t<div class=\"elementor-widget-container\">\n\t\t\t\t\t\t\t\t\t<p><em><span style=\"text-decoration: underline;\"><img fetchpriority=\"high\" decoding=\"async\" class=\"wp-image-1977 alignleft\" src=\"https:\/\/xn--hw-kppers-t9a.de\/wp-content\/uploads\/2024\/10\/HueFr-300x226.jpg\" alt=\"\" width=\"591\" height=\"445\" srcset=\"https:\/\/xn--hw-kppers-t9a.de\/wp-content\/uploads\/2024\/10\/HueFr-300x226.jpg 300w, https:\/\/xn--hw-kppers-t9a.de\/wp-content\/uploads\/2024\/10\/HueFr-1024x770.jpg 1024w, https:\/\/xn--hw-kppers-t9a.de\/wp-content\/uploads\/2024\/10\/HueFr-768x577.jpg 768w, https:\/\/xn--hw-kppers-t9a.de\/wp-content\/uploads\/2024\/10\/HueFr.jpg 1200w\" sizes=\"(max-width: 591px) 100vw, 591px\" \/><strong>Zutaten\u00a0 f\u00fcr <\/strong><\/span><\/em><strong><em><span style=\"text-decoration: underline;\">4 Personen<\/span><\/em><\/strong><\/p><p><strong>1 Suppenhuhn (\u00e0 ca. 1,5 kg)<\/strong><\/p><p><strong>1 Bund Suppengr\u00fcn<\/strong><\/p><p><strong>1 Lorbeerblatt<\/strong><\/p><p><strong>1 TL Pfefferk\u00f6rner<\/strong><\/p><p><strong>3 Gew\u00fcrznelken<\/strong><\/p><p><strong>Salz<\/strong><\/p><p><strong>Pfeffer<\/strong><\/p><p><strong>Muskat<\/strong><\/p><p><strong>300 g M\u00f6hren<\/strong><\/p><p><strong>evtl. 500 g wei\u00dfer Spargel (alternativ aus dem Glas oder weglassen)<\/strong><\/p><p><strong>1 kleine Stange Porree (Lauch)<\/strong><\/p><p><strong>300 g Champignons<\/strong><\/p><p><strong>3 EL (\u00e0 30 g) Butter<\/strong><\/p><ol><li><strong>40 g Mehl<\/strong><\/li><\/ol><p><strong>150 ml trockener Wei\u00dfwein (alternativ Br\u00fche)<\/strong><\/p><p><strong>2-3 EL\u00a0 Zitronensaft<\/strong><\/p><p><strong>100 g Schlagsahne<\/strong><\/p><p><strong><span style=\"text-decoration: underline;\"><em>Zubereitung<\/em><\/span><\/strong><\/p><p><strong>F\u00fcr die Br\u00fche Huhn von innen und au\u00dfen waschen und in \u00adeinen gro\u00dfen Topf (ca. 7 l Inhalt) legen. Ca. 3 l kaltes Wasser zugie\u00dfen, sodass das Fleisch bedeckt ist. Bei mittlerer Hitze aufkochen und bei schwacher Hitze ca. 1\u20091\u20442 Stunden k\u00f6cheln, dabei Schaum absch\u00f6pfen.<\/strong><\/p><p>\u00a0<\/p><p><strong>Inzwischen Suppengr\u00fcn putzen bzw. sch\u00e4len, waschen und in grobe St\u00fccke schneiden. Nach der H\u00e4lfte der Garzeit Suppengr\u00fcn, Lorbeerblatt, Pfefferk\u00f6rner, Nelken und ca. 1\u20091\u20442 TL Salz zum Huhn geben.<\/strong><\/p><p>\u00a0<\/p><p><strong>M\u00f6hren sch\u00e4len und waschen, l\u00e4ngs halbieren und in St\u00fccke schneiden. Spargel sch\u00e4len, holzige Enden abschneiden. Spargel in grobe St\u00fccke schneiden. Porree putzen, waschen und in Ringe schneiden. Pilze s\u00e4ubern, eventuell waschen und je nach Gr\u00f6\u00dfe halbieren.<\/strong><\/p><h3><strong><img decoding=\"async\" class=\" wp-image-1978 alignleft\" src=\"https:\/\/xn--hw-kppers-t9a.de\/wp-content\/uploads\/2024\/10\/HueFr_a-300x225.jpg\" alt=\"\" width=\"574\" height=\"430\" srcset=\"https:\/\/xn--hw-kppers-t9a.de\/wp-content\/uploads\/2024\/10\/HueFr_a-300x225.jpg 300w, https:\/\/xn--hw-kppers-t9a.de\/wp-content\/uploads\/2024\/10\/HueFr_a-1024x768.jpg 1024w, https:\/\/xn--hw-kppers-t9a.de\/wp-content\/uploads\/2024\/10\/HueFr_a-768x576.jpg 768w, https:\/\/xn--hw-kppers-t9a.de\/wp-content\/uploads\/2024\/10\/HueFr_a.jpg 1200w\" sizes=\"(max-width: 574px) 100vw, 574px\" \/>Garprobe H\u00fchnchen<\/strong><\/h3><p>\u00a0<\/p><h3><strong>F\u00fcr die Garprobe das Huhn etwas aus der<\/strong><\/h3><h3>\u00a0<\/h3><h3><strong>Br\u00fche heben und leicht an einer Keule ziehen.<\/strong><\/h3><h3>\u00a0<\/h3><h3>\u00a0<\/h3><h3><strong>L\u00f6st sie sich ganz leicht, ist das Fleisch gar.<\/strong><\/h3><p>\u00a0<\/p><p>\u00a0<\/p><p>\u00a0<\/p><p><strong>M\u00f6hren und Spargel in der kochenden Br\u00fche ca. 8 Minuten garen. Porree und Pilze zugeben, ca. 2 Minuten weiter\u00adgaren. Gem\u00fcse abgie\u00dfen, dabei Br\u00fche wieder auffangen. (Vorgegarten Spargel aus dem Glas erst kurz vor Ende der Garzeit hinzugeben).<\/strong><\/p><p>\u00a0<\/p><p><strong>F\u00fcr die Mehlschwitze Butter in einem gro\u00dfen Topf erhitzen. Mehl dar\u00fcberst\u00e4uben und unter R\u00fchren hell anschwitzen. Erst Wein, dann Br\u00fche einr\u00fchren. <img decoding=\"async\" class=\" wp-image-1979 alignright\" src=\"https:\/\/xn--hw-kppers-t9a.de\/wp-content\/uploads\/2024\/10\/HueFr_b-300x225.jpg\" alt=\"\" width=\"629\" height=\"472\" srcset=\"https:\/\/xn--hw-kppers-t9a.de\/wp-content\/uploads\/2024\/10\/HueFr_b-300x225.jpg 300w, https:\/\/xn--hw-kppers-t9a.de\/wp-content\/uploads\/2024\/10\/HueFr_b-1024x768.jpg 1024w, https:\/\/xn--hw-kppers-t9a.de\/wp-content\/uploads\/2024\/10\/HueFr_b-768x576.jpg 768w, https:\/\/xn--hw-kppers-t9a.de\/wp-content\/uploads\/2024\/10\/HueFr_b.jpg 1200w\" sizes=\"(max-width: 629px) 100vw, 629px\" \/>Unter R\u00fchren aufkochen und ca. 5 Minuten k\u00f6cheln. Mit Salz, Pfeffer, Muskat und Zitronensaft abschmecken. <\/strong><\/p><p>\u00a0<\/p><p><strong>Fleisch und Gem\u00fcse darin kurz erw\u00e4rmen. Eventuell das Frikassee legieren oder nur Sahne einr\u00fchren. Zu H\u00fchnerfrikassee schmeckt Reis.<\/strong><\/p><p>\u00a0<\/p><p>\u00a0<\/p><p><strong>1239 kcal\u00a0 \/ 102 g Eiwei\u00df\u00a0 \/ 80 g Fett\u00a0 \/ 22 g Kohlenhydrate<\/strong><\/p>\t\t\t\t\t\t\t\t<\/div>\n\t\t\t\t<\/div>\n\t\t\t\t<div class=\"elementor-element elementor-element-dfbaf3e elementor-widget elementor-widget-spacer\" data-id=\"dfbaf3e\" data-element_type=\"widget\" data-e-type=\"widget\" data-widget_type=\"spacer.default\">\n\t\t\t\t<div class=\"elementor-widget-container\">\n\t\t\t\t\t\t\t<div class=\"elementor-spacer\">\n\t\t\t<div class=\"elementor-spacer-inner\"><\/div>\n\t\t<\/div>\n\t\t\t\t\t\t<\/div>\n\t\t\t\t<\/div>\n\t\t\t\t\t<\/div>\n\t\t<\/div>\n\t\t\t\t\t<\/div>\n\t\t<\/section>\n\t\t\t\t<\/div>\n\t\t","protected":false},"excerpt":{"rendered":"<p>Klassisches H\u00fchnerfrikassee Zutaten\u00a0 f\u00fcr 4 Personen 1 Suppenhuhn (\u00e0 ca. 1,5 kg) 1 Bund Suppengr\u00fcn 1 Lorbeerblatt 1 TL Pfefferk\u00f6rner 3 Gew\u00fcrznelken Salz Pfeffer Muskat 300 g M\u00f6hren evtl. 500 g wei\u00dfer Spargel (alternativ aus dem Glas oder weglassen) 1 kleine Stange Porree (Lauch) 300 g Champignons 3 EL (\u00e0 30 g) Butter 40 g [&hellip;]<\/p>\n","protected":false},"author":1,"featured_media":0,"parent":0,"menu_order":0,"comment_status":"closed","ping_status":"closed","template":"","meta":{"footnotes":""},"class_list":["post-1974","page","type-page","status-publish","hentry"],"_links":{"self":[{"href":"https:\/\/xn--hw-kppers-t9a.de\/index.php?rest_route=\/wp\/v2\/pages\/1974","targetHints":{"allow":["GET"]}}],"collection":[{"href":"https:\/\/xn--hw-kppers-t9a.de\/index.php?rest_route=\/wp\/v2\/pages"}],"about":[{"href":"https:\/\/xn--hw-kppers-t9a.de\/index.php?rest_route=\/wp\/v2\/types\/page"}],"author":[{"embeddable":true,"href":"https:\/\/xn--hw-kppers-t9a.de\/index.php?rest_route=\/wp\/v2\/users\/1"}],"replies":[{"embeddable":true,"href":"https:\/\/xn--hw-kppers-t9a.de\/index.php?rest_route=%2Fwp%2Fv2%2Fcomments&post=1974"}],"version-history":[{"count":16,"href":"https:\/\/xn--hw-kppers-t9a.de\/index.php?rest_route=\/wp\/v2\/pages\/1974\/revisions"}],"predecessor-version":[{"id":1995,"href":"https:\/\/xn--hw-kppers-t9a.de\/index.php?rest_route=\/wp\/v2\/pages\/1974\/revisions\/1995"}],"wp:attachment":[{"href":"https:\/\/xn--hw-kppers-t9a.de\/index.php?rest_route=%2Fwp%2Fv2%2Fmedia&parent=1974"}],"curies":[{"name":"wp","href":"https:\/\/api.w.org\/{rel}","templated":true}]}}