{"id":1948,"date":"2024-10-12T10:14:01","date_gmt":"2024-10-12T10:14:01","guid":{"rendered":"https:\/\/xn--hw-kppers-t9a.de\/?page_id=1948"},"modified":"2024-10-12T10:35:30","modified_gmt":"2024-10-12T10:35:30","slug":"kartoffelgulasch-mit-wuerstchen","status":"publish","type":"page","link":"https:\/\/xn--hw-kppers-t9a.de\/?page_id=1948","title":{"rendered":"Kartoffelgulasch mit W\u00fcrstchen"},"content":{"rendered":"\t\t<div data-elementor-type=\"wp-page\" data-elementor-id=\"1948\" class=\"elementor elementor-1948\" data-elementor-post-type=\"page\">\n\t\t\t\t\t\t<section class=\"elementor-section elementor-top-section elementor-element elementor-element-2cc6c79 elementor-section-full_width elementor-section-height-default elementor-section-height-default\" data-id=\"2cc6c79\" data-element_type=\"section\" data-e-type=\"section\" data-settings=\"{&quot;background_background&quot;:&quot;classic&quot;}\">\n\t\t\t\t\t\t<div class=\"elementor-container elementor-column-gap-default\">\n\t\t\t\t\t<div class=\"elementor-column elementor-col-100 elementor-top-column elementor-element elementor-element-1fb6845\" data-id=\"1fb6845\" data-element_type=\"column\" data-e-type=\"column\">\n\t\t\t<div class=\"elementor-widget-wrap elementor-element-populated\">\n\t\t\t\t\t\t<div class=\"elementor-element elementor-element-fc454b3 elementor-widget elementor-widget-heading\" data-id=\"fc454b3\" data-element_type=\"widget\" data-e-type=\"widget\" data-widget_type=\"heading.default\">\n\t\t\t\t<div class=\"elementor-widget-container\">\n\t\t\t\t\t<h2 class=\"elementor-heading-title elementor-size-default\">Kartoffelgulasch mit W\u00fcrstchen<\/h2>\t\t\t\t<\/div>\n\t\t\t\t<\/div>\n\t\t\t\t<div class=\"elementor-element elementor-element-c11529d elementor-widget elementor-widget-text-editor\" data-id=\"c11529d\" data-element_type=\"widget\" data-e-type=\"widget\" data-widget_type=\"text-editor.default\">\n\t\t\t\t<div class=\"elementor-widget-container\">\n\t\t\t\t\t\t\t\t\t<p><span style=\"text-decoration: underline;\"><em><strong><img fetchpriority=\"high\" decoding=\"async\" class=\" wp-image-1954 alignleft\" src=\"https:\/\/xn--hw-kppers-t9a.de\/wp-content\/uploads\/2024\/10\/KmW-300x300.jpg\" alt=\"\" width=\"565\" height=\"565\" srcset=\"https:\/\/xn--hw-kppers-t9a.de\/wp-content\/uploads\/2024\/10\/KmW-300x300.jpg 300w, https:\/\/xn--hw-kppers-t9a.de\/wp-content\/uploads\/2024\/10\/KmW-150x150.jpg 150w, https:\/\/xn--hw-kppers-t9a.de\/wp-content\/uploads\/2024\/10\/KmW-768x768.jpg 768w, https:\/\/xn--hw-kppers-t9a.de\/wp-content\/uploads\/2024\/10\/KmW.jpg 900w\" sizes=\"(max-width: 565px) 100vw, 565px\" \/><\/strong><\/em><\/span><\/p><p>\u00a0<\/p><p>\u00a0<\/p><p>\u00a0<\/p><p><span style=\"text-decoration: underline;\"><em><strong>Zutaten 4 Personen<\/strong><\/em><\/span><\/p><p>\u00a0<\/p><p><strong>1,2 kg Kartoffeln (vorwiegend festkochend)<\/strong><\/p><p><strong>1 gro\u00dfe Zwiebel<\/strong><\/p><p><strong>2 EL \u00d6l<\/strong><\/p><p><strong>2 EL Tomatenmark<\/strong><\/p><p><strong>500 ml Gem\u00fcsebr\u00fche<\/strong><\/p><p><strong>1 TL Edels\u00fc\u00dfpaprika<\/strong><\/p><p><strong>Salz<\/strong><\/p><p><strong>Pfeffer<\/strong><\/p><p><strong>gemahlener K\u00fcmmel<\/strong><\/p><p><strong>1 rote Paprikaschote<\/strong><\/p><p><strong>8 Wiener W\u00fcrstchen<\/strong><\/p><p><strong>200 g Sahne<\/strong><\/p><p><strong>\u00a0<\/strong><\/p><p><span style=\"text-decoration: underline;\"><em><strong>Zubereitung<\/strong><\/em><\/span><\/p><p><strong>\u00a0<\/strong><\/p><p><strong>1.\u00a0 Kartoffeln sch\u00e4len und in 1 cm gro\u00dfe W\u00fcrfel schneiden. Zwiebel sch\u00e4len und fein w\u00fcrfeln.<\/strong><\/p><p>\u00a0<\/p><p><strong>2.\u00a0 \u00d6l in einem Topf erhitzen, Zwiebel- und Kartoffelw\u00fcrfel darin bei mittlerer Hitze anbraten. Tomatenmark zugeben, kurz mitr\u00f6sten. Mit der Br\u00fche abl\u00f6schen, Edels\u00fc\u00dfpaprika zugeben und mit Salz, Pfeffer und K\u00fcmmel abschmecken. 15 Minuten bei niedriger Hitze k\u00f6cheln lassen.<\/strong><\/p><p>\u00a0<\/p><p><strong>3.\u00a0 Paprika halbieren, entkernen und in St\u00fccke schneiden. Paprika zu den Kartoffeln geben und f\u00fcr weitere 10 Minuten k\u00f6cheln lassen.<\/strong><\/p><p>\u00a0<\/p><p><strong>4.\u00a0 W\u00fcrstchen in Scheiben schneiden und mit der Sahne zu den Kartoffeln geben. Alles gut verr\u00fchren, aufkochen und 5 Minuten k\u00f6cheln lassen. Abschmecken.<\/strong><\/p><p>\u00a0<\/p><p style=\"text-align: center;\"><a href=\"https:\/\/xn--hw-kppers-t9a.eu\/STRATO-apps\/wordpress_03\/app\/wp-content\/uploads\/2023\/02\/Kartoffelgulasch.mp4\"><span style=\"color: #ff0000;\"><strong>Video<\/strong><\/span><\/a><\/p>\t\t\t\t\t\t\t\t<\/div>\n\t\t\t\t<\/div>\n\t\t\t\t\t<\/div>\n\t\t<\/div>\n\t\t\t\t\t<\/div>\n\t\t<\/section>\n\t\t\t\t<\/div>\n\t\t","protected":false},"excerpt":{"rendered":"<p>Kartoffelgulasch mit W\u00fcrstchen \u00a0 \u00a0 \u00a0 Zutaten 4 Personen \u00a0 1,2 kg Kartoffeln (vorwiegend festkochend) 1 gro\u00dfe Zwiebel 2 EL \u00d6l 2 EL Tomatenmark 500 ml Gem\u00fcsebr\u00fche 1 TL Edels\u00fc\u00dfpaprika Salz Pfeffer gemahlener K\u00fcmmel 1 rote Paprikaschote 8 Wiener W\u00fcrstchen 200 g Sahne \u00a0 Zubereitung \u00a0 1.\u00a0 Kartoffeln sch\u00e4len und in 1 cm gro\u00dfe W\u00fcrfel [&hellip;]<\/p>\n","protected":false},"author":1,"featured_media":0,"parent":0,"menu_order":0,"comment_status":"closed","ping_status":"closed","template":"","meta":{"footnotes":""},"class_list":["post-1948","page","type-page","status-publish","hentry"],"_links":{"self":[{"href":"https:\/\/xn--hw-kppers-t9a.de\/index.php?rest_route=\/wp\/v2\/pages\/1948","targetHints":{"allow":["GET"]}}],"collection":[{"href":"https:\/\/xn--hw-kppers-t9a.de\/index.php?rest_route=\/wp\/v2\/pages"}],"about":[{"href":"https:\/\/xn--hw-kppers-t9a.de\/index.php?rest_route=\/wp\/v2\/types\/page"}],"author":[{"embeddable":true,"href":"https:\/\/xn--hw-kppers-t9a.de\/index.php?rest_route=\/wp\/v2\/users\/1"}],"replies":[{"embeddable":true,"href":"https:\/\/xn--hw-kppers-t9a.de\/index.php?rest_route=%2Fwp%2Fv2%2Fcomments&post=1948"}],"version-history":[{"count":16,"href":"https:\/\/xn--hw-kppers-t9a.de\/index.php?rest_route=\/wp\/v2\/pages\/1948\/revisions"}],"predecessor-version":[{"id":1967,"href":"https:\/\/xn--hw-kppers-t9a.de\/index.php?rest_route=\/wp\/v2\/pages\/1948\/revisions\/1967"}],"wp:attachment":[{"href":"https:\/\/xn--hw-kppers-t9a.de\/index.php?rest_route=%2Fwp%2Fv2%2Fmedia&parent=1948"}],"curies":[{"name":"wp","href":"https:\/\/api.w.org\/{rel}","templated":true}]}}