{"id":1877,"date":"2024-10-11T17:17:46","date_gmt":"2024-10-11T17:17:46","guid":{"rendered":"https:\/\/xn--hw-kppers-t9a.de\/?page_id=1877"},"modified":"2024-10-11T17:53:30","modified_gmt":"2024-10-11T17:53:30","slug":"haehnchenschenkel-mit-ofengemuese-vom-blech","status":"publish","type":"page","link":"https:\/\/xn--hw-kppers-t9a.de\/?page_id=1877","title":{"rendered":"H\u00e4hnchenschenkel mit Ofengem\u00fcse vom Blech"},"content":{"rendered":"\t\t<div data-elementor-type=\"wp-page\" data-elementor-id=\"1877\" class=\"elementor elementor-1877\" data-elementor-post-type=\"page\">\n\t\t\t\t\t\t<section class=\"elementor-section elementor-top-section elementor-element elementor-element-e1c898d elementor-section-full_width elementor-section-height-default elementor-section-height-default\" data-id=\"e1c898d\" data-element_type=\"section\" data-e-type=\"section\" data-settings=\"{&quot;background_background&quot;:&quot;classic&quot;}\">\n\t\t\t\t\t\t<div class=\"elementor-container elementor-column-gap-default\">\n\t\t\t\t\t<div class=\"elementor-column elementor-col-100 elementor-top-column elementor-element elementor-element-b36c0f6\" data-id=\"b36c0f6\" data-element_type=\"column\" data-e-type=\"column\">\n\t\t\t<div class=\"elementor-widget-wrap elementor-element-populated\">\n\t\t\t\t\t\t<div class=\"elementor-element elementor-element-459a34b elementor-widget elementor-widget-heading\" data-id=\"459a34b\" data-element_type=\"widget\" data-e-type=\"widget\" data-widget_type=\"heading.default\">\n\t\t\t\t<div class=\"elementor-widget-container\">\n\t\t\t\t\t<h2 class=\"elementor-heading-title elementor-size-default\">H\u00e4hnchenschenkel mit Ofengem\u00fcse vom Blech<\/h2>\t\t\t\t<\/div>\n\t\t\t\t<\/div>\n\t\t\t\t<div class=\"elementor-element elementor-element-bd00f6c elementor-widget elementor-widget-text-editor\" data-id=\"bd00f6c\" data-element_type=\"widget\" data-e-type=\"widget\" data-widget_type=\"text-editor.default\">\n\t\t\t\t<div class=\"elementor-widget-container\">\n\t\t\t\t\t\t\t\t\t<div class=\"ld-rds mb-5 flex flex-col gap-4 md:mb-8 md:gap-6\"><div class=\"ld-rds w-full self-start\"><h2 class=\"ld-rds font-rewe-mato text-xl font-bold leading-[26px] md:text-2xl md:leading-8\"><img fetchpriority=\"high\" decoding=\"async\" class=\" wp-image-1883 alignleft\" src=\"https:\/\/xn--hw-kppers-t9a.de\/wp-content\/uploads\/2024\/10\/5-300x200.jpg\" alt=\"\" width=\"689\" height=\"459\" srcset=\"https:\/\/xn--hw-kppers-t9a.de\/wp-content\/uploads\/2024\/10\/5-300x200.jpg 300w, https:\/\/xn--hw-kppers-t9a.de\/wp-content\/uploads\/2024\/10\/5-1024x683.jpg 1024w, https:\/\/xn--hw-kppers-t9a.de\/wp-content\/uploads\/2024\/10\/5-768x512.jpg 768w, https:\/\/xn--hw-kppers-t9a.de\/wp-content\/uploads\/2024\/10\/5.jpg 1480w\" sizes=\"(max-width: 689px) 100vw, 689px\" \/><strong>Zutaten<\/strong><\/h2><p><strong>f\u00fcr 4 Personen<\/strong><\/p><\/div><\/div><div class=\"ld-rds flex-[1_0_0%]\"><strong>7\u00a0EL Oliven\u00f6l<\/strong><\/div><div class=\"ld-rds flex-[1_0_0%]\"><strong>Salz<\/strong><\/div><div class=\"ld-rds flex-[1_0_0%]\"><strong>Pfeffer<\/strong><\/div><div class=\"ld-rds flex-[1_0_0%]\"><strong>1\u00a0TL Paprikapulver edels\u00fc\u00df<\/strong><\/div><div class=\"ld-rds flex-[1_0_0%]\"><strong>4\u00a0H\u00e4hnchenkeulen<\/strong><\/div><div class=\"ld-rds flex-[1_0_0%]\"><strong>500\u00a0g Kartoffeln<\/strong><\/div><div class=\"ld-rds flex-[1_0_0%]\"><strong>1\u00a0Zucchini<\/strong><\/div><div class=\"ld-rds flex-[1_0_0%]\"><strong>1\u00a0gelbe Paprikaschote<\/strong><\/div><div class=\"ld-rds flex-[1_0_0%]\"><strong>1\u00a0rote Paprikaschote<\/strong><\/div><div class=\"ld-rds flex-[1_0_0%]\"><strong>1\u00a0rote Zwiebel<\/strong><\/div><div class=\"ld-rds flex-[1_0_0%]\"><strong>3\u00a0Zweig(e) Rosmarin<\/strong><\/div><div class=\"ld-rds flex-[1_0_0%]\"><strong>3\u00a0Zweig(e) Thymian<\/strong><\/div><div><h2>\u00a0<\/h2><h2>\u00a0<\/h2><h2 class=\"ld-rds mb-8 font-rewe-mato text-xl font-bold leading-[26px] text-gray-1000 md:mb-12 md:text-2xl md:leading-8 print:mb-4\"><strong>Zubereitung<\/strong><\/h2><ol><li><strong>Schritt<\/strong><\/li><\/ol><\/div><div class=\"ld-rds step-ingredients mb-8 last:mb-0 lg:mb-12\"><div class=\"ld-rds flex\"><div class=\"ld-rds flex flex-shrink-0 gap-2\"><div class=\"ld-rds flex flex-row items-stretch gap-8\"><p><strong>3 EL Oliven\u00f6l + Salz + Pfeffer + 1 TL Paprikapulver edels\u00fc\u00df + 4 H\u00e4hnchenkeulen + 500 g Kartoffeln<\/strong><\/p><\/div><\/div><\/div><div class=\"ld-rds step-ingredients__content-container mt-4 flex gap-3 pr-6 lg:mt-6\"><div class=\"ld-rds step-ingredients__list self-center\"><div class=\"ld-rds h-full text-xs font-normal text-gray-800 md:text-sm\">\u00a0<\/div><\/div><\/div><div class=\"ld-rds mt-4 self-stretch text-sm leading-5 text-gray-1000 md:text-base lg:mt-6 lg:leading-6 [&amp;_a:hover]:text-brand-800 [&amp;_a]:underline [&amp;_a]:underline-offset-3\"><p><strong>3 EL Oliven\u00f6l mit ein wenig Salz, Pfeffer und Paprikagew\u00fcrz verr\u00fchren. H\u00e4hnchenkeulen damit einstreichen und die Keulen auf einem mit Backpapier belegten Backblech verteilen. Kartoffeln waschen, gegebenenfalls sch\u00e4len und in Spalten schneiden.<\/strong><\/p><p><strong>\u00a0 \u00a0 \u00a0 \u00a02. Schritt<\/strong><\/p><\/div><\/div><div class=\"ld-rds step-ingredients mb-8 last:mb-0 lg:mb-12\"><div class=\"ld-rds step-ingredients__content-container mt-4 flex gap-3 pr-6 lg:mt-6\"><div class=\"ld-rds step-ingredients__list self-center\"><div class=\"ld-rds h-full text-xs font-normal text-gray-800 md:text-sm\"><p><strong>4 EL Oliven\u00f6l + Pfeffer + Salz + 3 Zweig(e) Rosmarin + 3 Zweig(e) Thymian<\/strong><\/p><\/div><\/div><\/div><div class=\"ld-rds mt-4 self-stretch text-sm leading-5 text-gray-1000 md:text-base lg:mt-6 lg:leading-6 [&amp;_a:hover]:text-brand-800 [&amp;_a]:underline [&amp;_a]:underline-offset-3\"><p><strong>4 EL Oliven\u00f6l mit Pfeffer und Salz verr\u00fchren. Kr\u00e4uter waschen, Bl\u00e4tter bzw. Nadeln fein hacken und in die Marinade geben. Die H\u00e4lfte der Marinade mit den Kartoffeln vermengen und diese anschlie\u00dfend zum H\u00e4hnchen auf das Backblech geben.<\/strong><\/p><\/div><\/div><div class=\"ld-rds step-ingredients mb-8 last:mb-0 lg:mb-12\"><div class=\"ld-rds flex\"><div class=\"ld-rds flex flex-shrink-0 gap-2\"><div class=\"ld-rds flex flex-row items-stretch gap-8\"><p class=\"ld-rds step preparation-step flex items-center justify-center rounded-4xl bg-olive-100 pl-3 pr-3 text-sm font-medium text-gray-1000 lg:text-base\"><strong>\u00a0 \u00a0 \u00a0 3. Schritt<\/strong><\/p><\/div><div class=\"ld-rds invisible rounded-full bg-white text-gray-500\"><strong>Im auf 180 \u00b0C Umluft vorgeheizten Backofen ca. 45 Minuten knusprig garen.<\/strong><\/div><div>\u00a0<\/div><div>\u00a0<\/div><\/div><\/div><\/div><div class=\"ld-rds step-ingredients mb-8 last:mb-0 lg:mb-12\"><div class=\"ld-rds flex\"><div class=\"ld-rds flex flex-shrink-0 gap-2\"><div class=\"ld-rds flex flex-row items-stretch gap-8\"><p class=\"ld-rds step preparation-step flex items-center justify-center rounded-4xl bg-olive-100 pl-3 pr-3 text-sm font-medium text-gray-1000 lg:text-base\"><strong>\u00a0 \u00a0 \u00a0 \u00a04. Schritt<\/strong><\/p><\/div><\/div><\/div><div class=\"ld-rds step-ingredients__content-container mt-4 flex gap-3 pr-6 lg:mt-6\"><div class=\"ld-rds step-ingredients__list self-center\"><div class=\"ld-rds h-full text-xs font-normal text-gray-800 md:text-sm\"><p><strong>1 Zucchini + 1 gelbe Paprikaschote + 1 rote Paprikaschote + 1 rote Zwiebel<\/strong><\/p><\/div><\/div><\/div><div class=\"ld-rds mt-4 self-stretch text-sm leading-5 text-gray-1000 md:text-base lg:mt-6 lg:leading-6 [&amp;_a:hover]:text-brand-800 [&amp;_a]:underline [&amp;_a]:underline-offset-3\"><p><strong>Zucchini waschen und in Scheiben schneiden. Paprika waschen, Kerne entfernen und in Streifen schneiden. Zwiebel sch\u00e4len und in Ringe schneiden. Alles mit der restlichen Marinade vermengen und nach 25 Minuten mit auf das Backblech geben. Dazu schmeckt zum Beispiel Kr\u00e4uterquark.<\/strong><\/p><p style=\"text-align: center;\"><a href=\"https:\/\/xn--hw-kppers-t9a.eu\/STRATO-apps\/wordpress_03\/app\/wp-content\/uploads\/2023\/02\/H\u00e4hnchenschenkel im Backofen zubereiten mit Gem\u00fcse.mp4\" target=\"_blank\" rel=\"noopener\" data-wplink-url-error=\"true\"><strong><span style=\"color: #ff0000;\">Video<\/span><\/strong><\/a><\/p><\/div><\/div>\t\t\t\t\t\t\t\t<\/div>\n\t\t\t\t<\/div>\n\t\t\t\t<div class=\"elementor-element elementor-element-856ba77 elementor-widget elementor-widget-spacer\" data-id=\"856ba77\" data-element_type=\"widget\" data-e-type=\"widget\" data-widget_type=\"spacer.default\">\n\t\t\t\t<div class=\"elementor-widget-container\">\n\t\t\t\t\t\t\t<div class=\"elementor-spacer\">\n\t\t\t<div class=\"elementor-spacer-inner\"><\/div>\n\t\t<\/div>\n\t\t\t\t\t\t<\/div>\n\t\t\t\t<\/div>\n\t\t\t\t\t<\/div>\n\t\t<\/div>\n\t\t\t\t\t<\/div>\n\t\t<\/section>\n\t\t\t\t<\/div>\n\t\t","protected":false},"excerpt":{"rendered":"<p>H\u00e4hnchenschenkel mit Ofengem\u00fcse vom Blech Zutaten f\u00fcr 4 Personen 7\u00a0EL Oliven\u00f6lSalzPfeffer1\u00a0TL Paprikapulver edels\u00fc\u00df4\u00a0H\u00e4hnchenkeulen500\u00a0g Kartoffeln1\u00a0Zucchini1\u00a0gelbe Paprikaschote1\u00a0rote Paprikaschote1\u00a0rote Zwiebel3\u00a0Zweig(e) Rosmarin3\u00a0Zweig(e) Thymian \u00a0 \u00a0 Zubereitung Schritt 3 EL Oliven\u00f6l + Salz + Pfeffer + 1 TL Paprikapulver edels\u00fc\u00df + 4 H\u00e4hnchenkeulen + 500 g Kartoffeln \u00a0 3 EL Oliven\u00f6l mit ein wenig Salz, Pfeffer und Paprikagew\u00fcrz verr\u00fchren. H\u00e4hnchenkeulen [&hellip;]<\/p>\n","protected":false},"author":1,"featured_media":0,"parent":0,"menu_order":0,"comment_status":"closed","ping_status":"closed","template":"","meta":{"footnotes":""},"class_list":["post-1877","page","type-page","status-publish","hentry"],"_links":{"self":[{"href":"https:\/\/xn--hw-kppers-t9a.de\/index.php?rest_route=\/wp\/v2\/pages\/1877","targetHints":{"allow":["GET"]}}],"collection":[{"href":"https:\/\/xn--hw-kppers-t9a.de\/index.php?rest_route=\/wp\/v2\/pages"}],"about":[{"href":"https:\/\/xn--hw-kppers-t9a.de\/index.php?rest_route=\/wp\/v2\/types\/page"}],"author":[{"embeddable":true,"href":"https:\/\/xn--hw-kppers-t9a.de\/index.php?rest_route=\/wp\/v2\/users\/1"}],"replies":[{"embeddable":true,"href":"https:\/\/xn--hw-kppers-t9a.de\/index.php?rest_route=%2Fwp%2Fv2%2Fcomments&post=1877"}],"version-history":[{"count":13,"href":"https:\/\/xn--hw-kppers-t9a.de\/index.php?rest_route=\/wp\/v2\/pages\/1877\/revisions"}],"predecessor-version":[{"id":1899,"href":"https:\/\/xn--hw-kppers-t9a.de\/index.php?rest_route=\/wp\/v2\/pages\/1877\/revisions\/1899"}],"wp:attachment":[{"href":"https:\/\/xn--hw-kppers-t9a.de\/index.php?rest_route=%2Fwp%2Fv2%2Fmedia&parent=1877"}],"curies":[{"name":"wp","href":"https:\/\/api.w.org\/{rel}","templated":true}]}}