{"id":1848,"date":"2024-10-11T10:35:26","date_gmt":"2024-10-11T10:35:26","guid":{"rendered":"https:\/\/xn--hw-kppers-t9a.de\/?page_id=1848"},"modified":"2024-10-11T16:50:20","modified_gmt":"2024-10-11T16:50:20","slug":"hackfleisch-eintopf","status":"publish","type":"page","link":"https:\/\/xn--hw-kppers-t9a.de\/?page_id=1848","title":{"rendered":"Hackfleisch-Eintopf"},"content":{"rendered":"\t\t<div data-elementor-type=\"wp-page\" data-elementor-id=\"1848\" class=\"elementor elementor-1848\" data-elementor-post-type=\"page\">\n\t\t\t\t\t\t<section class=\"elementor-section elementor-top-section elementor-element elementor-element-c1c1771 elementor-section-boxed elementor-section-height-default elementor-section-height-default\" data-id=\"c1c1771\" data-element_type=\"section\" data-e-type=\"section\" data-settings=\"{&quot;background_background&quot;:&quot;classic&quot;}\">\n\t\t\t\t\t\t<div class=\"elementor-container elementor-column-gap-default\">\n\t\t\t\t\t<div class=\"elementor-column elementor-col-100 elementor-top-column elementor-element elementor-element-2d003ee\" data-id=\"2d003ee\" data-element_type=\"column\" data-e-type=\"column\">\n\t\t\t<div class=\"elementor-widget-wrap elementor-element-populated\">\n\t\t\t\t\t\t<div class=\"elementor-element elementor-element-d65cf6a elementor-widget elementor-widget-text-editor\" data-id=\"d65cf6a\" data-element_type=\"widget\" data-e-type=\"widget\" data-widget_type=\"text-editor.default\">\n\t\t\t\t<div class=\"elementor-widget-container\">\n\t\t\t\t\t\t\t\t\t<h3><strong>Hackfleisch-Eintopf<\/strong><\/h3>\t\t\t\t\t\t\t\t<\/div>\n\t\t\t\t<\/div>\n\t\t\t\t<div class=\"elementor-element elementor-element-4fa7974 elementor-widget elementor-widget-text-editor\" data-id=\"4fa7974\" data-element_type=\"widget\" data-e-type=\"widget\" data-widget_type=\"text-editor.default\">\n\t\t\t\t<div class=\"elementor-widget-container\">\n\t\t\t\t\t\t\t\t\t<p><img fetchpriority=\"high\" decoding=\"async\" class=\"wp-image-1841 alignleft\" src=\"https:\/\/xn--hw-kppers-t9a.de\/wp-content\/uploads\/2024\/10\/geschichtetes-fleisch-300x225.jpg\" alt=\"\" width=\"605\" height=\"454\" srcset=\"https:\/\/xn--hw-kppers-t9a.de\/wp-content\/uploads\/2024\/10\/geschichtetes-fleisch-300x225.jpg 300w, https:\/\/xn--hw-kppers-t9a.de\/wp-content\/uploads\/2024\/10\/geschichtetes-fleisch.jpg 600w\" sizes=\"(max-width: 605px) 100vw, 605px\" \/>1 mittelgro\u00dfe Zwiebel<\/p><p>2 Knoblauchzehen<\/p><p>1 kg mehligkochende Kartoffeln<\/p><p>2 EL Raps\u00f6l<\/p><p>400 g gemischtes Hackfleisch<\/p><p>1 EL Tomatenmark<\/p><p>1 Dose(n) (\u00e0 850 ml) st\u00fcckige Tomaten<\/p><p>500 ml Gem\u00fcsebr\u00fche<\/p><p>1 EL Oregano<\/p><p>4 mittelgro\u00dfe Karotten<\/p><p>1 Stange\/nLauch<\/p><section class=\"bx-content bx-content__continuous-text bx-recipe__instructions bx-typo--content-continuous-text\"><h4 class=\"bx-recipe__interline\"><i class=\"icon icon-instruction\"><\/i>Zubereitung<\/h4><div><h4><span id=\"instructiongroup1step1\" class=\"bx-instruction-group__instruction-step bx-typo--center\">1<\/span><\/h4><p>Zwiebel sch\u00e4len und fein w\u00fcrfeln. Knoblauch sch\u00e4len und fein hacken. Kartoffeln sch\u00e4len, waschen und in mundgerechte W\u00fcrfel schneiden. \u00d6l in einem gro\u00dfen Topf erhitzen, Hack darin kr\u00fcmelig anbraten. Zwiebelw\u00fcrfel, Knoblauch, Kartoffeln und Tomatenmark in den Topf geben und ca. 3 Minuten mitbraten. Mit Tomaten und Br\u00fche aufgie\u00dfen, Oregano hinzugeben und bei mittlerer Hitze ca. 15 Minuten k\u00f6cheln lassen.<\/p><h4><span id=\"instructiongroup1step2\" class=\"bx-instruction-group__instruction-step bx-typo--center\">2<\/span><\/h4><p>Karotten, sch\u00e4len und in Scheiben schneiden. Lauch, putzen, waschen, trocken tupfen und in feine Ringe schneiden. Nach ca. 15 Minuten Kochzeit Karottenscheiben hinzugeben und weitere ca. 10 Minuten kochen lassen. Lauchscheiben hinzugeben und noch ca. 10 Minuten k\u00f6cheln lassen. Eintopf mit Salz, Pfeffer, Paprikapulver und Zucker abschmecken.<\/p><div><h4><span id=\"instructiongroup1step3\" class=\"bx-instruction-group__instruction-step bx-typo--center\">3<\/span><\/h4><div><h3>Petersilie waschen, trocken tupfen. Bl\u00e4ttchen von den Stielen zupfen und fein hacken. Eintopf mit Petersilie bestreuen und servieren.<\/h3><\/div><\/div><\/div><\/section>\t\t\t\t\t\t\t\t<\/div>\n\t\t\t\t<\/div>\n\t\t\t\t<div class=\"elementor-element elementor-element-9885eae elementor-widget elementor-widget-spacer\" data-id=\"9885eae\" data-element_type=\"widget\" data-e-type=\"widget\" data-widget_type=\"spacer.default\">\n\t\t\t\t<div class=\"elementor-widget-container\">\n\t\t\t\t\t\t\t<div class=\"elementor-spacer\">\n\t\t\t<div class=\"elementor-spacer-inner\"><\/div>\n\t\t<\/div>\n\t\t\t\t\t\t<\/div>\n\t\t\t\t<\/div>\n\t\t\t\t\t<\/div>\n\t\t<\/div>\n\t\t\t\t\t<\/div>\n\t\t<\/section>\n\t\t\t\t<\/div>\n\t\t","protected":false},"excerpt":{"rendered":"<p>Hackfleisch-Eintopf 1 mittelgro\u00dfe Zwiebel 2 Knoblauchzehen 1 kg mehligkochende Kartoffeln 2 EL Raps\u00f6l 400 g gemischtes Hackfleisch 1 EL Tomatenmark 1 Dose(n) (\u00e0 850 ml) st\u00fcckige Tomaten 500 ml Gem\u00fcsebr\u00fche 1 EL Oregano 4 mittelgro\u00dfe Karotten 1 Stange\/nLauch Zubereitung 1 Zwiebel sch\u00e4len und fein w\u00fcrfeln. Knoblauch sch\u00e4len und fein hacken. Kartoffeln sch\u00e4len, waschen und in [&hellip;]<\/p>\n","protected":false},"author":1,"featured_media":0,"parent":0,"menu_order":0,"comment_status":"closed","ping_status":"closed","template":"","meta":{"footnotes":""},"class_list":["post-1848","page","type-page","status-publish","hentry"],"_links":{"self":[{"href":"https:\/\/xn--hw-kppers-t9a.de\/index.php?rest_route=\/wp\/v2\/pages\/1848","targetHints":{"allow":["GET"]}}],"collection":[{"href":"https:\/\/xn--hw-kppers-t9a.de\/index.php?rest_route=\/wp\/v2\/pages"}],"about":[{"href":"https:\/\/xn--hw-kppers-t9a.de\/index.php?rest_route=\/wp\/v2\/types\/page"}],"author":[{"embeddable":true,"href":"https:\/\/xn--hw-kppers-t9a.de\/index.php?rest_route=\/wp\/v2\/users\/1"}],"replies":[{"embeddable":true,"href":"https:\/\/xn--hw-kppers-t9a.de\/index.php?rest_route=%2Fwp%2Fv2%2Fcomments&post=1848"}],"version-history":[{"count":13,"href":"https:\/\/xn--hw-kppers-t9a.de\/index.php?rest_route=\/wp\/v2\/pages\/1848\/revisions"}],"predecessor-version":[{"id":1862,"href":"https:\/\/xn--hw-kppers-t9a.de\/index.php?rest_route=\/wp\/v2\/pages\/1848\/revisions\/1862"}],"wp:attachment":[{"href":"https:\/\/xn--hw-kppers-t9a.de\/index.php?rest_route=%2Fwp%2Fv2%2Fmedia&parent=1848"}],"curies":[{"name":"wp","href":"https:\/\/api.w.org\/{rel}","templated":true}]}}