{"id":1820,"date":"2024-10-11T09:56:21","date_gmt":"2024-10-11T09:56:21","guid":{"rendered":"https:\/\/xn--hw-kppers-t9a.de\/?page_id=1820"},"modified":"2024-10-11T10:13:35","modified_gmt":"2024-10-11T10:13:35","slug":"gegrillte-schweinshaxe","status":"publish","type":"page","link":"https:\/\/xn--hw-kppers-t9a.de\/?page_id=1820","title":{"rendered":"Gegrillte Schweinshaxe"},"content":{"rendered":"\t\t<div data-elementor-type=\"wp-page\" data-elementor-id=\"1820\" class=\"elementor elementor-1820\" data-elementor-post-type=\"page\">\n\t\t\t\t\t\t<section class=\"elementor-section elementor-top-section elementor-element elementor-element-e258f31 elementor-section-full_width elementor-section-height-default elementor-section-height-default\" data-id=\"e258f31\" data-element_type=\"section\" data-e-type=\"section\">\n\t\t\t\t\t\t\t<div class=\"elementor-background-overlay\"><\/div>\n\t\t\t\t\t\t\t<div class=\"elementor-container elementor-column-gap-default\">\n\t\t\t\t\t<div class=\"elementor-column elementor-col-100 elementor-top-column elementor-element elementor-element-a8d082d\" data-id=\"a8d082d\" data-element_type=\"column\" data-e-type=\"column\">\n\t\t\t<div class=\"elementor-widget-wrap elementor-element-populated\">\n\t\t\t\t\t\t<div class=\"elementor-element elementor-element-d3039cc elementor-widget elementor-widget-heading\" data-id=\"d3039cc\" data-element_type=\"widget\" data-e-type=\"widget\" data-widget_type=\"heading.default\">\n\t\t\t\t<div class=\"elementor-widget-container\">\n\t\t\t\t\t<h2 class=\"elementor-heading-title elementor-size-default\">Gegrillte Schweinshaxe<\/h2>\t\t\t\t<\/div>\n\t\t\t\t<\/div>\n\t\t\t\t<div class=\"elementor-element elementor-element-5361e9e elementor-widget elementor-widget-text-editor\" data-id=\"5361e9e\" data-element_type=\"widget\" data-e-type=\"widget\" data-widget_type=\"text-editor.default\">\n\t\t\t\t<div class=\"elementor-widget-container\">\n\t\t\t\t\t\t\t\t\t<section class=\"jt-ingredients print:col-start-1\" data-v-70bb955b=\"\" data-v-1c7ba82b=\"\"><div class=\"section-header\" data-v-1c7ba82b=\"\"><h3 class=\"w-1\/2 flex-grow\"><span style=\"color: #0000ff;\"><strong><img fetchpriority=\"high\" decoding=\"async\" class=\" wp-image-1828 alignleft\" src=\"https:\/\/xn--hw-kppers-t9a.de\/wp-content\/uploads\/2024\/10\/3-300x200.jpg\" alt=\"\" width=\"566\" height=\"377\" srcset=\"https:\/\/xn--hw-kppers-t9a.de\/wp-content\/uploads\/2024\/10\/3-300x200.jpg 300w, https:\/\/xn--hw-kppers-t9a.de\/wp-content\/uploads\/2024\/10\/3-768x512.jpg 768w, https:\/\/xn--hw-kppers-t9a.de\/wp-content\/uploads\/2024\/10\/3.jpg 900w\" sizes=\"(max-width: 566px) 100vw, 566px\" \/>Zutaten<\/strong><\/span><\/h3><h4>f\u00fcr 4 Personen<\/h4><h4>2 Schweinshaxen \u00e1 1 kg<\/h4><h4>2 Zwiebeln<\/h4><h4>1 TL Pfefferk\u00f6rner<\/h4><h4>2 Lorbeerbl\u00e4tter<\/h4><h4>3 Gew\u00fcrznelken<\/h4><h4>0,5 l Fleischbr\u00fche<\/h4><h4>etwas Salz<\/h4><\/div><\/section><div class=\"hidden tablet-landscape:flex print:block\"><div class=\"facts-wrapper w-full\" data-v-e9a0e90c=\"\"><h4 class=\"tablet-landscape:leading-5\"><strong class=\"block\" data-v-e9a0e90c=\"\">N\u00e4hrwertangaben:<\/strong><small data-v-e9a0e90c=\"\">Angaben pro 100g<\/small><\/h4><h4 class=\"nutrition-fact first-nutrition-fact\"><span data-v-f0682153=\"\">kJ (kcal)<\/span><span class=\"value font-semibold\" data-v-f0682153=\"\">13 (3)<\/span><\/h4><h4 class=\"nutrition-fact\"><span data-v-f0682153=\"\">Eiwei\u00df<\/span><span class=\"value font-semibold\" data-v-f0682153=\"\">0,4 g<\/span><\/h4><h4 class=\"nutrition-fact\"><span data-v-f0682153=\"\">Kohlenhydrate<\/span><span class=\"value font-semibold\" data-v-f0682153=\"\">0,2 g<\/span><\/h4><h4 class=\"nutrition-fact\"><span data-v-f0682153=\"\">Fett<\/span><span class=\"value font-semibold\" data-v-f0682153=\"\">0,1 g<\/span><\/h4><\/div><\/div><section class=\"relative jt-preparation print:col-start-2 print:row-start-1 print:row-end-3\" data-v-70bb955b=\"\"><h3><strong><span style=\"color: #0000ff;\">Zubereitung<\/span><\/strong><\/h3><div class=\"color-bar\" data-v-6f13876a=\"\">\u00a0<\/div><div class=\"dl-wrapper\" data-v-6f13876a=\"\"><div data-v-6f13876a=\"\"><dl class=\"preparationTime\" data-v-6f13876a=\"\"><dt data-v-6f13876a=\"\">Vorbereitung:<\/dt><dd data-v-6f13876a=\"\">10 Min<\/dd><\/dl><dl class=\"cookingTime\" data-v-6f13876a=\"\"><dt data-v-6f13876a=\"\">Garzeit:<\/dt><dd data-v-6f13876a=\"\">1 Std 30 Min<\/dd><\/dl><\/div><div class=\"text-right\" data-v-6f13876a=\"\">Gesamtzeit:<br data-v-6f13876a=\"\" \/><strong data-v-6f13876a=\"\">1 Std 40 Min<\/strong><\/div><\/div><ul class=\"shortened\"><li data-v-067dc4a3=\"\"><h4><strong data-v-067dc4a3=\"\">1.<\/strong><span data-v-067dc4a3=\"\">Die Haxen absp\u00fclen, mit Salz einreiben .<\/span><\/h4><h4><strong data-v-067dc4a3=\"\">2.<\/strong><span data-v-067dc4a3=\"\">Die Br\u00fche mit den Gew\u00fcrzen , den Zwiebeln und den Haxen in einen Schnellkochtopf geben<\/span><\/h4><h4><strong data-v-067dc4a3=\"\">3.<\/strong><span data-v-067dc4a3=\"\">Fest verschlie\u00dfen und ca. 60 Minuten garen.<\/span><\/h4><h4><strong data-v-067dc4a3=\"\">4.<\/strong><span data-v-067dc4a3=\"\">Haxen aus dem Topf nehmen, abtupfen und mit einem scharfen Messer rautenf\u00f6rmig einschneiden.<\/span><\/h4><h4><strong data-v-067dc4a3=\"\">5.<\/strong><span data-v-067dc4a3=\"\">Den Backofen auf 200 \u00b0 Umluft vorheizen.<\/span><\/h4><h4><strong data-v-067dc4a3=\"\">6.<\/strong><span data-v-067dc4a3=\"\">Ein Ofengitter auf die mittlere Schiene , darunter das Abtropfblech schieben.<\/span><\/h4><h4><strong data-v-067dc4a3=\"\">7.<\/strong><span data-v-067dc4a3=\"\">Die Haxen auf das Ofengitter legen und im Ofen rundherum kross braten.<\/span><\/h4><h4><strong data-v-067dc4a3=\"\">8.<\/strong><span data-v-067dc4a3=\"\">Die Haxen aus dem Ofen nehmen.<\/span><\/h4><h4><strong data-v-067dc4a3=\"\">9.<\/strong><span data-v-067dc4a3=\"\">Auf einem Brett mit einem scharfen Messer am Knochen entlang einschneiden und den Knochen ausl\u00f6sen.<\/span><\/h4><h4><strong data-v-067dc4a3=\"\">10.<\/strong><span data-v-067dc4a3=\"\">Das Fleisch in Portionen teilen und mit Rotkohl und rohen Kl\u00f6ssen servieren.<\/span><\/h4><\/li><\/ul><\/section>\t\t\t\t\t\t\t\t<\/div>\n\t\t\t\t<\/div>\n\t\t\t\t<div class=\"elementor-element elementor-element-3cec649 elementor-widget elementor-widget-spacer\" data-id=\"3cec649\" data-element_type=\"widget\" data-e-type=\"widget\" data-widget_type=\"spacer.default\">\n\t\t\t\t<div class=\"elementor-widget-container\">\n\t\t\t\t\t\t\t<div class=\"elementor-spacer\">\n\t\t\t<div class=\"elementor-spacer-inner\"><\/div>\n\t\t<\/div>\n\t\t\t\t\t\t<\/div>\n\t\t\t\t<\/div>\n\t\t\t\t\t<\/div>\n\t\t<\/div>\n\t\t\t\t\t<\/div>\n\t\t<\/section>\n\t\t\t\t<\/div>\n\t\t","protected":false},"excerpt":{"rendered":"<p>Gegrillte Schweinshaxe Zutaten f\u00fcr 4 Personen 2 Schweinshaxen \u00e1 1 kg 2 Zwiebeln 1 TL Pfefferk\u00f6rner 2 Lorbeerbl\u00e4tter 3 Gew\u00fcrznelken 0,5 l Fleischbr\u00fche etwas Salz N\u00e4hrwertangaben:Angaben pro 100g kJ (kcal)13 (3) Eiwei\u00df0,4 g Kohlenhydrate0,2 g Fett0,1 g Zubereitung \u00a0 Vorbereitung: 10 Min Garzeit: 1 Std 30 Min Gesamtzeit:1 Std 40 Min 1.Die Haxen absp\u00fclen, mit [&hellip;]<\/p>\n","protected":false},"author":1,"featured_media":0,"parent":0,"menu_order":0,"comment_status":"closed","ping_status":"closed","template":"","meta":{"footnotes":""},"class_list":["post-1820","page","type-page","status-publish","hentry"],"_links":{"self":[{"href":"https:\/\/xn--hw-kppers-t9a.de\/index.php?rest_route=\/wp\/v2\/pages\/1820","targetHints":{"allow":["GET"]}}],"collection":[{"href":"https:\/\/xn--hw-kppers-t9a.de\/index.php?rest_route=\/wp\/v2\/pages"}],"about":[{"href":"https:\/\/xn--hw-kppers-t9a.de\/index.php?rest_route=\/wp\/v2\/types\/page"}],"author":[{"embeddable":true,"href":"https:\/\/xn--hw-kppers-t9a.de\/index.php?rest_route=\/wp\/v2\/users\/1"}],"replies":[{"embeddable":true,"href":"https:\/\/xn--hw-kppers-t9a.de\/index.php?rest_route=%2Fwp%2Fv2%2Fcomments&post=1820"}],"version-history":[{"count":10,"href":"https:\/\/xn--hw-kppers-t9a.de\/index.php?rest_route=\/wp\/v2\/pages\/1820\/revisions"}],"predecessor-version":[{"id":1834,"href":"https:\/\/xn--hw-kppers-t9a.de\/index.php?rest_route=\/wp\/v2\/pages\/1820\/revisions\/1834"}],"wp:attachment":[{"href":"https:\/\/xn--hw-kppers-t9a.de\/index.php?rest_route=%2Fwp%2Fv2%2Fmedia&parent=1820"}],"curies":[{"name":"wp","href":"https:\/\/api.w.org\/{rel}","templated":true}]}}