{"id":1757,"date":"2024-10-11T08:44:46","date_gmt":"2024-10-11T08:44:46","guid":{"rendered":"https:\/\/xn--hw-kppers-t9a.de\/?page_id=1757"},"modified":"2024-10-11T09:17:43","modified_gmt":"2024-10-11T09:17:43","slug":"gefuellte-paprikaschoten-mit-hack-und-reis","status":"publish","type":"page","link":"https:\/\/xn--hw-kppers-t9a.de\/?page_id=1757","title":{"rendered":"Gef\u00fcllte Paprikaschoten mit Hack und Reis"},"content":{"rendered":"\t\t<div data-elementor-type=\"wp-page\" data-elementor-id=\"1757\" class=\"elementor elementor-1757\" data-elementor-post-type=\"page\">\n\t\t\t\t\t\t<section class=\"elementor-section elementor-top-section elementor-element elementor-element-b5117e6 elementor-section-full_width elementor-section-height-default elementor-section-height-default\" data-id=\"b5117e6\" data-element_type=\"section\" data-e-type=\"section\" data-settings=\"{&quot;background_background&quot;:&quot;classic&quot;}\">\n\t\t\t\t\t\t\t<div class=\"elementor-background-overlay\"><\/div>\n\t\t\t\t\t\t\t<div class=\"elementor-container elementor-column-gap-default\">\n\t\t\t\t\t<div class=\"elementor-column elementor-col-100 elementor-top-column elementor-element elementor-element-0b17760\" data-id=\"0b17760\" data-element_type=\"column\" data-e-type=\"column\" data-settings=\"{&quot;background_background&quot;:&quot;classic&quot;}\">\n\t\t\t<div class=\"elementor-widget-wrap elementor-element-populated\">\n\t\t\t\t\t\t<div class=\"elementor-element elementor-element-17d97ea elementor-widget__width-inherit elementor-widget elementor-widget-heading\" data-id=\"17d97ea\" data-element_type=\"widget\" data-e-type=\"widget\" data-widget_type=\"heading.default\">\n\t\t\t\t<div class=\"elementor-widget-container\">\n\t\t\t\t\t<h2 class=\"elementor-heading-title elementor-size-default\">Gef\u00fcllte Paprikaschoten mit Hack und Reis<\/h2>\t\t\t\t<\/div>\n\t\t\t\t<\/div>\n\t\t\t\t<div class=\"elementor-element elementor-element-a93b3ae elementor-widget elementor-widget-text-editor\" data-id=\"a93b3ae\" data-element_type=\"widget\" data-e-type=\"widget\" data-widget_type=\"text-editor.default\">\n\t\t\t\t<div class=\"elementor-widget-container\">\n\t\t\t\t\t\t\t\t\t<h4><strong><span style=\"color: #3366ff;\"><em><img fetchpriority=\"high\" decoding=\"async\" class=\" wp-image-1759 alignleft\" src=\"https:\/\/xn--hw-kppers-t9a.de\/wp-content\/uploads\/2024\/10\/paprika-gefuellt-mit-rinderhack-reis-fuellung-an-tomatenreis-rezept-300x295.jpg\" alt=\"\" width=\"514\" height=\"505\" srcset=\"https:\/\/xn--hw-kppers-t9a.de\/wp-content\/uploads\/2024\/10\/paprika-gefuellt-mit-rinderhack-reis-fuellung-an-tomatenreis-rezept-300x295.jpg 300w, https:\/\/xn--hw-kppers-t9a.de\/wp-content\/uploads\/2024\/10\/paprika-gefuellt-mit-rinderhack-reis-fuellung-an-tomatenreis-rezept-1024x1007.jpg 1024w, https:\/\/xn--hw-kppers-t9a.de\/wp-content\/uploads\/2024\/10\/paprika-gefuellt-mit-rinderhack-reis-fuellung-an-tomatenreis-rezept-768x755.jpg 768w, https:\/\/xn--hw-kppers-t9a.de\/wp-content\/uploads\/2024\/10\/paprika-gefuellt-mit-rinderhack-reis-fuellung-an-tomatenreis-rezept.jpg 1200w\" sizes=\"(max-width: 514px) 100vw, 514px\" \/>Zutaten:<\/em><\/span><\/strong><\/h4><h4><span style=\"color: #ccffcc;\">1\u00a0 rote und gelbe Paprikaschoten<\/span><\/h4><h4><span style=\"color: #ccffcc;\">\u00bd\u00a0 Zwiebel<\/span><\/h4><h4><span style=\"color: #ccffcc;\">75 g Langkornreis<\/span><\/h4><h4><span style=\"color: #ccffcc;\">\u00a0\u00a0 Salz<\/span><\/h4><h4><span style=\"color: #ccffcc;\">\u00bc Bund Lauchzwiebeln<\/span><\/h4><h4><span style=\"color: #ccffcc;\">\u00bd EL \u00d6l<\/span><\/h4><h4><span style=\"color: #ccffcc;\">200 g gemischtes Hackfleisch<\/span><\/h4><h4><span style=\"color: #ccffcc;\">Pfeffer<\/span><\/h4><h4><span style=\"color: #ccffcc;\">25 g Ketchup<\/span><\/h4><h4><span style=\"color: #ccffcc;\">175 ml Gem\u00fcsebr\u00fche<\/span><\/h4><h4><span style=\"color: #ccffcc;\">1 EL Tomatenmark<\/span><\/h4><h4><span style=\"color: #ccffcc;\">Zeitaufwand 45 Minuten<\/span><\/h4><h4><span style=\"color: #ccffcc;\">Schwierigkeitsgrad Leicht<\/span><\/h4><h4><span style=\"color: #ccffcc;\"><strong><em>Zubereitung:<\/em><\/strong><\/span><\/h4><h4><span style=\"color: #ccffcc;\">1.<\/span><\/h4><h4><span style=\"color: #ccffcc;\">Paprikaschoten waschen, jeweils das obere Viertel abschneiden. Deckel und Schoten putzen. Deckel in kleine W\u00fcrfel schneiden. Zwiebeln sch\u00e4len und fein w\u00fcrfeln. Reis in kochendem Salzwasser nach Packungsanweisung zubereiten. Lauchzwiebeln waschen, putzen und hellen und gr\u00fcnen Teil getrennt in Ringe schneiden<\/span><\/h4><h4><span style=\"color: #ccffcc;\">2.<\/span><\/h4><h4><span style=\"color: #ccffcc;\">\u00d6l in einer Pfanne erhitzen. Hack darin ca. 5 Minuten anbraten. Nach ca. 3 Minuten Paprika- und Zwiebelw\u00fcrfel zugeben. Mit Salz und Pfeffer w\u00fcrzen. Ketchup, 150 ml Br\u00fche, Tomatenmark und 1\/2 der gr\u00fcnen und alle helle Lauchzwiebelringe einr\u00fchren und nochmals 2\u20133 Minuten k\u00f6cheln lassen<\/span><\/h4><h4><span style=\"color: #ccffcc;\">3.<\/span><\/h4><h4><span style=\"color: #ccffcc;\">Reis abgie\u00dfen und zu der Hackmasse geben. Locker unterheben und die Hack-Reismasse in die Paprikaschoten f\u00fcllen. Paprikaschoten in eine ofenfeste Form stellen und 150\u2013200 ml Br\u00fche angie\u00dfen. Schoten auf unterer Schiene im vorgeheizten Backofen (E-Herd: 200 \u00b0C\/ Umluft: 175 \u00b0C\/ Gas: Stufe 3) ca. 30 Minuten backen. Falls die Oberfl\u00e4che zu dunkel wird, Oberfl\u00e4che mit einem 2. Blech oder Alufolie bedecken<\/span><\/h4><h4><span style=\"color: #ccffcc;\">4.<\/span><\/h4><h4><span style=\"color: #ccffcc;\">Schoten herausnehmen und mit \u00fcbrigen Lauchzwiebeln bestreuen. Sofort servieren<\/span><\/h4>\t\t\t\t\t\t\t\t<\/div>\n\t\t\t\t<\/div>\n\t\t\t\t<div class=\"elementor-element elementor-element-1af9398 elementor-widget elementor-widget-spacer\" data-id=\"1af9398\" data-element_type=\"widget\" data-e-type=\"widget\" data-widget_type=\"spacer.default\">\n\t\t\t\t<div class=\"elementor-widget-container\">\n\t\t\t\t\t\t\t<div class=\"elementor-spacer\">\n\t\t\t<div class=\"elementor-spacer-inner\"><\/div>\n\t\t<\/div>\n\t\t\t\t\t\t<\/div>\n\t\t\t\t<\/div>\n\t\t\t\t\t<\/div>\n\t\t<\/div>\n\t\t\t\t\t<\/div>\n\t\t<\/section>\n\t\t\t\t<\/div>\n\t\t","protected":false},"excerpt":{"rendered":"<p>Gef\u00fcllte Paprikaschoten mit Hack und Reis Zutaten: 1\u00a0 rote und gelbe Paprikaschoten \u00bd\u00a0 Zwiebel 75 g Langkornreis \u00a0\u00a0 Salz \u00bc Bund Lauchzwiebeln \u00bd EL \u00d6l 200 g gemischtes Hackfleisch Pfeffer 25 g Ketchup 175 ml Gem\u00fcsebr\u00fche 1 EL Tomatenmark Zeitaufwand 45 Minuten Schwierigkeitsgrad Leicht Zubereitung: 1. Paprikaschoten waschen, jeweils das obere Viertel abschneiden. Deckel und [&hellip;]<\/p>\n","protected":false},"author":1,"featured_media":0,"parent":0,"menu_order":0,"comment_status":"closed","ping_status":"closed","template":"","meta":{"footnotes":""},"class_list":["post-1757","page","type-page","status-publish","hentry"],"_links":{"self":[{"href":"https:\/\/xn--hw-kppers-t9a.de\/index.php?rest_route=\/wp\/v2\/pages\/1757","targetHints":{"allow":["GET"]}}],"collection":[{"href":"https:\/\/xn--hw-kppers-t9a.de\/index.php?rest_route=\/wp\/v2\/pages"}],"about":[{"href":"https:\/\/xn--hw-kppers-t9a.de\/index.php?rest_route=\/wp\/v2\/types\/page"}],"author":[{"embeddable":true,"href":"https:\/\/xn--hw-kppers-t9a.de\/index.php?rest_route=\/wp\/v2\/users\/1"}],"replies":[{"embeddable":true,"href":"https:\/\/xn--hw-kppers-t9a.de\/index.php?rest_route=%2Fwp%2Fv2%2Fcomments&post=1757"}],"version-history":[{"count":25,"href":"https:\/\/xn--hw-kppers-t9a.de\/index.php?rest_route=\/wp\/v2\/pages\/1757\/revisions"}],"predecessor-version":[{"id":1792,"href":"https:\/\/xn--hw-kppers-t9a.de\/index.php?rest_route=\/wp\/v2\/pages\/1757\/revisions\/1792"}],"wp:attachment":[{"href":"https:\/\/xn--hw-kppers-t9a.de\/index.php?rest_route=%2Fwp%2Fv2%2Fmedia&parent=1757"}],"curies":[{"name":"wp","href":"https:\/\/api.w.org\/{rel}","templated":true}]}}