{"id":1617,"date":"2024-10-10T19:19:34","date_gmt":"2024-10-10T19:19:34","guid":{"rendered":"https:\/\/xn--hw-kppers-t9a.de\/?page_id=1617"},"modified":"2024-10-11T04:50:36","modified_gmt":"2024-10-11T04:50:36","slug":"charlotte-royal","status":"publish","type":"page","link":"https:\/\/xn--hw-kppers-t9a.de\/?page_id=1617","title":{"rendered":"Charlotte Royal"},"content":{"rendered":"\t\t<div data-elementor-type=\"wp-page\" data-elementor-id=\"1617\" class=\"elementor elementor-1617\" data-elementor-post-type=\"page\">\n\t\t\t\t\t\t<section class=\"elementor-section elementor-top-section elementor-element elementor-element-92a43f0 elementor-section-boxed elementor-section-height-default elementor-section-height-default\" data-id=\"92a43f0\" data-element_type=\"section\" data-e-type=\"section\">\n\t\t\t\t\t\t<div class=\"elementor-container elementor-column-gap-default\">\n\t\t\t\t\t<div class=\"elementor-column elementor-col-100 elementor-top-column elementor-element elementor-element-9ffca7b\" data-id=\"9ffca7b\" data-element_type=\"column\" data-e-type=\"column\" data-settings=\"{&quot;background_background&quot;:&quot;classic&quot;}\">\n\t\t\t<div class=\"elementor-widget-wrap elementor-element-populated\">\n\t\t\t\t\t\t<div class=\"elementor-element elementor-element-771e5d7 elementor-widget elementor-widget-heading\" data-id=\"771e5d7\" data-element_type=\"widget\" data-e-type=\"widget\" data-widget_type=\"heading.default\">\n\t\t\t\t<div class=\"elementor-widget-container\">\n\t\t\t\t\t<h2 class=\"elementor-heading-title elementor-size-default\">Charlotte Royal<\/h2>\t\t\t\t<\/div>\n\t\t\t\t<\/div>\n\t\t\t\t\t<\/div>\n\t\t<\/div>\n\t\t\t\t\t<\/div>\n\t\t<\/section>\n\t\t\t\t<div class=\"elementor-section elementor-top-section elementor-element elementor-element-7b4dfeb elementor-section-full_width elementor-section-height-default elementor-section-height-default\" data-id=\"7b4dfeb\" data-element_type=\"section\" data-e-type=\"section\">\n\t\t\t\t\t\t<div class=\"elementor-container elementor-column-gap-extended\">\n\t\t\t\t\t<div class=\"elementor-column elementor-col-100 elementor-top-column elementor-element elementor-element-d52bd48\" data-id=\"d52bd48\" data-element_type=\"column\" data-e-type=\"column\" data-settings=\"{&quot;background_background&quot;:&quot;classic&quot;}\">\n\t\t\t<div class=\"elementor-widget-wrap elementor-element-populated\">\n\t\t\t\t\t\t<div class=\"elementor-element elementor-element-2587e81 elementor-widget__width-initial elementor-widget elementor-widget-text-editor\" data-id=\"2587e81\" data-element_type=\"widget\" data-e-type=\"widget\" data-widget_type=\"text-editor.default\">\n\t\t\t\t<div class=\"elementor-widget-container\">\n\t\t\t\t\t\t\t\t\t<h4><strong><img fetchpriority=\"high\" decoding=\"async\" class=\" wp-image-1628 alignleft\" src=\"https:\/\/xn--hw-kppers-t9a.de\/wp-content\/uploads\/2024\/10\/1-300x300.jpg\" alt=\"\" width=\"469\" height=\"469\" srcset=\"https:\/\/xn--hw-kppers-t9a.de\/wp-content\/uploads\/2024\/10\/1-300x300.jpg 300w, https:\/\/xn--hw-kppers-t9a.de\/wp-content\/uploads\/2024\/10\/1-150x150.jpg 150w, https:\/\/xn--hw-kppers-t9a.de\/wp-content\/uploads\/2024\/10\/1.jpg 454w\" sizes=\"(max-width: 469px) 100vw, 469px\" \/>Zutaten f\u00fcr den Biskuitteig <\/strong><\/h4><h4><strong>3 Eigelbe<\/strong><\/h4><h4><strong>90 g Zucker<\/strong><\/h4><h4><strong>2 EL hei\u00dfes Wasser<\/strong><\/h4><h4><strong>3 Eiwei\u00dfe<\/strong><\/h4><h4><strong>1 Prise Salz<\/strong><\/h4><h4><strong>1 EL Zucker<\/strong><\/h4><h4><strong>90 g Mehl<\/strong><\/h4><h4><strong>\u00a0<\/strong><\/h4><h4><strong>Backofen: 240 Grad <\/strong><\/h4><h4><strong>Backzeit: 4-5 Minuten <\/strong><\/h4><h4><strong>\u00a0<\/strong><\/h4><h4><strong>Au\u00dferdem: 3-4 EL Passierte Himbeerkonfit\u00fcre<\/strong><\/h4><h4><strong>\u00a0<\/strong><\/h4><h4><strong>Zutaten f\u00fcr die Zitronencreme<\/strong><\/h4><h4><strong>300 g Frischk\u00e4se<\/strong><\/h4><h4><strong>2 Beutel Gelatinefix<\/strong><\/h4><h4><strong>120 ml Zitronensaft<\/strong><\/h4><h4><strong>Abrieb von \u00bd Zitrone<\/strong><\/h4><h4><strong>200 g ges\u00fc\u00dfte Kondensmilch<\/strong><\/h4><h4><strong>Etwas gelbe Lebensmittelfarbe<\/strong><\/h4><h4><strong>\u00a0<\/strong><\/h4><h4><strong>Zutaten f\u00fcr die Himbeercreme<\/strong><\/h4><h4><strong>200 g TK Himbeeren mit 1 EL Zucker\u00a0 (p\u00fcriert und passiert) <\/strong><\/h4><h4><strong>300 g Frischk\u00e4se<\/strong><\/h4><h4><strong>2 Beutel Gelatinefix<\/strong><\/h4><h4><strong>1 Becher Sahne, aufschlagen mit 2 Pack. Vanillezucker <\/strong><\/h4><h4><strong>\u00a0<\/strong><\/h4><h4><strong>Au\u00dferdem: einige angefrorene Himbeeren<\/strong><\/h4><h4><strong>F\u00fcr den Boden<\/strong><\/h4><h4><strong>120 g Schokokekse<\/strong><\/h4><h4><strong>80 g geschmolzene Butter<\/strong><\/h4><h4><strong>\u00a0<\/strong><\/h4><h4><strong>Zubereitung: <\/strong><\/h4><ol><li><h4><strong>3 Eigelbe + 90 g Zucker + 2 EL hei\u00dfes Wasser in der K\u00fcchenmaschine aufschlagen. Abrieb einer Zitrone und 1 TL Saft dazu geben.<\/strong><\/h4><\/li><\/ol><h4><strong>\u00a0<\/strong><\/h4><ol start=\"2\"><li><h4><strong>3 Eiwei\u00dfe +\u00a0 1 Prise Salz\u00a0 steif schlagen, dann zum Schluss noch 1 EL Zucker dazu geben.<\/strong><\/h4><\/li><\/ol><h4><strong>\u00a0<\/strong><\/h4><ol start=\"3\"><li><h4><strong>Jetzt H\u00e4lfte Mehl und die H\u00e4lfte Eiwei\u00df in das Eigelb heben, nun nochmal die zweite H\u00e4lfte Mehl und Eiwei\u00df auch vorsichtig unterheben.<\/strong><\/h4><\/li><\/ol><h4><strong>\u00a0<\/strong><\/h4><ol start=\"4\"><li><h4><strong>Ein Backblech leicht einfetten und Backpapier auflegen. Den Biskuitteig darauf verteilen und dann in den vorgeheizten Backofen : 240 Grad Backzeit: 4-5 Minuten.<\/strong><\/h4><\/li><\/ol><h4><strong>\u00a0<\/strong><\/h4><ol start=\"5\"><li><h4><strong>Derweil 3-4 EL Himbeerkonfit\u00fcre durchpassieren um die Kerne zu entfernen.<\/strong><\/h4><\/li><\/ol><h4><strong>\u00a0<\/strong><\/h4><ol start=\"6\"><li><h4><strong>Jetzt Backpapier auf die feuchte Arbeitsfl\u00e4che legen und mit einem Tuch anwischen und dann mit Zucker bestreuen.<\/strong><\/h4><\/li><\/ol><h4><strong>\u00a0<\/strong><\/h4><ol start=\"7\"><li><h4><strong>Den fertigen Biskuitboden mit dem Backpapier aus dem Backblech heben und r\u00fccklings auf das Backpapier auf der Arbeitsfl\u00e4che kippen, vorsichtig feucht \u00fcberwischen (5 Minuten ausk\u00fchlen lassen) nun das Backpapier vom Teig l\u00f6sen.<\/strong><\/h4><\/li><\/ol><h4><strong>\u00a0<\/strong><\/h4><ol start=\"8\"><li><h4><strong>Jetzt die durchpassierte Masse gleichm\u00e4\u00dfig auf den Biskuitboden verteilen <\/strong><\/h4><\/li><\/ol><h4><strong>\u00a0<\/strong><\/h4><ol start=\"9\"><li><h4><strong>Jetzt das Ganze eng aufrollen.<\/strong><\/h4><\/li><\/ol><h4><strong>\u00a0<\/strong><\/h4><ol start=\"10\"><li><h4><strong>K\u00fchlen lassen<\/strong><\/h4><\/li><\/ol><h4><strong>\u00a0<\/strong><\/h4><h4><strong>Die Zitronencreme:<\/strong><\/h4><h4><strong>300 g Frischk\u00e4se + 2 Beutel Gelatinefix + 120 ml Zitronensaft + Abrieb von \u00bd Zitrone + 200 g ges\u00fc\u00dfte Kondensmilch + Etwas gelbe Lebensmittelfarbe vermischen mit der K\u00fcchenmaschine.<\/strong><\/h4><h4><strong>Jetzt die Rolle auspacken und mit einem scharfen Messer in 1 cm dicke Scheiben schneiden. <\/strong><\/h4><h4><strong>\u00a0<\/strong><\/h4><h4><strong>Die Mettalsch\u00fcssel der K\u00fcchenmaschine mit Klarsichtfolie auslegen, die Bikuitscheiben eng an eng einlegen.<\/strong><\/h4><h4><strong>\u00a0<\/strong><\/h4><h4><strong>Jetzt die Zitronencreme mit einem gro\u00dfen L\u00f6ffel auf die ausgelegten Scheiben streichen.<\/strong><\/h4><h4><strong>\u00a0<\/strong><\/h4><h4><strong>Die Himbeercreme:<\/strong><\/h4><h4><strong>\u00a0<\/strong><\/h4><h4><strong>200 g TK Himbeeren mit 1 EL Zucker\u00a0 (p\u00fcriert und passiert) + 300 g Frischk\u00e4se + 2 Beutel Gelatinefix + (separat aufschlagen) 1 Becher Sahne, mit 2 Pack. Vanillezucker unterheben<\/strong><\/h4><h4><strong>\u00a0<\/strong><\/h4><h4><strong>Jetzt die Zitronenschicht nacharbeiten (sollte ca. 2 cm dick sein). Hier nun die Himbeercreme einf\u00fcllen<\/strong><\/h4><h4><strong>\u00a0<\/strong><\/h4><h4><strong>Alles in den K\u00fchlschrank<\/strong><\/h4><h4><strong>Die noch angefrorenen TK-Himbeeren in die Himbeercreme dr\u00fccken. Das Ganze mit der restlichen<img decoding=\"async\" class=\" wp-image-1629 alignright\" src=\"https:\/\/xn--hw-kppers-t9a.de\/wp-content\/uploads\/2024\/10\/Unbenannt-300x228.jpg\" alt=\"\" width=\"492\" height=\"374\" srcset=\"https:\/\/xn--hw-kppers-t9a.de\/wp-content\/uploads\/2024\/10\/Unbenannt-300x228.jpg 300w, https:\/\/xn--hw-kppers-t9a.de\/wp-content\/uploads\/2024\/10\/Unbenannt.jpg 750w\" sizes=\"(max-width: 492px) 100vw, 492px\" \/> Creme zuschmieren.<\/strong><\/h4><h4><strong>Aus 120 g Schokokekse + 80 g geschmolzene Butter eine Art Streuselboden auftragen, leichte anklopfen. Die Klarsichtfolie \u00fcberschlagen. Wieder \u00f6ffnen und auf eine Tortenplatte st\u00fcrzen.<\/strong><\/h4><h4><strong>\u00a0<\/strong><\/h4><h4><strong>Mit einem scharfen Messer ein St\u00fcck herausschneiden.<\/strong><\/h4><h4><a href=\"https:\/\/xn--hw-kppers-t9a.eu\/STRATO-apps\/wordpress_03\/app\/wp-content\/uploads\/2023\/02\/Charlotte%20Royal%20Rezept%20%20%20Zitrone-%20Himbeer%20Creme.mp4\" target=\"_blank\" rel=\"noopener\"><span style=\"color: #ff0000;\"><strong>Video<\/strong><\/span><\/a><\/h4>\t\t\t\t\t\t\t\t<\/div>\n\t\t\t\t<\/div>\n\t\t\t\t\t<\/div>\n\t\t<\/div>\n\t\t\t\t\t<\/div>\n\t\t<\/div>\n\t\t\t\t<\/div>\n\t\t","protected":false},"excerpt":{"rendered":"<p>Charlotte Royal Zutaten f\u00fcr den Biskuitteig 3 Eigelbe 90 g Zucker 2 EL hei\u00dfes Wasser 3 Eiwei\u00dfe 1 Prise Salz 1 EL Zucker 90 g Mehl \u00a0 Backofen: 240 Grad Backzeit: 4-5 Minuten \u00a0 Au\u00dferdem: 3-4 EL Passierte Himbeerkonfit\u00fcre \u00a0 Zutaten f\u00fcr die Zitronencreme 300 g Frischk\u00e4se 2 Beutel Gelatinefix 120 ml Zitronensaft Abrieb von [&hellip;]<\/p>\n","protected":false},"author":1,"featured_media":0,"parent":0,"menu_order":0,"comment_status":"closed","ping_status":"closed","template":"","meta":{"footnotes":""},"class_list":["post-1617","page","type-page","status-publish","hentry"],"_links":{"self":[{"href":"https:\/\/xn--hw-kppers-t9a.de\/index.php?rest_route=\/wp\/v2\/pages\/1617","targetHints":{"allow":["GET"]}}],"collection":[{"href":"https:\/\/xn--hw-kppers-t9a.de\/index.php?rest_route=\/wp\/v2\/pages"}],"about":[{"href":"https:\/\/xn--hw-kppers-t9a.de\/index.php?rest_route=\/wp\/v2\/types\/page"}],"author":[{"embeddable":true,"href":"https:\/\/xn--hw-kppers-t9a.de\/index.php?rest_route=\/wp\/v2\/users\/1"}],"replies":[{"embeddable":true,"href":"https:\/\/xn--hw-kppers-t9a.de\/index.php?rest_route=%2Fwp%2Fv2%2Fcomments&post=1617"}],"version-history":[{"count":61,"href":"https:\/\/xn--hw-kppers-t9a.de\/index.php?rest_route=\/wp\/v2\/pages\/1617\/revisions"}],"predecessor-version":[{"id":1690,"href":"https:\/\/xn--hw-kppers-t9a.de\/index.php?rest_route=\/wp\/v2\/pages\/1617\/revisions\/1690"}],"wp:attachment":[{"href":"https:\/\/xn--hw-kppers-t9a.de\/index.php?rest_route=%2Fwp%2Fv2%2Fmedia&parent=1617"}],"curies":[{"name":"wp","href":"https:\/\/api.w.org\/{rel}","templated":true}]}}