{"id":1592,"date":"2023-05-14T18:08:23","date_gmt":"2023-05-14T18:08:23","guid":{"rendered":"https:\/\/xn--hw-kppers-t9a.de\/?page_id=1592"},"modified":"2023-05-14T18:20:22","modified_gmt":"2023-05-14T18:20:22","slug":"joghurttorte-mit-aprikosen","status":"publish","type":"page","link":"https:\/\/xn--hw-kppers-t9a.de\/?page_id=1592","title":{"rendered":"Joghurttorte mit Aprikosen"},"content":{"rendered":"\t\t<div data-elementor-type=\"wp-page\" data-elementor-id=\"1592\" class=\"elementor elementor-1592\" data-elementor-post-type=\"page\">\n\t\t\t\t\t\t<section class=\"elementor-section elementor-top-section elementor-element elementor-element-27f5f7c elementor-section-boxed elementor-section-height-default elementor-section-height-default\" data-id=\"27f5f7c\" data-element_type=\"section\" data-e-type=\"section\">\n\t\t\t\t\t\t\t<div class=\"elementor-background-overlay\"><\/div>\n\t\t\t\t\t\t\t<div class=\"elementor-container elementor-column-gap-default\">\n\t\t\t\t\t<div class=\"elementor-column elementor-col-100 elementor-top-column elementor-element elementor-element-0653114\" data-id=\"0653114\" data-element_type=\"column\" data-e-type=\"column\">\n\t\t\t<div class=\"elementor-widget-wrap elementor-element-populated\">\n\t\t\t\t\t\t<div class=\"elementor-element elementor-element-409ce5e elementor-widget elementor-widget-heading\" data-id=\"409ce5e\" data-element_type=\"widget\" data-e-type=\"widget\" data-widget_type=\"heading.default\">\n\t\t\t\t<div class=\"elementor-widget-container\">\n\t\t\t\t\t<h2 class=\"elementor-heading-title elementor-size-default\">Joghurttorte mit Aprikosen <\/h2>\t\t\t\t<\/div>\n\t\t\t\t<\/div>\n\t\t\t\t<div class=\"elementor-element elementor-element-ae6e1af elementor-widget elementor-widget-text-editor\" data-id=\"ae6e1af\" data-element_type=\"widget\" data-e-type=\"widget\" data-widget_type=\"text-editor.default\">\n\t\t\t\t<div class=\"elementor-widget-container\">\n\t\t\t\t\t\t\t\t\t<p>Joghurttorte mit Aprikosen (\u00d8 28 cm)<\/p><p>Zutaten<\/p><p>Fett<\/p><p><span style=\"color: #0000ff;\">R\u00fchrteig:<\/span><\/p><p>125 g weiche Butter oder Margarine<\/p><p>125 g Zucker<\/p><p>1 Pck. Vanillin-Zucker<\/p><p>4 Eier (Gr\u00f6\u00dfe M)<\/p><p>125 g Weizenmehl<\/p><p>1,5 TL Backpulver<\/p><p>20 g Speisest\u00e4rke<\/p><p><span style=\"color: #0000ff;\">Joghurtmasse:<\/span><\/p><p>10 Bl. wei\u00dfe Gelatine<\/p><p>500 g Joghurt<\/p><p>180 g Zucker<\/p><p>1 Pck. Vanillezucker<\/p><p>2 Pck. geriebene Zitronenschale<\/p><p>etwa 180 ml Ztronensaft (von etwa 4 Zitronen)<\/p><p>500 g\u00a0 kalte Schlagsahne<\/p><p><span style=\"color: #0000ff;\">Belag und Guss:<\/span><\/p><p>480 g Aprikosenh\u00e4lften (Abtropfgew.)<\/p><p>5 Bl. wei\u00dfe Gelatine<\/p><p>60 ml Zitronensaft (von etwa 11\/2 Zitronen)<\/p><p>50 g Puderzucker<\/p><p><span style=\"color: #0000ff;\">Zubereitung<\/span><\/p><p>Als Erstes<\/p><p>Boden der Springform fetten und mit Backpapier belegen. Backofen vorheizen.<\/p><p>Ober-\/Unterhitze etwa 180 \u00b0C<\/p><p>Hei\u00dfluft etwa 160 \u00b0C<\/p><p><span style=\"color: #0000ff;\">R\u00fchrteig<\/span><\/p><p>Butter oder Margarine in einer R\u00fchrsch\u00fcssel mit einem Mixer (R\u00fchrst\u00e4be) geschmeidig r\u00fchren. Nach und nach Zucker und Vanillin-Zucker unter R\u00fchren hinzuf\u00fcgen, bis eine gebundene Masse entsteht. Jedes Ei etwa \u00bd Min. auf h\u00f6chster Stufe unterr\u00fchren. Mehl mit Backin und Gustin mischen und in 2 Portionen kurz auf mittlerer Stufe unterr\u00fchren. Teig in der Springform glatt streichen. Form auf dem Rost in den Backofen schieben.<\/p><p>\u00a0<\/p><p>Einschub: Mitte<\/p><p>Backzeit: etwa 20 Min.<\/p><p>Springformrand l\u00f6sen und entfernen, Boden auf einen mit Backpapier belegten Kuchenrost st\u00fcrzen, das mitgebackene Papier vorsichtig abziehen und den Boden erkalten lassen.<\/p><p>\u00a0<\/p><p><span style=\"color: #0000ff;\">Joghurtmasse<\/span><\/p><p>Gelatine nach Packungsanleitung einweichen. Joghurt mit Zucker, Vanillin-Zucker, Finesse und Zitronensaft verr\u00fchren. Sahne steif schlagen. Gelatine nach Packungsanleitung aufl\u00f6sen. Erst etwa 4 Essl\u00f6ffel der Joghurtmasse mit Hilfe eines Schneebesens mit der aufgel\u00f6sten Gelatine verr\u00fchren, dann mit der \u00fcbrigen Masse verr\u00fchren. Wenn die Masse zu gelieren beginnt, Sahne unterheben.<\/p><p>\u00a0<\/p><p><span style=\"color: #0000ff;\">Belag und Guss<\/span><\/p><p>Aprikosen auf einem Sieb abtropfen lassen, dabei die Fl\u00fcssigkeit auffangen. Den Boden auf eine Tortenplatte legen und einen Tortenring darumstellen. Den Boden mit etwa der H\u00e4lfte der Aprikosen belegen, die Joghurtmasse daraufgeben und glatt streichen. Die Torte etwa 1 Std. in den K\u00fchlschrank stellen.<\/p><p>F\u00fcr den Guss die Gelatine wie oben angegeben einweichen und aufl\u00f6sen. Die \u00fcbrigen Aprikosen p\u00fcrieren, mit dem Zitronensaft und der aufgefangenen Aprikosenfl\u00fcssigkeit auf 400 ml auff\u00fcllen und mit gesiebtem Puderzucker mischen. Erst etwa 4 EL der Fl\u00fcssigkeit mit Hilfe eines Schneebesens mit der aufgel\u00f6sten Gelatine verr\u00fchren, dann mit der \u00fcbrigen Masse verr\u00fchren. Wenn der Guss anf\u00e4ngt dicklich zu werden, ihn gleichm\u00e4\u00dfig auf der Joghurtmasse verteilen und die Torte etwa 2 Std. in den K\u00fchlschrank stellen.<\/p><p>\u00a0<\/p><p>Vor dem Servieren den Tortenring vorsichtig l\u00f6sen und entfernen.<\/p>\t\t\t\t\t\t\t\t<\/div>\n\t\t\t\t<\/div>\n\t\t\t\t\t<\/div>\n\t\t<\/div>\n\t\t\t\t\t<\/div>\n\t\t<\/section>\n\t\t\t\t<\/div>\n\t\t","protected":false},"excerpt":{"rendered":"<p>Joghurttorte mit Aprikosen Joghurttorte mit Aprikosen (\u00d8 28 cm) Zutaten Fett R\u00fchrteig: 125 g weiche Butter oder Margarine 125 g Zucker 1 Pck. Vanillin-Zucker 4 Eier (Gr\u00f6\u00dfe M) 125 g Weizenmehl 1,5 TL Backpulver 20 g Speisest\u00e4rke Joghurtmasse: 10 Bl. wei\u00dfe Gelatine 500 g Joghurt 180 g Zucker 1 Pck. Vanillezucker 2 Pck. geriebene Zitronenschale [&hellip;]<\/p>\n","protected":false},"author":1,"featured_media":0,"parent":0,"menu_order":0,"comment_status":"closed","ping_status":"closed","template":"","meta":{"footnotes":""},"class_list":["post-1592","page","type-page","status-publish","hentry"],"_links":{"self":[{"href":"https:\/\/xn--hw-kppers-t9a.de\/index.php?rest_route=\/wp\/v2\/pages\/1592","targetHints":{"allow":["GET"]}}],"collection":[{"href":"https:\/\/xn--hw-kppers-t9a.de\/index.php?rest_route=\/wp\/v2\/pages"}],"about":[{"href":"https:\/\/xn--hw-kppers-t9a.de\/index.php?rest_route=\/wp\/v2\/types\/page"}],"author":[{"embeddable":true,"href":"https:\/\/xn--hw-kppers-t9a.de\/index.php?rest_route=\/wp\/v2\/users\/1"}],"replies":[{"embeddable":true,"href":"https:\/\/xn--hw-kppers-t9a.de\/index.php?rest_route=%2Fwp%2Fv2%2Fcomments&post=1592"}],"version-history":[{"count":4,"href":"https:\/\/xn--hw-kppers-t9a.de\/index.php?rest_route=\/wp\/v2\/pages\/1592\/revisions"}],"predecessor-version":[{"id":1598,"href":"https:\/\/xn--hw-kppers-t9a.de\/index.php?rest_route=\/wp\/v2\/pages\/1592\/revisions\/1598"}],"wp:attachment":[{"href":"https:\/\/xn--hw-kppers-t9a.de\/index.php?rest_route=%2Fwp%2Fv2%2Fmedia&parent=1592"}],"curies":[{"name":"wp","href":"https:\/\/api.w.org\/{rel}","templated":true}]}}