{"id":1583,"date":"2023-05-14T17:55:12","date_gmt":"2023-05-14T17:55:12","guid":{"rendered":"https:\/\/xn--hw-kppers-t9a.de\/?page_id=1583"},"modified":"2023-05-14T18:07:30","modified_gmt":"2023-05-14T18:07:30","slug":"joghurt-sahne-torte","status":"publish","type":"page","link":"https:\/\/xn--hw-kppers-t9a.de\/?page_id=1583","title":{"rendered":"Joghurt-Sahne-Torte"},"content":{"rendered":"\t\t<div data-elementor-type=\"wp-page\" data-elementor-id=\"1583\" class=\"elementor elementor-1583\" data-elementor-post-type=\"page\">\n\t\t\t\t\t\t<section class=\"elementor-section elementor-top-section elementor-element elementor-element-0d88a14 elementor-section-boxed elementor-section-height-default elementor-section-height-default\" data-id=\"0d88a14\" data-element_type=\"section\" data-e-type=\"section\">\n\t\t\t\t\t\t\t<div class=\"elementor-background-overlay\"><\/div>\n\t\t\t\t\t\t\t<div class=\"elementor-container elementor-column-gap-default\">\n\t\t\t\t\t<div class=\"elementor-column elementor-col-100 elementor-top-column elementor-element elementor-element-61be555\" data-id=\"61be555\" data-element_type=\"column\" data-e-type=\"column\">\n\t\t\t<div class=\"elementor-widget-wrap elementor-element-populated\">\n\t\t\t\t\t\t<div class=\"elementor-element elementor-element-b2bf7c0 elementor-widget elementor-widget-heading\" data-id=\"b2bf7c0\" data-element_type=\"widget\" data-e-type=\"widget\" data-widget_type=\"heading.default\">\n\t\t\t\t<div class=\"elementor-widget-container\">\n\t\t\t\t\t<h2 class=\"elementor-heading-title elementor-size-default\">Joghurt-Sahne-Torte<\/h2>\t\t\t\t<\/div>\n\t\t\t\t<\/div>\n\t\t\t\t<div class=\"elementor-element elementor-element-90a748b elementor-widget elementor-widget-text-editor\" data-id=\"90a748b\" data-element_type=\"widget\" data-e-type=\"widget\" data-widget_type=\"text-editor.default\">\n\t\t\t\t<div class=\"elementor-widget-container\">\n\t\t\t\t\t\t\t\t\t<p>Fertig in 30 Min.<\/p><p>F\u00fcr eine Torte wie diese empfiehlt es sich, den Biskuit im Voraus zu backen und ihn erst am n\u00e4chsten Tag aufzuschneiden und zu f\u00fcllen.<\/p><p>Zutaten:<\/p><p>Portionen: 16<\/p><p>F\u00fcr den Teig:<\/p><p>5 Eier<\/p><p>150 g feiner Zucker<\/p><p>1,5 P\u00e4ckchen Vanillezucker oder 1 TL abgeriebene Zitronenschale<\/p><p>1,5 Prisen Salz<\/p><p>150 g Mehl<\/p><p>2 TL Backpulver<\/p><p>F\u00fcr die F\u00fcllung:<\/p><p>1000 g Vanille-Joghurt<\/p><p>500 g Magerquark<\/p><p>Saft und abgeriebene Schale von 1 Zitrone<\/p><p>150 g Zucker<\/p><p>3 T\u00fcten eingeweichtes und aufgel\u00f6stes wei\u00dfes Gelatine-Granulat<\/p><p>250-300 g steif geschlagene Sahne<\/p><p>Zubereitung<\/p><p>Zub.: 30 Min.<\/p><p>\u00a0<\/p><p>1.<\/p><p>Den Boden einer Springform von 26 cm \u00d8 anfeuchten und mit Backpapier belegen.<\/p><p>\u00a0<\/p><p>2.<\/p><p>Backofen auf 200\u00b0C (Umluft 180\u00b0C, Gas Stufe 3-4) vorheizen.<\/p><p>\u00a0<\/p><p>3.<\/p><p>Die Eier mit Zucker, Vanillezucker, Zitronenschale und Salz mit den Schneebesen des elektrischen Handr\u00fchrger\u00e4ts zu einer hellen, fast wei\u00dfen Creme verr\u00fchren.<\/p><p>\u00a0<\/p><p>4.<\/p><p>Mehl und Backpulver mischen, auf die Schaummasse sieben und vorsichtig unterheben, damit die Luft nicht entweicht. Teig h\u00f6chstens vier F\u00fcnftel hoch in die Form f\u00fcllen. Den Teig in der Form glatt streichen, die Form einige Male auf die Arbeitsfl\u00e4che sto\u00dfen. Den Teig zum Rand hin etwas hochstreichen.<\/p><p>\u00a0<\/p><p>5.<\/p><p>Im vorgeheizten Ofen 15 Minuten backen, bis ein Zahnstocher sauber herauskommt. Die Backofent\u00fcr w\u00e4hrend der ersten H\u00e4lfte der Backzeit nicht \u00f6ffnen.<\/p><p>\u00a0<\/p><p>6.<\/p><p>Form aus dem Ofen nehmen. Nach 5 Minuten mit einem Messer vom Rand der Form l\u00f6sen. Auf eine mit Backpapier belegte Fl\u00e4che st\u00fcrzen; Kuchen beschweren, ausk\u00fchlen lassen.<\/p><p>\u00a0<\/p><p>7.<\/p><p>Vom erkalteten Geb\u00e4ck den Formboden abnehmen, das Backpapier abziehen. Der Kuchen ist weich und elastisch; daf\u00fcr haben das Schwitzwasser und der Zucker im Teig gesorgt.<\/p><p>\u00a0<\/p><p>8.<\/p><p>Mit einem gro\u00dfen Messer den Biskuitboden je nach Rezept 1-3mal waagrecht durchschneiden. F\u00fcr die F\u00fcllung Joghurt, Quark, Zitronensaft, -schale und Zucker mischen. Gelatine unterr\u00fchren. Sahne unter die gelierende Creme ziehen. Torte f\u00fcllen, dabei je nach Konsistenz der F\u00fcllung einen Tortenring verwenden.<\/p><p>\u00a0<\/p><p>Gelatine richtig verwenden:<\/p><p>\u00a0<\/p><p>Torte schneiden<\/p><p>\u00a0<\/p><p>Alles \u00fcber Biskuitteig:<\/p><h5>Die sch\u00f6nsten Varianten<\/h5><h5><span style=\"color: #0000ff;\">Wiener Biskuit:<\/span> Zum Schluss 50 g geschmolzene zimmerwarme Butter unter die Biskuitmasse heben. *<\/h5><h5><span style=\"color: #0000ff;\">M\u00fcnchner Biskuit:<\/span> Zum Schluss 75 g steif geschlagene Sahne unter die Biskuitmasse heben. *<\/h5><h5><span style=\"color: #0000ff;\">Eigelb- oder Goldbiskuit:<\/span> Anstelle der 4 Eier 8 Eigelb und 3-4 EL Wasser nehmen. *<\/h5><h5><span style=\"color: #0000ff;\">Eiwei\u00df- oder Silberbiskuit:<\/span> Die 4 Eier durch 8 Eiwei\u00df ersetzen. *<\/h5><h5><span style=\"color: #0000ff;\">Schokoladenbiskuit:<\/span> Bei der Zubereitung des Grundteigs in Schritt 2 entweder zus\u00e4tzlich 100 g geschmolzene dunkle Schokolade zugeben und mit verr\u00fchren.<\/h5><h5>Oder 40 g Kakaopulver mit Mehl und Backpulver mischen und in Schritt 3 unterheben.<\/h5>\t\t\t\t\t\t\t\t<\/div>\n\t\t\t\t<\/div>\n\t\t\t\t\t<\/div>\n\t\t<\/div>\n\t\t\t\t\t<\/div>\n\t\t<\/section>\n\t\t\t\t<\/div>\n\t\t","protected":false},"excerpt":{"rendered":"<p>Joghurt-Sahne-Torte Fertig in 30 Min. F\u00fcr eine Torte wie diese empfiehlt es sich, den Biskuit im Voraus zu backen und ihn erst am n\u00e4chsten Tag aufzuschneiden und zu f\u00fcllen. Zutaten: Portionen: 16 F\u00fcr den Teig: 5 Eier 150 g feiner Zucker 1,5 P\u00e4ckchen Vanillezucker oder 1 TL abgeriebene Zitronenschale 1,5 Prisen Salz 150 g Mehl [&hellip;]<\/p>\n","protected":false},"author":1,"featured_media":0,"parent":0,"menu_order":0,"comment_status":"closed","ping_status":"closed","template":"","meta":{"footnotes":""},"class_list":["post-1583","page","type-page","status-publish","hentry"],"_links":{"self":[{"href":"https:\/\/xn--hw-kppers-t9a.de\/index.php?rest_route=\/wp\/v2\/pages\/1583","targetHints":{"allow":["GET"]}}],"collection":[{"href":"https:\/\/xn--hw-kppers-t9a.de\/index.php?rest_route=\/wp\/v2\/pages"}],"about":[{"href":"https:\/\/xn--hw-kppers-t9a.de\/index.php?rest_route=\/wp\/v2\/types\/page"}],"author":[{"embeddable":true,"href":"https:\/\/xn--hw-kppers-t9a.de\/index.php?rest_route=\/wp\/v2\/users\/1"}],"replies":[{"embeddable":true,"href":"https:\/\/xn--hw-kppers-t9a.de\/index.php?rest_route=%2Fwp%2Fv2%2Fcomments&post=1583"}],"version-history":[{"count":7,"href":"https:\/\/xn--hw-kppers-t9a.de\/index.php?rest_route=\/wp\/v2\/pages\/1583\/revisions"}],"predecessor-version":[{"id":1591,"href":"https:\/\/xn--hw-kppers-t9a.de\/index.php?rest_route=\/wp\/v2\/pages\/1583\/revisions\/1591"}],"wp:attachment":[{"href":"https:\/\/xn--hw-kppers-t9a.de\/index.php?rest_route=%2Fwp%2Fv2%2Fmedia&parent=1583"}],"curies":[{"name":"wp","href":"https:\/\/api.w.org\/{rel}","templated":true}]}}