{"id":1542,"date":"2023-05-14T17:10:09","date_gmt":"2023-05-14T17:10:09","guid":{"rendered":"https:\/\/xn--hw-kppers-t9a.de\/?page_id=1542"},"modified":"2023-05-14T17:32:45","modified_gmt":"2023-05-14T17:32:45","slug":"joghurt-obstschnitten","status":"publish","type":"page","link":"https:\/\/xn--hw-kppers-t9a.de\/?page_id=1542","title":{"rendered":"Joghurt Obstschnitten"},"content":{"rendered":"\t\t<div data-elementor-type=\"wp-page\" data-elementor-id=\"1542\" class=\"elementor elementor-1542\" data-elementor-post-type=\"page\">\n\t\t\t\t\t\t<section class=\"elementor-section elementor-top-section elementor-element elementor-element-61dd6d3 elementor-section-boxed elementor-section-height-default elementor-section-height-default\" data-id=\"61dd6d3\" data-element_type=\"section\" data-e-type=\"section\">\n\t\t\t\t\t\t\t<div class=\"elementor-background-overlay\"><\/div>\n\t\t\t\t\t\t\t<div class=\"elementor-container elementor-column-gap-default\">\n\t\t\t\t\t<div class=\"elementor-column elementor-col-100 elementor-top-column elementor-element elementor-element-3f0580d\" data-id=\"3f0580d\" data-element_type=\"column\" data-e-type=\"column\">\n\t\t\t<div class=\"elementor-widget-wrap elementor-element-populated\">\n\t\t\t\t\t\t<div class=\"elementor-element elementor-element-e058a3a elementor-widget elementor-widget-heading\" data-id=\"e058a3a\" data-element_type=\"widget\" data-e-type=\"widget\" data-widget_type=\"heading.default\">\n\t\t\t\t<div class=\"elementor-widget-container\">\n\t\t\t\t\t<h2 class=\"elementor-heading-title elementor-size-default\">Joghurt Obstschnitten <\/h2>\t\t\t\t<\/div>\n\t\t\t\t<\/div>\n\t\t\t\t<div class=\"elementor-element elementor-element-2d94643 elementor-widget elementor-widget-text-editor\" data-id=\"2d94643\" data-element_type=\"widget\" data-e-type=\"widget\" data-widget_type=\"text-editor.default\">\n\t\t\t\t<div class=\"elementor-widget-container\">\n\t\t\t\t\t\t\t\t\t<p><strong>Zutaten <\/strong><\/p><p><strong>Biskuitteig <\/strong><\/p><p><strong>200g Mehl Ich habe Dinkelmehl genommen <\/strong><\/p><p><strong>150g Zucker (S\u00fc\u00dfungsmittel) <\/strong><\/p><p><strong>6 Ei(er) <\/strong><\/p><p><strong>1 Zesten einer Zitrone(n) <\/strong><\/p><p><strong>1\/2 TL Backpulver <\/strong><\/p><p><strong>\u00a0<\/strong><\/p><p><strong>Joghurt Obst<\/strong><\/p><p><strong>Schicht <\/strong><\/p><p><strong>600-800g Beeren \/ Fr\u00fcchte \/ Obst (verschiedene)<\/strong><\/p><p><strong>450-500g Naturjoghurt <\/strong><\/p><p><strong>500g Sahne<\/strong><\/p><p><strong>\u00a0ggf. SanApart\/Sahnesteif <\/strong><\/p><p><strong>12 Blatt Gelatine <\/strong><\/p><p><strong>80-100g Zucker (S\u00fc\u00dfungsmittel) <\/strong><\/p><p><strong>1 Zitrone(n) <\/strong><\/p><p><strong>beliebig Marmelade <\/strong><\/p><p><strong>ggf. Vanillepulver<\/strong><\/p><p><strong>\u00a0<\/strong><\/p><p><strong>Schritte<\/strong><\/p><p><strong>\u00a0<\/strong><\/p><ol><li><strong>Gebt in eine Sch\u00fcssel die Eier und schlagt sie auf. In dieser Zeit k\u00f6nnt Ihr das Backpulver und die Prise Salz zum Mehl geben und alles kurz umr\u00fchren. Nach einigen Minuten sollten die Eier richtig Volumen bekommen haben, so dass Ihr nun den Zucker und auch die Zesten einer ganzen Zitrone hinzugeben k\u00f6nnt. Das Ganze r\u00fchrt Ihr nochmal 1-2 Minuten durch, so dass sich der Zucker aufl\u00f6sen kann. Zu guter Letzt m\u00fcsst Ihr das Mehl hinzugeben (vielleicht in zwei Etappen) und kurz unterr\u00fchren. Den Teig gebt Ihr dann in einer gro\u00dfen, mit Backpapier ausgelegten und gefetteten Springform und verteilt ihn ein bisschen. Der Teig kommt dann jedenfalls f\u00fcr 15-20 Minuten bei 180\u00b0 Grad Ober-\/Unterhitze auf einem mittlerem Rost<\/strong><\/li><\/ol><p><img fetchpriority=\"high\" decoding=\"async\" class=\"alignnone size-medium wp-image-1544\" src=\"https:\/\/xn--hw-kppers-t9a.de\/wp-content\/uploads\/2023\/05\/1-300x300.jpg\" alt=\"\" width=\"300\" height=\"300\" srcset=\"https:\/\/xn--hw-kppers-t9a.de\/wp-content\/uploads\/2023\/05\/1-300x300.jpg 300w, https:\/\/xn--hw-kppers-t9a.de\/wp-content\/uploads\/2023\/05\/1-150x150.jpg 150w, https:\/\/xn--hw-kppers-t9a.de\/wp-content\/uploads\/2023\/05\/1.jpg 400w\" sizes=\"(max-width: 300px) 100vw, 300px\" \/> <img decoding=\"async\" class=\"alignnone size-medium wp-image-1545\" src=\"https:\/\/xn--hw-kppers-t9a.de\/wp-content\/uploads\/2023\/05\/2-300x300.jpg\" alt=\"\" width=\"300\" height=\"300\" srcset=\"https:\/\/xn--hw-kppers-t9a.de\/wp-content\/uploads\/2023\/05\/2-300x300.jpg 300w, https:\/\/xn--hw-kppers-t9a.de\/wp-content\/uploads\/2023\/05\/2-150x150.jpg 150w, https:\/\/xn--hw-kppers-t9a.de\/wp-content\/uploads\/2023\/05\/2.jpg 400w\" sizes=\"(max-width: 300px) 100vw, 300px\" \/> <img decoding=\"async\" class=\"alignnone size-medium wp-image-1546\" src=\"https:\/\/xn--hw-kppers-t9a.de\/wp-content\/uploads\/2023\/05\/3-300x300.jpg\" alt=\"\" width=\"300\" height=\"300\" srcset=\"https:\/\/xn--hw-kppers-t9a.de\/wp-content\/uploads\/2023\/05\/3-300x300.jpg 300w, https:\/\/xn--hw-kppers-t9a.de\/wp-content\/uploads\/2023\/05\/3-150x150.jpg 150w, https:\/\/xn--hw-kppers-t9a.de\/wp-content\/uploads\/2023\/05\/3.jpg 400w\" sizes=\"(max-width: 300px) 100vw, 300px\" \/> <img loading=\"lazy\" decoding=\"async\" class=\"alignnone size-medium wp-image-1547\" src=\"https:\/\/xn--hw-kppers-t9a.de\/wp-content\/uploads\/2023\/05\/4-300x300.jpg\" alt=\"\" width=\"300\" height=\"300\" srcset=\"https:\/\/xn--hw-kppers-t9a.de\/wp-content\/uploads\/2023\/05\/4-300x300.jpg 300w, https:\/\/xn--hw-kppers-t9a.de\/wp-content\/uploads\/2023\/05\/4-150x150.jpg 150w, https:\/\/xn--hw-kppers-t9a.de\/wp-content\/uploads\/2023\/05\/4.jpg 400w\" sizes=\"(max-width: 300px) 100vw, 300px\" \/><\/p><ol><li><strong>Ist der Teig dann fertig, lasst Ihr ihn einfach in der Springform abk\u00fchlen und sobald er dann so gut wie kalt geworden ist, k\u00f6nnt Ihr ihn vorsichtig aus der Springform l\u00f6sen, aber direkt in der Form lassen. Wer m\u00f6chte k\u00f6nnte an dieser Stelle \u00fcbrigens noch etwas Marmelade und den Saft einer halben bis ganzen Zitrone vermischen und \u00fcber den Teig geben, damit dieser sp\u00e4ter nicht die Joghurt-Masse aufnimmt. Das ist jedoch total optional, passt aber ziemlich gut.<\/strong><\/li><\/ol><p><img loading=\"lazy\" decoding=\"async\" class=\"alignnone size-medium wp-image-1548\" src=\"https:\/\/xn--hw-kppers-t9a.de\/wp-content\/uploads\/2023\/05\/5-300x300.jpg\" alt=\"\" width=\"300\" height=\"300\" srcset=\"https:\/\/xn--hw-kppers-t9a.de\/wp-content\/uploads\/2023\/05\/5-300x300.jpg 300w, https:\/\/xn--hw-kppers-t9a.de\/wp-content\/uploads\/2023\/05\/5-150x150.jpg 150w, https:\/\/xn--hw-kppers-t9a.de\/wp-content\/uploads\/2023\/05\/5.jpg 400w\" sizes=\"(max-width: 300px) 100vw, 300px\" \/> <img loading=\"lazy\" decoding=\"async\" class=\"alignnone size-medium wp-image-1549\" src=\"https:\/\/xn--hw-kppers-t9a.de\/wp-content\/uploads\/2023\/05\/6-300x300.jpg\" alt=\"\" width=\"300\" height=\"300\" srcset=\"https:\/\/xn--hw-kppers-t9a.de\/wp-content\/uploads\/2023\/05\/6-300x300.jpg 300w, https:\/\/xn--hw-kppers-t9a.de\/wp-content\/uploads\/2023\/05\/6-150x150.jpg 150w, https:\/\/xn--hw-kppers-t9a.de\/wp-content\/uploads\/2023\/05\/6.jpg 400w\" sizes=\"(max-width: 300px) 100vw, 300px\" \/> <img loading=\"lazy\" decoding=\"async\" class=\"alignnone size-medium wp-image-1550\" src=\"https:\/\/xn--hw-kppers-t9a.de\/wp-content\/uploads\/2023\/05\/7-300x300.jpg\" alt=\"\" width=\"300\" height=\"300\" srcset=\"https:\/\/xn--hw-kppers-t9a.de\/wp-content\/uploads\/2023\/05\/7-300x300.jpg 300w, https:\/\/xn--hw-kppers-t9a.de\/wp-content\/uploads\/2023\/05\/7-150x150.jpg 150w, https:\/\/xn--hw-kppers-t9a.de\/wp-content\/uploads\/2023\/05\/7.jpg 400w\" sizes=\"(max-width: 300px) 100vw, 300px\" \/><\/p><ol><li><strong>Die Gelatine k\u00f6nnt Ihr in kaltes Wasser einweichen und die Sahne in einem Beh\u00e4lter steif schlagen. In einer gro\u00dfen Sch\u00fcssel gebt Ihr dann den Joghurt, den Rest Saft der Zitronen, den Zucker und die Vanille und verr\u00fchrt alles gut miteinander. Die Gelatine dr\u00fcckt ihr dann kurz aus, l\u00f6st sie in einem warmen Topf auf und r\u00fchrt sie dann, nachdem Ihr einige L\u00f6ffel Joghurt zur Temperaturanpassung in den Topf gegeben und verr\u00fchrt habt, in den Joghurt ein. Dann r\u00fchrt Ihr nach und nach die Sahne unter und die Joghurt-Masse ist fertig. Wer mag, k\u00f6nnte in die Joghurt-Masse die H\u00e4lfte oder etwas mehr Obst hinzugeben und ebenfalls verr\u00fchren. So verteilen sich das Obst in der Springform wahrscheinlich ein bisschen besser. Die Joghurt-Masse und das Obst gebt Ihr nun jedenfalls in die Springform und verteilt alles anst\u00e4ndig miteinander. Ihr k\u00f6nnt es, von mir aus, ganz rustikal machen, aber da man mir immer h\u00e4ufiger unterstellt, dass ich mittlerweile alles rustikal mache, habe ich es diesmal einfach etwas glattgezogen. Der Kuchen bzw. die Joghurt-Schnitten kommen dann einfach f\u00fcr einige Stunden in den K\u00fchlschrank. Und zwar solange, bis die Joghurt-Masse fest geworden ist<\/strong><\/li><\/ol><p><img loading=\"lazy\" decoding=\"async\" class=\"alignnone size-medium wp-image-1551\" src=\"https:\/\/xn--hw-kppers-t9a.de\/wp-content\/uploads\/2023\/05\/8-300x300.jpg\" alt=\"\" width=\"300\" height=\"300\" srcset=\"https:\/\/xn--hw-kppers-t9a.de\/wp-content\/uploads\/2023\/05\/8-300x300.jpg 300w, https:\/\/xn--hw-kppers-t9a.de\/wp-content\/uploads\/2023\/05\/8-150x150.jpg 150w, https:\/\/xn--hw-kppers-t9a.de\/wp-content\/uploads\/2023\/05\/8.jpg 400w\" sizes=\"(max-width: 300px) 100vw, 300px\" \/> <img loading=\"lazy\" decoding=\"async\" class=\"alignnone size-medium wp-image-1558\" src=\"https:\/\/xn--hw-kppers-t9a.de\/wp-content\/uploads\/2023\/05\/15-300x300.jpg\" alt=\"\" width=\"300\" height=\"300\" srcset=\"https:\/\/xn--hw-kppers-t9a.de\/wp-content\/uploads\/2023\/05\/15-300x300.jpg 300w, https:\/\/xn--hw-kppers-t9a.de\/wp-content\/uploads\/2023\/05\/15-150x150.jpg 150w, https:\/\/xn--hw-kppers-t9a.de\/wp-content\/uploads\/2023\/05\/15.jpg 400w\" sizes=\"(max-width: 300px) 100vw, 300px\" \/> <img loading=\"lazy\" decoding=\"async\" class=\"alignnone size-medium wp-image-1552\" src=\"https:\/\/xn--hw-kppers-t9a.de\/wp-content\/uploads\/2023\/05\/9-300x300.jpg\" alt=\"\" width=\"300\" height=\"300\" srcset=\"https:\/\/xn--hw-kppers-t9a.de\/wp-content\/uploads\/2023\/05\/9-300x300.jpg 300w, https:\/\/xn--hw-kppers-t9a.de\/wp-content\/uploads\/2023\/05\/9-150x150.jpg 150w, https:\/\/xn--hw-kppers-t9a.de\/wp-content\/uploads\/2023\/05\/9.jpg 400w\" sizes=\"(max-width: 300px) 100vw, 300px\" \/> <img loading=\"lazy\" decoding=\"async\" class=\"alignnone size-medium wp-image-1553\" src=\"https:\/\/xn--hw-kppers-t9a.de\/wp-content\/uploads\/2023\/05\/10-300x300.jpg\" alt=\"\" width=\"300\" height=\"300\" srcset=\"https:\/\/xn--hw-kppers-t9a.de\/wp-content\/uploads\/2023\/05\/10-300x300.jpg 300w, https:\/\/xn--hw-kppers-t9a.de\/wp-content\/uploads\/2023\/05\/10-150x150.jpg 150w, https:\/\/xn--hw-kppers-t9a.de\/wp-content\/uploads\/2023\/05\/10.jpg 400w\" sizes=\"(max-width: 300px) 100vw, 300px\" \/> <img loading=\"lazy\" decoding=\"async\" class=\"alignnone size-medium wp-image-1556\" src=\"https:\/\/xn--hw-kppers-t9a.de\/wp-content\/uploads\/2023\/05\/13-300x300.jpg\" alt=\"\" width=\"300\" height=\"300\" srcset=\"https:\/\/xn--hw-kppers-t9a.de\/wp-content\/uploads\/2023\/05\/13-300x300.jpg 300w, https:\/\/xn--hw-kppers-t9a.de\/wp-content\/uploads\/2023\/05\/13-150x150.jpg 150w, https:\/\/xn--hw-kppers-t9a.de\/wp-content\/uploads\/2023\/05\/13.jpg 400w\" sizes=\"(max-width: 300px) 100vw, 300px\" \/> <img loading=\"lazy\" decoding=\"async\" class=\"alignnone size-medium wp-image-1557\" src=\"https:\/\/xn--hw-kppers-t9a.de\/wp-content\/uploads\/2023\/05\/14-300x300.jpg\" alt=\"\" width=\"300\" height=\"300\" srcset=\"https:\/\/xn--hw-kppers-t9a.de\/wp-content\/uploads\/2023\/05\/14-300x300.jpg 300w, https:\/\/xn--hw-kppers-t9a.de\/wp-content\/uploads\/2023\/05\/14-150x150.jpg 150w, https:\/\/xn--hw-kppers-t9a.de\/wp-content\/uploads\/2023\/05\/14.jpg 400w\" sizes=\"(max-width: 300px) 100vw, 300px\" \/> <img loading=\"lazy\" decoding=\"async\" class=\"alignnone size-medium wp-image-1558\" src=\"https:\/\/xn--hw-kppers-t9a.de\/wp-content\/uploads\/2023\/05\/15-300x300.jpg\" alt=\"\" width=\"300\" height=\"300\" srcset=\"https:\/\/xn--hw-kppers-t9a.de\/wp-content\/uploads\/2023\/05\/15-300x300.jpg 300w, https:\/\/xn--hw-kppers-t9a.de\/wp-content\/uploads\/2023\/05\/15-150x150.jpg 150w, https:\/\/xn--hw-kppers-t9a.de\/wp-content\/uploads\/2023\/05\/15.jpg 400w\" sizes=\"(max-width: 300px) 100vw, 300px\" \/> <img loading=\"lazy\" decoding=\"async\" class=\"alignnone size-medium wp-image-1554\" src=\"https:\/\/xn--hw-kppers-t9a.de\/wp-content\/uploads\/2023\/05\/11-300x300.jpg\" alt=\"\" width=\"300\" height=\"300\" srcset=\"https:\/\/xn--hw-kppers-t9a.de\/wp-content\/uploads\/2023\/05\/11-300x300.jpg 300w, https:\/\/xn--hw-kppers-t9a.de\/wp-content\/uploads\/2023\/05\/11-150x150.jpg 150w, https:\/\/xn--hw-kppers-t9a.de\/wp-content\/uploads\/2023\/05\/11.jpg 400w\" sizes=\"(max-width: 300px) 100vw, 300px\" \/><\/p><p><img loading=\"lazy\" decoding=\"async\" class=\" wp-image-1560 aligncenter\" src=\"https:\/\/xn--hw-kppers-t9a.de\/wp-content\/uploads\/2023\/05\/end-300x265.jpg\" alt=\"\" width=\"481\" height=\"425\" srcset=\"https:\/\/xn--hw-kppers-t9a.de\/wp-content\/uploads\/2023\/05\/end-300x265.jpg 300w, https:\/\/xn--hw-kppers-t9a.de\/wp-content\/uploads\/2023\/05\/end.jpg 700w\" sizes=\"(max-width: 481px) 100vw, 481px\" \/><\/p><p>\u00a0<\/p><p>\u00a0<\/p>\t\t\t\t\t\t\t\t<\/div>\n\t\t\t\t<\/div>\n\t\t\t\t\t<\/div>\n\t\t<\/div>\n\t\t\t\t\t<\/div>\n\t\t<\/section>\n\t\t\t\t<\/div>\n\t\t","protected":false},"excerpt":{"rendered":"<p>Joghurt Obstschnitten Zutaten Biskuitteig 200g Mehl Ich habe Dinkelmehl genommen 150g Zucker (S\u00fc\u00dfungsmittel) 6 Ei(er) 1 Zesten einer Zitrone(n) 1\/2 TL Backpulver \u00a0 Joghurt Obst Schicht 600-800g Beeren \/ Fr\u00fcchte \/ Obst (verschiedene) 450-500g Naturjoghurt 500g Sahne \u00a0ggf. SanApart\/Sahnesteif 12 Blatt Gelatine 80-100g Zucker (S\u00fc\u00dfungsmittel) 1 Zitrone(n) beliebig Marmelade ggf. Vanillepulver \u00a0 Schritte \u00a0 Gebt [&hellip;]<\/p>\n","protected":false},"author":1,"featured_media":0,"parent":0,"menu_order":0,"comment_status":"closed","ping_status":"closed","template":"","meta":{"footnotes":""},"class_list":["post-1542","page","type-page","status-publish","hentry"],"_links":{"self":[{"href":"https:\/\/xn--hw-kppers-t9a.de\/index.php?rest_route=\/wp\/v2\/pages\/1542","targetHints":{"allow":["GET"]}}],"collection":[{"href":"https:\/\/xn--hw-kppers-t9a.de\/index.php?rest_route=\/wp\/v2\/pages"}],"about":[{"href":"https:\/\/xn--hw-kppers-t9a.de\/index.php?rest_route=\/wp\/v2\/types\/page"}],"author":[{"embeddable":true,"href":"https:\/\/xn--hw-kppers-t9a.de\/index.php?rest_route=\/wp\/v2\/users\/1"}],"replies":[{"embeddable":true,"href":"https:\/\/xn--hw-kppers-t9a.de\/index.php?rest_route=%2Fwp%2Fv2%2Fcomments&post=1542"}],"version-history":[{"count":7,"href":"https:\/\/xn--hw-kppers-t9a.de\/index.php?rest_route=\/wp\/v2\/pages\/1542\/revisions"}],"predecessor-version":[{"id":1567,"href":"https:\/\/xn--hw-kppers-t9a.de\/index.php?rest_route=\/wp\/v2\/pages\/1542\/revisions\/1567"}],"wp:attachment":[{"href":"https:\/\/xn--hw-kppers-t9a.de\/index.php?rest_route=%2Fwp%2Fv2%2Fmedia&parent=1542"}],"curies":[{"name":"wp","href":"https:\/\/api.w.org\/{rel}","templated":true}]}}