{"id":1518,"date":"2023-05-14T16:17:08","date_gmt":"2023-05-14T16:17:08","guid":{"rendered":"https:\/\/xn--hw-kppers-t9a.de\/?page_id=1518"},"modified":"2023-05-14T18:43:04","modified_gmt":"2023-05-14T18:43:04","slug":"friss-dich-dumm-kuchen","status":"publish","type":"page","link":"https:\/\/xn--hw-kppers-t9a.de\/?page_id=1518","title":{"rendered":"Friss dich dumm Kuchen"},"content":{"rendered":"\t\t<div data-elementor-type=\"wp-page\" data-elementor-id=\"1518\" class=\"elementor elementor-1518\" data-elementor-post-type=\"page\">\n\t\t\t\t\t\t<section class=\"elementor-section elementor-top-section elementor-element elementor-element-0de2271 elementor-section-boxed elementor-section-height-default elementor-section-height-default\" data-id=\"0de2271\" data-element_type=\"section\" data-e-type=\"section\">\n\t\t\t\t\t\t\t<div class=\"elementor-background-overlay\"><\/div>\n\t\t\t\t\t\t\t<div class=\"elementor-container elementor-column-gap-default\">\n\t\t\t\t\t<div class=\"elementor-column elementor-col-100 elementor-top-column elementor-element elementor-element-dc1bd6c\" data-id=\"dc1bd6c\" data-element_type=\"column\" data-e-type=\"column\">\n\t\t\t<div class=\"elementor-widget-wrap elementor-element-populated\">\n\t\t\t\t\t\t<div class=\"elementor-element elementor-element-6d74666 elementor-widget elementor-widget-heading\" data-id=\"6d74666\" data-element_type=\"widget\" data-e-type=\"widget\" data-widget_type=\"heading.default\">\n\t\t\t\t<div class=\"elementor-widget-container\">\n\t\t\t\t\t<h2 class=\"elementor-heading-title elementor-size-default\">Friss dich dumm Kuchen<\/h2>\t\t\t\t<\/div>\n\t\t\t\t<\/div>\n\t\t\t\t<div class=\"elementor-element elementor-element-de8ae6a elementor-widget elementor-widget-text-editor\" data-id=\"de8ae6a\" data-element_type=\"widget\" data-e-type=\"widget\" data-widget_type=\"text-editor.default\">\n\t\t\t\t<div class=\"elementor-widget-container\">\n\t\t\t\t\t\t\t\t\t<p>Zutaten Menge<\/p><p>Mandarinen\u00a0\u00a0\u00a0\u00a0\u00a0\u00a0\u00a0\u00a0\u00a0\u00a0\u00a0\u00a0\u00a0\u00a0\u00a0 4 kl. B\u00fcchsen<\/p><p>Tortenguss rot\u00a0\u00a0\u00a0\u00a0\u00a0\u00a0\u00a0\u00a0\u00a0\u00a0 2 T\u00fctchen<\/p><p>Tortenguss wei\u00df\u00a0\u00a0\u00a0\u00a0\u00a0\u00a0 2 T\u00fctchen<\/p><p>Schlagsahne\u00a0\u00a0\u00a0\u00a0\u00a0\u00a0\u00a0\u00a0\u00a0\u00a0\u00a0\u00a0\u00a0\u00a0\u00a0 500 ml<\/p><p>Vanillezucker \u00a0\u00a0 \u00a0 \u00a0 \u00a0 \u00a0 \u00a0 3 Pck.<\/p><p>Sahnesteif \u00a0\u00a0\u00a0\u00a0\u00a0\u00a0\u00a0\u00a0\u00a0\u00a0\u00a0\u00a0\u00a0\u00a0\u00a0\u00a0\u00a0\u00a0 3 Pck.<\/p><p>Mulitivitaminsaft\u00a0\u00a0\u00a0\u00a0 300 ml<\/p><p>Vanilleso\u00dfe ohne Kochen 3 Pck.<\/p><p>Friss dich Dumm Kuchen<\/p><p>1<\/p><p>Um den Biskuitboden einen hohen Tortenring spannen.<\/p><p>Die Mandarinen aus den Dosen in ein Sieb geben und von der Fl\u00fcssigkeit trennen.<\/p><p>Mandarinenst\u00fccke abtropfen lassen und den Saft in einen Topf geben.<\/p><p>Die Fl\u00fcssigkeit wenn n\u00f6tig auf 700ml mit einem Schluck Wasser aufstocken.<\/p><p>Den Tortenguss unter R\u00fchren mit einem Schneebesen langsam einr\u00fchren und das Gemisch erw\u00e4rmen. Unter festem R\u00fchren mit dem Schneebesen ganz kurz aufkochen und sofort von der Herdplatte nehmen.<\/p><p>2<\/p><p>Nun ganz schnell die Mandarinenst\u00fccke vorsichtig unter die noch hei\u00dfe Masse heben und sofort auf dem Biskuitboden verteilen und glatt streichen. Die Masse wird schnell wieder fest, darum solltet ihr euch beeilen.<\/p><p>3<\/p><p>Die Sahne mit dem Sahnesteif-Pulver und dem Vanillezucker steif schlagen und auf dem Mandarinen-Tortenguss-Gemisch, welches inzwischen schon etwas abgek\u00fchlt ist, gleichm\u00e4\u00dfig verteilen.<\/p><p>Kurz in den K\u00fchlschrank stellen.<\/p><p>4<\/p><p>Den eiskalten Multivitaminsaft mit dem Vanilleso\u00dfe-Pulver vermischen. Das geht am besten mit einem Schneebesen, oder einem R\u00fchger\u00e4t, bis die Masse cremig und fester wird. Dann sofort auf dem Kuchen als letzte Schicht verteilen und glatt streichen.<\/p><p>Den &#8222;Friss dich dumm Kuchen&#8220; mind. eine halbe Stunde im K\u00fchlschrank kalt stellen und dann genie\u00dfen.<\/p><p>5<\/p><p>Viel Spa\u00df beim Nachmachen und nicht vergessen, der Name ist Programm.<\/p><p>Friss dich dumm!<\/p><p style=\"text-align: center;\"><a href=\"https:\/\/hw-k\u00fcppers.eu\/STRATO-apps\/wordpress_03\/app\/wp-content\/uploads\/2023\/02\/Friss dich dumm Kuchen   davon bekommst du nie genug!.mp4\" data-wplink-url-error=\"true\"><span style=\"color: #ff0000;\"><strong>Video<\/strong><\/span><\/a><\/p>\t\t\t\t\t\t\t\t<\/div>\n\t\t\t\t<\/div>\n\t\t\t\t\t<\/div>\n\t\t<\/div>\n\t\t\t\t\t<\/div>\n\t\t<\/section>\n\t\t\t\t<\/div>\n\t\t","protected":false},"excerpt":{"rendered":"<p>Friss dich dumm Kuchen Zutaten Menge Mandarinen\u00a0\u00a0\u00a0\u00a0\u00a0\u00a0\u00a0\u00a0\u00a0\u00a0\u00a0\u00a0\u00a0\u00a0\u00a0 4 kl. B\u00fcchsen Tortenguss rot\u00a0\u00a0\u00a0\u00a0\u00a0\u00a0\u00a0\u00a0\u00a0\u00a0 2 T\u00fctchen Tortenguss wei\u00df\u00a0\u00a0\u00a0\u00a0\u00a0\u00a0 2 T\u00fctchen Schlagsahne\u00a0\u00a0\u00a0\u00a0\u00a0\u00a0\u00a0\u00a0\u00a0\u00a0\u00a0\u00a0\u00a0\u00a0\u00a0 500 ml Vanillezucker \u00a0\u00a0 \u00a0 \u00a0 \u00a0 \u00a0 \u00a0 3 Pck. Sahnesteif \u00a0\u00a0\u00a0\u00a0\u00a0\u00a0\u00a0\u00a0\u00a0\u00a0\u00a0\u00a0\u00a0\u00a0\u00a0\u00a0\u00a0\u00a0 3 Pck. Mulitivitaminsaft\u00a0\u00a0\u00a0\u00a0 300 ml Vanilleso\u00dfe ohne Kochen 3 Pck. Friss dich Dumm Kuchen 1 Um den Biskuitboden einen hohen Tortenring spannen. Die [&hellip;]<\/p>\n","protected":false},"author":1,"featured_media":0,"parent":0,"menu_order":0,"comment_status":"closed","ping_status":"closed","template":"","meta":{"footnotes":""},"class_list":["post-1518","page","type-page","status-publish","hentry"],"_links":{"self":[{"href":"https:\/\/xn--hw-kppers-t9a.de\/index.php?rest_route=\/wp\/v2\/pages\/1518","targetHints":{"allow":["GET"]}}],"collection":[{"href":"https:\/\/xn--hw-kppers-t9a.de\/index.php?rest_route=\/wp\/v2\/pages"}],"about":[{"href":"https:\/\/xn--hw-kppers-t9a.de\/index.php?rest_route=\/wp\/v2\/types\/page"}],"author":[{"embeddable":true,"href":"https:\/\/xn--hw-kppers-t9a.de\/index.php?rest_route=\/wp\/v2\/users\/1"}],"replies":[{"embeddable":true,"href":"https:\/\/xn--hw-kppers-t9a.de\/index.php?rest_route=%2Fwp%2Fv2%2Fcomments&post=1518"}],"version-history":[{"count":9,"href":"https:\/\/xn--hw-kppers-t9a.de\/index.php?rest_route=\/wp\/v2\/pages\/1518\/revisions"}],"predecessor-version":[{"id":1610,"href":"https:\/\/xn--hw-kppers-t9a.de\/index.php?rest_route=\/wp\/v2\/pages\/1518\/revisions\/1610"}],"wp:attachment":[{"href":"https:\/\/xn--hw-kppers-t9a.de\/index.php?rest_route=%2Fwp%2Fv2%2Fmedia&parent=1518"}],"curies":[{"name":"wp","href":"https:\/\/api.w.org\/{rel}","templated":true}]}}