{"id":1509,"date":"2023-05-14T16:02:12","date_gmt":"2023-05-14T16:02:12","guid":{"rendered":"https:\/\/xn--hw-kppers-t9a.de\/?page_id=1509"},"modified":"2023-05-14T16:13:09","modified_gmt":"2023-05-14T16:13:09","slug":"frankfurter-kranz","status":"publish","type":"page","link":"https:\/\/xn--hw-kppers-t9a.de\/?page_id=1509","title":{"rendered":"Frankfurter Kranz"},"content":{"rendered":"\t\t<div data-elementor-type=\"wp-page\" data-elementor-id=\"1509\" class=\"elementor elementor-1509\" data-elementor-post-type=\"page\">\n\t\t\t\t\t\t<section class=\"elementor-section elementor-top-section elementor-element elementor-element-599feff elementor-section-boxed elementor-section-height-default elementor-section-height-default\" data-id=\"599feff\" data-element_type=\"section\" data-e-type=\"section\">\n\t\t\t\t\t\t\t<div class=\"elementor-background-overlay\"><\/div>\n\t\t\t\t\t\t\t<div class=\"elementor-container elementor-column-gap-default\">\n\t\t\t\t\t<div class=\"elementor-column elementor-col-100 elementor-top-column elementor-element elementor-element-012580a\" data-id=\"012580a\" data-element_type=\"column\" data-e-type=\"column\">\n\t\t\t<div class=\"elementor-widget-wrap elementor-element-populated\">\n\t\t\t\t\t\t<div class=\"elementor-element elementor-element-790fd87 elementor-widget elementor-widget-heading\" data-id=\"790fd87\" data-element_type=\"widget\" data-e-type=\"widget\" data-widget_type=\"heading.default\">\n\t\t\t\t<div class=\"elementor-widget-container\">\n\t\t\t\t\t<h2 class=\"elementor-heading-title elementor-size-default\">Frankfurter Kranz<\/h2>\t\t\t\t<\/div>\n\t\t\t\t<\/div>\n\t\t\t\t<div class=\"elementor-element elementor-element-fcd4969 elementor-widget elementor-widget-text-editor\" data-id=\"fcd4969\" data-element_type=\"widget\" data-e-type=\"widget\" data-widget_type=\"text-editor.default\">\n\t\t\t\t<div class=\"elementor-widget-container\">\n\t\t\t\t\t\t\t\t\t<p><span style=\"color: #0000ff;\"><strong>R\u00fchrteig<\/strong><\/span><\/p><p><strong>250 g <\/strong><strong>Butter (weich)<\/strong><\/p><p><strong>250 g <\/strong><strong>Zucker<\/strong><\/p><p><strong>6 <\/strong><strong>Eier (zimmerwarm)<\/strong><\/p><p><strong>50 g <\/strong><strong>Speisest\u00e4rke<\/strong><\/p><p><strong>300 g <\/strong><strong>Mehl<\/strong><\/p><p><strong>1 <\/strong><strong>Backpulver<\/strong><\/p><p><strong>1 Pr. <\/strong><strong>Salz<\/strong><\/p><p><strong>Vanillezucker od. gemahlene Vanilleschote<\/strong><\/p><p><strong>1 <\/strong><strong>Bio-Zitrone (Schale)<\/strong><\/p><p>\u00a0<\/p><p><span style=\"color: #0000ff;\"><strong>Deutsche Buttercreme<\/strong><\/span><\/p><p><strong>500 ml <\/strong><strong>Milch<\/strong><\/p><p><strong>100 g <\/strong><strong>Zucker<\/strong><\/p><p><strong>40 g <\/strong><strong>Speisest\u00e4rke<\/strong><\/p><p><strong>2 <\/strong><strong>Eigelb<\/strong><\/p><p><strong>Vanilleextrakt<\/strong><\/p><p><strong>1 Pr. <\/strong><strong>Salz<\/strong><\/p><p><strong>320 g <\/strong><strong>Butter (weich)<\/strong><\/p><p>\u00a0<\/p><p><strong><span style=\"color: #0000ff;\">Krokant<\/span> <br \/><\/strong><\/p><p><strong>200 g <\/strong><strong>Zucker<\/strong><\/p><p><strong>1 EL <\/strong><strong>Butter<\/strong><\/p><p><strong>200 g <\/strong><strong>Mandeln, gesch\u00e4lt und gehackt<\/strong><\/p><p>\u00a0<\/p><p><span style=\"color: #0000ff;\"><strong>F\u00fcllung &amp; Deko<\/strong><\/span><\/p><p><strong>evtl. Kirschwasser<\/strong><\/p><p><strong>Kirschkonfit\u00fcre ohne St\u00fcckchen<\/strong><\/p><p><strong>Belegkirsche<\/strong><\/p><p>\u00a0<\/p><p><span style=\"color: #0000ff;\"><strong>Vorbereitung<\/strong><\/span><\/p><p><strong>\u00a0<\/strong><\/p><p><strong>Heize den Ofen auf 170 \u00b0C O\/U vor und fette eine Kranzform mit dem Backtrennspray und bemehle sie.<\/strong><\/p><p>\u00a0<\/p><p><span style=\"color: #0000ff;\"><strong>R\u00fchrteig<\/strong><\/span><\/p><p><strong>\u00a0<\/strong><\/p><p><strong>R\u00fchre die Butter mit dem Zucker cremig. R\u00fchre das Salz und die Eier nacheinander ein. Vermische das Mehl, die St\u00e4rke und das Backpulver und verr\u00fchre es mit der Vanille und der Zitronenschale.<\/strong><\/p><p><strong>\u00a0<\/strong><\/p><p><strong>F\u00fclle den Teig in die Form ein und backe ihn im vorgeheizten Ofen bei 170 \u00b0C O\/U f\u00fcr etwa 40 Minuten. St\u00fcrze ihn danach auf ein K\u00fcchentuch und lasse ihn komplett abk\u00fchlen.<\/strong><\/p><p>\u00a0<\/p><p><span style=\"color: #0000ff;\"><strong>Deutsche Buttercreme<\/strong><\/span><\/p><p><strong>\u00a0<\/strong><\/p><p><strong>Bereite inzwischen den Pudding f\u00fcr die Buttercreme zu. Verr\u00fchre alle Zutaten in einem Topf und lasse sie bei mittelhoher Hitze aufkochen. R\u00fchre hierbei st\u00e4ndig, damit nichts am Topfboden anbrennt. F\u00fclle den Pudding in eine flache Form und decke ihn direkt mit Frischhaltefolie ab, damit sich keine Haut bildet.<\/strong><\/p><p><strong>\u00a0<\/strong><\/p><p><strong>Streiche den Pudding anschlie\u00dfend durch einen Sieb. R\u00fchre die Butter cremig und gebe den Pudding essl\u00f6ffelweise dazu.<\/strong><\/p><p>\u00a0<\/p><p><span style=\"color: #0000ff;\"><strong>Krokant<\/strong><\/span><\/p><p><strong>\u00a0<\/strong><\/p><p><strong>L\u00f6se den Zucker in einer Pfanne auf, r\u00fchre die Butter ein und lasse es karamellisieren. R\u00fchre die Mandeln ein und streiche die Mandelmischung auf ein Backpapier. Rolle sie mit einem Ausrollstab flach und zerkleinere sie nach dem Abk\u00fchlen mit dem Ausrollstab. F\u00fclle sie dazu in einen Gefrierbeutel und rolle mit dem Ausrollstab dar\u00fcber.<\/strong><\/p><p>\u00a0<\/p><p><span style=\"color: #0000ff;\"><strong>Torte zusammensetzen<\/strong><\/span><\/p><p><span style=\"color: #0000ff;\"><strong>\u00a0<\/strong><\/span><\/p><p><strong>Schneide den Boden zwei Mal durch. Setze den untersten Boden auf eine Platte und betr\u00e4ufle ihn eventuell mit Kirschwasser. Bestreiche ihn mit Konfit\u00fcre und streiche eine d\u00fcnne Schicht Buttercreme darauf.<\/strong><\/p><p><strong>\u00a0<\/strong><\/p><p><strong>Setze den zweiten Boden auf und streiche eine Schicht Buttercreme dar\u00fcber. Setze den Deckel auf und bestreiche den kompletten Kranz mit der Buttercreme. Lasse hierbei etwas f\u00fcr die Deko \u00fcbrig. Befestige den Krokant auf der Buttercreme und spritze die restliche Buttercreme mit einem Spritzbeutel mit Rosettent\u00fclle darauf. Belege den Kuchen mit den Belegkirschen und stelle ihn kalt.<\/strong><\/p><p style=\"text-align: center;\">\u00a0<\/p><p style=\"text-align: center;\"><a href=\"https:\/\/hw-k\u00fcppers.eu\/STRATO-apps\/wordpress_03\/app\/wp-content\/uploads\/2023\/02\/Frankfurter Kranz   Sallys Classics   Sallys Welt.mp4\" data-wplink-url-error=\"true\"><span style=\"color: #ff0000;\"><strong>Video<\/strong><\/span><\/a><\/p>\t\t\t\t\t\t\t\t<\/div>\n\t\t\t\t<\/div>\n\t\t\t\t\t<\/div>\n\t\t<\/div>\n\t\t\t\t\t<\/div>\n\t\t<\/section>\n\t\t\t\t<\/div>\n\t\t","protected":false},"excerpt":{"rendered":"<p>Frankfurter Kranz R\u00fchrteig 250 g Butter (weich) 250 g Zucker 6 Eier (zimmerwarm) 50 g Speisest\u00e4rke 300 g Mehl 1 Backpulver 1 Pr. Salz Vanillezucker od. gemahlene Vanilleschote 1 Bio-Zitrone (Schale) \u00a0 Deutsche Buttercreme 500 ml Milch 100 g Zucker 40 g Speisest\u00e4rke 2 Eigelb Vanilleextrakt 1 Pr. Salz 320 g Butter (weich) \u00a0 Krokant [&hellip;]<\/p>\n","protected":false},"author":1,"featured_media":0,"parent":0,"menu_order":0,"comment_status":"closed","ping_status":"closed","template":"","meta":{"footnotes":""},"class_list":["post-1509","page","type-page","status-publish","hentry"],"_links":{"self":[{"href":"https:\/\/xn--hw-kppers-t9a.de\/index.php?rest_route=\/wp\/v2\/pages\/1509","targetHints":{"allow":["GET"]}}],"collection":[{"href":"https:\/\/xn--hw-kppers-t9a.de\/index.php?rest_route=\/wp\/v2\/pages"}],"about":[{"href":"https:\/\/xn--hw-kppers-t9a.de\/index.php?rest_route=\/wp\/v2\/types\/page"}],"author":[{"embeddable":true,"href":"https:\/\/xn--hw-kppers-t9a.de\/index.php?rest_route=\/wp\/v2\/users\/1"}],"replies":[{"embeddable":true,"href":"https:\/\/xn--hw-kppers-t9a.de\/index.php?rest_route=%2Fwp%2Fv2%2Fcomments&post=1509"}],"version-history":[{"count":6,"href":"https:\/\/xn--hw-kppers-t9a.de\/index.php?rest_route=\/wp\/v2\/pages\/1509\/revisions"}],"predecessor-version":[{"id":1517,"href":"https:\/\/xn--hw-kppers-t9a.de\/index.php?rest_route=\/wp\/v2\/pages\/1509\/revisions\/1517"}],"wp:attachment":[{"href":"https:\/\/xn--hw-kppers-t9a.de\/index.php?rest_route=%2Fwp%2Fv2%2Fmedia&parent=1509"}],"curies":[{"name":"wp","href":"https:\/\/api.w.org\/{rel}","templated":true}]}}