{"id":1487,"date":"2023-05-14T14:23:15","date_gmt":"2023-05-14T14:23:15","guid":{"rendered":"https:\/\/xn--hw-kppers-t9a.de\/?page_id=1487"},"modified":"2023-05-14T15:08:25","modified_gmt":"2023-05-14T15:08:25","slug":"erdbeertorte-aus-sieben-schichten","status":"publish","type":"page","link":"https:\/\/xn--hw-kppers-t9a.de\/?page_id=1487","title":{"rendered":"Erdbeertorte aus sieben Schichten"},"content":{"rendered":"\t\t<div data-elementor-type=\"wp-page\" data-elementor-id=\"1487\" class=\"elementor elementor-1487\" data-elementor-post-type=\"page\">\n\t\t\t\t\t\t<section class=\"elementor-section elementor-top-section elementor-element elementor-element-d6a8acd elementor-section-stretched elementor-section-boxed elementor-section-height-default elementor-section-height-default\" data-id=\"d6a8acd\" data-element_type=\"section\" data-e-type=\"section\" data-settings=\"{&quot;stretch_section&quot;:&quot;section-stretched&quot;,&quot;background_background&quot;:&quot;classic&quot;}\">\n\t\t\t\t\t\t\t<div class=\"elementor-background-overlay\"><\/div>\n\t\t\t\t\t\t\t<div class=\"elementor-container elementor-column-gap-narrow\">\n\t\t\t\t\t<div class=\"elementor-column elementor-col-100 elementor-top-column elementor-element elementor-element-289846c\" data-id=\"289846c\" data-element_type=\"column\" data-e-type=\"column\">\n\t\t\t<div class=\"elementor-widget-wrap elementor-element-populated\">\n\t\t\t\t\t\t<div class=\"elementor-element elementor-element-d518d92 elementor-widget elementor-widget-heading\" data-id=\"d518d92\" data-element_type=\"widget\" data-e-type=\"widget\" data-widget_type=\"heading.default\">\n\t\t\t\t<div class=\"elementor-widget-container\">\n\t\t\t\t\t<h2 class=\"elementor-heading-title elementor-size-default\">Erdbeertorte aus sieben Schichten<\/h2>\t\t\t\t<\/div>\n\t\t\t\t<\/div>\n\t\t\t\t<div class=\"elementor-element elementor-element-b18cafa elementor-widget elementor-widget-text-editor\" data-id=\"b18cafa\" data-element_type=\"widget\" data-e-type=\"widget\" data-widget_type=\"text-editor.default\">\n\t\t\t\t<div class=\"elementor-widget-container\">\n\t\t\t\t\t\t\t\t\t<p>ZUTATEN:<\/p><p><span style=\"color: #0000ff;\">der Bisquit<\/span><\/p><p>3 St\u00fcck Eier Freiland<\/p><p>2 Essl\u00f6ffel warmes Wasser<\/p><p>100 Gramm Zucker<\/p><p>1 Prise Salz<\/p><p>100 Gramm Mehl Typ 550<\/p><p>1 Teel\u00f6ffel Backpulver<\/p><p><span style=\"color: #0000ff;\">die Vanillecreme<\/span><\/p><p>300 ml Milch<\/p><p>1 P\u00e4ckchen Sahnepuddingpulver<\/p><p>3 Essl\u00f6ffel Zucker<\/p><p>1 St\u00fcck Vanilleschote<\/p><p>50 Gramm Kuvert\u00fcre wei\u00df<\/p><p>2 Blatt Gelatine wei\u00df<\/p><p><span style=\"color: #0000ff;\">die Erdbeerschicht<\/span><\/p><p>500 Gramm Erdbeeren frisch<\/p><p>1 P\u00e4ckchen Tortenguss rot<\/p><p><span style=\"color: #0000ff;\">die Quarkschicht<\/span><\/p><p>250 Gramm Quark<\/p><p>150 ml Sahne<\/p><p>100 Gramm Zucker<\/p><p>1 St\u00fcck Zitrone, hier den Saft<\/p><p>3 Blatt Gelatine wei\u00df<\/p><p><span style=\"color: #0000ff;\">\u2026au\u00dferdem<\/span><\/p><p>5 Essl\u00f6ffel rote Marmelade oder Gelee<\/p><p>2 P\u00e4ckchen Tortenguss rot<\/p><p><span style=\"color: #0000ff;\">allerlei zum Verzieren<\/span><\/p><p>ZUBEREITUNG<\/p><p><span style=\"color: #0000ff;\"><img fetchpriority=\"high\" decoding=\"async\" class=\" wp-image-1490 alignleft\" src=\"https:\/\/xn--hw-kppers-t9a.de\/wp-content\/uploads\/2023\/05\/IMAG0061-1-300x200.jpg\" alt=\"\" width=\"611\" height=\"407\" srcset=\"https:\/\/xn--hw-kppers-t9a.de\/wp-content\/uploads\/2023\/05\/IMAG0061-1-300x200.jpg 300w, https:\/\/xn--hw-kppers-t9a.de\/wp-content\/uploads\/2023\/05\/IMAG0061-1-1024x683.jpg 1024w, https:\/\/xn--hw-kppers-t9a.de\/wp-content\/uploads\/2023\/05\/IMAG0061-1-768x512.jpg 768w, https:\/\/xn--hw-kppers-t9a.de\/wp-content\/uploads\/2023\/05\/IMAG0061-1-1536x1024.jpg 1536w, https:\/\/xn--hw-kppers-t9a.de\/wp-content\/uploads\/2023\/05\/IMAG0061-1-2048x1365.jpg 2048w\" sizes=\"(max-width: 611px) 100vw, 611px\" \/>der Biskuit:<\/span><\/p><p>1<\/p><p>Die Eier trennen und das Eiwei\u00df sehr steif schlagen. Eigelb mit Zucker und Wasser zu einer wei\u00dflichen Creme schlagen.<\/p><p>2<\/p><p>Nun das Mehl, vermischt mit Backpulver, das Salz und den Eischnee vorsichtig mit einem Schaumschl\u00e4ger unter die Eiermasse heben.<\/p><p>3<\/p><p>Ich habe f\u00fcr diese Torte den Tortenring \u201cGerbera\u201d verwendet. Diesen fetten und auf ein mit Papier oder Folie ausgelegtes Blech stellen. W\u00e4hrend des Vorheizens mit in den Ofen stellen.<\/p><p>4<\/p><p>Nun den Teig in den hei\u00dfen Tortenring einf\u00fcllen, verteilen und bei 160 Grad Umluft ca. 20 Minuten backen. Herausnehmen, abk\u00fchlen lassen, mit einem schafen Messer den Boden von der Form l\u00f6sen und ausk\u00fchlen lassen. Einmal mittig durchschneiden.<\/p><p><span style=\"color: #0000ff;\">die Vanillecreme:<\/span><\/p><p>5<\/p><p>Das Puddingpulver in vier Essl\u00f6ffel Milch mit drei Essl\u00f6ffel Zucker glatt r\u00fchren. (Sch\u00fcttelbecher!)<\/p><p>6<\/p><p>Die restliche Milch mit dem Vanillemark aufkochen, Puddingpulvermischung dazu geben und aufkochen lassen. Umr\u00fchren, damit der Pudding nicht anbrennt.<\/p><p>7<\/p><p>Die Gelatine in etwas kaltem Wasser quellen lassen.<\/p><p>8<\/p><p><img decoding=\"async\" class=\" wp-image-1491 alignleft\" src=\"https:\/\/xn--hw-kppers-t9a.de\/wp-content\/uploads\/2023\/05\/backen-erdbeertorte-aus-sieben-schichten-rezept-bild-nr-8-300x225.jpg\" alt=\"\" width=\"620\" height=\"465\" srcset=\"https:\/\/xn--hw-kppers-t9a.de\/wp-content\/uploads\/2023\/05\/backen-erdbeertorte-aus-sieben-schichten-rezept-bild-nr-8-300x225.jpg 300w, https:\/\/xn--hw-kppers-t9a.de\/wp-content\/uploads\/2023\/05\/backen-erdbeertorte-aus-sieben-schichten-rezept-bild-nr-8.jpg 620w\" sizes=\"(max-width: 620px) 100vw, 620px\" \/>Sobald der dicke Pudding etwas abgek\u00fchlt ist, die klein geschnittene Kuvert\u00fcre und die gequollene Gelatine darin aufl\u00f6sen.<\/p><p><span style=\"color: #0000ff;\">die Erdbeerschicht<\/span><\/p><p>9<\/p><p>Die Erdbeeren hei\u00df abwaschen, den Stielansatz entfernen und klein schneiden.<img decoding=\"async\" class=\" wp-image-1494 alignright\" src=\"https:\/\/xn--hw-kppers-t9a.de\/wp-content\/uploads\/2023\/05\/backen-erdbeertorte-aus-sieben-schichten-rezept-bild-nr-9-300x225.jpg\" alt=\"\" width=\"631\" height=\"473\" srcset=\"https:\/\/xn--hw-kppers-t9a.de\/wp-content\/uploads\/2023\/05\/backen-erdbeertorte-aus-sieben-schichten-rezept-bild-nr-9-300x225.jpg 300w, https:\/\/xn--hw-kppers-t9a.de\/wp-content\/uploads\/2023\/05\/backen-erdbeertorte-aus-sieben-schichten-rezept-bild-nr-9.jpg 620w\" sizes=\"(max-width: 631px) 100vw, 631px\" \/><\/p><p>10<\/p><p>Den Tortengu\u00df nach Anleitung herstellen und die klein geschnittenen Erdbeeren damit vermischen.<\/p><p><span style=\"color: #0000ff;\">die Quarkschicht:<\/span><\/p><p>11<\/p><p>Die Gelatine wie oben einweichen und quellen lassen.<\/p><p>12<\/p><p>Die Sahne schlagen und mit Quark, Zucker und Zitronensaft verr\u00fchren und abschmecken. Die Gelatine langsam bei geringer Hitze aufl\u00f6sen, zwei L\u00f6ffel der Quarkmischung darunter r\u00fchren und dieses dann dem Quark zuf\u00fcgen.<\/p><p><span style=\"color: #0000ff;\">der Aufbau:<\/span><\/p><p>13<\/p><p>Die eine H\u00e4lfte des Bisquitbodens auf eine Tortenplatte legen und mit Marmelade bestreichen. Den Tortenring wieder um den Boden legen. Nun die Vanillecreme auf der Marmelade verteilen. Den zweiten Boden draufsetzen.<\/p><p>14<\/p><p><img loading=\"lazy\" decoding=\"async\" class=\" wp-image-1492 alignleft\" src=\"https:\/\/xn--hw-kppers-t9a.de\/wp-content\/uploads\/2023\/05\/backen-erdbeertorte-aus-sieben-schichten-rezept-bild-nr-13-300x225.jpg\" alt=\"\" width=\"619\" height=\"465\" srcset=\"https:\/\/xn--hw-kppers-t9a.de\/wp-content\/uploads\/2023\/05\/backen-erdbeertorte-aus-sieben-schichten-rezept-bild-nr-13-300x225.jpg 300w, https:\/\/xn--hw-kppers-t9a.de\/wp-content\/uploads\/2023\/05\/backen-erdbeertorte-aus-sieben-schichten-rezept-bild-nr-13.jpg 620w\" sizes=\"(max-width: 619px) 100vw, 619px\" \/>Die Tortenguss-Erdbeeren auf dem zweiten Boden verteilen. Dar\u00fcber die Sahne-Quark-Creme schichten.<\/p><p>15<\/p><p>als Abschluss gie\u00dft man vorsichtig, damit die Quarkschicht nicht angel\u00f6st wird, den noch hei\u00dfen Tortenguss auf die Torte. Nach zwei Stunden guter K\u00fchlung die Torte mit einem scharfen Messer aus der Form l\u00f6sen.<\/p><p>16<\/p><p>backen erdbeertorte aus sieben schichten rezept bild nr 15Verziert habe ich mit einem Marzipan-Gl\u00fccksk\u00e4fer, Sahne, frischen Erdbeeren und einigen Minzbl\u00e4tternbacken erdbeertorte aus sieben schichten rezept bild nr 2<\/p><p>.<\/p><p>Angaben pro 100 g<\/p><p>kJ (kcal) 623 (149)<\/p><p>Eiwei\u00df 5,8 g<\/p><p>Kohlenhydrate 23,1 g<\/p><p>Fett 3,4 g<\/p><p><img loading=\"lazy\" decoding=\"async\" class=\"wp-image-1495 aligncenter\" src=\"https:\/\/xn--hw-kppers-t9a.de\/wp-content\/uploads\/2023\/05\/backen-erdbeertorte-aus-sieben-schichten-rezept-bild-nr-2-300x225.jpg\" alt=\"\" width=\"621\" height=\"466\" srcset=\"https:\/\/xn--hw-kppers-t9a.de\/wp-content\/uploads\/2023\/05\/backen-erdbeertorte-aus-sieben-schichten-rezept-bild-nr-2-300x225.jpg 300w, https:\/\/xn--hw-kppers-t9a.de\/wp-content\/uploads\/2023\/05\/backen-erdbeertorte-aus-sieben-schichten-rezept-bild-nr-2.jpg 620w\" sizes=\"(max-width: 621px) 100vw, 621px\" \/> \u00a0\u00a0<\/p>\t\t\t\t\t\t\t\t<\/div>\n\t\t\t\t<\/div>\n\t\t\t\t\t<\/div>\n\t\t<\/div>\n\t\t\t\t\t<\/div>\n\t\t<\/section>\n\t\t\t\t<\/div>\n\t\t","protected":false},"excerpt":{"rendered":"<p>Erdbeertorte aus sieben Schichten ZUTATEN: der Bisquit 3 St\u00fcck Eier Freiland 2 Essl\u00f6ffel warmes Wasser 100 Gramm Zucker 1 Prise Salz 100 Gramm Mehl Typ 550 1 Teel\u00f6ffel Backpulver die Vanillecreme 300 ml Milch 1 P\u00e4ckchen Sahnepuddingpulver 3 Essl\u00f6ffel Zucker 1 St\u00fcck Vanilleschote 50 Gramm Kuvert\u00fcre wei\u00df 2 Blatt Gelatine wei\u00df die Erdbeerschicht 500 Gramm [&hellip;]<\/p>\n","protected":false},"author":1,"featured_media":0,"parent":0,"menu_order":0,"comment_status":"closed","ping_status":"closed","template":"","meta":{"footnotes":""},"class_list":["post-1487","page","type-page","status-publish","hentry"],"_links":{"self":[{"href":"https:\/\/xn--hw-kppers-t9a.de\/index.php?rest_route=\/wp\/v2\/pages\/1487","targetHints":{"allow":["GET"]}}],"collection":[{"href":"https:\/\/xn--hw-kppers-t9a.de\/index.php?rest_route=\/wp\/v2\/pages"}],"about":[{"href":"https:\/\/xn--hw-kppers-t9a.de\/index.php?rest_route=\/wp\/v2\/types\/page"}],"author":[{"embeddable":true,"href":"https:\/\/xn--hw-kppers-t9a.de\/index.php?rest_route=\/wp\/v2\/users\/1"}],"replies":[{"embeddable":true,"href":"https:\/\/xn--hw-kppers-t9a.de\/index.php?rest_route=%2Fwp%2Fv2%2Fcomments&post=1487"}],"version-history":[{"count":13,"href":"https:\/\/xn--hw-kppers-t9a.de\/index.php?rest_route=\/wp\/v2\/pages\/1487\/revisions"}],"predecessor-version":[{"id":1508,"href":"https:\/\/xn--hw-kppers-t9a.de\/index.php?rest_route=\/wp\/v2\/pages\/1487\/revisions\/1508"}],"wp:attachment":[{"href":"https:\/\/xn--hw-kppers-t9a.de\/index.php?rest_route=%2Fwp%2Fv2%2Fmedia&parent=1487"}],"curies":[{"name":"wp","href":"https:\/\/api.w.org\/{rel}","templated":true}]}}