{"id":1478,"date":"2023-05-14T14:18:09","date_gmt":"2023-05-14T14:18:09","guid":{"rendered":"https:\/\/xn--hw-kppers-t9a.de\/?page_id=1478"},"modified":"2023-05-14T14:22:14","modified_gmt":"2023-05-14T14:22:14","slug":"erdbeer-quark-schnitten","status":"publish","type":"page","link":"https:\/\/xn--hw-kppers-t9a.de\/?page_id=1478","title":{"rendered":"Erdbeer-Quark-Schnitten"},"content":{"rendered":"\t\t<div data-elementor-type=\"wp-page\" data-elementor-id=\"1478\" class=\"elementor elementor-1478\" data-elementor-post-type=\"page\">\n\t\t\t\t\t\t<section class=\"elementor-section elementor-top-section elementor-element elementor-element-54dc869 elementor-section-boxed elementor-section-height-default elementor-section-height-default\" data-id=\"54dc869\" data-element_type=\"section\" data-e-type=\"section\">\n\t\t\t\t\t\t\t<div class=\"elementor-background-overlay\"><\/div>\n\t\t\t\t\t\t\t<div class=\"elementor-container elementor-column-gap-default\">\n\t\t\t\t\t<div class=\"elementor-column elementor-col-100 elementor-top-column elementor-element elementor-element-ad87c69\" data-id=\"ad87c69\" data-element_type=\"column\" data-e-type=\"column\">\n\t\t\t<div class=\"elementor-widget-wrap elementor-element-populated\">\n\t\t\t\t\t\t<div class=\"elementor-element elementor-element-dc60c7f elementor-widget elementor-widget-heading\" data-id=\"dc60c7f\" data-element_type=\"widget\" data-e-type=\"widget\" data-widget_type=\"heading.default\">\n\t\t\t\t<div class=\"elementor-widget-container\">\n\t\t\t\t\t<h2 class=\"elementor-heading-title elementor-size-default\">Erdbeer-Quark-Schnitten<\/h2>\t\t\t\t<\/div>\n\t\t\t\t<\/div>\n\t\t\t\t<div class=\"elementor-element elementor-element-ba985d1 elementor-widget elementor-widget-text-editor\" data-id=\"ba985d1\" data-element_type=\"widget\" data-e-type=\"widget\" data-widget_type=\"text-editor.default\">\n\t\t\t\t<div class=\"elementor-widget-container\">\n\t\t\t\t\t\t\t\t\t<p><strong>Zutaten<\/strong><br \/><span style=\"color: #0000ff;\"><strong><em><u>F\u00fcr den Teig:<\/u><\/em><\/strong><\/span><strong><br \/>3 Eier<br \/>1 EL Wasser<br \/>80 g Zucker<br \/>1 EL Kakaopulver<br \/>1 EL \u00d6l<br \/>100 g Mehl<br \/>1\/2 TL Backpulver<br \/><\/strong><span style=\"color: #0000ff;\"><strong><em><u>F\u00fcr die Creme<\/u><\/em><\/strong><strong>:<\/strong><\/span><br \/><strong>250 g Speisequark<br \/>120 g Zucker<br \/>1 Pck. Puddingpulver mit Vanille-Geschmack<br \/>300 ml Milch<br \/><\/strong><span style=\"color: #0000ff;\"><strong><em><u>Au\u00dferdem:<\/u><\/em><\/strong><\/span><br \/><strong>1 kg Erdbeeren<br \/>1 Pck. Tortenguss, rot<\/strong><\/p><p><strong>\u00a0<\/strong><\/p><p><strong>Zubereitung<\/strong><\/p><p>\u00a0<\/p><ol><li><u><\/u> <strong>Eier mit Zucker schaumig schlagen und nach und nach Wasser, \u00d6l und zum Schluss das mit Back- und<\/strong><strong><br \/>Kakaopulver vermischte Mehl unterr\u00fchren.<\/strong><\/li><li><strong><br \/><\/strong><u><\/u> <strong>Den Teig auf ein mit Backpapier ausgelegtes Backblech geben und bei 180\u00a0\u00b0C 20-25 Minuten backen.<\/strong><\/li><li><strong><br \/><\/strong><u><\/u> <strong>Zucker in Milch aufl\u00f6sen,<\/strong><strong><br \/>Puddingpulver dazugeben und alles zu einem dick\u00fcssigen<br \/>Pudding<br \/>aufkochen. Diesen ausk\u00fchlen lassen. Quark cremig r\u00fchren und (nach Geschmack Puderzucker<br \/>dazugeben) und l\u00f6ffelweise den ausgek\u00fchlten Pudding unterr\u00fchren. Die Creme auf dem Biskuitboden<br \/>verstreichen.<\/strong><\/li><li><strong><br \/><\/strong><u><\/u> <strong>Den Kuchen mit Erdbeeren belegen und mit rotem Tortenguss \u00fcberziehen. (Den Tortenguss nach<\/strong><strong><br \/>Packungsanleitung zubereiten \u2013 jeder Guss ist anders, deshalb sollte man sich nach den Informationen<br \/>vom Hersteller richten.)<\/strong><\/li><li><strong><br \/><\/strong><u><\/u> <strong>Mindestens 2-3 Stunden kaltstellen und dann servieren. Guten Appetit!<\/strong><\/li><\/ol>\t\t\t\t\t\t\t\t<\/div>\n\t\t\t\t<\/div>\n\t\t\t\t\t<\/div>\n\t\t<\/div>\n\t\t\t\t\t<\/div>\n\t\t<\/section>\n\t\t\t\t<\/div>\n\t\t","protected":false},"excerpt":{"rendered":"<p>Erdbeer-Quark-Schnitten ZutatenF\u00fcr den Teig:3 Eier1 EL Wasser80 g Zucker1 EL Kakaopulver1 EL \u00d6l100 g Mehl1\/2 TL BackpulverF\u00fcr die Creme:250 g Speisequark120 g Zucker1 Pck. Puddingpulver mit Vanille-Geschmack300 ml MilchAu\u00dferdem:1 kg Erdbeeren1 Pck. Tortenguss, rot \u00a0 Zubereitung \u00a0 Eier mit Zucker schaumig schlagen und nach und nach Wasser, \u00d6l und zum Schluss das mit Back- undKakaopulver [&hellip;]<\/p>\n","protected":false},"author":1,"featured_media":0,"parent":0,"menu_order":0,"comment_status":"closed","ping_status":"closed","template":"","meta":{"footnotes":""},"class_list":["post-1478","page","type-page","status-publish","hentry"],"_links":{"self":[{"href":"https:\/\/xn--hw-kppers-t9a.de\/index.php?rest_route=\/wp\/v2\/pages\/1478","targetHints":{"allow":["GET"]}}],"collection":[{"href":"https:\/\/xn--hw-kppers-t9a.de\/index.php?rest_route=\/wp\/v2\/pages"}],"about":[{"href":"https:\/\/xn--hw-kppers-t9a.de\/index.php?rest_route=\/wp\/v2\/types\/page"}],"author":[{"embeddable":true,"href":"https:\/\/xn--hw-kppers-t9a.de\/index.php?rest_route=\/wp\/v2\/users\/1"}],"replies":[{"embeddable":true,"href":"https:\/\/xn--hw-kppers-t9a.de\/index.php?rest_route=%2Fwp%2Fv2%2Fcomments&post=1478"}],"version-history":[{"count":7,"href":"https:\/\/xn--hw-kppers-t9a.de\/index.php?rest_route=\/wp\/v2\/pages\/1478\/revisions"}],"predecessor-version":[{"id":1486,"href":"https:\/\/xn--hw-kppers-t9a.de\/index.php?rest_route=\/wp\/v2\/pages\/1478\/revisions\/1486"}],"wp:attachment":[{"href":"https:\/\/xn--hw-kppers-t9a.de\/index.php?rest_route=%2Fwp%2Fv2%2Fmedia&parent=1478"}],"curies":[{"name":"wp","href":"https:\/\/api.w.org\/{rel}","templated":true}]}}