{"id":1469,"date":"2023-05-14T14:08:17","date_gmt":"2023-05-14T14:08:17","guid":{"rendered":"https:\/\/xn--hw-kppers-t9a.de\/?page_id=1469"},"modified":"2023-05-14T14:13:25","modified_gmt":"2023-05-14T14:13:25","slug":"erdbeerkuchen-vom-blech-mit-pudding","status":"publish","type":"page","link":"https:\/\/xn--hw-kppers-t9a.de\/?page_id=1469","title":{"rendered":"Erdbeerkuchen vom Blech mit Pudding"},"content":{"rendered":"\t\t<div data-elementor-type=\"wp-page\" data-elementor-id=\"1469\" class=\"elementor elementor-1469\" data-elementor-post-type=\"page\">\n\t\t\t\t\t\t<section class=\"elementor-section elementor-top-section elementor-element elementor-element-b07b90b elementor-section-boxed elementor-section-height-default elementor-section-height-default\" data-id=\"b07b90b\" data-element_type=\"section\" data-e-type=\"section\">\n\t\t\t\t\t\t\t<div class=\"elementor-background-overlay\"><\/div>\n\t\t\t\t\t\t\t<div class=\"elementor-container elementor-column-gap-default\">\n\t\t\t\t\t<div class=\"elementor-column elementor-col-100 elementor-top-column elementor-element elementor-element-b67016d\" data-id=\"b67016d\" data-element_type=\"column\" data-e-type=\"column\">\n\t\t\t<div class=\"elementor-widget-wrap elementor-element-populated\">\n\t\t\t\t\t\t<div class=\"elementor-element elementor-element-7b340f3 elementor-widget elementor-widget-heading\" data-id=\"7b340f3\" data-element_type=\"widget\" data-e-type=\"widget\" data-widget_type=\"heading.default\">\n\t\t\t\t<div class=\"elementor-widget-container\">\n\t\t\t\t\t<h2 class=\"elementor-heading-title elementor-size-default\">Erdbeerkuchen vom Blech mit Pudding<\/h2>\t\t\t\t<\/div>\n\t\t\t\t<\/div>\n\t\t\t\t<div class=\"elementor-element elementor-element-6fa23bf elementor-widget elementor-widget-text-editor\" data-id=\"6fa23bf\" data-element_type=\"widget\" data-e-type=\"widget\" data-widget_type=\"text-editor.default\">\n\t\t\t\t<div class=\"elementor-widget-container\">\n\t\t\t\t\t\t\t\t\t<p><strong>ZUTATEN f\u00fcr <\/strong><strong>1\u00a0Blech<\/strong><\/p><p>\u00a0<\/p><p><strong>F\u00dcR DEN R\u00dcHRTEIG:<\/strong><\/p><p>\u00a0<\/p><p><strong>300\u00a0g <\/strong>weiche\u00a0Butter<\/p><p><strong>220\u00a0g <\/strong>Zucker<\/p><p><strong>1\u00a0Pck. <\/strong>Vanillinzucker<\/p><p><strong>1\u00a0Prise <\/strong>Salz<\/p><p><strong>5 <\/strong>Eier<\/p><p><strong>270\u00a0g <\/strong>Mehl<\/p><p><strong>3\u00a0TL <\/strong>Backpulver<\/p><p><strong>50\u00a0ml <\/strong>Milch<\/p><p>\u00a0<\/p><p><strong>F\u00dcR DIE CREME &amp; DAS TOPPING:<\/strong><\/p><p>\u00a0<\/p><p><strong>850\u00a0ml <\/strong>Milch<\/p><p><strong>2\u00a0Pck. <\/strong>Vanillepuddingpulver<\/p><p><strong>80\u00a0g <\/strong>Zucker<\/p><p><strong>1\u00a0kg\u00a0 <\/strong>Erdbeeren<\/p><p><strong>1\u00a0Pck. <\/strong>klarer\u00a0Tortenguss<\/p><p><strong>1\u00a0EL <\/strong>Zucker<\/p><p>\u00a0<\/p><ol><li>Schritt<\/li><\/ol><p>etwas\u00a0Butter\u00a0f\u00fcr die Form<\/p><p><strong>Backblech mit hohem Rand (38 x 45 cm)<\/strong>\u00a0einfetten und mit Backpapier auslegen. Backofen auf\u00a0<strong>180 Grad Ober-\/Unterhitze (Umluft: 160 Grad)<\/strong>\u00a0vorheizen.<\/p><p>\u00a0<\/p><ol start=\"2\"><li>Schritt<\/li><\/ol><p>\u00a0<\/p><p><strong>300\u00a0g <\/strong>weiche\u00a0Butter<\/p><p><strong>220\u00a0g <\/strong>Zucker<\/p><p><strong>1\u00a0Pck. <\/strong>Vanillinzucker<\/p><p><strong>1\u00a0Prise <\/strong>Salz<\/p><p><strong>5\u00a0 <\/strong>Eier<\/p><p><strong>270\u00a0g <\/strong>Mehl<\/p><p><strong>3\u00a0TL\u00a0 <\/strong>Backpulver<\/p><p><strong>50\u00a0ml <\/strong>Milch<\/p><p>\u00a0<\/p><p>F\u00fcr den R\u00fchrteig weiche Butter mit Zucker, Vanillinzucker und Salz schaumig schlagen. Nach und nach die Eier zugeben. Mehl mit Backpulver mischen und abwechselnd mit der Milch unterr\u00fchren. Auf das Blech streichen und ca. 25-30 Min. backen. Erkalten lassen.<\/p><p>\u00a0<\/p><ol start=\"3\"><li>Schritt<\/li><\/ol><p>\u00a0<\/p><p><strong>850\u00a0ml <\/strong>Milch<\/p><p><strong>2\u00a0Pck. <\/strong>Vanillepuddingpulver<\/p><p><strong>80\u00a0g <\/strong>Zucker<\/p><p>In der Zwischenzeit den Pudding zubereiten.\u00a0800 ml Milch in einem Topf erw\u00e4rmen. Puddingpulver mit Zucker und der restlichen Milch vermischen glatt r\u00fchren. Unter R\u00fchren das Puddingpulver in die kochende Milch einr\u00fchren und mind. 1 Min k\u00f6cheln lassen. In Eine Sch\u00fcssel f\u00fcllen, mit Folie bedecken und etwas abk\u00fchlen lassen.<\/p><p>\u00a0<\/p><ol start=\"4\"><li>Schritt<\/li><\/ol><p>\u00a0<\/p><p><strong>1\u00a0kg <\/strong>Erdbeeren<\/p><p><strong>1\u00a0Pck.\u00a0 <\/strong>klarer\u00a0Tortenguss<\/p><p><strong>1\u00a0EL <\/strong>Zucker<\/p><p><strong>250\u00a0ml <\/strong>Wasser<\/p><p>\u00a0<\/p><p>Falls vorhanden einen Backrahmen um den Kuchen stellen. Abgek\u00fchlten Pudding auf den Boden geben und glatt streichen.\u00a0Erdbeeren waschen, trocken trupfen und das Gr\u00fcn entfernen. Fr\u00fcchte halbieren und den Kuchen dicht damit belegen.\u00a0Zum Schluss den Tortenguss nach Packungsangabe mit Zucker und 250 ml Wasser verr\u00fchren und in einem Topf zu Kochen bringen. Kurz abk\u00fchlen lassen und mit einem Pinsel auftragen. Kuchen f\u00fcr ca. 30 Min. stehen lassen bis der Guss festgeworden ist.<\/p>\t\t\t\t\t\t\t\t<\/div>\n\t\t\t\t<\/div>\n\t\t\t\t\t<\/div>\n\t\t<\/div>\n\t\t\t\t\t<\/div>\n\t\t<\/section>\n\t\t\t\t<\/div>\n\t\t","protected":false},"excerpt":{"rendered":"<p>Erdbeerkuchen vom Blech mit Pudding ZUTATEN f\u00fcr 1\u00a0Blech \u00a0 F\u00dcR DEN R\u00dcHRTEIG: \u00a0 300\u00a0g weiche\u00a0Butter 220\u00a0g Zucker 1\u00a0Pck. Vanillinzucker 1\u00a0Prise Salz 5 Eier 270\u00a0g Mehl 3\u00a0TL Backpulver 50\u00a0ml Milch \u00a0 F\u00dcR DIE CREME &amp; DAS TOPPING: \u00a0 850\u00a0ml Milch 2\u00a0Pck. Vanillepuddingpulver 80\u00a0g Zucker 1\u00a0kg\u00a0 Erdbeeren 1\u00a0Pck. klarer\u00a0Tortenguss 1\u00a0EL Zucker \u00a0 Schritt etwas\u00a0Butter\u00a0f\u00fcr die Form Backblech [&hellip;]<\/p>\n","protected":false},"author":1,"featured_media":0,"parent":0,"menu_order":0,"comment_status":"closed","ping_status":"closed","template":"","meta":{"footnotes":""},"class_list":["post-1469","page","type-page","status-publish","hentry"],"_links":{"self":[{"href":"https:\/\/xn--hw-kppers-t9a.de\/index.php?rest_route=\/wp\/v2\/pages\/1469","targetHints":{"allow":["GET"]}}],"collection":[{"href":"https:\/\/xn--hw-kppers-t9a.de\/index.php?rest_route=\/wp\/v2\/pages"}],"about":[{"href":"https:\/\/xn--hw-kppers-t9a.de\/index.php?rest_route=\/wp\/v2\/types\/page"}],"author":[{"embeddable":true,"href":"https:\/\/xn--hw-kppers-t9a.de\/index.php?rest_route=\/wp\/v2\/users\/1"}],"replies":[{"embeddable":true,"href":"https:\/\/xn--hw-kppers-t9a.de\/index.php?rest_route=%2Fwp%2Fv2%2Fcomments&post=1469"}],"version-history":[{"count":7,"href":"https:\/\/xn--hw-kppers-t9a.de\/index.php?rest_route=\/wp\/v2\/pages\/1469\/revisions"}],"predecessor-version":[{"id":1477,"href":"https:\/\/xn--hw-kppers-t9a.de\/index.php?rest_route=\/wp\/v2\/pages\/1469\/revisions\/1477"}],"wp:attachment":[{"href":"https:\/\/xn--hw-kppers-t9a.de\/index.php?rest_route=%2Fwp%2Fv2%2Fmedia&parent=1469"}],"curies":[{"name":"wp","href":"https:\/\/api.w.org\/{rel}","templated":true}]}}