{"id":1443,"date":"2023-05-14T13:48:33","date_gmt":"2023-05-14T13:48:33","guid":{"rendered":"https:\/\/xn--hw-kppers-t9a.de\/?page_id=1443"},"modified":"2024-10-15T17:41:46","modified_gmt":"2024-10-15T17:41:46","slug":"eigenes-rezept-2","status":"publish","type":"page","link":"https:\/\/xn--hw-kppers-t9a.de\/?page_id=1443","title":{"rendered":"Eigenes Rezept"},"content":{"rendered":"\t\t<div data-elementor-type=\"wp-page\" data-elementor-id=\"1443\" class=\"elementor elementor-1443\" data-elementor-post-type=\"page\">\n\t\t\t\t\t\t<section class=\"elementor-section elementor-top-section elementor-element elementor-element-3b4ef7c elementor-section-boxed elementor-section-height-default elementor-section-height-default\" data-id=\"3b4ef7c\" data-element_type=\"section\" data-e-type=\"section\">\n\t\t\t\t\t\t\t<div class=\"elementor-background-overlay\"><\/div>\n\t\t\t\t\t\t\t<div class=\"elementor-container elementor-column-gap-default\">\n\t\t\t\t\t<div class=\"elementor-column elementor-col-100 elementor-top-column elementor-element elementor-element-3bde6de\" data-id=\"3bde6de\" data-element_type=\"column\" data-e-type=\"column\">\n\t\t\t<div class=\"elementor-widget-wrap elementor-element-populated\">\n\t\t\t\t\t\t<div class=\"elementor-element elementor-element-b0a0233 elementor-widget elementor-widget-heading\" data-id=\"b0a0233\" data-element_type=\"widget\" data-e-type=\"widget\" data-widget_type=\"heading.default\">\n\t\t\t\t<div class=\"elementor-widget-container\">\n\t\t\t\t\t<h2 class=\"elementor-heading-title elementor-size-default\">Eigenes Rezept<\/h2>\t\t\t\t<\/div>\n\t\t\t\t<\/div>\n\t\t\t\t<div class=\"elementor-element elementor-element-91bbece elementor-widget elementor-widget-text-editor\" data-id=\"91bbece\" data-element_type=\"widget\" data-e-type=\"widget\" data-widget_type=\"text-editor.default\">\n\t\t\t\t<div class=\"elementor-widget-container\">\n\t\t\t\t\t\t\t\t\t<p><strong>4\u00a0\u00a0\u00a0\u00a0\u00a0\u00a0\u00a0\u00a0\u00a0\u00a0\u00a0\u00a0 Eigelbe<\/strong><\/p><p><strong>180 g\u00a0\u00a0\u00a0\u00a0 Zucker<\/strong><\/p><p><strong>1 Pck\u00a0\u00a0\u00a0\u00a0 Vanillezucker<\/strong><\/p><p><strong>4\u00a0\u00a0\u00a0\u00a0\u00a0\u00a0\u00a0\u00a0\u00a0\u00a0\u00a0\u00a0 Eiwei\u00dfe<\/strong><\/p><p><strong>3-4 El\u00a0\u00a0\u00a0\u00a0 Wasser<\/strong><\/p><p><strong>150 g\u00a0\u00a0\u00a0\u00a0 Mehl<\/strong><\/p><p><strong>100 g\u00a0\u00a0\u00a0\u00a0 Speisest\u00e4rke<\/strong><\/p><p><strong>1 Pck\u00a0\u00a0\u00a0\u00a0 Backpulver<\/strong><\/p><p>\u00a0<\/p><p><strong>Alle ben\u00f6tigten Zutaten bereitstellen, feste\u00a0<\/strong><strong>Bestandteile exakt abwiegen.<\/strong><\/p><p>\u00a0<\/p><p><strong>Das Mehl vor dem Verwenden durchsieben. Beim Abwiegen des Zuckers am besten ein gefaltetes Pergamentpapier in die Waagschale legen und den Zucker gleich vom Papier in den Teig oder in den Eischnee rieseln lassen. Den Boden \u2013 nicht den Rand \u2013 einer Springform mit Butter oder Margarine ausfetten und mit Semmelbr\u00f6seln oder Mehl austreuen. Den Backofen auf 180\u00b0C vorheizen.<\/strong><\/p><p>\u00a0<\/p><p><strong>Eigelbe mit der H\u00e4lfte des Zuckers und dem Vanillezucker schaumig r\u00fchren. Eiwei\u00dfe mit dem Wasser zu Eischnee schlagen. Wenn der Schnee noch weich ist, den restlichen Zucker ein rieseln lassen und weiter schlagen bis er steif ganz ist. Den Eischnee bergartig auf die Eigelbmasse geben und dann vorsichtig unterheben. Das Mehl, die Speisest\u00e4rke und das Backpulver ein sieben und vorsichtig unterheben. Teig in die Springform f\u00fcllen, glatt streichen und auf mittlere Schiene schieben und 25 \u2013 35 Min. backen. Holzst\u00e4bchenprobe machen.<\/strong><\/p><p>\u00a0<\/p><p><strong>Auf einem Gitter ausk\u00fchlen lassen (min. 2 \u2013 3Std.).<\/strong><\/p><p>\u00a0<\/p><p><strong>Die Joghurtmasse mit Fr\u00fcchten:<\/strong><\/p><p>\u00a0<\/p><p><strong>100 g\u00a0\u00a0\u00a0\u00a0 Zucker<\/strong><\/p><p><strong>1 Pck\u00a0\u00a0\u00a0\u00a0 Vanillezucker<\/strong><\/p><p><strong>1,3 Kg\u00a0\u00a0 Joghurt 10 %ig<\/strong><\/p><p><strong>1000 g\u00a0 TK-Himbeeren oder 2 Gl\u00e4ser Sauerkirchen<\/strong><\/p><p><strong>15 Blatt Gelantine<\/strong><\/p><p><strong>1 Becher Sahne<\/strong><\/p><p><strong>1 Pck\u00a0\u00a0\u00a0\u00a0 Sahnesteif<\/strong><\/p><p>\u00a0<\/p><p><strong>Arbeitszeit: ca. 1 Std. Ruhezeit: ca. 4 Std. \/ Schwierigkeitsgrad: aufwendig \/<\/strong><\/p><p>\u00a0<\/p><p><strong>Die Fr\u00fcchte (wenn aus der Dose) in einem Sieb gut abtropfen lassen, in kleine St\u00fccke schneiden, etwas Saft auffangen. Frisches Obst waschen, zurichten und evtl. in kleine St\u00fccke schneiden (bei kleinen Beeren nicht n\u00f6tig).<\/strong><\/p><p>\u00a0<\/p><p><strong>Nun den Joghurt mit Zucker, Vanillinzucker und Obst verr\u00fchren, je nach Geschmack weniger oder mehr Zucker verwenden. Die Gelatine 10 Minuten in kaltem Wasser einweichen. Dann mit 3 EL Saft in einem Topf erhitzen und unter R\u00fchren aufl\u00f6sen. 2 EL der Joghurtmasse in die Gelatine geben und verr\u00fchren, anschlie\u00dfend das Gelatinegemisch unter die komplette Joghurtmasse r\u00fchren. Sofort kalt stellen (ca. 20 Minuten)! In der Zwischenzeit die Sahne mit etwas Zucker und Sahnesteif steif schlagen. Wenn die Joghurtmasse kurz vor dem kompletten Festwerden ist, die Sahne unterziehen.<\/strong><\/p><p>\u00a0<\/p><p><strong>Den Boden in 3 Bodenteile teilen<\/strong><\/p><p>\u00a0<\/p><p><strong>Um den 1. Boden einen Tortenring legen (1cm Abstand zum Tortenboden rundherum einhalten), ein Drittel der Creme darauf verteilen. Den den 2. Bodenteil drauflegen und das 2. Drittel der\u00a0 Masse darauf verstreichen. Nun den letzten Bodenteil drauf legen und den Rest der Masse darauf verteilen. Noch einmal \u00fcber Nacht\u00a0 in den K\u00fchlschrank stellen.<\/strong><\/p><p>\u00a0<\/p><p><strong>Tortengu\u00df herstellen:<\/strong><\/p><p>\u00a0<\/p><p><strong>3 El\u00a0\u00a0\u00a0\u00a0\u00a0\u00a0\u00a0\u00a0\u00a0\u00a0\u00a0\u00a0\u00a0\u00a0\u00a0\u00a0\u00a0\u00a0\u00a0\u00a0\u00a0\u00a0\u00a0 Saft (Himbeersaft aus Sirup)\u00a0\u00a0 (bzw. Kirschsaft vom Glas)<\/strong><\/p><p><strong>450 ml\u00a0\u00a0\u00a0\u00a0\u00a0\u00a0\u00a0\u00a0 \u00a0\u00a0\u00a0\u00a0\u00a0\u00a0\u00a0Himbeersaft aus Sirup\u00a0\u00a0\u00a0\u00a0\u00a0\u00a0\u00a0\u00a0 ( bzw. Kirschsaft vom Glas)<\/strong><\/p><p><strong>1-2 T\u00fcten\u00a0\u00a0\u00a0\u00a0\u00a0\u00a0\u00a0\u00a0\u00a0\u00a0\u00a0 roter Tortenguss\u00a0\u00a0\u00a0\u00a0\u00a0\u00a0\u00a0<\/strong><\/p><p><strong>\u00a0\u00a0\u00a0\u00a0<\/strong><\/p><p><strong>Am n\u00e4chsten Morgen restlichen Saft (ca. 400ml mit dem Tortenguss nach Herstellerangaben aufkochen, kurz warten, dann drauf gie\u00dfen und 1-2 Std. erkalten lassen (K\u00fchlschrank).<\/strong><\/p><p>\u00a0<\/p><p><strong>Diese Torte ist super lecker an hei\u00dfen Tagen und schmeckt besonders frisch!<\/strong><\/p><p><strong>Jetzt verzieren und dekorieren:<\/strong><\/p><p>\u00a0<\/p><p><strong><img fetchpriority=\"high\" decoding=\"async\" class=\" wp-image-1448 alignleft\" src=\"https:\/\/xn--hw-kppers-t9a.de\/wp-content\/uploads\/2023\/05\/IMAG0118-300x200.jpg\" alt=\"\" width=\"578\" height=\"385\" srcset=\"https:\/\/xn--hw-kppers-t9a.de\/wp-content\/uploads\/2023\/05\/IMAG0118-300x200.jpg 300w, https:\/\/xn--hw-kppers-t9a.de\/wp-content\/uploads\/2023\/05\/IMAG0118-1024x683.jpg 1024w, https:\/\/xn--hw-kppers-t9a.de\/wp-content\/uploads\/2023\/05\/IMAG0118-768x512.jpg 768w, https:\/\/xn--hw-kppers-t9a.de\/wp-content\/uploads\/2023\/05\/IMAG0118-1536x1024.jpg 1536w, https:\/\/xn--hw-kppers-t9a.de\/wp-content\/uploads\/2023\/05\/IMAG0118-2048x1365.jpg 2048w\" sizes=\"(max-width: 578px) 100vw, 578px\" \/>1 Becher\u00a0\u00a0\u00a0\u00a0\u00a0\u00a0\u00a0\u00a0\u00a0\u00a0\u00a0\u00a0\u00a0\u00a0\u00a0 Sahne<\/strong><\/p><p><strong>1 Pack.\u00a0\u00a0\u00a0\u00a0\u00a0\u00a0\u00a0\u00a0\u00a0\u00a0\u00a0\u00a0\u00a0\u00a0\u00a0\u00a0\u00a0\u00a0 Sahnesteif<\/strong><\/p><p>\u00a0<\/p><p><strong>N\u00e4hrwerte pro 100 g:<\/strong><\/p><p><strong>kj(kcal) 887 (212)<\/strong><\/p><p><strong>Kohlenhydrate 14,2 g<\/strong><\/p><p><strong>Fett 13,4 g<\/strong><\/p><p><strong>Eiwei\u00df 9,1 g<\/strong><\/p>\t\t\t\t\t\t\t\t<\/div>\n\t\t\t\t<\/div>\n\t\t\t\t\t<\/div>\n\t\t<\/div>\n\t\t\t\t\t<\/div>\n\t\t<\/section>\n\t\t\t\t<\/div>\n\t\t","protected":false},"excerpt":{"rendered":"<p>Eigenes Rezept 4\u00a0\u00a0\u00a0\u00a0\u00a0\u00a0\u00a0\u00a0\u00a0\u00a0\u00a0\u00a0 Eigelbe 180 g\u00a0\u00a0\u00a0\u00a0 Zucker 1 Pck\u00a0\u00a0\u00a0\u00a0 Vanillezucker 4\u00a0\u00a0\u00a0\u00a0\u00a0\u00a0\u00a0\u00a0\u00a0\u00a0\u00a0\u00a0 Eiwei\u00dfe 3-4 El\u00a0\u00a0\u00a0\u00a0 Wasser 150 g\u00a0\u00a0\u00a0\u00a0 Mehl 100 g\u00a0\u00a0\u00a0\u00a0 Speisest\u00e4rke 1 Pck\u00a0\u00a0\u00a0\u00a0 Backpulver \u00a0 Alle ben\u00f6tigten Zutaten bereitstellen, feste\u00a0Bestandteile exakt abwiegen. \u00a0 Das Mehl vor dem Verwenden durchsieben. Beim Abwiegen des Zuckers am besten ein gefaltetes Pergamentpapier in die Waagschale legen und den Zucker [&hellip;]<\/p>\n","protected":false},"author":1,"featured_media":0,"parent":0,"menu_order":0,"comment_status":"closed","ping_status":"closed","template":"","meta":{"footnotes":""},"class_list":["post-1443","page","type-page","status-publish","hentry"],"_links":{"self":[{"href":"https:\/\/xn--hw-kppers-t9a.de\/index.php?rest_route=\/wp\/v2\/pages\/1443","targetHints":{"allow":["GET"]}}],"collection":[{"href":"https:\/\/xn--hw-kppers-t9a.de\/index.php?rest_route=\/wp\/v2\/pages"}],"about":[{"href":"https:\/\/xn--hw-kppers-t9a.de\/index.php?rest_route=\/wp\/v2\/types\/page"}],"author":[{"embeddable":true,"href":"https:\/\/xn--hw-kppers-t9a.de\/index.php?rest_route=\/wp\/v2\/users\/1"}],"replies":[{"embeddable":true,"href":"https:\/\/xn--hw-kppers-t9a.de\/index.php?rest_route=%2Fwp%2Fv2%2Fcomments&post=1443"}],"version-history":[{"count":19,"href":"https:\/\/xn--hw-kppers-t9a.de\/index.php?rest_route=\/wp\/v2\/pages\/1443\/revisions"}],"predecessor-version":[{"id":2820,"href":"https:\/\/xn--hw-kppers-t9a.de\/index.php?rest_route=\/wp\/v2\/pages\/1443\/revisions\/2820"}],"wp:attachment":[{"href":"https:\/\/xn--hw-kppers-t9a.de\/index.php?rest_route=%2Fwp%2Fv2%2Fmedia&parent=1443"}],"curies":[{"name":"wp","href":"https:\/\/api.w.org\/{rel}","templated":true}]}}