{"id":1431,"date":"2023-05-14T13:41:42","date_gmt":"2023-05-14T13:41:42","guid":{"rendered":"https:\/\/xn--hw-kppers-t9a.de\/?page_id=1431"},"modified":"2023-05-14T13:45:31","modified_gmt":"2023-05-14T13:45:31","slug":"zwiebelbrot","status":"publish","type":"page","link":"https:\/\/xn--hw-kppers-t9a.de\/?page_id=1431","title":{"rendered":"Zwiebelbrot"},"content":{"rendered":"\t\t<div data-elementor-type=\"wp-page\" data-elementor-id=\"1431\" class=\"elementor elementor-1431\" data-elementor-post-type=\"page\">\n\t\t\t\t\t\t<section class=\"elementor-section elementor-top-section elementor-element elementor-element-cc92c29 elementor-section-boxed elementor-section-height-default elementor-section-height-default\" data-id=\"cc92c29\" data-element_type=\"section\" data-e-type=\"section\">\n\t\t\t\t\t\t\t<div class=\"elementor-background-overlay\"><\/div>\n\t\t\t\t\t\t\t<div class=\"elementor-container elementor-column-gap-default\">\n\t\t\t\t\t<div class=\"elementor-column elementor-col-100 elementor-top-column elementor-element elementor-element-8b2e344\" data-id=\"8b2e344\" data-element_type=\"column\" data-e-type=\"column\">\n\t\t\t<div class=\"elementor-widget-wrap elementor-element-populated\">\n\t\t\t\t\t\t<div class=\"elementor-element elementor-element-3b82f95 elementor-widget elementor-widget-heading\" data-id=\"3b82f95\" data-element_type=\"widget\" data-e-type=\"widget\" data-widget_type=\"heading.default\">\n\t\t\t\t<div class=\"elementor-widget-container\">\n\t\t\t\t\t<h2 class=\"elementor-heading-title elementor-size-default\">Zwiebelbrot<\/h2>\t\t\t\t<\/div>\n\t\t\t\t<\/div>\n\t\t\t\t<div class=\"elementor-element elementor-element-267f3b0 elementor-widget elementor-widget-text-editor\" data-id=\"267f3b0\" data-element_type=\"widget\" data-e-type=\"widget\" data-widget_type=\"text-editor.default\">\n\t\t\t\t<div class=\"elementor-widget-container\">\n\t\t\t\t\t\t\t\t\t<p>Zutaten f\u00fcr 1 Portion<\/p><p>\u00a0<\/p><p>400 g\u00a0\u00a0\u00a0\u00a0\u00a0\u00a0 Weizen<\/p><p>150g\u00a0\u00a0\u00a0\u00a0\u00a0\u00a0\u00a0 Roggen<\/p><p>1 TL\u00a0\u00a0\u00a0\u00a0\u00a0\u00a0\u00a0 Meersalz<\/p><p>1 W\u00fcrfel Hefe<\/p><p>TL\u00a0\u00a0\u00a0\u00a0\u00a0\u00a0\u00a0\u00a0\u00a0\u00a0 Honig<\/p><p>350 ml\u00a0\u00a0\u00a0\u00a0 Buttermilch<\/p><p>350 g\u00a0\u00a0\u00a0\u00a0\u00a0\u00a0 Zwiebel(n)<\/p><p>4 EL\u00a0\u00a0\u00a0\u00a0\u00a0\u00a0\u00a0 \u00f6l<\/p><p>Fett f\u00fcr die Form<\/p><p>\u00a0<\/p><p>Die Zwiebeln sch\u00e4len und fein hacken. Das Getreide mischen und fein mahlen. In eine Sch\u00fcssel geben und eine Mulde in die Mitte dr\u00fccken.<\/p><p>\u00a0<\/p><p>Die Buttermilch in einem kleinen Topf lauwarm erw\u00e4rmen (auf keinen Fall \u00fcber 40\u00b0C, sonst geht die Hefe nicht mehr!). Die Hefe in die Mulde br\u00f6ckeln, den Honig dar\u00fcber geben und warten, bis sich die Hefe aufgel\u00f6st hat. Die lauwarme Buttermilch dazu gie\u00dfen und mit etwas Mehl verr\u00fchren. Zugedeckt an einem warmen Ort 15 min. gehen lassen.<\/p><p>\u00a0<\/p><p>Inzwischen das \u00f6l erhitzen und die Zwiebeln darin anschwitzen. Wenn der Vorteig gegangen ist, das ganze Mehl unterkneten und nochmals 15 min. gehen lassen. Die Zwiebeln und das Salz dazugeben. Alles gr\u00fcndlich verkneten.<\/p><p>\u00a0<\/p><p>In eine gefettete Brotform geben. Nochmals 15-20 min. gehen lassen. Inzwischen den Ofen auf 200\u00b0C vorheizen. Das Brot bei mittlerer Hitze 40 min. backen.<\/p>\t\t\t\t\t\t\t\t<\/div>\n\t\t\t\t<\/div>\n\t\t\t\t\t<\/div>\n\t\t<\/div>\n\t\t\t\t\t<\/div>\n\t\t<\/section>\n\t\t\t\t<\/div>\n\t\t","protected":false},"excerpt":{"rendered":"<p>Zwiebelbrot Zutaten f\u00fcr 1 Portion \u00a0 400 g\u00a0\u00a0\u00a0\u00a0\u00a0\u00a0 Weizen 150g\u00a0\u00a0\u00a0\u00a0\u00a0\u00a0\u00a0 Roggen 1 TL\u00a0\u00a0\u00a0\u00a0\u00a0\u00a0\u00a0 Meersalz 1 W\u00fcrfel Hefe TL\u00a0\u00a0\u00a0\u00a0\u00a0\u00a0\u00a0\u00a0\u00a0\u00a0 Honig 350 ml\u00a0\u00a0\u00a0\u00a0 Buttermilch 350 g\u00a0\u00a0\u00a0\u00a0\u00a0\u00a0 Zwiebel(n) 4 EL\u00a0\u00a0\u00a0\u00a0\u00a0\u00a0\u00a0 \u00f6l Fett f\u00fcr die Form \u00a0 Die Zwiebeln sch\u00e4len und fein hacken. Das Getreide mischen und fein mahlen. In eine Sch\u00fcssel geben und eine Mulde in die Mitte [&hellip;]<\/p>\n","protected":false},"author":1,"featured_media":0,"parent":0,"menu_order":0,"comment_status":"closed","ping_status":"closed","template":"","meta":{"footnotes":""},"class_list":["post-1431","page","type-page","status-publish","hentry"],"_links":{"self":[{"href":"https:\/\/xn--hw-kppers-t9a.de\/index.php?rest_route=\/wp\/v2\/pages\/1431","targetHints":{"allow":["GET"]}}],"collection":[{"href":"https:\/\/xn--hw-kppers-t9a.de\/index.php?rest_route=\/wp\/v2\/pages"}],"about":[{"href":"https:\/\/xn--hw-kppers-t9a.de\/index.php?rest_route=\/wp\/v2\/types\/page"}],"author":[{"embeddable":true,"href":"https:\/\/xn--hw-kppers-t9a.de\/index.php?rest_route=\/wp\/v2\/users\/1"}],"replies":[{"embeddable":true,"href":"https:\/\/xn--hw-kppers-t9a.de\/index.php?rest_route=%2Fwp%2Fv2%2Fcomments&post=1431"}],"version-history":[{"count":7,"href":"https:\/\/xn--hw-kppers-t9a.de\/index.php?rest_route=\/wp\/v2\/pages\/1431\/revisions"}],"predecessor-version":[{"id":1439,"href":"https:\/\/xn--hw-kppers-t9a.de\/index.php?rest_route=\/wp\/v2\/pages\/1431\/revisions\/1439"}],"wp:attachment":[{"href":"https:\/\/xn--hw-kppers-t9a.de\/index.php?rest_route=%2Fwp%2Fv2%2Fmedia&parent=1431"}],"curies":[{"name":"wp","href":"https:\/\/api.w.org\/{rel}","templated":true}]}}