{"id":1390,"date":"2023-05-14T12:56:10","date_gmt":"2023-05-14T12:56:10","guid":{"rendered":"https:\/\/xn--hw-kppers-t9a.de\/?page_id=1390"},"modified":"2023-05-14T13:01:09","modified_gmt":"2023-05-14T13:01:09","slug":"knuspriges-dinkel-quark-brot-mit-hefe","status":"publish","type":"page","link":"https:\/\/xn--hw-kppers-t9a.de\/?page_id=1390","title":{"rendered":"Knuspriges Dinkel-Quark-Brot mit Hefe"},"content":{"rendered":"\t\t<div data-elementor-type=\"wp-page\" data-elementor-id=\"1390\" class=\"elementor elementor-1390\" data-elementor-post-type=\"page\">\n\t\t\t\t\t\t<section class=\"elementor-section elementor-top-section elementor-element elementor-element-61f492f elementor-section-boxed elementor-section-height-default elementor-section-height-default\" data-id=\"61f492f\" data-element_type=\"section\" data-e-type=\"section\">\n\t\t\t\t\t\t\t<div class=\"elementor-background-overlay\"><\/div>\n\t\t\t\t\t\t\t<div class=\"elementor-container elementor-column-gap-default\">\n\t\t\t\t\t<div class=\"elementor-column elementor-col-100 elementor-top-column elementor-element elementor-element-ad6b387\" data-id=\"ad6b387\" data-element_type=\"column\" data-e-type=\"column\">\n\t\t\t<div class=\"elementor-widget-wrap elementor-element-populated\">\n\t\t\t\t\t\t<div class=\"elementor-element elementor-element-fe9f986 elementor-widget elementor-widget-heading\" data-id=\"fe9f986\" data-element_type=\"widget\" data-e-type=\"widget\" data-widget_type=\"heading.default\">\n\t\t\t\t<div class=\"elementor-widget-container\">\n\t\t\t\t\t<h2 class=\"elementor-heading-title elementor-size-default\">Knuspriges Dinkel-Quark-Brot mit Hefe<\/h2>\t\t\t\t<\/div>\n\t\t\t\t<\/div>\n\t\t\t\t<div class=\"elementor-element elementor-element-4a9cafd elementor-widget elementor-widget-text-editor\" data-id=\"4a9cafd\" data-element_type=\"widget\" data-e-type=\"widget\" data-widget_type=\"text-editor.default\">\n\t\t\t\t<div class=\"elementor-widget-container\">\n\t\t\t\t\t\t\t\t\t<p><strong>Zutaten<\/strong><\/p><p><strong>Hefevorteig: (Zubereitung am Vorabend)<\/strong><\/p><ul><li>100\u00a0g\u00a0<strong>Weizenmehl<\/strong><\/li><li>100\u00a0g\u00a0<strong>Wasser lauwarm\/ nicht \u00fcber 38 Grad<\/strong><\/li><li>1\u00a0g\u00a0<strong>frische Hefe oder Trockenhefe<\/strong><\/li><\/ul><p><strong>Hauptteig: (Zubereitung am Folgetag)<\/strong><\/p><ul><li><strong>Hefevorteig<\/strong><\/li><li>200\u00a0g\u00a0<strong>Dinkelmehl Typ630<\/strong><\/li><li>200\u00a0g\u00a0<strong>Weizenmehl<\/strong><\/li><li>200\u00a0g\u00a0<strong>veganen Quark<\/strong><\/li><li>100\u00a0g\u00a0<strong>Wasser<\/strong><\/li><li>1\u00a0<strong>Teel. Reissirup<\/strong>\u00a0oder Agavendicksaft etc.<\/li><li>12\u00a0g\u00a0<strong>Salz<\/strong><\/li><li>2\u00a0g\u00a0<strong>frische Hefe oder Trockenhefe<\/strong><\/li><\/ul><ul><li><strong>Alternativ:<\/strong><\/li><li>100\u00a0g\u00a0<strong>getrocknete Tomaten<\/strong><\/li><li>100\u00a0g\u00a0<strong>Oliven<\/strong><\/li><\/ul><p><strong>Anleitungen<\/strong><\/p><ol><li><strong>F\u00fcr den Hefevorteig die Hefe im lauwarmen Wasser aufl\u00f6sen und das Mehl untermengen. Den Teig abgedeckt 12-14 Stunden bei Raumtemperatur gehen lassen.<\/strong><\/li><li><strong>Hauptteig: Am Folgetag den Hefevorteig und alle restlichen Zutaten,bis auf 50g Wasser, in eine gro\u00dfe Sch\u00fcssel geben und mit der K\u00fcchenmaschine 5 Minuten kneten. Sollte der Teig zu trocken sein schluckweise Wasser hinzuf\u00fcgen. So lange kneten, bis sich der Teig vom Sch\u00fcsselrand l\u00f6st.<\/strong><\/li><li><strong>Wer m\u00f6chte, kann im letzten Schritt die kleingeschnittenen, getrockneten Tomaten und Oliven einkneten.<\/strong><\/li><li><strong>Stockgare: Den Teig auf eine Arbeitsfl\u00e4che geben, die Sch\u00fcssel s\u00e4ubern, leicht ein\u00f6len und den Teig wieder hineingeben. Nun den Teig von au\u00dfen zur Mitte hin falten. Dieses Falten nach 30 Minuten, 1 Stunde und 2 Stunden nochmals durchf\u00fchren. Dieser Schritt ist sehr wichtig, da hier der Teig die n\u00f6tige Konsistenz f\u00fcr Krumme und Kruste erh\u00e4lt. Die Stockgare betr\u00e4gt hier insgesamt 3 Stunden.<\/strong><\/li><li><strong>Ausformen: Nun den Teig auf eine leicht bemehlte Arbeitsfl\u00e4che geben und Rundwirken.<\/strong><\/li><li><strong>St\u00fcckgare: Anschlie\u00dfend im G\u00e4rkorb abgedeckt 60 Minuten ruhen lassen.<\/strong><\/li><li><strong>Den Backofen mit einem Backblech auf 250 Grad Ober-\/Unterhitze vorheizen. Das Backblech aus dem Ofen ziehen, Backpapier auflegen und den Teigling direkt darauf st\u00fcrzen. Eine Tasse Wasser auf den Boden des Backofens gie\u00dfen und sofort die Backofent\u00fcr schlie\u00dfen.<\/strong><\/li><li><strong>Nach 15 Minuten den Dampf durch kurzes \u00d6ffnen der Ofent\u00fcr ablassen und die Temperatur auf 210 Grad herunterschalten. Weitere 35 Minuten goldbraun backen.<\/strong><\/li><li><strong>Das Brot ist fertig, wenn es goldbraun ist und durch klopfen am Brotboden hohl klingt.<\/strong><\/li><\/ol><p><strong>Brot mit Hefe<\/strong><\/p>\t\t\t\t\t\t\t\t<\/div>\n\t\t\t\t<\/div>\n\t\t\t\t\t<\/div>\n\t\t<\/div>\n\t\t\t\t\t<\/div>\n\t\t<\/section>\n\t\t\t\t<\/div>\n\t\t","protected":false},"excerpt":{"rendered":"<p>Knuspriges Dinkel-Quark-Brot mit Hefe Zutaten Hefevorteig: (Zubereitung am Vorabend) 100\u00a0g\u00a0Weizenmehl 100\u00a0g\u00a0Wasser lauwarm\/ nicht \u00fcber 38 Grad 1\u00a0g\u00a0frische Hefe oder Trockenhefe Hauptteig: (Zubereitung am Folgetag) Hefevorteig 200\u00a0g\u00a0Dinkelmehl Typ630 200\u00a0g\u00a0Weizenmehl 200\u00a0g\u00a0veganen Quark 100\u00a0g\u00a0Wasser 1\u00a0Teel. Reissirup\u00a0oder Agavendicksaft etc. 12\u00a0g\u00a0Salz 2\u00a0g\u00a0frische Hefe oder Trockenhefe Alternativ: 100\u00a0g\u00a0getrocknete Tomaten 100\u00a0g\u00a0Oliven Anleitungen F\u00fcr den Hefevorteig die Hefe im lauwarmen Wasser aufl\u00f6sen und [&hellip;]<\/p>\n","protected":false},"author":1,"featured_media":0,"parent":0,"menu_order":0,"comment_status":"closed","ping_status":"closed","template":"","meta":{"footnotes":""},"class_list":["post-1390","page","type-page","status-publish","hentry"],"_links":{"self":[{"href":"https:\/\/xn--hw-kppers-t9a.de\/index.php?rest_route=\/wp\/v2\/pages\/1390","targetHints":{"allow":["GET"]}}],"collection":[{"href":"https:\/\/xn--hw-kppers-t9a.de\/index.php?rest_route=\/wp\/v2\/pages"}],"about":[{"href":"https:\/\/xn--hw-kppers-t9a.de\/index.php?rest_route=\/wp\/v2\/types\/page"}],"author":[{"embeddable":true,"href":"https:\/\/xn--hw-kppers-t9a.de\/index.php?rest_route=\/wp\/v2\/users\/1"}],"replies":[{"embeddable":true,"href":"https:\/\/xn--hw-kppers-t9a.de\/index.php?rest_route=%2Fwp%2Fv2%2Fcomments&post=1390"}],"version-history":[{"count":7,"href":"https:\/\/xn--hw-kppers-t9a.de\/index.php?rest_route=\/wp\/v2\/pages\/1390\/revisions"}],"predecessor-version":[{"id":1398,"href":"https:\/\/xn--hw-kppers-t9a.de\/index.php?rest_route=\/wp\/v2\/pages\/1390\/revisions\/1398"}],"wp:attachment":[{"href":"https:\/\/xn--hw-kppers-t9a.de\/index.php?rest_route=%2Fwp%2Fv2%2Fmedia&parent=1390"}],"curies":[{"name":"wp","href":"https:\/\/api.w.org\/{rel}","templated":true}]}}