{"id":1250,"date":"2023-05-14T11:19:06","date_gmt":"2023-05-14T11:19:06","guid":{"rendered":"https:\/\/xn--hw-kppers-t9a.de\/?page_id=1250"},"modified":"2023-05-14T11:25:02","modified_gmt":"2023-05-14T11:25:02","slug":"eierlikoer-spritzgebaeck","status":"publish","type":"page","link":"https:\/\/xn--hw-kppers-t9a.de\/?page_id=1250","title":{"rendered":"Eierlik\u00f6r Spritzgeb\u00e4ck"},"content":{"rendered":"\t\t<div data-elementor-type=\"wp-page\" data-elementor-id=\"1250\" class=\"elementor elementor-1250\" data-elementor-post-type=\"page\">\n\t\t\t\t\t\t<section class=\"elementor-section elementor-top-section elementor-element elementor-element-a436962 elementor-section-boxed elementor-section-height-default elementor-section-height-default\" data-id=\"a436962\" data-element_type=\"section\" data-e-type=\"section\">\n\t\t\t\t\t\t\t<div class=\"elementor-background-overlay\"><\/div>\n\t\t\t\t\t\t\t<div class=\"elementor-container elementor-column-gap-default\">\n\t\t\t\t\t<div class=\"elementor-column elementor-col-100 elementor-top-column elementor-element elementor-element-438cc0b\" data-id=\"438cc0b\" data-element_type=\"column\" data-e-type=\"column\">\n\t\t\t<div class=\"elementor-widget-wrap elementor-element-populated\">\n\t\t\t\t\t\t<div class=\"elementor-element elementor-element-981f70f elementor-widget elementor-widget-heading\" data-id=\"981f70f\" data-element_type=\"widget\" data-e-type=\"widget\" data-widget_type=\"heading.default\">\n\t\t\t\t<div class=\"elementor-widget-container\">\n\t\t\t\t\t<h2 class=\"elementor-heading-title elementor-size-default\">Eierlik\u00f6r Spritzgeb\u00e4ck<\/h2>\t\t\t\t<\/div>\n\t\t\t\t<\/div>\n\t\t\t\t<div class=\"elementor-element elementor-element-64011d6 elementor-widget elementor-widget-text-editor\" data-id=\"64011d6\" data-element_type=\"widget\" data-e-type=\"widget\" data-widget_type=\"text-editor.default\">\n\t\t\t\t<div class=\"elementor-widget-container\">\n\t\t\t\t\t\t\t\t\t<p>1\u00a0\u00a0\u00a0\u00a0\u00a0\u00a0\u00a0\u00a0\u00a0\u00a0\u00a0\u00a0\u00a0\u00a0\u00a0 Vanilleschote(n)<\/p><p>300 g\u00a0\u00a0\u00a0\u00a0\u00a0\u00a0\u00a0\u00a0 Butter<\/p><p>200 g\u00a0\u00a0\u00a0\u00a0\u00a0\u00a0\u00a0\u00a0 Puderzucker<\/p><p>1 Pck.\u00a0\u00a0\u00a0\u00a0\u00a0\u00a0\u00a0 Vanillezucker<\/p><p>500 g\u00a0\u00a0\u00a0\u00a0\u00a0\u00a0\u00a0\u00a0 Mehl<\/p><p>125g\u00a0\u00a0\u00a0\u00a0\u00a0\u00a0\u00a0\u00a0\u00a0 Speisest\u00e4rke<\/p><p>200 ml\u00a0\u00a0\u00a0\u00a0\u00a0\u00a0 Eierlik\u00f6r<\/p><p>2\u00a0\u00a0\u00a0\u00a0\u00a0\u00a0\u00a0\u00a0\u00a0\u00a0\u00a0\u00a0\u00a0\u00a0\u00a0 Zitrone(n), unbehandelte (f\u00fcr den Guss)<\/p><p>200 g\u00a0\u00a0\u00a0\u00a0\u00a0\u00a0\u00a0\u00a0 Puderzucker, (f\u00fcr den Guss)<\/p><p>50 ml\u00a0\u00a0\u00a0\u00a0\u00a0\u00a0\u00a0\u00a0\u00a0 Eierlik\u00f6r, (f\u00fcr den Guss)<\/p><p>\u00a0<\/p><p>Vanilleschote aufschneiden und das Mark herauskratzen. Mit Butter, 200 g Puderzucker und dem Vanillezucker in einer Sch\u00fcssel cremig r\u00fchren.<\/p><p>\u00a0<\/p><p>Das Mehl und die Speisest\u00e4rke abwechselnd mit 200 ml Eierlik\u00f6r unter die Masse r\u00fchren.<\/p><p>\u00a0<\/p><p>Den Teig in einen Spritzbeutel mit gro\u00dfer Sternt\u00fclle f\u00fcllen und verschiedene Formen auf ein mit Backpapier ausgelegtes Backblech spritzen.<\/p><p>\u00a0<\/p><p>Im vorgeheizten Ofen auf 200 \u00b0C (Ober\/Unterhitze) oder 170 \u00b0C (Umluft) 10-12 Minuten backen.<\/p><p>\u00a0<\/p><p>Danach das Geb\u00e4ck ausk\u00fchlen lassen. Von den Zitronen die Schale d\u00fcnn abreiben und den Saft auspressen. Die Zitronenschale und 1 Essl\u00f6ffel Zitronensaft mit 200 g Puderzucker und 50 ml Eierlik\u00f6r verr\u00fchren.<\/p><p>\u00a0<\/p><p>Das Geb\u00e4ck zur H\u00e4lfte in den Lik\u00f6rguss tauchen und trocknen lassen.<\/p>\t\t\t\t\t\t\t\t<\/div>\n\t\t\t\t<\/div>\n\t\t\t\t\t<\/div>\n\t\t<\/div>\n\t\t\t\t\t<\/div>\n\t\t<\/section>\n\t\t\t\t<\/div>\n\t\t","protected":false},"excerpt":{"rendered":"<p>Eierlik\u00f6r Spritzgeb\u00e4ck 1\u00a0\u00a0\u00a0\u00a0\u00a0\u00a0\u00a0\u00a0\u00a0\u00a0\u00a0\u00a0\u00a0\u00a0\u00a0 Vanilleschote(n) 300 g\u00a0\u00a0\u00a0\u00a0\u00a0\u00a0\u00a0\u00a0 Butter 200 g\u00a0\u00a0\u00a0\u00a0\u00a0\u00a0\u00a0\u00a0 Puderzucker 1 Pck.\u00a0\u00a0\u00a0\u00a0\u00a0\u00a0\u00a0 Vanillezucker 500 g\u00a0\u00a0\u00a0\u00a0\u00a0\u00a0\u00a0\u00a0 Mehl 125g\u00a0\u00a0\u00a0\u00a0\u00a0\u00a0\u00a0\u00a0\u00a0 Speisest\u00e4rke 200 ml\u00a0\u00a0\u00a0\u00a0\u00a0\u00a0 Eierlik\u00f6r 2\u00a0\u00a0\u00a0\u00a0\u00a0\u00a0\u00a0\u00a0\u00a0\u00a0\u00a0\u00a0\u00a0\u00a0\u00a0 Zitrone(n), unbehandelte (f\u00fcr den Guss) 200 g\u00a0\u00a0\u00a0\u00a0\u00a0\u00a0\u00a0\u00a0 Puderzucker, (f\u00fcr den Guss) 50 ml\u00a0\u00a0\u00a0\u00a0\u00a0\u00a0\u00a0\u00a0\u00a0 Eierlik\u00f6r, (f\u00fcr den Guss) \u00a0 Vanilleschote aufschneiden und das Mark herauskratzen. Mit Butter, 200 g Puderzucker und dem Vanillezucker in [&hellip;]<\/p>\n","protected":false},"author":1,"featured_media":0,"parent":0,"menu_order":0,"comment_status":"closed","ping_status":"closed","template":"","meta":{"footnotes":""},"class_list":["post-1250","page","type-page","status-publish","hentry"],"_links":{"self":[{"href":"https:\/\/xn--hw-kppers-t9a.de\/index.php?rest_route=\/wp\/v2\/pages\/1250","targetHints":{"allow":["GET"]}}],"collection":[{"href":"https:\/\/xn--hw-kppers-t9a.de\/index.php?rest_route=\/wp\/v2\/pages"}],"about":[{"href":"https:\/\/xn--hw-kppers-t9a.de\/index.php?rest_route=\/wp\/v2\/types\/page"}],"author":[{"embeddable":true,"href":"https:\/\/xn--hw-kppers-t9a.de\/index.php?rest_route=\/wp\/v2\/users\/1"}],"replies":[{"embeddable":true,"href":"https:\/\/xn--hw-kppers-t9a.de\/index.php?rest_route=%2Fwp%2Fv2%2Fcomments&post=1250"}],"version-history":[{"count":7,"href":"https:\/\/xn--hw-kppers-t9a.de\/index.php?rest_route=\/wp\/v2\/pages\/1250\/revisions"}],"predecessor-version":[{"id":1259,"href":"https:\/\/xn--hw-kppers-t9a.de\/index.php?rest_route=\/wp\/v2\/pages\/1250\/revisions\/1259"}],"wp:attachment":[{"href":"https:\/\/xn--hw-kppers-t9a.de\/index.php?rest_route=%2Fwp%2Fv2%2Fmedia&parent=1250"}],"curies":[{"name":"wp","href":"https:\/\/api.w.org\/{rel}","templated":true}]}}