{"id":1209,"date":"2023-05-14T10:32:11","date_gmt":"2023-05-14T10:32:11","guid":{"rendered":"https:\/\/xn--hw-kppers-t9a.de\/?page_id=1209"},"modified":"2023-05-14T10:39:11","modified_gmt":"2023-05-14T10:39:11","slug":"schokoladensahne","status":"publish","type":"page","link":"https:\/\/xn--hw-kppers-t9a.de\/?page_id=1209","title":{"rendered":"Schokoladensahne"},"content":{"rendered":"\t\t<div data-elementor-type=\"wp-page\" data-elementor-id=\"1209\" class=\"elementor elementor-1209\" data-elementor-post-type=\"page\">\n\t\t\t\t\t\t<section class=\"elementor-section elementor-top-section elementor-element elementor-element-edef611 elementor-section-boxed elementor-section-height-default elementor-section-height-default\" data-id=\"edef611\" data-element_type=\"section\" data-e-type=\"section\">\n\t\t\t\t\t\t\t<div class=\"elementor-background-overlay\"><\/div>\n\t\t\t\t\t\t\t<div class=\"elementor-container elementor-column-gap-default\">\n\t\t\t\t\t<div class=\"elementor-column elementor-col-100 elementor-top-column elementor-element elementor-element-3e54ab1\" data-id=\"3e54ab1\" data-element_type=\"column\" data-e-type=\"column\">\n\t\t\t<div class=\"elementor-widget-wrap elementor-element-populated\">\n\t\t\t\t\t\t<div class=\"elementor-element elementor-element-a709c89 elementor-widget elementor-widget-heading\" data-id=\"a709c89\" data-element_type=\"widget\" data-e-type=\"widget\" data-widget_type=\"heading.default\">\n\t\t\t\t<div class=\"elementor-widget-container\">\n\t\t\t\t\t<h2 class=\"elementor-heading-title elementor-size-default\">Schokoladensahne<\/h2>\t\t\t\t<\/div>\n\t\t\t\t<\/div>\n\t\t\t\t<div class=\"elementor-element elementor-element-8fbf3ef elementor-widget elementor-widget-text-editor\" data-id=\"8fbf3ef\" data-element_type=\"widget\" data-e-type=\"widget\" data-widget_type=\"text-editor.default\">\n\t\t\t\t<div class=\"elementor-widget-container\">\n\t\t\t\t\t\t\t\t\t<p>Zutaten:<\/p><p>400g Sahne<\/p><p>150g Zartbitterkuvert\u00fcre<\/p><p>100g Vollmilchsschokolade<\/p><p>2-3 TL San Apart (ich hatte zum Schluss 2 geh. TL verwendet)<\/p><p>\u00a0<\/p><p>\u00a0<\/p><p>Die Menge hat zum f\u00fcllen einer kleinen Torte gereicht. Wenn Ihr eine 26er Torte f\u00fcllen m\u00f6chtet (nur f\u00fcllen) verwendet am besten 600g Sahne und somit insgesamt 300g Schokolade\/Kuvert\u00fcre. Das Mengenverh\u00e4ltnis ist 2:1)<\/p><p>\u00a0<\/p><p>\u00a0<\/p><p>Solltet Ihr ein Rezept nachmachen, dann lasst mir gern ein Feedback da, oder verlinkt mich auf Instagram (oder mit dem Hashtag #loeffelleicht) \/ Facebook.<\/p><p style=\"text-align: center;\"><a href=\"https:\/\/xn--hw-kppers-t9a.eu\/STRATO-apps\/wordpress_03\/app\/wp-content\/uploads\/2023\/02\/Schokoladensahne Schokoladencreme Rezept - f\u00fcr Tortenf\u00fcllung oder Cupcakes selber machen.mp4\" data-wplink-url-error=\"true\"><span style=\"color: #ff0000;\"><strong>Video<\/strong><\/span><\/a><\/p>\t\t\t\t\t\t\t\t<\/div>\n\t\t\t\t<\/div>\n\t\t\t\t\t<\/div>\n\t\t<\/div>\n\t\t\t\t\t<\/div>\n\t\t<\/section>\n\t\t\t\t<\/div>\n\t\t","protected":false},"excerpt":{"rendered":"<p>Schokoladensahne Zutaten: 400g Sahne 150g Zartbitterkuvert\u00fcre 100g Vollmilchsschokolade 2-3 TL San Apart (ich hatte zum Schluss 2 geh. TL verwendet) \u00a0 \u00a0 Die Menge hat zum f\u00fcllen einer kleinen Torte gereicht. Wenn Ihr eine 26er Torte f\u00fcllen m\u00f6chtet (nur f\u00fcllen) verwendet am besten 600g Sahne und somit insgesamt 300g Schokolade\/Kuvert\u00fcre. Das Mengenverh\u00e4ltnis ist 2:1) \u00a0 [&hellip;]<\/p>\n","protected":false},"author":1,"featured_media":0,"parent":0,"menu_order":0,"comment_status":"closed","ping_status":"closed","template":"","meta":{"footnotes":""},"class_list":["post-1209","page","type-page","status-publish","hentry"],"_links":{"self":[{"href":"https:\/\/xn--hw-kppers-t9a.de\/index.php?rest_route=\/wp\/v2\/pages\/1209","targetHints":{"allow":["GET"]}}],"collection":[{"href":"https:\/\/xn--hw-kppers-t9a.de\/index.php?rest_route=\/wp\/v2\/pages"}],"about":[{"href":"https:\/\/xn--hw-kppers-t9a.de\/index.php?rest_route=\/wp\/v2\/types\/page"}],"author":[{"embeddable":true,"href":"https:\/\/xn--hw-kppers-t9a.de\/index.php?rest_route=\/wp\/v2\/users\/1"}],"replies":[{"embeddable":true,"href":"https:\/\/xn--hw-kppers-t9a.de\/index.php?rest_route=%2Fwp%2Fv2%2Fcomments&post=1209"}],"version-history":[{"count":10,"href":"https:\/\/xn--hw-kppers-t9a.de\/index.php?rest_route=\/wp\/v2\/pages\/1209\/revisions"}],"predecessor-version":[{"id":1221,"href":"https:\/\/xn--hw-kppers-t9a.de\/index.php?rest_route=\/wp\/v2\/pages\/1209\/revisions\/1221"}],"wp:attachment":[{"href":"https:\/\/xn--hw-kppers-t9a.de\/index.php?rest_route=%2Fwp%2Fv2%2Fmedia&parent=1209"}],"curies":[{"name":"wp","href":"https:\/\/api.w.org\/{rel}","templated":true}]}}