{"id":1157,"date":"2023-05-14T09:43:57","date_gmt":"2023-05-14T09:43:57","guid":{"rendered":"https:\/\/xn--hw-kppers-t9a.de\/?page_id=1157"},"modified":"2024-10-15T13:30:48","modified_gmt":"2024-10-15T13:30:48","slug":"ganache-grundrezept-1","status":"publish","type":"page","link":"https:\/\/xn--hw-kppers-t9a.de\/?page_id=1157","title":{"rendered":"Ganache Grundrezept 1"},"content":{"rendered":"\t\t<div data-elementor-type=\"wp-page\" data-elementor-id=\"1157\" class=\"elementor elementor-1157\" data-elementor-post-type=\"page\">\n\t\t\t\t\t\t<section class=\"elementor-section elementor-top-section elementor-element elementor-element-cc553d4 elementor-section-boxed elementor-section-height-default elementor-section-height-default\" data-id=\"cc553d4\" data-element_type=\"section\" data-e-type=\"section\">\n\t\t\t\t\t\t\t<div class=\"elementor-background-overlay\"><\/div>\n\t\t\t\t\t\t\t<div class=\"elementor-container elementor-column-gap-default\">\n\t\t\t\t\t<div class=\"elementor-column elementor-col-100 elementor-top-column elementor-element elementor-element-d7d468f\" data-id=\"d7d468f\" data-element_type=\"column\" data-e-type=\"column\">\n\t\t\t<div class=\"elementor-widget-wrap elementor-element-populated\">\n\t\t\t\t\t\t<div class=\"elementor-element elementor-element-1562126 elementor-widget elementor-widget-heading\" data-id=\"1562126\" data-element_type=\"widget\" data-e-type=\"widget\" data-widget_type=\"heading.default\">\n\t\t\t\t<div class=\"elementor-widget-container\">\n\t\t\t\t\t<h2 class=\"elementor-heading-title elementor-size-default\">Ganache Grundrezept 1<\/h2>\t\t\t\t<\/div>\n\t\t\t\t<\/div>\n\t\t\t\t<div class=\"elementor-element elementor-element-b6d62ad elementor-widget elementor-widget-text-editor\" data-id=\"b6d62ad\" data-element_type=\"widget\" data-e-type=\"widget\" data-widget_type=\"text-editor.default\">\n\t\t\t\t<div class=\"elementor-widget-container\">\n\t\t\t\t\t\t\t\t\t<p><strong>Hier das REZEPT:<\/strong><\/p><p><strong>500g Vollmilchkuvert\u00fcre oder Vollmilchschokolade<\/strong><\/p><p><strong>250g Butter<\/strong><\/p><p><strong>Die Variante mit der wei\u00dfer Schokolade oder wei\u00dfer Kuvert\u00fcre:<\/strong><\/p><p><strong>400g wei\u00dfe Schokolade oder wei\u00dfe Kuvert\u00fcre<\/strong><\/p><p><strong>350-400g Butter! neu!<\/strong><\/p><p><strong>Empfehle die Cremes aufzuschlagen\u00a0<\/strong><\/p><p><strong>Die andere Variante mit der Zartbitterschokolade oder Zartbitterkuvert\u00fcre:<\/strong><\/p><p><strong>200-250g Zartbitterkuvert\u00fcre oder Zartbitterschokolade<\/strong><\/p><p><strong>250g Butter<\/strong><\/p><p style=\"text-align: center;\"><a href=\"https:\/\/xn--hw-kppers-t9a.eu\/STRATO-apps\/wordpress_03\/app\/wp-content\/uploads\/2023\/02\/Die beste Ganache ever! I sofort einsatzf\u00e4hig!!! I untypische Buttercreme I Geheimrezept!!!.mp4\" data-wplink-url-error=\"true\"><span style=\"color: #ff0000;\"><strong>Video<\/strong><\/span><\/a><\/p>\t\t\t\t\t\t\t\t<\/div>\n\t\t\t\t<\/div>\n\t\t\t\t\t<\/div>\n\t\t<\/div>\n\t\t\t\t\t<\/div>\n\t\t<\/section>\n\t\t\t\t<\/div>\n\t\t","protected":false},"excerpt":{"rendered":"<p>Ganache Grundrezept 1 Hier das REZEPT: 500g Vollmilchkuvert\u00fcre oder Vollmilchschokolade 250g Butter Die Variante mit der wei\u00dfer Schokolade oder wei\u00dfer Kuvert\u00fcre: 400g wei\u00dfe Schokolade oder wei\u00dfe Kuvert\u00fcre 350-400g Butter! neu! Empfehle die Cremes aufzuschlagen\u00a0 Die andere Variante mit der Zartbitterschokolade oder Zartbitterkuvert\u00fcre: 200-250g Zartbitterkuvert\u00fcre oder Zartbitterschokolade 250g Butter Video<\/p>\n","protected":false},"author":1,"featured_media":0,"parent":0,"menu_order":0,"comment_status":"closed","ping_status":"closed","template":"","meta":{"footnotes":""},"class_list":["post-1157","page","type-page","status-publish","hentry"],"_links":{"self":[{"href":"https:\/\/xn--hw-kppers-t9a.de\/index.php?rest_route=\/wp\/v2\/pages\/1157","targetHints":{"allow":["GET"]}}],"collection":[{"href":"https:\/\/xn--hw-kppers-t9a.de\/index.php?rest_route=\/wp\/v2\/pages"}],"about":[{"href":"https:\/\/xn--hw-kppers-t9a.de\/index.php?rest_route=\/wp\/v2\/types\/page"}],"author":[{"embeddable":true,"href":"https:\/\/xn--hw-kppers-t9a.de\/index.php?rest_route=\/wp\/v2\/users\/1"}],"replies":[{"embeddable":true,"href":"https:\/\/xn--hw-kppers-t9a.de\/index.php?rest_route=%2Fwp%2Fv2%2Fcomments&post=1157"}],"version-history":[{"count":19,"href":"https:\/\/xn--hw-kppers-t9a.de\/index.php?rest_route=\/wp\/v2\/pages\/1157\/revisions"}],"predecessor-version":[{"id":2795,"href":"https:\/\/xn--hw-kppers-t9a.de\/index.php?rest_route=\/wp\/v2\/pages\/1157\/revisions\/2795"}],"wp:attachment":[{"href":"https:\/\/xn--hw-kppers-t9a.de\/index.php?rest_route=%2Fwp%2Fv2%2Fmedia&parent=1157"}],"curies":[{"name":"wp","href":"https:\/\/api.w.org\/{rel}","templated":true}]}}